{"id":1586,"date":"2018-05-28T10:39:03","date_gmt":"2018-05-28T08:39:03","guid":{"rendered":"http:\/\/www.rattiluino.com\/linea-ratti\/stretch-garne\/"},"modified":"2018-05-28T10:39:05","modified_gmt":"2018-05-28T08:39:05","slug":"stretch-garne","status":"publish","type":"page","link":"https:\/\/www.rattiluino.com\/de\/linea-ratti\/stretch-garne\/","title":{"rendered":"Stretch Garne"},"content":{"rendered":"<div class=\"fusion-fullwidth fullwidth-box fusion-builder-row-1 nonhundred-percent-fullwidth non-hundred-percent-height-scrolling\" style=\"--awb-border-radius-top-left:0px;--awb-border-radius-top-right:0px;--awb-border-radius-bottom-right:0px;--awb-border-radius-bottom-left:0px;--awb-flex-wrap:wrap;\" ><div class=\"fusion-builder-row fusion-row\"><div class=\"fusion-layout-column fusion_builder_column fusion-builder-column-0 fusion_builder_column_1_2 1_2 fusion-one-half fusion-column-first\" style=\"--awb-bg-size:cover;width:50%;width:calc(50% - ( ( 4% ) * 0.5 ) );margin-right: 4%;\"><div class=\"fusion-column-wrapper fusion-flex-column-wrapper-legacy\"><div class=\"fusion-title title fusion-title-1 fusion-title-text fusion-title-size-two\"><h2 class=\"fusion-title-heading title-heading-left\" style=\"margin:0;\">Beschreibung<\/h2><span class=\"awb-title-spacer\"><\/span><div class=\"title-sep-container\"><div class=\"title-sep sep-double sep-solid\" style=\"border-color:#9cb6c3;\"><\/div><\/div><\/div><div class=\"fusion-text fusion-text-1\"><p>Maschine wurde zum kontinuierlichen Verzwirnen und Stabilisieren von Polyamid-Stretchf\u00e4den\u00a0entwickelt, die auf sehr weiche Spulen f\u00fcr das F\u00e4rben aufgewickelt werden. Die kontinuierliche Verzwirnung und Stabilisierung von\u00a0Stretchf\u00e4den\u00a0f\u00fcr das F\u00e4rben\u00a0ist von besonderem Interesse wegen der geringeren Kosten und der Abfall,\u00a0gr\u00f6\u00dfere Einheitlichkeit und weniger Operationen als die &#8222;Spule F\u00e4rben + Zwirnverfahren\u201d. Der Verlauft des Fadens im inneren des Ofens von oben nach unten und die Aufspulhalterung, die\u00a0vom Typ mit Schwerkraftausgleich\u00a0ist, produzieren Spulen mit\u00a0gro\u00dfem Durchmesser\u00a0bis zu 350mm, mit\u00a0h\u00f6chste\u00a0Weichheit,\u00a0niedrigste Dichte\u00a0und Gleichm\u00e4\u00dfigkeit\u00a0f\u00fcr Top-Qualit\u00e4tGarnf\u00e4rberei.<\/p>\n<\/div><div class=\"fusion-clearfix\"><\/div><\/div><\/div><div class=\"fusion-layout-column fusion_builder_column fusion-builder-column-1 fusion_builder_column_1_2 1_2 fusion-one-half fusion-column-last\" style=\"--awb-bg-size:cover;width:50%;width:calc(50% - ( ( 4% ) * 0.5 ) );\"><div class=\"fusion-column-wrapper fusion-flex-column-wrapper-legacy\"><div class=\"fusion-title title fusion-title-2 fusion-title-text fusion-title-size-two\"><h2 class=\"fusion-title-heading title-heading-left\" style=\"margin:0;\">Maschinen verf\u00fcgbar<\/h2><span class=\"awb-title-spacer\"><\/span><div class=\"title-sep-container\"><div class=\"title-sep sep-double sep-solid\" style=\"border-color:#9cb6c3;\"><\/div><\/div><\/div><div class=\"woocommerce columns-3 \"><\/div><div class=\"fusion-clearfix\"><\/div><\/div><\/div><\/div><\/div>\n","protected":false},"excerpt":{"rendered":"","protected":false},"author":4,"featured_media":0,"parent":1581,"menu_order":8,"comment_status":"closed","ping_status":"closed","template":"","meta":{"_exactmetrics_skip_tracking":false,"_exactmetrics_sitenote_active":false,"_exactmetrics_sitenote_note":"","_exactmetrics_sitenote_category":0,"footnotes":""},"class_list":["post-1586","page","type-page","status-publish","hentry"],"yoast_head":"<!-- This site is optimized with the Yoast SEO plugin v26.8 - https:\/\/yoast.com\/product\/yoast-seo-wordpress\/ -->\n<title>Stretch Garne - Ratti Luino S.R.L.<\/title>\n<meta name=\"description\" content=\"Die Maschine wurde zum kontinuierlichen Verzwirnen und Stabilisieren von Polyamid-Stretchf\u00e4den entwickelt, die auf sehr weiche Spulen f\u00fcr das F\u00e4rben aufgewickelt werden.\" \/>\n<meta name=\"robots\" content=\"index, follow, max-snippet:-1, max-image-preview:large, max-video-preview:-1\" \/>\n<link rel=\"canonical\" href=\"https:\/\/www.rattiluino.com\/de\/linea-ratti\/stretch-garne\/\" \/>\n<meta property=\"og:locale\" content=\"de_DE\" \/>\n<meta property=\"og:type\" content=\"article\" \/>\n<meta property=\"og:title\" content=\"Stretch Garne - Ratti Luino S.R.L.\" \/>\n<meta property=\"og:description\" content=\"Die Maschine wurde zum kontinuierlichen Verzwirnen und Stabilisieren von Polyamid-Stretchf\u00e4den entwickelt, die auf sehr weiche Spulen f\u00fcr das F\u00e4rben aufgewickelt werden.\" \/>\n<meta property=\"og:url\" content=\"https:\/\/www.rattiluino.com\/de\/linea-ratti\/stretch-garne\/\" \/>\n<meta property=\"og:site_name\" content=\"Ratti Luino S.R.L.\" \/>\n<meta property=\"article:modified_time\" content=\"2018-05-28T08:39:05+00:00\" \/>\n<meta name=\"twitter:card\" content=\"summary_large_image\" \/>\n<meta name=\"twitter:label1\" content=\"Gesch\u00e4tzte Lesezeit\" \/>\n\t<meta name=\"twitter:data1\" content=\"2\u00a0Minuten\" \/>\n<script type=\"application\/ld+json\" class=\"yoast-schema-graph\">{\"@context\":\"https:\/\/schema.org\",\"@graph\":[{\"@type\":\"WebPage\",\"@id\":\"https:\/\/www.rattiluino.com\/de\/linea-ratti\/stretch-garne\/\",\"url\":\"https:\/\/www.rattiluino.com\/de\/linea-ratti\/stretch-garne\/\",\"name\":\"Stretch Garne - Ratti Luino S.R.L.\",\"isPartOf\":{\"@id\":\"https:\/\/www.rattiluino.com\/#website\"},\"datePublished\":\"2018-05-28T08:39:03+00:00\",\"dateModified\":\"2018-05-28T08:39:05+00:00\",\"description\":\"Die Maschine wurde zum kontinuierlichen Verzwirnen und Stabilisieren von Polyamid-Stretchf\u00e4den entwickelt, die auf sehr weiche Spulen f\u00fcr das F\u00e4rben aufgewickelt werden.\",\"breadcrumb\":{\"@id\":\"https:\/\/www.rattiluino.com\/de\/linea-ratti\/stretch-garne\/#breadcrumb\"},\"inLanguage\":\"de\",\"potentialAction\":[{\"@type\":\"ReadAction\",\"target\":[\"https:\/\/www.rattiluino.com\/de\/linea-ratti\/stretch-garne\/\"]}]},{\"@type\":\"BreadcrumbList\",\"@id\":\"https:\/\/www.rattiluino.com\/de\/linea-ratti\/stretch-garne\/#breadcrumb\",\"itemListElement\":[{\"@type\":\"ListItem\",\"position\":1,\"name\":\"Home\",\"item\":\"https:\/\/www.rattiluino.com\/de\/\"},{\"@type\":\"ListItem\",\"position\":2,\"name\":\"Linea Ratti\",\"item\":\"https:\/\/www.rattiluino.com\/de\/linea-ratti\/\"},{\"@type\":\"ListItem\",\"position\":3,\"name\":\"Stretch Garne\"}]},{\"@type\":\"WebSite\",\"@id\":\"https:\/\/www.rattiluino.com\/#website\",\"url\":\"https:\/\/www.rattiluino.com\/\",\"name\":\"Ratti Luino S.R.L.\",\"description\":\"Leaders in twisting technology since 1869\",\"publisher\":{\"@id\":\"https:\/\/www.rattiluino.com\/#organization\"},\"potentialAction\":[{\"@type\":\"SearchAction\",\"target\":{\"@type\":\"EntryPoint\",\"urlTemplate\":\"https:\/\/www.rattiluino.com\/?s={search_term_string}\"},\"query-input\":{\"@type\":\"PropertyValueSpecification\",\"valueRequired\":true,\"valueName\":\"search_term_string\"}}],\"inLanguage\":\"de\"},{\"@type\":\"Organization\",\"@id\":\"https:\/\/www.rattiluino.com\/#organization\",\"name\":\"Ratti Luino S.R.L.\",\"url\":\"https:\/\/www.rattiluino.com\/\",\"logo\":{\"@type\":\"ImageObject\",\"inLanguage\":\"de\",\"@id\":\"https:\/\/www.rattiluino.com\/#\/schema\/logo\/image\/\",\"url\":\"https:\/\/www.rattiluino.com\/wp-content\/uploads\/2017\/07\/logo-ratti-rete-di-vendita.png\",\"contentUrl\":\"https:\/\/www.rattiluino.com\/wp-content\/uploads\/2017\/07\/logo-ratti-rete-di-vendita.png\",\"width\":365,\"height\":365,\"caption\":\"Ratti Luino S.R.L.\"},\"image\":{\"@id\":\"https:\/\/www.rattiluino.com\/#\/schema\/logo\/image\/\"},\"sameAs\":[\"https:\/\/www.linkedin.com\/company\/ratti-luino-s-r-l\/\"]}]}<\/script>\n<!-- \/ Yoast SEO plugin. -->","yoast_head_json":{"title":"Stretch Garne - Ratti Luino S.R.L.","description":"Die Maschine wurde zum kontinuierlichen Verzwirnen und Stabilisieren von Polyamid-Stretchf\u00e4den entwickelt, die auf sehr weiche Spulen f\u00fcr das F\u00e4rben aufgewickelt werden.","robots":{"index":"index","follow":"follow","max-snippet":"max-snippet:-1","max-image-preview":"max-image-preview:large","max-video-preview":"max-video-preview:-1"},"canonical":"https:\/\/www.rattiluino.com\/de\/linea-ratti\/stretch-garne\/","og_locale":"de_DE","og_type":"article","og_title":"Stretch Garne - Ratti Luino S.R.L.","og_description":"Die Maschine wurde zum kontinuierlichen Verzwirnen und Stabilisieren von Polyamid-Stretchf\u00e4den entwickelt, die auf sehr weiche Spulen f\u00fcr das F\u00e4rben aufgewickelt werden.","og_url":"https:\/\/www.rattiluino.com\/de\/linea-ratti\/stretch-garne\/","og_site_name":"Ratti Luino S.R.L.","article_modified_time":"2018-05-28T08:39:05+00:00","twitter_card":"summary_large_image","twitter_misc":{"Gesch\u00e4tzte Lesezeit":"2\u00a0Minuten"},"schema":{"@context":"https:\/\/schema.org","@graph":[{"@type":"WebPage","@id":"https:\/\/www.rattiluino.com\/de\/linea-ratti\/stretch-garne\/","url":"https:\/\/www.rattiluino.com\/de\/linea-ratti\/stretch-garne\/","name":"Stretch Garne - Ratti Luino S.R.L.","isPartOf":{"@id":"https:\/\/www.rattiluino.com\/#website"},"datePublished":"2018-05-28T08:39:03+00:00","dateModified":"2018-05-28T08:39:05+00:00","description":"Die Maschine wurde zum kontinuierlichen Verzwirnen und Stabilisieren von Polyamid-Stretchf\u00e4den entwickelt, die auf sehr weiche Spulen f\u00fcr das F\u00e4rben aufgewickelt werden.","breadcrumb":{"@id":"https:\/\/www.rattiluino.com\/de\/linea-ratti\/stretch-garne\/#breadcrumb"},"inLanguage":"de","potentialAction":[{"@type":"ReadAction","target":["https:\/\/www.rattiluino.com\/de\/linea-ratti\/stretch-garne\/"]}]},{"@type":"BreadcrumbList","@id":"https:\/\/www.rattiluino.com\/de\/linea-ratti\/stretch-garne\/#breadcrumb","itemListElement":[{"@type":"ListItem","position":1,"name":"Home","item":"https:\/\/www.rattiluino.com\/de\/"},{"@type":"ListItem","position":2,"name":"Linea Ratti","item":"https:\/\/www.rattiluino.com\/de\/linea-ratti\/"},{"@type":"ListItem","position":3,"name":"Stretch Garne"}]},{"@type":"WebSite","@id":"https:\/\/www.rattiluino.com\/#website","url":"https:\/\/www.rattiluino.com\/","name":"Ratti Luino S.R.L.","description":"Leaders in twisting technology since 1869","publisher":{"@id":"https:\/\/www.rattiluino.com\/#organization"},"potentialAction":[{"@type":"SearchAction","target":{"@type":"EntryPoint","urlTemplate":"https:\/\/www.rattiluino.com\/?s={search_term_string}"},"query-input":{"@type":"PropertyValueSpecification","valueRequired":true,"valueName":"search_term_string"}}],"inLanguage":"de"},{"@type":"Organization","@id":"https:\/\/www.rattiluino.com\/#organization","name":"Ratti Luino S.R.L.","url":"https:\/\/www.rattiluino.com\/","logo":{"@type":"ImageObject","inLanguage":"de","@id":"https:\/\/www.rattiluino.com\/#\/schema\/logo\/image\/","url":"https:\/\/www.rattiluino.com\/wp-content\/uploads\/2017\/07\/logo-ratti-rete-di-vendita.png","contentUrl":"https:\/\/www.rattiluino.com\/wp-content\/uploads\/2017\/07\/logo-ratti-rete-di-vendita.png","width":365,"height":365,"caption":"Ratti Luino S.R.L."},"image":{"@id":"https:\/\/www.rattiluino.com\/#\/schema\/logo\/image\/"},"sameAs":["https:\/\/www.linkedin.com\/company\/ratti-luino-s-r-l\/"]}]}},"_links":{"self":[{"href":"https:\/\/www.rattiluino.com\/de\/wp-json\/wp\/v2\/pages\/1586","targetHints":{"allow":["GET"]}}],"collection":[{"href":"https:\/\/www.rattiluino.com\/de\/wp-json\/wp\/v2\/pages"}],"about":[{"href":"https:\/\/www.rattiluino.com\/de\/wp-json\/wp\/v2\/types\/page"}],"author":[{"embeddable":true,"href":"https:\/\/www.rattiluino.com\/de\/wp-json\/wp\/v2\/users\/4"}],"replies":[{"embeddable":true,"href":"https:\/\/www.rattiluino.com\/de\/wp-json\/wp\/v2\/comments?post=1586"}],"version-history":[{"count":0,"href":"https:\/\/www.rattiluino.com\/de\/wp-json\/wp\/v2\/pages\/1586\/revisions"}],"up":[{"embeddable":true,"href":"https:\/\/www.rattiluino.com\/de\/wp-json\/wp\/v2\/pages\/1581"}],"wp:attachment":[{"href":"https:\/\/www.rattiluino.com\/de\/wp-json\/wp\/v2\/media?parent=1586"}],"curies":[{"name":"wp","href":"https:\/\/api.w.org\/{rel}","templated":true}]}}