{"id":1598,"date":"2018-05-28T11:37:09","date_gmt":"2018-05-28T09:37:09","guid":{"rendered":"http:\/\/www.rattiluino.com\/datenschutzerklarung\/"},"modified":"2018-05-28T11:37:12","modified_gmt":"2018-05-28T09:37:12","slug":"datenschutzerklarung","status":"publish","type":"page","link":"https:\/\/www.rattiluino.com\/de\/datenschutzerklarung\/","title":{"rendered":"DATENSCHUTZERKL\u00c4RUNG"},"content":{"rendered":"<div class=\"fusion-fullwidth fullwidth-box fusion-builder-row-1 nonhundred-percent-fullwidth non-hundred-percent-height-scrolling\" style=\"--awb-border-radius-top-left:0px;--awb-border-radius-top-right:0px;--awb-border-radius-bottom-right:0px;--awb-border-radius-bottom-left:0px;--awb-flex-wrap:wrap;\" ><div class=\"fusion-builder-row fusion-row\"><div class=\"fusion-layout-column fusion_builder_column fusion-builder-column-0 fusion_builder_column_1_1 1_1 fusion-one-full fusion-column-first fusion-column-last\" style=\"--awb-bg-size:cover;\"><div class=\"fusion-column-wrapper fusion-flex-column-wrapper-legacy\"><div class=\"fusion-title title fusion-title-1 fusion-title-text fusion-title-size-two\"><h2 class=\"fusion-title-heading title-heading-left\" style=\"margin:0;\">DESHALB DIESE BEKANNTMACHUNG<\/h2><span class=\"awb-title-spacer\"><\/span><div class=\"title-sep-container\"><div class=\"title-sep sep-double sep-solid\" style=\"border-color:#9cb6c3;\"><\/div><\/div><\/div><div class=\"fusion-text fusion-text-1\"><p>Diese Seite beschreibt, wie die Website in Bezug auf die Verarbeitung personenbezogener Daten von Nutzern, die beraten verwalten.<\/p>\n<p>Diese Bekanntmachung wird gem\u00e4\u00df gegeben\u00a0Kunst. 13 Teil D.Lgs. n. 196\/2003 \u2013 Code \u00fcber den Schutz personenbezogener Daten\u00a0f\u00fcr diejenigen, die mit den Diensten interagieren\u00a0Netz\u00a0die Garantin f\u00fcr den Schutz personenbezogener Daten, Telematik-Zugriffsstartadresse aus dem:<\/p>\n<div class=\"video-shortcode\">\n<blockquote class=\"wp-embedded-content\" data-secret=\"ykUI03iXtf\">\n<p><a href=\"http:\/\/www.rattiluino.com\/\">Ratti Luino S.r.l.<\/a><\/p>\n<\/blockquote>\n<p><iframe class=\"wp-embedded-content\" sandbox=\"allow-scripts\" security=\"restricted\" style=\"position: absolute; clip: rect(1px, 1px, 1px, 1px);\" src=\"http:\/\/www.rattiluino.com\/embed\/#?secret=ykUI03iXtf\" data-secret=\"ykUI03iXtf\" width=\"600\" height=\"338\" title=\"&#8220;Ratti Luino S.r.l.&#8221; &#8212; Ratti Luino S.R.L.\" frameborder=\"0\" marginwidth=\"0\" marginheight=\"0\" scrolling=\"no\"><\/iframe><\/div>\n<p>entsprechend der Homepage der Website.<\/p>\n<p>Diese Information wird nur f\u00fcr unsere Website und nicht auf andere Websites zur Verf\u00fcgung gestellt Netz erreichbar \u00fcber Link.<\/p>\n<p>Die Informationen werden auf der Grundlage der Empfehlung Nr.2\/2001 dass die europ\u00e4ischen Beh\u00f6rden f\u00fcr den Schutz personenbezogener Daten, Arbeitsgruppe einzurichten, die von Kunst. 29 der Richtlinie.95\/46\/EG, die angenommen haben 17 Mai 2001 bestimmte Mindestanforderungen f\u00fcr die Erhebung personenbezogener Daten zu identifizieren online, und, besonders, Modi, der Zeitpunkt und die Art der Informationen, die die Datenverarbeitung Verantwortlichen m\u00fcssen Benutzer, wenn sie auf Seiten verbinden Netz, unabh\u00e4ngig vom Zweck der Verbindung.<\/p>\n<\/div><div class=\"fusion-title title fusion-title-2 fusion-title-text fusion-title-size-two\" style=\"--awb-margin-top:40px;\"><h2 class=\"fusion-title-heading title-heading-left\" style=\"margin:0;\">DEN &#8222;EIGENT\u00fcMER&#8220; DER BEHANDLUNG<\/h2><span class=\"awb-title-spacer\"><\/span><div class=\"title-sep-container\"><div class=\"title-sep sep-double sep-solid\" style=\"border-color:#9cb6c3;\"><\/div><\/div><\/div><div class=\"fusion-text fusion-text-2\"><p>Nach Konsultation dieser Website k\u00f6nnen Daten \u00fcber Personen bestimmte oder bestimmbare verarbeitet werden.<\/p>\n<p>Der &#8222;Besitzer&#8220; ihrer Behandlung ist\u00a0Ratti Luino S.r.l.,\u00a0Via Pr\u00e0 delle Vigne 234 &#8211; 21030 Grantola &#8211; VA (I).<\/p>\n<p>&nbsp;<\/p>\n<p>&nbsp;<\/p>\n<\/div><div class=\"fusion-title title fusion-title-3 fusion-title-text fusion-title-size-two\" style=\"--awb-margin-top:40px;\"><h2 class=\"fusion-title-heading title-heading-left\" style=\"margin:0;\">ORT DER DATENVERARBEITUNG<\/h2><span class=\"awb-title-spacer\"><\/span><div class=\"title-sep-container\"><div class=\"title-sep sep-double sep-solid\" style=\"border-color:#9cb6c3;\"><\/div><\/div><\/div><div class=\"fusion-text fusion-text-3\"><p>Die Behandlungen mit den Services Netz\u00a0Diese Website erfolgt bei den oben R\u00e4umlichkeiten und sind nur durch technische Mitarbeiter, die f\u00fcr die Behandlung behandelt, oder von Personen, die f\u00fcr gelegentliche Wartungsarbeiten.<\/p>\n<p>Keine Daten, die sich aus der Netz \u00fcbermittelt oder verbreitet.<\/p>\n<p>Die pers\u00f6nlichen Daten von Nutzern, die Versendung von Informationsmaterial zu beantragen (Newsletter, usw..) werden nur verwendet, um den Service oder die angeforderte durchf\u00fchren und nicht an Dritte weitergegeben werden.<\/p>\n<\/div><div class=\"fusion-title title fusion-title-4 fusion-title-text fusion-title-size-two\" style=\"--awb-margin-top:40px;\"><h2 class=\"fusion-title-heading title-heading-left\" style=\"margin:0;\">DATENARTEN<\/h2><span class=\"awb-title-spacer\"><\/span><div class=\"title-sep-container\"><div class=\"title-sep sep-double sep-solid\" style=\"border-color:#9cb6c3;\"><\/div><\/div><\/div><div class=\"fusion-text fusion-text-4\"><p>Navigationsdaten<\/p>\n<p>Navigationsdaten \u2013 Die f\u00fcr die Funktion dieser Website ben\u00f6tigten Softwaresysteme und -prozeduren erfassen w\u00e4hrend des normalen Betriebs bestimmte personenbezogene Daten, deren \u00dcbertragung f\u00fcr die Anwendung der Internet-Kommunikationsprotokolle erforderlich ist.<\/p>\n<p>Solche Informationen werden nicht erfasst, um sie identifizierten Personen zuzuordnen, k\u00f6nnten jedoch wegen ihrer Beschaffenheit durch Verarbeitung und Verkn\u00fcpfung mit Daten im Besitz von Dritten eine Identifizierung der Benutzer erm\u00f6glichen.<\/p>\n<p>Zu dieser Datenkategorie geh\u00f6ren die IP-Adressen oder Domain-Namen der Computer, die von den Besuchern f\u00fcr die Verbindung zur Website benutzt werden, die URI (Uniform Resource Identifier)-Adressen der angeforderten Ressourcen, die Zeit der Anforderung, die zur \u00dcbermittlung der Anforderung an den Server benutzte Methode, die Gr\u00f6\u00dfe der als Antwort erhaltenen Datei, der den Status der vom Server gegebenen Antwort kennzeichnende numerische Code (erfolgreich, Fehler usw.) und sonstige Parameter, die sich auf das Betriebssystem und die Computer-Konfiguration des Benutzers beziehen.<\/p>\n<p>Diese Daten werden nur f\u00fcr Zwecke anonymer statistischer Datenerfassung \u00fcber die Benutzung der Website sowie f\u00fcr die \u00dcberpr\u00fcfung deren korrekter Funktion verwendet und werden nur f\u00fcr die dazu erforderliche Zeit aufbewahrt.<\/p>\n<p>Daten freiwillig zur Verf\u00fcgung gestellt<\/p>\n<p>Das optionale, ausdr\u00fcckliche und freiwillige Versenden von elektronischer Post an die in dieser Website angegebenen Adressen bedingt die Erfassung der Adresse des Absenders, die zur Beantwortung der Anfragen notwendig ist, sowie alle anderen\u00a0ersonenbezogenen Daten, die\u00a0in der Mitteilung enthalten sind.<\/p>\n<p>Spezifische Mitteilungen und Einwilligungen sind auf den Webseiten angezeigt, die sich auf die speziellen angeforderten Dienste beziehen.<\/p>\n<\/div><div class=\"fusion-title title fusion-title-5 fusion-title-text fusion-title-size-two\" style=\"--awb-margin-top:40px;\"><h2 class=\"fusion-title-heading title-heading-left\" style=\"margin:0;\"><p class=\"p1\"><span class=\"s1\">Cookies<\/span><\/p><\/h2><span class=\"awb-title-spacer\"><\/span><div class=\"title-sep-container\"><div class=\"title-sep sep-double sep-solid\" style=\"border-color:#9cb6c3;\"><\/div><\/div><\/div><div class=\"fusion-text fusion-text-5\"><p>Keine personenbezogenen Daten \u00fcber die Nutzer von der Website erworben.<\/p>\n<p>Zur \u00dcbertragung von Informationen pers\u00f6nlicher Art wird kein Gebrauch von Cookies gemacht und es werden auch keine sogenannten Dauer-Cookies irgendwelcher Art, d.h. Systeme zur R\u00fcckverfolgung der Benutzer, verwendet.<\/p>\n<p>Der Einsatz von sogenannten Sitzungs-Cookies (die nicht dauerhaft auf dem Computer des Benutzers gespeichert werden) ist ausschlie\u00dflich auf die \u00dcbertragung der Sitzungskennung begrenzt (bestehend aus zuf\u00e4llig vom Server erzeugten Zahlen), die erforderlich sind, um die sichere und effiziente Erforschung der Website zu erm\u00f6glichen.<\/p>\n<p>Die auf dieser Website verwendeten sogenannten Sitzungs-Cookies vermeiden die Anwendung von anderen Informatiktechniken, die potentiell die Vertraulichkeit der Surfdaten der Benutzer beeintr\u00e4chtigen.<\/p>\n<\/div><div class=\"fusion-title title fusion-title-6 fusion-title-text fusion-title-size-two\" style=\"--awb-margin-top:40px;\"><h2 class=\"fusion-title-heading title-heading-left\" style=\"margin:0;\">FREIWILLIGKAIT DER BEREITSTELLUNG VON DATEN<\/h2><span class=\"awb-title-spacer\"><\/span><div class=\"title-sep-container\"><div class=\"title-sep sep-double sep-solid\" style=\"border-color:#9cb6c3;\"><\/div><\/div><\/div><div class=\"fusion-text fusion-text-6\"><p>Abgesehen von den Angaben bez\u00fcglich der Navigationsdaten steht es dem Benutzer frei, personenbezogene Daten mitzuteilen.<\/p>\n<p>Werden diese jedoch nicht geliefert, so kann es dazu f\u00fchren, dass die gew\u00fcnschte Leistung nicht erbracht werden kann.<\/p>\n<\/div><div class=\"fusion-title title fusion-title-7 fusion-title-text fusion-title-size-two\" style=\"--awb-margin-top:40px;\"><h2 class=\"fusion-title-heading title-heading-left\" style=\"margin:0;\">MODALIT\u00c4T DER DATENVERARBEITUNG<\/h2><span class=\"awb-title-spacer\"><\/span><div class=\"title-sep-container\"><div class=\"title-sep sep-double sep-solid\" style=\"border-color:#9cb6c3;\"><\/div><\/div><\/div><div class=\"fusion-text fusion-text-7\"><p>Die personenbezogenen Daten werden mit automatisierten Mitteln verarbeitet, und zwar nur f\u00fcr die Zeit, die f\u00fcr die Zwecke, f\u00fcr die sie eingeholt wurden, unbedingt notwendig ist.<\/p>\n<p>Spezielle Sicherheitsma\u00dfnahmen werden befolgt, um einem Datenverlust, einer unrechtm\u00e4\u00dfigen oder ungeeigneten Verwendung oder einem nicht genehmigten Zugriff vorzubeugen<\/p>\n<\/div><div class=\"fusion-title title fusion-title-8 fusion-title-text fusion-title-size-two\" style=\"--awb-margin-top:40px;\"><h2 class=\"fusion-title-heading title-heading-left\" style=\"margin:0;\">RECHTE DER BETROFFENER<\/h2><span class=\"awb-title-spacer\"><\/span><div class=\"title-sep-container\"><div class=\"title-sep sep-double sep-solid\" style=\"border-color:#9cb6c3;\"><\/div><\/div><\/div><div class=\"fusion-text fusion-text-8\"><p>Die Personen, auf die sich die personenbezogenen Daten beziehen, haben das Recht, jederzeit eine Best\u00e4tigung \u00fcber das Vorhandensein oder Nichtvorhandensein dieser Daten zu erhalten, ihren Inhalt und Herkunft zu erfahren, ihre \u00dcbereinstimmung mit den tats\u00e4chlichen Verh\u00e4ltnissen zu pr\u00fcfen oder deren Erg\u00e4nzung, Aktualisierung oder Richtigstellung zu verlangen (Art. 7, Dekret Nr. 196\/2003).<\/p>\n<p>Nach demselben Artikel haben sie das Recht, die L\u00f6schung, die ricopandlung in eine anonymisierte Form oder die Sperrung der widerrechtlich verarbeiteten Daten zu verlangen sowie sich in jedem Falle aus berechtigten Gr\u00fcnden deren Verarbeitung zu widersetzen.<\/p>\n<p>Anfragen sollten an unsere Verantwortlich f\u00fcr die Verarbeitung der Daten an unsere adresse geltend gemacht werden.<\/p>\n<\/div><div class=\"fusion-clearfix\"><\/div><\/div><\/div><\/div><\/div>\n","protected":false},"excerpt":{"rendered":"","protected":false},"author":4,"featured_media":0,"parent":0,"menu_order":0,"comment_status":"closed","ping_status":"closed","template":"","meta":{"_exactmetrics_skip_tracking":false,"_exactmetrics_sitenote_active":false,"_exactmetrics_sitenote_note":"","_exactmetrics_sitenote_category":0,"footnotes":""},"class_list":["post-1598","page","type-page","status-publish","hentry"],"yoast_head":"<!-- This site is optimized with the Yoast SEO plugin v26.8 - https:\/\/yoast.com\/product\/yoast-seo-wordpress\/ -->\n<title>DATENSCHUTZERKL\u00c4RUNG - Ratti Luino S.R.L.<\/title>\n<meta name=\"description\" content=\"Diese Seite beschreibt, wie die Website in Bezug auf die Verarbeitung personenbezogener Daten von Nutzern, die beraten verwalten.\" \/>\n<meta name=\"robots\" content=\"index, follow, max-snippet:-1, max-image-preview:large, max-video-preview:-1\" \/>\n<link rel=\"canonical\" href=\"https:\/\/www.rattiluino.com\/de\/datenschutzerklarung\/\" \/>\n<meta property=\"og:locale\" content=\"de_DE\" \/>\n<meta property=\"og:type\" content=\"article\" \/>\n<meta property=\"og:title\" content=\"DATENSCHUTZERKL\u00c4RUNG - Ratti Luino S.R.L.\" \/>\n<meta property=\"og:description\" content=\"Diese Seite beschreibt, wie die Website in Bezug auf die Verarbeitung personenbezogener Daten von Nutzern, die beraten verwalten.\" \/>\n<meta property=\"og:url\" content=\"https:\/\/www.rattiluino.com\/de\/datenschutzerklarung\/\" \/>\n<meta property=\"og:site_name\" content=\"Ratti Luino S.R.L.\" \/>\n<meta property=\"article:modified_time\" content=\"2018-05-28T09:37:12+00:00\" \/>\n<meta name=\"twitter:card\" content=\"summary_large_image\" \/>\n<meta name=\"twitter:label1\" content=\"Gesch\u00e4tzte Lesezeit\" \/>\n\t<meta name=\"twitter:data1\" content=\"6\u00a0Minuten\" \/>\n<script type=\"application\/ld+json\" class=\"yoast-schema-graph\">{\"@context\":\"https:\/\/schema.org\",\"@graph\":[{\"@type\":\"WebPage\",\"@id\":\"https:\/\/www.rattiluino.com\/de\/datenschutzerklarung\/\",\"url\":\"https:\/\/www.rattiluino.com\/de\/datenschutzerklarung\/\",\"name\":\"DATENSCHUTZERKL\u00c4RUNG - Ratti Luino S.R.L.\",\"isPartOf\":{\"@id\":\"https:\/\/www.rattiluino.com\/#website\"},\"datePublished\":\"2018-05-28T09:37:09+00:00\",\"dateModified\":\"2018-05-28T09:37:12+00:00\",\"description\":\"Diese Seite beschreibt, wie die Website in Bezug auf die Verarbeitung personenbezogener Daten von Nutzern, die beraten verwalten.\",\"breadcrumb\":{\"@id\":\"https:\/\/www.rattiluino.com\/de\/datenschutzerklarung\/#breadcrumb\"},\"inLanguage\":\"de\",\"potentialAction\":[{\"@type\":\"ReadAction\",\"target\":[\"https:\/\/www.rattiluino.com\/de\/datenschutzerklarung\/\"]}]},{\"@type\":\"BreadcrumbList\",\"@id\":\"https:\/\/www.rattiluino.com\/de\/datenschutzerklarung\/#breadcrumb\",\"itemListElement\":[{\"@type\":\"ListItem\",\"position\":1,\"name\":\"Home\",\"item\":\"https:\/\/www.rattiluino.com\/de\/\"},{\"@type\":\"ListItem\",\"position\":2,\"name\":\"DATENSCHUTZERKL\u00c4RUNG\"}]},{\"@type\":\"WebSite\",\"@id\":\"https:\/\/www.rattiluino.com\/#website\",\"url\":\"https:\/\/www.rattiluino.com\/\",\"name\":\"Ratti Luino S.R.L.\",\"description\":\"Leaders in twisting technology since 1869\",\"publisher\":{\"@id\":\"https:\/\/www.rattiluino.com\/#organization\"},\"potentialAction\":[{\"@type\":\"SearchAction\",\"target\":{\"@type\":\"EntryPoint\",\"urlTemplate\":\"https:\/\/www.rattiluino.com\/?s={search_term_string}\"},\"query-input\":{\"@type\":\"PropertyValueSpecification\",\"valueRequired\":true,\"valueName\":\"search_term_string\"}}],\"inLanguage\":\"de\"},{\"@type\":\"Organization\",\"@id\":\"https:\/\/www.rattiluino.com\/#organization\",\"name\":\"Ratti Luino S.R.L.\",\"url\":\"https:\/\/www.rattiluino.com\/\",\"logo\":{\"@type\":\"ImageObject\",\"inLanguage\":\"de\",\"@id\":\"https:\/\/www.rattiluino.com\/#\/schema\/logo\/image\/\",\"url\":\"https:\/\/www.rattiluino.com\/wp-content\/uploads\/2017\/07\/logo-ratti-rete-di-vendita.png\",\"contentUrl\":\"https:\/\/www.rattiluino.com\/wp-content\/uploads\/2017\/07\/logo-ratti-rete-di-vendita.png\",\"width\":365,\"height\":365,\"caption\":\"Ratti Luino S.R.L.\"},\"image\":{\"@id\":\"https:\/\/www.rattiluino.com\/#\/schema\/logo\/image\/\"},\"sameAs\":[\"https:\/\/www.linkedin.com\/company\/ratti-luino-s-r-l\/\"]}]}<\/script>\n<!-- \/ Yoast SEO plugin. -->","yoast_head_json":{"title":"DATENSCHUTZERKL\u00c4RUNG - Ratti Luino S.R.L.","description":"Diese Seite beschreibt, wie die Website in Bezug auf die Verarbeitung personenbezogener Daten von Nutzern, die beraten verwalten.","robots":{"index":"index","follow":"follow","max-snippet":"max-snippet:-1","max-image-preview":"max-image-preview:large","max-video-preview":"max-video-preview:-1"},"canonical":"https:\/\/www.rattiluino.com\/de\/datenschutzerklarung\/","og_locale":"de_DE","og_type":"article","og_title":"DATENSCHUTZERKL\u00c4RUNG - Ratti Luino S.R.L.","og_description":"Diese Seite beschreibt, wie die Website in Bezug auf die Verarbeitung personenbezogener Daten von Nutzern, die beraten verwalten.","og_url":"https:\/\/www.rattiluino.com\/de\/datenschutzerklarung\/","og_site_name":"Ratti Luino S.R.L.","article_modified_time":"2018-05-28T09:37:12+00:00","twitter_card":"summary_large_image","twitter_misc":{"Gesch\u00e4tzte Lesezeit":"6\u00a0Minuten"},"schema":{"@context":"https:\/\/schema.org","@graph":[{"@type":"WebPage","@id":"https:\/\/www.rattiluino.com\/de\/datenschutzerklarung\/","url":"https:\/\/www.rattiluino.com\/de\/datenschutzerklarung\/","name":"DATENSCHUTZERKL\u00c4RUNG - Ratti Luino S.R.L.","isPartOf":{"@id":"https:\/\/www.rattiluino.com\/#website"},"datePublished":"2018-05-28T09:37:09+00:00","dateModified":"2018-05-28T09:37:12+00:00","description":"Diese Seite beschreibt, wie die Website in Bezug auf die Verarbeitung personenbezogener Daten von Nutzern, die beraten verwalten.","breadcrumb":{"@id":"https:\/\/www.rattiluino.com\/de\/datenschutzerklarung\/#breadcrumb"},"inLanguage":"de","potentialAction":[{"@type":"ReadAction","target":["https:\/\/www.rattiluino.com\/de\/datenschutzerklarung\/"]}]},{"@type":"BreadcrumbList","@id":"https:\/\/www.rattiluino.com\/de\/datenschutzerklarung\/#breadcrumb","itemListElement":[{"@type":"ListItem","position":1,"name":"Home","item":"https:\/\/www.rattiluino.com\/de\/"},{"@type":"ListItem","position":2,"name":"DATENSCHUTZERKL\u00c4RUNG"}]},{"@type":"WebSite","@id":"https:\/\/www.rattiluino.com\/#website","url":"https:\/\/www.rattiluino.com\/","name":"Ratti Luino S.R.L.","description":"Leaders in twisting technology since 1869","publisher":{"@id":"https:\/\/www.rattiluino.com\/#organization"},"potentialAction":[{"@type":"SearchAction","target":{"@type":"EntryPoint","urlTemplate":"https:\/\/www.rattiluino.com\/?s={search_term_string}"},"query-input":{"@type":"PropertyValueSpecification","valueRequired":true,"valueName":"search_term_string"}}],"inLanguage":"de"},{"@type":"Organization","@id":"https:\/\/www.rattiluino.com\/#organization","name":"Ratti Luino S.R.L.","url":"https:\/\/www.rattiluino.com\/","logo":{"@type":"ImageObject","inLanguage":"de","@id":"https:\/\/www.rattiluino.com\/#\/schema\/logo\/image\/","url":"https:\/\/www.rattiluino.com\/wp-content\/uploads\/2017\/07\/logo-ratti-rete-di-vendita.png","contentUrl":"https:\/\/www.rattiluino.com\/wp-content\/uploads\/2017\/07\/logo-ratti-rete-di-vendita.png","width":365,"height":365,"caption":"Ratti Luino S.R.L."},"image":{"@id":"https:\/\/www.rattiluino.com\/#\/schema\/logo\/image\/"},"sameAs":["https:\/\/www.linkedin.com\/company\/ratti-luino-s-r-l\/"]}]}},"_links":{"self":[{"href":"https:\/\/www.rattiluino.com\/de\/wp-json\/wp\/v2\/pages\/1598","targetHints":{"allow":["GET"]}}],"collection":[{"href":"https:\/\/www.rattiluino.com\/de\/wp-json\/wp\/v2\/pages"}],"about":[{"href":"https:\/\/www.rattiluino.com\/de\/wp-json\/wp\/v2\/types\/page"}],"author":[{"embeddable":true,"href":"https:\/\/www.rattiluino.com\/de\/wp-json\/wp\/v2\/users\/4"}],"replies":[{"embeddable":true,"href":"https:\/\/www.rattiluino.com\/de\/wp-json\/wp\/v2\/comments?post=1598"}],"version-history":[{"count":0,"href":"https:\/\/www.rattiluino.com\/de\/wp-json\/wp\/v2\/pages\/1598\/revisions"}],"wp:attachment":[{"href":"https:\/\/www.rattiluino.com\/de\/wp-json\/wp\/v2\/media?parent=1598"}],"curies":[{"name":"wp","href":"https:\/\/api.w.org\/{rel}","templated":true}]}}