{"id":3878,"date":"2021-04-30T09:42:20","date_gmt":"2021-04-30T07:42:20","guid":{"rendered":"https:\/\/www.rattiluino.com\/?page_id=3878"},"modified":"2021-07-27T16:32:37","modified_gmt":"2021-07-27T14:32:37","slug":"industrie-4-0","status":"publish","type":"page","link":"https:\/\/www.rattiluino.com\/de\/industrie-4-0\/","title":{"rendered":"Industrie 4.0"},"content":{"rendered":"<div class=\"fusion-fullwidth fullwidth-box fusion-builder-row-1 fusion-flex-container nonhundred-percent-fullwidth non-hundred-percent-height-scrolling\" style=\"--awb-border-radius-top-left:0px;--awb-border-radius-top-right:0px;--awb-border-radius-bottom-right:0px;--awb-border-radius-bottom-left:0px;--awb-flex-wrap:wrap;\" ><div class=\"fusion-builder-row fusion-row fusion-flex-align-items-flex-start fusion-flex-content-wrap\" style=\"max-width:1144px;margin-left: calc(-4% \/ 2 );margin-right: calc(-4% \/ 2 );\"><div class=\"fusion-layout-column fusion_builder_column fusion-builder-column-0 fusion_builder_column_1_2 1_2 fusion-flex-column\" style=\"--awb-bg-size:cover;--awb-width-large:50%;--awb-margin-top-large:0px;--awb-spacing-right-large:3.84%;--awb-margin-bottom-large:20px;--awb-spacing-left-large:3.84%;--awb-width-medium:100%;--awb-order-medium:0;--awb-spacing-right-medium:1.92%;--awb-spacing-left-medium:1.92%;--awb-width-small:100%;--awb-order-small:0;--awb-spacing-right-small:1.92%;--awb-spacing-left-small:1.92%;\"><div class=\"fusion-column-wrapper fusion-column-has-shadow fusion-flex-justify-content-flex-start fusion-content-layout-column\"><div class=\"fusion-text fusion-text-1\"><p id=\"tw-target-text\" class=\"tw-data-text tw-text-large XcVN5d tw-ta\" dir=\"ltr\" data-placeholder=\"Traduzione\"><span class=\"Y2IQFc\" lang=\"de\">Alle Ratti Luino-Maschinen erf\u00fcllen die allgemeinen Anforderungen in Bezug auf Industrie 4.0 und sind mit den neuesten Steuerungstechnologien ausgestattet. <\/span><\/p>\n<p class=\"tw-data-text tw-text-large XcVN5d tw-ta\" dir=\"ltr\" data-placeholder=\"Traduzione\"><span class=\"Y2IQFc\" lang=\"de\">Die auf unseren Maschinen installierten Technologien verbessern ihre Effizienz und \u00dcberwachung: Beispielsweise k\u00f6nnen die auf dem Bedienfeld vorhandenen Daten und die zugeh\u00f6rigen Einstellungen: Einstellen von Arbeitsparametern, Speichern von Rezepten, Alarmverlauf, Geschwindigkeitseinstellungen \u00fcber das in die Maschine integrierte Bedienfeld eingestellt werden, das dann remote angeschlossen werden kann an: <\/span><\/p>\n<ul>\n<li class=\"tw-data-text tw-text-large XcVN5d tw-ta\" dir=\"ltr\" data-placeholder=\"Traduzione\"><span class=\"Y2IQFc\" lang=\"de\">Fern\u00fcberwachung der Maschine des Kunden. <\/span><\/li>\n<li class=\"tw-data-text tw-text-large XcVN5d tw-ta\" dir=\"ltr\" data-placeholder=\"Traduzione\"><span class=\"Y2IQFc\" lang=\"de\">Fernunterst\u00fctzung mit einem Ratti-Techniker f\u00fcr Wartung, <\/span><span class=\"Y2IQFc\" lang=\"de\">Updates und Probleml\u00f6sung an der Maschine. <\/span><\/li>\n<li class=\"tw-data-text tw-text-large XcVN5d tw-ta\" dir=\"ltr\" data-placeholder=\"Traduzione\"><span class=\"Y2IQFc\" lang=\"de\">Datenfern\u00fcbertragung vom Bedienfeld des Computers zum Ratti-Unternehmensnetzwerk \u00fcber Tunnel-VPN (Virtual Private Network) und OPCUA-Standard.<\/span><\/li>\n<\/ul>\n<\/div><\/div><\/div><div class=\"fusion-layout-column fusion_builder_column fusion-builder-column-1 fusion_builder_column_1_2 1_2 fusion-flex-column\" style=\"--awb-bg-size:cover;--awb-width-large:50%;--awb-margin-top-large:0px;--awb-spacing-right-large:3.84%;--awb-margin-bottom-large:20px;--awb-spacing-left-large:3.84%;--awb-width-medium:100%;--awb-order-medium:0;--awb-spacing-right-medium:1.92%;--awb-spacing-left-medium:1.92%;--awb-width-small:100%;--awb-order-small:0;--awb-spacing-right-small:1.92%;--awb-spacing-left-small:1.92%;\"><div class=\"fusion-column-wrapper fusion-column-has-shadow fusion-flex-justify-content-flex-start fusion-content-layout-column\"><div class=\"fusion-slider-sc\"><div class=\"fusion-flexslider-loading flexslider flexslider-hover-type-none\" data-slideshow_autoplay=\"1\" data-slideshow_smooth_height=\"0\" data-slideshow_speed=\"5000\" style=\"max-width:100%;height:100%;\"><ul class=\"slides\"><li class=\"image\"><span class=\"fusion-image-hover-element hover-type-none\"><img decoding=\"async\" src=\"https:\/\/www.rattiluino.com\/wp-content\/uploads\/2021\/06\/pic.-Industria-4.0.jpg\" width=\"1956\" height=\"1452\" class=\"wp-image-5117\" srcset=\"https:\/\/www.rattiluino.com\/wp-content\/uploads\/2021\/06\/pic.-Industria-4.0-200x148.jpg 200w, https:\/\/www.rattiluino.com\/wp-content\/uploads\/2021\/06\/pic.-Industria-4.0-400x297.jpg 400w, https:\/\/www.rattiluino.com\/wp-content\/uploads\/2021\/06\/pic.-Industria-4.0-600x445.jpg 600w, https:\/\/www.rattiluino.com\/wp-content\/uploads\/2021\/06\/pic.-Industria-4.0-800x594.jpg 800w, https:\/\/www.rattiluino.com\/wp-content\/uploads\/2021\/06\/pic.-Industria-4.0-1200x891.jpg 1200w, https:\/\/www.rattiluino.com\/wp-content\/uploads\/2021\/06\/pic.-Industria-4.0.jpg 1956w\" sizes=\"(max-width: 1024px) 100vw, (max-width: 640px) 100vw, 600px\" \/><\/span><\/li><li class=\"image\"><span class=\"fusion-image-hover-element hover-type-none\"><img decoding=\"async\" src=\"https:\/\/www.rattiluino.com\/wp-content\/uploads\/2021\/06\/INDUSTRIA-4.0-CARATTERISTICHE.jpg\" width=\"1890\" height=\"1213\" class=\"wp-image-4975\" srcset=\"https:\/\/www.rattiluino.com\/wp-content\/uploads\/2021\/06\/INDUSTRIA-4.0-CARATTERISTICHE-200x128.jpg 200w, https:\/\/www.rattiluino.com\/wp-content\/uploads\/2021\/06\/INDUSTRIA-4.0-CARATTERISTICHE-400x257.jpg 400w, https:\/\/www.rattiluino.com\/wp-content\/uploads\/2021\/06\/INDUSTRIA-4.0-CARATTERISTICHE-600x385.jpg 600w, https:\/\/www.rattiluino.com\/wp-content\/uploads\/2021\/06\/INDUSTRIA-4.0-CARATTERISTICHE-800x513.jpg 800w, https:\/\/www.rattiluino.com\/wp-content\/uploads\/2021\/06\/INDUSTRIA-4.0-CARATTERISTICHE-1200x770.jpg 1200w, https:\/\/www.rattiluino.com\/wp-content\/uploads\/2021\/06\/INDUSTRIA-4.0-CARATTERISTICHE.jpg 1890w\" sizes=\"(max-width: 1024px) 100vw, (max-width: 640px) 100vw, 600px\" \/><\/span><\/li><li class=\"image\"><span class=\"fusion-image-hover-element hover-type-none\"><img decoding=\"async\" src=\"https:\/\/www.rattiluino.com\/wp-content\/uploads\/2021\/06\/PANNELLO-MACCHINA-per-upgrade-elettrici.png\" width=\"987\" height=\"571\" class=\"wp-image-4987\" srcset=\"https:\/\/www.rattiluino.com\/wp-content\/uploads\/2021\/06\/PANNELLO-MACCHINA-per-upgrade-elettrici-200x116.png 200w, https:\/\/www.rattiluino.com\/wp-content\/uploads\/2021\/06\/PANNELLO-MACCHINA-per-upgrade-elettrici-400x231.png 400w, https:\/\/www.rattiluino.com\/wp-content\/uploads\/2021\/06\/PANNELLO-MACCHINA-per-upgrade-elettrici-600x347.png 600w, https:\/\/www.rattiluino.com\/wp-content\/uploads\/2021\/06\/PANNELLO-MACCHINA-per-upgrade-elettrici-800x463.png 800w, https:\/\/www.rattiluino.com\/wp-content\/uploads\/2021\/06\/PANNELLO-MACCHINA-per-upgrade-elettrici.png 987w\" sizes=\"(max-width: 1024px) 100vw, (max-width: 640px) 100vw, 600px\" \/><\/span><\/li><\/ul><\/div><\/div><\/div><\/div><\/div><\/div>\n","protected":false},"excerpt":{"rendered":"","protected":false},"author":2,"featured_media":3803,"parent":0,"menu_order":0,"comment_status":"closed","ping_status":"closed","template":"","meta":{"_exactmetrics_skip_tracking":false,"_exactmetrics_sitenote_active":false,"_exactmetrics_sitenote_note":"","_exactmetrics_sitenote_category":0,"footnotes":""},"class_list":["post-3878","page","type-page","status-publish","has-post-thumbnail","hentry"],"yoast_head":"<!-- This site is optimized with the Yoast SEO plugin v26.8 - https:\/\/yoast.com\/product\/yoast-seo-wordpress\/ -->\n<title>Industrie 4.0 - Ratti Luino S.R.L.<\/title>\n<meta name=\"robots\" content=\"index, follow, max-snippet:-1, max-image-preview:large, max-video-preview:-1\" \/>\n<link rel=\"canonical\" href=\"https:\/\/www.rattiluino.com\/de\/industrie-4-0\/\" \/>\n<meta property=\"og:locale\" content=\"de_DE\" \/>\n<meta property=\"og:type\" content=\"article\" \/>\n<meta property=\"og:title\" content=\"Industrie 4.0 - Ratti Luino S.R.L.\" \/>\n<meta property=\"og:url\" content=\"https:\/\/www.rattiluino.com\/de\/industrie-4-0\/\" \/>\n<meta property=\"og:site_name\" content=\"Ratti Luino S.R.L.\" \/>\n<meta property=\"article:modified_time\" content=\"2021-07-27T14:32:37+00:00\" \/>\n<meta property=\"og:image\" content=\"https:\/\/www.rattiluino.com\/wp-content\/uploads\/2017\/10\/FOTO-IND.-4.0_modificata-e1619706768537.jpg\" \/>\n\t<meta property=\"og:image:width\" content=\"1956\" \/>\n\t<meta property=\"og:image:height\" content=\"1452\" \/>\n\t<meta property=\"og:image:type\" content=\"image\/jpeg\" \/>\n<meta name=\"twitter:card\" content=\"summary_large_image\" \/>\n<meta name=\"twitter:label1\" content=\"Gesch\u00e4tzte Lesezeit\" \/>\n\t<meta name=\"twitter:data1\" content=\"1\u00a0Minute\" \/>\n<script type=\"application\/ld+json\" class=\"yoast-schema-graph\">{\"@context\":\"https:\/\/schema.org\",\"@graph\":[{\"@type\":\"WebPage\",\"@id\":\"https:\/\/www.rattiluino.com\/de\/industrie-4-0\/\",\"url\":\"https:\/\/www.rattiluino.com\/de\/industrie-4-0\/\",\"name\":\"Industrie 4.0 - Ratti Luino S.R.L.\",\"isPartOf\":{\"@id\":\"https:\/\/www.rattiluino.com\/#website\"},\"primaryImageOfPage\":{\"@id\":\"https:\/\/www.rattiluino.com\/de\/industrie-4-0\/#primaryimage\"},\"image\":{\"@id\":\"https:\/\/www.rattiluino.com\/de\/industrie-4-0\/#primaryimage\"},\"thumbnailUrl\":\"https:\/\/www.rattiluino.com\/wp-content\/uploads\/2017\/10\/FOTO-IND.-4.0_modificata-e1619706768537.jpg\",\"datePublished\":\"2021-04-30T07:42:20+00:00\",\"dateModified\":\"2021-07-27T14:32:37+00:00\",\"breadcrumb\":{\"@id\":\"https:\/\/www.rattiluino.com\/de\/industrie-4-0\/#breadcrumb\"},\"inLanguage\":\"de\",\"potentialAction\":[{\"@type\":\"ReadAction\",\"target\":[\"https:\/\/www.rattiluino.com\/de\/industrie-4-0\/\"]}]},{\"@type\":\"ImageObject\",\"inLanguage\":\"de\",\"@id\":\"https:\/\/www.rattiluino.com\/de\/industrie-4-0\/#primaryimage\",\"url\":\"https:\/\/www.rattiluino.com\/wp-content\/uploads\/2017\/10\/FOTO-IND.-4.0_modificata-e1619706768537.jpg\",\"contentUrl\":\"https:\/\/www.rattiluino.com\/wp-content\/uploads\/2017\/10\/FOTO-IND.-4.0_modificata-e1619706768537.jpg\",\"width\":1956,\"height\":1452},{\"@type\":\"BreadcrumbList\",\"@id\":\"https:\/\/www.rattiluino.com\/de\/industrie-4-0\/#breadcrumb\",\"itemListElement\":[{\"@type\":\"ListItem\",\"position\":1,\"name\":\"Home\",\"item\":\"https:\/\/www.rattiluino.com\/de\/\"},{\"@type\":\"ListItem\",\"position\":2,\"name\":\"Industrie 4.0\"}]},{\"@type\":\"WebSite\",\"@id\":\"https:\/\/www.rattiluino.com\/#website\",\"url\":\"https:\/\/www.rattiluino.com\/\",\"name\":\"Ratti Luino S.R.L.\",\"description\":\"Leaders in twisting technology since 1869\",\"publisher\":{\"@id\":\"https:\/\/www.rattiluino.com\/#organization\"},\"potentialAction\":[{\"@type\":\"SearchAction\",\"target\":{\"@type\":\"EntryPoint\",\"urlTemplate\":\"https:\/\/www.rattiluino.com\/?s={search_term_string}\"},\"query-input\":{\"@type\":\"PropertyValueSpecification\",\"valueRequired\":true,\"valueName\":\"search_term_string\"}}],\"inLanguage\":\"de\"},{\"@type\":\"Organization\",\"@id\":\"https:\/\/www.rattiluino.com\/#organization\",\"name\":\"Ratti Luino S.R.L.\",\"url\":\"https:\/\/www.rattiluino.com\/\",\"logo\":{\"@type\":\"ImageObject\",\"inLanguage\":\"de\",\"@id\":\"https:\/\/www.rattiluino.com\/#\/schema\/logo\/image\/\",\"url\":\"https:\/\/www.rattiluino.com\/wp-content\/uploads\/2017\/07\/logo-ratti-rete-di-vendita.png\",\"contentUrl\":\"https:\/\/www.rattiluino.com\/wp-content\/uploads\/2017\/07\/logo-ratti-rete-di-vendita.png\",\"width\":365,\"height\":365,\"caption\":\"Ratti Luino S.R.L.\"},\"image\":{\"@id\":\"https:\/\/www.rattiluino.com\/#\/schema\/logo\/image\/\"},\"sameAs\":[\"https:\/\/www.linkedin.com\/company\/ratti-luino-s-r-l\/\"]}]}<\/script>\n<!-- \/ Yoast SEO plugin. -->","yoast_head_json":{"title":"Industrie 4.0 - Ratti Luino S.R.L.","robots":{"index":"index","follow":"follow","max-snippet":"max-snippet:-1","max-image-preview":"max-image-preview:large","max-video-preview":"max-video-preview:-1"},"canonical":"https:\/\/www.rattiluino.com\/de\/industrie-4-0\/","og_locale":"de_DE","og_type":"article","og_title":"Industrie 4.0 - Ratti Luino S.R.L.","og_url":"https:\/\/www.rattiluino.com\/de\/industrie-4-0\/","og_site_name":"Ratti Luino S.R.L.","article_modified_time":"2021-07-27T14:32:37+00:00","og_image":[{"width":1956,"height":1452,"url":"https:\/\/www.rattiluino.com\/wp-content\/uploads\/2017\/10\/FOTO-IND.-4.0_modificata-e1619706768537.jpg","type":"image\/jpeg"}],"twitter_card":"summary_large_image","twitter_misc":{"Gesch\u00e4tzte Lesezeit":"1\u00a0Minute"},"schema":{"@context":"https:\/\/schema.org","@graph":[{"@type":"WebPage","@id":"https:\/\/www.rattiluino.com\/de\/industrie-4-0\/","url":"https:\/\/www.rattiluino.com\/de\/industrie-4-0\/","name":"Industrie 4.0 - Ratti Luino S.R.L.","isPartOf":{"@id":"https:\/\/www.rattiluino.com\/#website"},"primaryImageOfPage":{"@id":"https:\/\/www.rattiluino.com\/de\/industrie-4-0\/#primaryimage"},"image":{"@id":"https:\/\/www.rattiluino.com\/de\/industrie-4-0\/#primaryimage"},"thumbnailUrl":"https:\/\/www.rattiluino.com\/wp-content\/uploads\/2017\/10\/FOTO-IND.-4.0_modificata-e1619706768537.jpg","datePublished":"2021-04-30T07:42:20+00:00","dateModified":"2021-07-27T14:32:37+00:00","breadcrumb":{"@id":"https:\/\/www.rattiluino.com\/de\/industrie-4-0\/#breadcrumb"},"inLanguage":"de","potentialAction":[{"@type":"ReadAction","target":["https:\/\/www.rattiluino.com\/de\/industrie-4-0\/"]}]},{"@type":"ImageObject","inLanguage":"de","@id":"https:\/\/www.rattiluino.com\/de\/industrie-4-0\/#primaryimage","url":"https:\/\/www.rattiluino.com\/wp-content\/uploads\/2017\/10\/FOTO-IND.-4.0_modificata-e1619706768537.jpg","contentUrl":"https:\/\/www.rattiluino.com\/wp-content\/uploads\/2017\/10\/FOTO-IND.-4.0_modificata-e1619706768537.jpg","width":1956,"height":1452},{"@type":"BreadcrumbList","@id":"https:\/\/www.rattiluino.com\/de\/industrie-4-0\/#breadcrumb","itemListElement":[{"@type":"ListItem","position":1,"name":"Home","item":"https:\/\/www.rattiluino.com\/de\/"},{"@type":"ListItem","position":2,"name":"Industrie 4.0"}]},{"@type":"WebSite","@id":"https:\/\/www.rattiluino.com\/#website","url":"https:\/\/www.rattiluino.com\/","name":"Ratti Luino S.R.L.","description":"Leaders in twisting technology since 1869","publisher":{"@id":"https:\/\/www.rattiluino.com\/#organization"},"potentialAction":[{"@type":"SearchAction","target":{"@type":"EntryPoint","urlTemplate":"https:\/\/www.rattiluino.com\/?s={search_term_string}"},"query-input":{"@type":"PropertyValueSpecification","valueRequired":true,"valueName":"search_term_string"}}],"inLanguage":"de"},{"@type":"Organization","@id":"https:\/\/www.rattiluino.com\/#organization","name":"Ratti Luino S.R.L.","url":"https:\/\/www.rattiluino.com\/","logo":{"@type":"ImageObject","inLanguage":"de","@id":"https:\/\/www.rattiluino.com\/#\/schema\/logo\/image\/","url":"https:\/\/www.rattiluino.com\/wp-content\/uploads\/2017\/07\/logo-ratti-rete-di-vendita.png","contentUrl":"https:\/\/www.rattiluino.com\/wp-content\/uploads\/2017\/07\/logo-ratti-rete-di-vendita.png","width":365,"height":365,"caption":"Ratti Luino S.R.L."},"image":{"@id":"https:\/\/www.rattiluino.com\/#\/schema\/logo\/image\/"},"sameAs":["https:\/\/www.linkedin.com\/company\/ratti-luino-s-r-l\/"]}]}},"_links":{"self":[{"href":"https:\/\/www.rattiluino.com\/de\/wp-json\/wp\/v2\/pages\/3878","targetHints":{"allow":["GET"]}}],"collection":[{"href":"https:\/\/www.rattiluino.com\/de\/wp-json\/wp\/v2\/pages"}],"about":[{"href":"https:\/\/www.rattiluino.com\/de\/wp-json\/wp\/v2\/types\/page"}],"author":[{"embeddable":true,"href":"https:\/\/www.rattiluino.com\/de\/wp-json\/wp\/v2\/users\/2"}],"replies":[{"embeddable":true,"href":"https:\/\/www.rattiluino.com\/de\/wp-json\/wp\/v2\/comments?post=3878"}],"version-history":[{"count":0,"href":"https:\/\/www.rattiluino.com\/de\/wp-json\/wp\/v2\/pages\/3878\/revisions"}],"wp:featuredmedia":[{"embeddable":true,"href":"https:\/\/www.rattiluino.com\/de\/wp-json\/wp\/v2\/media\/3803"}],"wp:attachment":[{"href":"https:\/\/www.rattiluino.com\/de\/wp-json\/wp\/v2\/media?parent=3878"}],"curies":[{"name":"wp","href":"https:\/\/api.w.org\/{rel}","templated":true}]}}