{"id":5564,"date":"2021-07-27T16:01:48","date_gmt":"2021-07-27T14:01:48","guid":{"rendered":"https:\/\/www.rattiluino.com\/?page_id=5564"},"modified":"2021-07-27T16:01:49","modified_gmt":"2021-07-27T14:01:49","slug":"ratti-luino-made-in-italy","status":"publish","type":"page","link":"https:\/\/www.rattiluino.com\/de\/ratti-luino-made-in-italy\/","title":{"rendered":"Ratti Luino, Made in Italy"},"content":{"rendered":"<div class=\"fusion-fullwidth fullwidth-box fusion-builder-row-1 fusion-flex-container nonhundred-percent-fullwidth non-hundred-percent-height-scrolling\" style=\"--awb-border-radius-top-left:0px;--awb-border-radius-top-right:0px;--awb-border-radius-bottom-right:0px;--awb-border-radius-bottom-left:0px;--awb-flex-wrap:wrap;\" ><div class=\"fusion-builder-row fusion-row fusion-flex-align-items-flex-start fusion-flex-content-wrap\" style=\"max-width:1144px;margin-left: calc(-4% \/ 2 );margin-right: calc(-4% \/ 2 );\"><div class=\"fusion-layout-column fusion_builder_column fusion-builder-column-0 fusion_builder_column_1_2 1_2 fusion-flex-column\" style=\"--awb-bg-size:cover;--awb-width-large:50%;--awb-margin-top-large:0px;--awb-spacing-right-large:3.84%;--awb-margin-bottom-large:20px;--awb-spacing-left-large:3.84%;--awb-width-medium:100%;--awb-order-medium:0;--awb-spacing-right-medium:1.92%;--awb-spacing-left-medium:1.92%;--awb-width-small:100%;--awb-order-small:0;--awb-spacing-right-small:1.92%;--awb-spacing-left-small:1.92%;\"><div class=\"fusion-column-wrapper fusion-column-has-shadow fusion-flex-justify-content-flex-start fusion-content-layout-column\"><div class=\"fusion-title title fusion-title-1 fusion-title-text fusion-title-size-one\"><div class=\"title-sep-container title-sep-container-left fusion-no-large-visibility fusion-no-medium-visibility fusion-no-small-visibility\"><div class=\"title-sep sep-double sep-solid\" style=\"border-color:#9cb6c3;\"><\/div><\/div><span class=\"awb-title-spacer fusion-no-large-visibility fusion-no-medium-visibility fusion-no-small-visibility\"><\/span><h1 class=\"fusion-title-heading title-heading-left\" style=\"margin:0;\">Ratti Luino, Made in Italy<\/h1><span class=\"awb-title-spacer\"><\/span><div class=\"title-sep-container title-sep-container-right\"><div class=\"title-sep sep-double sep-solid\" style=\"border-color:#9cb6c3;\"><\/div><\/div><\/div><div class=\"fusion-text fusion-text-1\"><p>Ratti Luino ist der einzige Hersteller von Zwirn- und Spiralisierungsmaschinen, der seine Spindeln im eigenen Haus entwickelt, testet und produziert. Spindeln sind ein wesentliches Element der Maschine und m\u00fcssen mit \u00e4u\u00dferster Genauigkeit und Pr\u00e4zision konstruiert und hergestellt werden. Eine gut gefertigte Spindel garantiert eine h\u00f6here Produktivit\u00e4t, einen geringeren Energieverbrauch und eine geringere Belastung des Drahtes. Damit kann die Spindel \u00fcber den wirtschaftlichen und technischen Erfolg des Endprodukts entscheiden.<\/p>\n<p>Unsere interne Organisationsstruktur erm\u00f6glicht es uns, mehr als 70 % einer Maschine an unserem Standort in Cassano Valcuvia (Va) zu produzieren; so k\u00f6nnen wir die Maschine Schritt f\u00fcr Schritt an die spezifischen Anforderungen des Kunden anpassen. So k\u00f6nnen wir die Maschine Schritt f\u00fcr Schritt an die spezifischen Bed\u00fcrfnisse des Kunden anpassen und die gesamte Produktionskette, die in Italien stattfindet, genau verfolgen. Wir k\u00f6nnen daher spezifische Tests auf der Grundlage der Produktionsanforderungen des Kunden durchf\u00fchren: dank unseres Textillabors, das mit einer speziellen Zwirnerei und einer Spiralabteilung ausgestattet ist, und dank unserer F&amp;E-Abteilung, die mit maximaler Flexibilit\u00e4t agiert, um die gew\u00fcnschten L\u00f6sungen zu entwickeln.<\/p>\n<p>Von der Angebotserstellung bis zur Installation der Maschinen bietet Ratti Luino dem Kunden eine kontinuierliche Betreuung und Unterst\u00fctzung.<\/p>\n<p>Die Erfahrung und das Know-how aus \u00fcber 150 Jahren T\u00e4tigkeit haben es uns erm\u00f6glicht, unsere Maschinen in mehr als 70 L\u00e4ndern auf der ganzen Welt zu installieren und nicht nur spezifische Produkte, sondern auch hohe Qualit\u00e4tsstandards zu liefern, die nur Made in Italy garantieren kann.<\/p>\n<\/div><\/div><\/div><div class=\"fusion-layout-column fusion_builder_column fusion-builder-column-1 fusion_builder_column_1_2 1_2 fusion-flex-column\" style=\"--awb-bg-size:cover;--awb-width-large:50%;--awb-margin-top-large:0px;--awb-spacing-right-large:3.84%;--awb-margin-bottom-large:20px;--awb-spacing-left-large:3.84%;--awb-width-medium:100%;--awb-order-medium:0;--awb-spacing-right-medium:1.92%;--awb-spacing-left-medium:1.92%;--awb-width-small:100%;--awb-order-small:0;--awb-spacing-right-small:1.92%;--awb-spacing-left-small:1.92%;\"><div class=\"fusion-column-wrapper fusion-column-has-shadow fusion-flex-justify-content-flex-start fusion-content-layout-column\"><div class=\"fusion-slider-sc\"><div class=\"fusion-flexslider-loading flexslider flexslider-hover-type-none\" data-slideshow_autoplay=\"1\" data-slideshow_smooth_height=\"0\" data-slideshow_speed=\"5000\" style=\"max-width:100%;height:100%;\"><ul class=\"slides\"><li class=\"image\"><span class=\"fusion-image-hover-element hover-type-none\"><img decoding=\"async\" src=\"https:\/\/www.rattiluino.com\/wp-content\/uploads\/2021\/06\/Logo_made-in-italy-scaled.jpg\" width=\"2560\" height=\"1145\" class=\"wp-image-4877\" srcset=\"https:\/\/www.rattiluino.com\/wp-content\/uploads\/2021\/06\/Logo_made-in-italy-200x89.jpg 200w, https:\/\/www.rattiluino.com\/wp-content\/uploads\/2021\/06\/Logo_made-in-italy-400x179.jpg 400w, https:\/\/www.rattiluino.com\/wp-content\/uploads\/2021\/06\/Logo_made-in-italy-600x268.jpg 600w, https:\/\/www.rattiluino.com\/wp-content\/uploads\/2021\/06\/Logo_made-in-italy-800x358.jpg 800w, https:\/\/www.rattiluino.com\/wp-content\/uploads\/2021\/06\/Logo_made-in-italy-1200x537.jpg 1200w, https:\/\/www.rattiluino.com\/wp-content\/uploads\/2021\/06\/Logo_made-in-italy-scaled.jpg 2560w\" sizes=\"(max-width: 1024px) 100vw, (max-width: 640px) 100vw, 600px\" \/><\/span><\/li><li class=\"image\"><span class=\"fusion-image-hover-element hover-type-none\"><img decoding=\"async\" src=\"https:\/\/www.rattiluino.com\/wp-content\/uploads\/2021\/06\/linea-fusi-per-nuova-pagina-made-in-italy.png\" width=\"994\" height=\"564\" class=\"wp-image-4896\" srcset=\"https:\/\/www.rattiluino.com\/wp-content\/uploads\/2021\/06\/linea-fusi-per-nuova-pagina-made-in-italy-200x113.png 200w, https:\/\/www.rattiluino.com\/wp-content\/uploads\/2021\/06\/linea-fusi-per-nuova-pagina-made-in-italy-400x227.png 400w, https:\/\/www.rattiluino.com\/wp-content\/uploads\/2021\/06\/linea-fusi-per-nuova-pagina-made-in-italy-600x340.png 600w, https:\/\/www.rattiluino.com\/wp-content\/uploads\/2021\/06\/linea-fusi-per-nuova-pagina-made-in-italy-800x454.png 800w, https:\/\/www.rattiluino.com\/wp-content\/uploads\/2021\/06\/linea-fusi-per-nuova-pagina-made-in-italy.png 994w\" sizes=\"(max-width: 1024px) 100vw, (max-width: 640px) 100vw, 600px\" \/><\/span><\/li><\/ul><\/div><\/div><div class=\"fusion-section-separator section-separator slant fusion-section-separator-1\" style=\"--awb-spacer-height:99px;--awb-svg-margin-left:3.84%;--awb-svg-margin-right:3.84%;--awb-svg-margin-left-medium:1.92%;--awb-svg-margin-right-medium:1.92%;--awb-svg-margin-left-small:1.92%;--awb-svg-margin-right-small:1.92%;--awb-divider-height:99px;--awb-spacer-padding-top:inherit;--awb-sep-padding:0;--awb-svg-padding:0;\"><div class=\"fusion-section-separator-svg\"><svg class=\"fusion-slant-candy\" xmlns=\"http:\/\/www.w3.org\/2000\/svg\" version=\"1.1\" width=\"100%\" height=\"100\" viewBox=\"0 0 100 100\" preserveAspectRatio=\"none\" fill=\"rgba(246,246,246,1)\"><path d=\"M100 0 L100 100 L0 0 Z\"><\/path><\/svg><\/div><div class=\"fusion-section-separator-spacer\"><div class=\"fusion-section-separator-spacer-height\"><\/div><\/div><\/div><\/div><\/div><\/div><\/div>\n","protected":false},"excerpt":{"rendered":"","protected":false},"author":2,"featured_media":0,"parent":0,"menu_order":0,"comment_status":"closed","ping_status":"closed","template":"","meta":{"_exactmetrics_skip_tracking":false,"_exactmetrics_sitenote_active":false,"_exactmetrics_sitenote_note":"","_exactmetrics_sitenote_category":0,"footnotes":""},"class_list":["post-5564","page","type-page","status-publish","hentry"],"yoast_head":"<!-- This site is optimized with the Yoast SEO plugin v26.8 - https:\/\/yoast.com\/product\/yoast-seo-wordpress\/ -->\n<title>Ratti Luino, Made in Italy - Ratti Luino S.R.L.<\/title>\n<meta name=\"robots\" content=\"index, follow, max-snippet:-1, max-image-preview:large, max-video-preview:-1\" \/>\n<link rel=\"canonical\" href=\"https:\/\/www.rattiluino.com\/de\/ratti-luino-made-in-italy\/\" \/>\n<meta property=\"og:locale\" content=\"de_DE\" \/>\n<meta property=\"og:type\" content=\"article\" \/>\n<meta property=\"og:title\" content=\"Ratti Luino, Made in Italy - Ratti Luino S.R.L.\" \/>\n<meta property=\"og:url\" content=\"https:\/\/www.rattiluino.com\/de\/ratti-luino-made-in-italy\/\" \/>\n<meta property=\"og:site_name\" content=\"Ratti Luino S.R.L.\" \/>\n<meta property=\"article:modified_time\" content=\"2021-07-27T14:01:49+00:00\" \/>\n<meta name=\"twitter:card\" content=\"summary_large_image\" \/>\n<meta name=\"twitter:label1\" content=\"Gesch\u00e4tzte Lesezeit\" \/>\n\t<meta name=\"twitter:data1\" content=\"3\u00a0Minuten\" \/>\n<script type=\"application\/ld+json\" class=\"yoast-schema-graph\">{\"@context\":\"https:\/\/schema.org\",\"@graph\":[{\"@type\":\"WebPage\",\"@id\":\"https:\/\/www.rattiluino.com\/de\/ratti-luino-made-in-italy\/\",\"url\":\"https:\/\/www.rattiluino.com\/de\/ratti-luino-made-in-italy\/\",\"name\":\"Ratti Luino, Made in Italy - Ratti Luino S.R.L.\",\"isPartOf\":{\"@id\":\"https:\/\/www.rattiluino.com\/#website\"},\"datePublished\":\"2021-07-27T14:01:48+00:00\",\"dateModified\":\"2021-07-27T14:01:49+00:00\",\"breadcrumb\":{\"@id\":\"https:\/\/www.rattiluino.com\/de\/ratti-luino-made-in-italy\/#breadcrumb\"},\"inLanguage\":\"de\",\"potentialAction\":[{\"@type\":\"ReadAction\",\"target\":[\"https:\/\/www.rattiluino.com\/de\/ratti-luino-made-in-italy\/\"]}]},{\"@type\":\"BreadcrumbList\",\"@id\":\"https:\/\/www.rattiluino.com\/de\/ratti-luino-made-in-italy\/#breadcrumb\",\"itemListElement\":[{\"@type\":\"ListItem\",\"position\":1,\"name\":\"Home\",\"item\":\"https:\/\/www.rattiluino.com\/de\/\"},{\"@type\":\"ListItem\",\"position\":2,\"name\":\"Ratti Luino, Made in Italy\"}]},{\"@type\":\"WebSite\",\"@id\":\"https:\/\/www.rattiluino.com\/#website\",\"url\":\"https:\/\/www.rattiluino.com\/\",\"name\":\"Ratti Luino S.R.L.\",\"description\":\"Leaders in twisting technology since 1869\",\"publisher\":{\"@id\":\"https:\/\/www.rattiluino.com\/#organization\"},\"potentialAction\":[{\"@type\":\"SearchAction\",\"target\":{\"@type\":\"EntryPoint\",\"urlTemplate\":\"https:\/\/www.rattiluino.com\/?s={search_term_string}\"},\"query-input\":{\"@type\":\"PropertyValueSpecification\",\"valueRequired\":true,\"valueName\":\"search_term_string\"}}],\"inLanguage\":\"de\"},{\"@type\":\"Organization\",\"@id\":\"https:\/\/www.rattiluino.com\/#organization\",\"name\":\"Ratti Luino S.R.L.\",\"url\":\"https:\/\/www.rattiluino.com\/\",\"logo\":{\"@type\":\"ImageObject\",\"inLanguage\":\"de\",\"@id\":\"https:\/\/www.rattiluino.com\/#\/schema\/logo\/image\/\",\"url\":\"https:\/\/www.rattiluino.com\/wp-content\/uploads\/2017\/07\/logo-ratti-rete-di-vendita.png\",\"contentUrl\":\"https:\/\/www.rattiluino.com\/wp-content\/uploads\/2017\/07\/logo-ratti-rete-di-vendita.png\",\"width\":365,\"height\":365,\"caption\":\"Ratti Luino S.R.L.\"},\"image\":{\"@id\":\"https:\/\/www.rattiluino.com\/#\/schema\/logo\/image\/\"},\"sameAs\":[\"https:\/\/www.linkedin.com\/company\/ratti-luino-s-r-l\/\"]}]}<\/script>\n<!-- \/ Yoast SEO plugin. -->","yoast_head_json":{"title":"Ratti Luino, Made in Italy - Ratti Luino S.R.L.","robots":{"index":"index","follow":"follow","max-snippet":"max-snippet:-1","max-image-preview":"max-image-preview:large","max-video-preview":"max-video-preview:-1"},"canonical":"https:\/\/www.rattiluino.com\/de\/ratti-luino-made-in-italy\/","og_locale":"de_DE","og_type":"article","og_title":"Ratti Luino, Made in Italy - Ratti Luino S.R.L.","og_url":"https:\/\/www.rattiluino.com\/de\/ratti-luino-made-in-italy\/","og_site_name":"Ratti Luino S.R.L.","article_modified_time":"2021-07-27T14:01:49+00:00","twitter_card":"summary_large_image","twitter_misc":{"Gesch\u00e4tzte Lesezeit":"3\u00a0Minuten"},"schema":{"@context":"https:\/\/schema.org","@graph":[{"@type":"WebPage","@id":"https:\/\/www.rattiluino.com\/de\/ratti-luino-made-in-italy\/","url":"https:\/\/www.rattiluino.com\/de\/ratti-luino-made-in-italy\/","name":"Ratti Luino, Made in Italy - Ratti Luino S.R.L.","isPartOf":{"@id":"https:\/\/www.rattiluino.com\/#website"},"datePublished":"2021-07-27T14:01:48+00:00","dateModified":"2021-07-27T14:01:49+00:00","breadcrumb":{"@id":"https:\/\/www.rattiluino.com\/de\/ratti-luino-made-in-italy\/#breadcrumb"},"inLanguage":"de","potentialAction":[{"@type":"ReadAction","target":["https:\/\/www.rattiluino.com\/de\/ratti-luino-made-in-italy\/"]}]},{"@type":"BreadcrumbList","@id":"https:\/\/www.rattiluino.com\/de\/ratti-luino-made-in-italy\/#breadcrumb","itemListElement":[{"@type":"ListItem","position":1,"name":"Home","item":"https:\/\/www.rattiluino.com\/de\/"},{"@type":"ListItem","position":2,"name":"Ratti Luino, Made in Italy"}]},{"@type":"WebSite","@id":"https:\/\/www.rattiluino.com\/#website","url":"https:\/\/www.rattiluino.com\/","name":"Ratti Luino S.R.L.","description":"Leaders in twisting technology since 1869","publisher":{"@id":"https:\/\/www.rattiluino.com\/#organization"},"potentialAction":[{"@type":"SearchAction","target":{"@type":"EntryPoint","urlTemplate":"https:\/\/www.rattiluino.com\/?s={search_term_string}"},"query-input":{"@type":"PropertyValueSpecification","valueRequired":true,"valueName":"search_term_string"}}],"inLanguage":"de"},{"@type":"Organization","@id":"https:\/\/www.rattiluino.com\/#organization","name":"Ratti Luino S.R.L.","url":"https:\/\/www.rattiluino.com\/","logo":{"@type":"ImageObject","inLanguage":"de","@id":"https:\/\/www.rattiluino.com\/#\/schema\/logo\/image\/","url":"https:\/\/www.rattiluino.com\/wp-content\/uploads\/2017\/07\/logo-ratti-rete-di-vendita.png","contentUrl":"https:\/\/www.rattiluino.com\/wp-content\/uploads\/2017\/07\/logo-ratti-rete-di-vendita.png","width":365,"height":365,"caption":"Ratti Luino S.R.L."},"image":{"@id":"https:\/\/www.rattiluino.com\/#\/schema\/logo\/image\/"},"sameAs":["https:\/\/www.linkedin.com\/company\/ratti-luino-s-r-l\/"]}]}},"_links":{"self":[{"href":"https:\/\/www.rattiluino.com\/de\/wp-json\/wp\/v2\/pages\/5564","targetHints":{"allow":["GET"]}}],"collection":[{"href":"https:\/\/www.rattiluino.com\/de\/wp-json\/wp\/v2\/pages"}],"about":[{"href":"https:\/\/www.rattiluino.com\/de\/wp-json\/wp\/v2\/types\/page"}],"author":[{"embeddable":true,"href":"https:\/\/www.rattiluino.com\/de\/wp-json\/wp\/v2\/users\/2"}],"replies":[{"embeddable":true,"href":"https:\/\/www.rattiluino.com\/de\/wp-json\/wp\/v2\/comments?post=5564"}],"version-history":[{"count":0,"href":"https:\/\/www.rattiluino.com\/de\/wp-json\/wp\/v2\/pages\/5564\/revisions"}],"wp:attachment":[{"href":"https:\/\/www.rattiluino.com\/de\/wp-json\/wp\/v2\/media?parent=5564"}],"curies":[{"name":"wp","href":"https:\/\/api.w.org\/{rel}","templated":true}]}}