{"id":1285,"date":"2018-04-16T15:39:09","date_gmt":"2018-04-16T13:39:09","guid":{"rendered":"http:\/\/www.rattiluino.com\/made-in-italy\/"},"modified":"2018-04-16T15:39:11","modified_gmt":"2018-04-16T13:39:11","slug":"made-in-italy","status":"publish","type":"page","link":"https:\/\/www.rattiluino.com\/es\/empresa\/made-in-italy\/","title":{"rendered":"Made in Italy"},"content":{"rendered":"<p><div class=\"fusion-fullwidth fullwidth-box fusion-builder-row-1 nonhundred-percent-fullwidth non-hundred-percent-height-scrolling\" style=\"--awb-border-radius-top-left:0px;--awb-border-radius-top-right:0px;--awb-border-radius-bottom-right:0px;--awb-border-radius-bottom-left:0px;--awb-flex-wrap:wrap;\" ><div class=\"fusion-builder-row fusion-row\"><div class=\"fusion-layout-column fusion_builder_column fusion-builder-column-0 fusion_builder_column_1_2 1_2 fusion-one-half fusion-column-first\" style=\"--awb-bg-size:cover;width:50%;width:calc(50% - ( ( 4% ) * 0.5 ) );margin-right: 4%;\"><div class=\"fusion-column-wrapper fusion-flex-column-wrapper-legacy\"><div class=\"fusion-image-element fusion-image-align-center in-legacy-container\" style=\"text-align:center;--awb-liftup-border-radius:0px;--awb-caption-title-font-family:var(--h2_typography-font-family);--awb-caption-title-font-weight:var(--h2_typography-font-weight);--awb-caption-title-font-style:var(--h2_typography-font-style);--awb-caption-title-size:var(--h2_typography-font-size);--awb-caption-title-transform:var(--h2_typography-text-transform);--awb-caption-title-line-height:var(--h2_typography-line-height);--awb-caption-title-letter-spacing:var(--h2_typography-letter-spacing);\"><div class=\"imageframe-align-center\"><div class=\"awb-image-frame awb-image-frame-1 imageframe-liftup\"><span class=\" fusion-imageframe imageframe-none imageframe-1\"><img decoding=\"async\" width=\"900\" height=\"500\" title=\"Made in Italy\" src=\"http:\/\/www.rattiluino.com\/wp-content\/uploads\/2017\/10\/made-in-italy.png\" alt class=\"img-responsive wp-image-587\" srcset=\"https:\/\/www.rattiluino.com\/wp-content\/uploads\/2017\/10\/made-in-italy-200x111.png 200w, https:\/\/www.rattiluino.com\/wp-content\/uploads\/2017\/10\/made-in-italy-400x222.png 400w, https:\/\/www.rattiluino.com\/wp-content\/uploads\/2017\/10\/made-in-italy-600x333.png 600w, https:\/\/www.rattiluino.com\/wp-content\/uploads\/2017\/10\/made-in-italy-800x444.png 800w, https:\/\/www.rattiluino.com\/wp-content\/uploads\/2017\/10\/made-in-italy.png 900w\" sizes=\"(max-width: 800px) 100vw, 600px\" \/><\/span><\/div><\/div><\/div><div class=\"fusion-clearfix\"><\/div><\/div><\/div><div class=\"fusion-layout-column fusion_builder_column fusion-builder-column-1 fusion_builder_column_1_2 1_2 fusion-one-half fusion-column-last\" style=\"--awb-bg-size:cover;width:50%;width:calc(50% - ( ( 4% ) * 0.5 ) );\"><div class=\"fusion-column-wrapper fusion-flex-column-wrapper-legacy\"><div class=\"fusion-title title fusion-title-1 fusion-title-text fusion-title-size-two\"><h2 class=\"fusion-title-heading title-heading-left\" style=\"margin:0;\">m\u00e1quinas personalizadas<\/h2><span class=\"awb-title-spacer\"><\/span><div class=\"title-sep-container\"><div class=\"title-sep sep-double sep-solid\" style=\"border-color:#9cb6c3;\"><\/div><\/div><\/div><div class=\"fusion-text fusion-text-1\"><p>La estrategia que permite a RATTI LUINO proporcionar el mercado cada vez m\u00e1s exigente con las m\u00e1quinas m\u00e1s avanzadas y flexibles es la satisfacci\u00f3n del cliente.<\/p>\n<p>Todas las m\u00e1quinas se pueden personalizar para satisfacer las necesidades del cliente; La amplia gama de nuestras m\u00e1quinas cubre casi todo el campo de aplicaci\u00f3n de procesos de torsi\u00f3n y recubrimiento.<\/p>\n<p>RATTI LUINO es el \u00fanico fabricante de m\u00e1quinas Twister que dise\u00f1a, fabrica y prueba internamente sus husillos, y desarroll\u00f3 a lo largo de los a\u00f1os un know-how exclusivo, resultado de una mejora sin fin y una investigaci\u00f3n continua, para satisfacer los requisitos de nuestros clientes.<\/p>\n<\/div><div class=\"fusion-clearfix\"><\/div><\/div><\/div><\/div><\/div><div class=\"fusion-fullwidth fullwidth-box fusion-builder-row-2 nonhundred-percent-fullwidth non-hundred-percent-height-scrolling\" style=\"--awb-border-radius-top-left:0px;--awb-border-radius-top-right:0px;--awb-border-radius-bottom-right:0px;--awb-border-radius-bottom-left:0px;--awb-margin-top:40px;--awb-flex-wrap:wrap;\" ><div class=\"fusion-builder-row fusion-row\"><div class=\"fusion-layout-column fusion_builder_column fusion-builder-column-2 fusion_builder_column_1_2 1_2 fusion-one-half fusion-column-first\" style=\"--awb-bg-size:cover;width:50%;width:calc(50% - ( ( 4% ) * 0.5 ) );margin-right: 4%;\"><div class=\"fusion-column-wrapper fusion-flex-column-wrapper-legacy\"><div class=\"fusion-clearfix\"><\/div><\/div><\/div><div class=\"fusion-layout-column fusion_builder_column fusion-builder-column-3 fusion_builder_column_1_2 1_2 fusion-one-half fusion-column-last\" style=\"--awb-bg-size:cover;width:50%;width:calc(50% - ( ( 4% ) * 0.5 ) );\"><div class=\"fusion-column-wrapper fusion-flex-column-wrapper-legacy\"><div class=\"fusion-title title fusion-title-2 fusion-title-text fusion-title-size-two\"><h2 class=\"fusion-title-heading title-heading-left\" style=\"margin:0;\">Laboratorio de Textiles<\/h2><span class=\"awb-title-spacer\"><\/span><div class=\"title-sep-container\"><div class=\"title-sep sep-double sep-solid\" style=\"border-color:#9cb6c3;\"><\/div><\/div><\/div><div class=\"fusion-text fusion-text-2\"><p>Gracias a nuestro Laboratorio de Textiles, en conexi\u00f3n continua con el Departamento de Investigaci\u00f3n y Desarrollo, brindamos verdaderas soluciones personalizadas que satisfacen las necesidades particulares de nuestros clientes.<\/p>\n<p>Con nuestros clientes establecemos un di\u00e1logo continuo, que comienza antes de la decisi\u00f3n de compra, y generalmente va m\u00e1s all\u00e1 de la entrega de la m\u00e1quina.<\/p>\n<\/div><div class=\"fusion-clearfix\"><\/div><\/div><\/div><\/div><\/div><\/p>\n","protected":false},"excerpt":{"rendered":"","protected":false},"author":4,"featured_media":0,"parent":1319,"menu_order":2,"comment_status":"closed","ping_status":"closed","template":"","meta":{"_exactmetrics_skip_tracking":false,"_exactmetrics_sitenote_active":false,"_exactmetrics_sitenote_note":"","_exactmetrics_sitenote_category":0,"footnotes":""},"class_list":["post-1285","page","type-page","status-publish","hentry"],"yoast_head":"<!-- This site is optimized with the Yoast SEO plugin v26.8 - https:\/\/yoast.com\/product\/yoast-seo-wordpress\/ -->\n<title>Made in Italy - Ratti Luino S.R.L.<\/title>\n<meta name=\"description\" content=\"MADE IN ITALY: m\u00e1quinas dise\u00f1adas y fabricadas en Italia La estrategia que permite a RATTI LUINO proporcionar el mercado cada vez m\u00e1s exigente con las m\u00e1quinas m\u00e1s avanzadas y flexibles es la satisfacci\u00f3n del cliente.\" \/>\n<meta name=\"robots\" content=\"index, follow, max-snippet:-1, max-image-preview:large, max-video-preview:-1\" \/>\n<link rel=\"canonical\" href=\"https:\/\/www.rattiluino.com\/es\/empresa\/made-in-italy\/\" \/>\n<meta property=\"og:locale\" content=\"es_ES\" \/>\n<meta property=\"og:type\" content=\"article\" \/>\n<meta property=\"og:title\" content=\"Made in Italy - Ratti Luino S.R.L.\" \/>\n<meta property=\"og:description\" content=\"MADE IN ITALY: m\u00e1quinas dise\u00f1adas y fabricadas en Italia La estrategia que permite a RATTI LUINO proporcionar el mercado cada vez m\u00e1s exigente con las m\u00e1quinas m\u00e1s avanzadas y flexibles es la satisfacci\u00f3n del cliente.\" \/>\n<meta property=\"og:url\" content=\"https:\/\/www.rattiluino.com\/es\/empresa\/made-in-italy\/\" \/>\n<meta property=\"og:site_name\" content=\"Ratti Luino S.R.L.\" \/>\n<meta property=\"article:modified_time\" content=\"2018-04-16T13:39:11+00:00\" \/>\n<meta name=\"twitter:card\" content=\"summary_large_image\" \/>\n<meta name=\"twitter:label1\" content=\"Tiempo de lectura\" \/>\n\t<meta name=\"twitter:data1\" content=\"4 minutos\" \/>\n<script type=\"application\/ld+json\" class=\"yoast-schema-graph\">{\"@context\":\"https:\/\/schema.org\",\"@graph\":[{\"@type\":\"WebPage\",\"@id\":\"https:\/\/www.rattiluino.com\/es\/empresa\/made-in-italy\/\",\"url\":\"https:\/\/www.rattiluino.com\/es\/empresa\/made-in-italy\/\",\"name\":\"Made in Italy - Ratti Luino S.R.L.\",\"isPartOf\":{\"@id\":\"https:\/\/www.rattiluino.com\/#website\"},\"datePublished\":\"2018-04-16T13:39:09+00:00\",\"dateModified\":\"2018-04-16T13:39:11+00:00\",\"description\":\"MADE IN ITALY: m\u00e1quinas dise\u00f1adas y fabricadas en Italia La estrategia que permite a RATTI LUINO proporcionar el mercado cada vez m\u00e1s exigente con las m\u00e1quinas m\u00e1s avanzadas y flexibles es la satisfacci\u00f3n del cliente.\",\"breadcrumb\":{\"@id\":\"https:\/\/www.rattiluino.com\/es\/empresa\/made-in-italy\/#breadcrumb\"},\"inLanguage\":\"es\",\"potentialAction\":[{\"@type\":\"ReadAction\",\"target\":[\"https:\/\/www.rattiluino.com\/es\/empresa\/made-in-italy\/\"]}]},{\"@type\":\"BreadcrumbList\",\"@id\":\"https:\/\/www.rattiluino.com\/es\/empresa\/made-in-italy\/#breadcrumb\",\"itemListElement\":[{\"@type\":\"ListItem\",\"position\":1,\"name\":\"Home\",\"item\":\"https:\/\/www.rattiluino.com\/es\/\"},{\"@type\":\"ListItem\",\"position\":2,\"name\":\"Empresa\",\"item\":\"https:\/\/www.rattiluino.com\/es\/empresa\/\"},{\"@type\":\"ListItem\",\"position\":3,\"name\":\"Made in Italy\"}]},{\"@type\":\"WebSite\",\"@id\":\"https:\/\/www.rattiluino.com\/#website\",\"url\":\"https:\/\/www.rattiluino.com\/\",\"name\":\"Ratti Luino S.R.L.\",\"description\":\"Leaders in twisting technology since 1869\",\"publisher\":{\"@id\":\"https:\/\/www.rattiluino.com\/#organization\"},\"potentialAction\":[{\"@type\":\"SearchAction\",\"target\":{\"@type\":\"EntryPoint\",\"urlTemplate\":\"https:\/\/www.rattiluino.com\/?s={search_term_string}\"},\"query-input\":{\"@type\":\"PropertyValueSpecification\",\"valueRequired\":true,\"valueName\":\"search_term_string\"}}],\"inLanguage\":\"es\"},{\"@type\":\"Organization\",\"@id\":\"https:\/\/www.rattiluino.com\/#organization\",\"name\":\"Ratti Luino S.R.L.\",\"url\":\"https:\/\/www.rattiluino.com\/\",\"logo\":{\"@type\":\"ImageObject\",\"inLanguage\":\"es\",\"@id\":\"https:\/\/www.rattiluino.com\/#\/schema\/logo\/image\/\",\"url\":\"https:\/\/www.rattiluino.com\/wp-content\/uploads\/2017\/07\/logo-ratti-rete-di-vendita.png\",\"contentUrl\":\"https:\/\/www.rattiluino.com\/wp-content\/uploads\/2017\/07\/logo-ratti-rete-di-vendita.png\",\"width\":365,\"height\":365,\"caption\":\"Ratti Luino S.R.L.\"},\"image\":{\"@id\":\"https:\/\/www.rattiluino.com\/#\/schema\/logo\/image\/\"},\"sameAs\":[\"https:\/\/www.linkedin.com\/company\/ratti-luino-s-r-l\/\"]}]}<\/script>\n<!-- \/ Yoast SEO plugin. -->","yoast_head_json":{"title":"Made in Italy - Ratti Luino S.R.L.","description":"MADE IN ITALY: m\u00e1quinas dise\u00f1adas y fabricadas en Italia La estrategia que permite a RATTI LUINO proporcionar el mercado cada vez m\u00e1s exigente con las m\u00e1quinas m\u00e1s avanzadas y flexibles es la satisfacci\u00f3n del cliente.","robots":{"index":"index","follow":"follow","max-snippet":"max-snippet:-1","max-image-preview":"max-image-preview:large","max-video-preview":"max-video-preview:-1"},"canonical":"https:\/\/www.rattiluino.com\/es\/empresa\/made-in-italy\/","og_locale":"es_ES","og_type":"article","og_title":"Made in Italy - Ratti Luino S.R.L.","og_description":"MADE IN ITALY: m\u00e1quinas dise\u00f1adas y fabricadas en Italia La estrategia que permite a RATTI LUINO proporcionar el mercado cada vez m\u00e1s exigente con las m\u00e1quinas m\u00e1s avanzadas y flexibles es la satisfacci\u00f3n del cliente.","og_url":"https:\/\/www.rattiluino.com\/es\/empresa\/made-in-italy\/","og_site_name":"Ratti Luino S.R.L.","article_modified_time":"2018-04-16T13:39:11+00:00","twitter_card":"summary_large_image","twitter_misc":{"Tiempo de lectura":"4 minutos"},"schema":{"@context":"https:\/\/schema.org","@graph":[{"@type":"WebPage","@id":"https:\/\/www.rattiluino.com\/es\/empresa\/made-in-italy\/","url":"https:\/\/www.rattiluino.com\/es\/empresa\/made-in-italy\/","name":"Made in Italy - Ratti Luino S.R.L.","isPartOf":{"@id":"https:\/\/www.rattiluino.com\/#website"},"datePublished":"2018-04-16T13:39:09+00:00","dateModified":"2018-04-16T13:39:11+00:00","description":"MADE IN ITALY: m\u00e1quinas dise\u00f1adas y fabricadas en Italia La estrategia que permite a RATTI LUINO proporcionar el mercado cada vez m\u00e1s exigente con las m\u00e1quinas m\u00e1s avanzadas y flexibles es la satisfacci\u00f3n del cliente.","breadcrumb":{"@id":"https:\/\/www.rattiluino.com\/es\/empresa\/made-in-italy\/#breadcrumb"},"inLanguage":"es","potentialAction":[{"@type":"ReadAction","target":["https:\/\/www.rattiluino.com\/es\/empresa\/made-in-italy\/"]}]},{"@type":"BreadcrumbList","@id":"https:\/\/www.rattiluino.com\/es\/empresa\/made-in-italy\/#breadcrumb","itemListElement":[{"@type":"ListItem","position":1,"name":"Home","item":"https:\/\/www.rattiluino.com\/es\/"},{"@type":"ListItem","position":2,"name":"Empresa","item":"https:\/\/www.rattiluino.com\/es\/empresa\/"},{"@type":"ListItem","position":3,"name":"Made in Italy"}]},{"@type":"WebSite","@id":"https:\/\/www.rattiluino.com\/#website","url":"https:\/\/www.rattiluino.com\/","name":"Ratti Luino S.R.L.","description":"Leaders in twisting technology since 1869","publisher":{"@id":"https:\/\/www.rattiluino.com\/#organization"},"potentialAction":[{"@type":"SearchAction","target":{"@type":"EntryPoint","urlTemplate":"https:\/\/www.rattiluino.com\/?s={search_term_string}"},"query-input":{"@type":"PropertyValueSpecification","valueRequired":true,"valueName":"search_term_string"}}],"inLanguage":"es"},{"@type":"Organization","@id":"https:\/\/www.rattiluino.com\/#organization","name":"Ratti Luino S.R.L.","url":"https:\/\/www.rattiluino.com\/","logo":{"@type":"ImageObject","inLanguage":"es","@id":"https:\/\/www.rattiluino.com\/#\/schema\/logo\/image\/","url":"https:\/\/www.rattiluino.com\/wp-content\/uploads\/2017\/07\/logo-ratti-rete-di-vendita.png","contentUrl":"https:\/\/www.rattiluino.com\/wp-content\/uploads\/2017\/07\/logo-ratti-rete-di-vendita.png","width":365,"height":365,"caption":"Ratti Luino S.R.L."},"image":{"@id":"https:\/\/www.rattiluino.com\/#\/schema\/logo\/image\/"},"sameAs":["https:\/\/www.linkedin.com\/company\/ratti-luino-s-r-l\/"]}]}},"_links":{"self":[{"href":"https:\/\/www.rattiluino.com\/es\/wp-json\/wp\/v2\/pages\/1285","targetHints":{"allow":["GET"]}}],"collection":[{"href":"https:\/\/www.rattiluino.com\/es\/wp-json\/wp\/v2\/pages"}],"about":[{"href":"https:\/\/www.rattiluino.com\/es\/wp-json\/wp\/v2\/types\/page"}],"author":[{"embeddable":true,"href":"https:\/\/www.rattiluino.com\/es\/wp-json\/wp\/v2\/users\/4"}],"replies":[{"embeddable":true,"href":"https:\/\/www.rattiluino.com\/es\/wp-json\/wp\/v2\/comments?post=1285"}],"version-history":[{"count":0,"href":"https:\/\/www.rattiluino.com\/es\/wp-json\/wp\/v2\/pages\/1285\/revisions"}],"up":[{"embeddable":true,"href":"https:\/\/www.rattiluino.com\/es\/wp-json\/wp\/v2\/pages\/1319"}],"wp:attachment":[{"href":"https:\/\/www.rattiluino.com\/es\/wp-json\/wp\/v2\/media?parent=1285"}],"curies":[{"name":"wp","href":"https:\/\/api.w.org\/{rel}","templated":true}]}}