{"id":1302,"date":"2018-04-27T11:26:17","date_gmt":"2018-04-27T09:26:17","guid":{"rendered":"http:\/\/www.rattiluino.com\/privacy-cookies-policy\/"},"modified":"2022-01-27T10:11:19","modified_gmt":"2022-01-27T09:11:19","slug":"privacy-cookies-policy","status":"publish","type":"page","link":"https:\/\/www.rattiluino.com\/es\/privacy-cookies-policy\/","title":{"rendered":"Privacy &amp; Cookies Policy"},"content":{"rendered":"<div class=\"fusion-fullwidth fullwidth-box fusion-builder-row-1 nonhundred-percent-fullwidth non-hundred-percent-height-scrolling\" style=\"--awb-border-radius-top-left:0px;--awb-border-radius-top-right:0px;--awb-border-radius-bottom-right:0px;--awb-border-radius-bottom-left:0px;--awb-flex-wrap:wrap;\" ><div class=\"fusion-builder-row fusion-row\"><div class=\"fusion-layout-column fusion_builder_column fusion-builder-column-0 fusion_builder_column_1_1 1_1 fusion-one-full fusion-column-first fusion-column-last\" style=\"--awb-bg-size:cover;\"><div class=\"fusion-column-wrapper fusion-flex-column-wrapper-legacy\"><div class=\"fusion-title title fusion-title-1 fusion-title-text fusion-title-size-two\"><h2 class=\"fusion-title-heading title-heading-left\" style=\"margin:0;\">Por que este aviso<\/h2><span class=\"awb-title-spacer\"><\/span><div class=\"title-sep-container\"><div class=\"title-sep sep-double sep-solid\" style=\"border-color:#9cb6c3;\"><\/div><\/div><\/div><div class=\"fusion-text fusion-text-1\"><p>Esta p\u00e1gina describe c\u00f3mo administrar el sitio en relaci\u00f3n con el tratamiento de los datos personales de los usuarios que lo utilizan.<\/p>\n<p>Este informe es en conformidad con el art. 13 del d.lgs. n. 196\/2003 &#8211; C\u00f3digo en materia de protecci\u00f3n de datos de car\u00e1cter personal a los que interact\u00faan con los servicios web accesibles por v\u00eda electr\u00f3nica a la direcci\u00f3n:<\/p>\n<p>http:\/\/www.rattiluino.com<\/p>\n<p>que corresponde a\u00a0la p\u00e1gina principal de nuestro sitio web.<\/p>\n<p>El informe es v\u00e1lida s\u00f3lo para nuestro sitio y no tambi\u00e9n para otros sitios web que se accede a trav\u00e9s de enlaces.<\/p>\n<p>El informe\u00a0se basa en la Recomendaci\u00f3n n. 2\/2001\u00a0que\u00a0que las autoridades europeas de protecci\u00f3n de datos de car\u00e1cter personal, reunidas en el Grupo\u00a0stablecido por el art. 29 de la Directiva n. 95\/46 \/ CE, aprobada el 17 de mayo 2001\u00a0para\u00a0establecer los requisitos m\u00ednimos para la recogida de los datos personales\u00a0on-line, y, en particular, la forma, los tiempos y la naturaleza de las informaci\u00f3nes que los\u00a0responsables del tratamiento deben proporcionar a los usuarios cuando se conectan a p\u00e1ginas web, independientemente de la raz\u00f3n de la conexi\u00f3n.<\/p>\n<\/div><div class=\"fusion-title title fusion-title-2 fusion-title-text fusion-title-size-two\" style=\"--awb-margin-top:40px;\"><h2 class=\"fusion-title-heading title-heading-left\" style=\"margin:0;\">El \u00abtitular\u00bb del tratamiento<\/h2><span class=\"awb-title-spacer\"><\/span><div class=\"title-sep-container\"><div class=\"title-sep sep-double sep-solid\" style=\"border-color:#9cb6c3;\"><\/div><\/div><\/div><div class=\"fusion-text fusion-text-2\" style=\"--awb-text-transform:none;\"><p>Siguiendo la consulta de esto sitio pueden ser tratados los datos relativos a personas\u00a0identificadas o identificables.<\/p>\n<p>El \u201ctitular\u201d de su tratamiento es la sociedad Ratti Luino S.r.l., que tiene sede en\u00a0 Via Provinciale 309, -21030, Cassano Valcuvia (Va) &#8211; Italy.<\/p>\n<\/div><div class=\"fusion-title title fusion-title-3 fusion-title-text fusion-title-size-two\" style=\"--awb-margin-top:40px;\"><h2 class=\"fusion-title-heading title-heading-left\" style=\"margin:0;\">Lugar del tratamiento de los datos<\/h2><span class=\"awb-title-spacer\"><\/span><div class=\"title-sep-container\"><div class=\"title-sep sep-double sep-solid\" style=\"border-color:#9cb6c3;\"><\/div><\/div><\/div><div class=\"fusion-text fusion-text-3\"><p>El tratamiento relacionado con los servicios de este sitio web tienen lugar en la sede antedicha y\u00a0y s\u00f3lo se manejan por el personal t\u00e9cnico a cargo de procesamiento, o\u00a0otros encargados de mantenimiento ocasional.<\/p>\n<p>Ning\u00fan dato proveniente de el servicio web habr\u00e1 comunicado o propagado.<\/p>\n<p>La informaci\u00f3n de car\u00e1cter personal suministrados por los usuarios que presenta una solicitud de\u00a0env\u00edo de material informativo (boletines, CD-ROM, newsletter, informes anuales, respuestas a preguntas, actos y medidas, etc.)s\u00f3lo se utilizan para realizar el servicio o asistencia solicitada y se comunican s\u00f3lo a terceros caso en el cual es a ese fin.<\/p>\n<\/div><div class=\"fusion-title title fusion-title-4 fusion-title-text fusion-title-size-two\" style=\"--awb-margin-top:40px;\"><h2 class=\"fusion-title-heading title-heading-left\" style=\"margin:0;\">Tipos de datos tratados<\/h2><span class=\"awb-title-spacer\"><\/span><div class=\"title-sep-container\"><div class=\"title-sep sep-double sep-solid\" style=\"border-color:#9cb6c3;\"><\/div><\/div><\/div><div class=\"fusion-text fusion-text-4\"><p>Datos de navegaci\u00f3n<\/p>\n<p>Los sistemas inform\u00e1ticos y los procedimientos software utilizados para operar este sitio web adquieren, durante su normal funcionamiento, algunos datos personales cuya transmisi\u00f3n est\u00e1 impl\u00edcita en los protocolos de comunicaci\u00f3n de Internet.<\/p>\n<p>Estas son informaci\u00f3nes que no se\u00a0no se recoge para ser asociadas con\u00a0individuos espec\u00edficos, sino que por su propia naturaleza podr\u00edan, a trav\u00e9s de elaboraciones y asociaciones con datos en poder de terceros, permiten\u00a0identificar a los usuarios.<\/p>\n<p>Esta categor\u00eda de datos incluye las direcciones IP o los nombres de dominio de los ordenadores utilizados por los usuarios que se conectan al sitio,el URI (Uniform Resource Identifier) de los recursos solicitados, momento de la solicitud, el m\u00e9todo utilizado para enviar la solicitud al servidor, el tama\u00f1o del archivo obtenido como respuesta, el c\u00f3digo num\u00e9rico que indica el estado de la respuesta del servidor (\u00e9xito, error, etc.) y otros par\u00e1metros relativos al sistema operativo y el ambiente inform\u00e1tico.<\/p>\n<p>Estos datos se utilizan \u00fanicamente para obtener informaci\u00f3n estad\u00edstica an\u00f3nima sobre el sitio y para comprobar su correcto funcionamiento; los datos podr\u00edan utilizarse para determinar la responsabilidad en caso de delitos inform\u00e1ticos y para este prop\u00f3sito se puede mantener durante el tiempo requerido por la ley.<\/p>\n<p>Datos proporcionados voluntariamente por el usuario<\/p>\n<p>La transmisi\u00f3n opcional, expl\u00edcita y voluntaria de los datos recogidos a trav\u00e9s de formularios o direcciones de correo electr\u00f3nico que figuran en este sitio implica la posterior adquisici\u00f3n de la del remitente necesaria para responder a las solicitudes, y cualquier otro dato incluido en el mensaje.<\/p>\n<p>Informaci\u00f3n espec\u00edfica de\u00a0s\u00edntesis ser\u00e1n progresivamente citadas o visualizadas en las p\u00e1ginas del sitio\u00a0\u00a0dedicadas a servicios particulares a petici\u00f3n.<\/p>\n<\/div><div class=\"fusion-title title fusion-title-5 fusion-title-text fusion-title-size-two\" style=\"--awb-margin-top:40px;\"><h2 class=\"fusion-title-heading title-heading-left\" style=\"margin:0;\"><p class=\"p1\"><span class=\"s1\">Cookies<\/span><\/p><\/h2><span class=\"awb-title-spacer\"><\/span><div class=\"title-sep-container\"><div class=\"title-sep sep-double sep-solid\" style=\"border-color:#9cb6c3;\"><\/div><\/div><\/div><div class=\"fusion-text fusion-text-5\"><p>Ning\u00fan dato personal del usuario es adquirido por el sitio.<\/p>\n<p>No se utilizan cookies para transmitir informaci\u00f3n de car\u00e1cter personal, ni son utilizados cookies persistentes de ning\u00fan tipo, o sistemas para el seguimiento de los usuarios.<\/p>\n<p>El uso de cookies de sesi\u00f3n (que no se almacena de forma permanente en el ordenador del usuario y desaparecen cuando se cierra el navegador) est\u00e1 estrictamente limitado a la transmisi\u00f3n de identificadores de sesi\u00f3n (constituidos por n\u00fameros aleatorios generados por el servidor) necesarios para permitir la navegaci\u00f3n segura y eficiente del sitio.<\/p>\n<p>Los cookies de sesi\u00f3n utilizados en este sitio evitan el uso de otras tecnolog\u00edas que podr\u00edan poner en peligro la privacidad de los usuarios y no permiten la adquisici\u00f3n de los datos de identificaci\u00f3n personal.<\/p>\n<\/div><div class=\"fusion-title title fusion-title-6 fusion-title-text fusion-title-size-two\" style=\"--awb-margin-top:40px;\"><h2 class=\"fusion-title-heading title-heading-left\" style=\"margin:0;\">Optionalidad de la atribucion de los datos<\/h2><span class=\"awb-title-spacer\"><\/span><div class=\"title-sep-container\"><div class=\"title-sep sep-double sep-solid\" style=\"border-color:#9cb6c3;\"><\/div><\/div><\/div><div class=\"fusion-text fusion-text-6\"><p>Adem\u00e1s de aquello especificado para los datos de navegaci\u00f3n,\u00a0el usuario es libre de proporcionar los datos personales contenidos en los formularios de solicitud o indicados en contactos para solicitar material de informaci\u00f3n o otras comunicaciones.<\/p>\n<p>Su ausencia puede\u00a0resultar en\u00a0la incapacidad de cumplir la solicitud.<\/p>\n<\/div><div class=\"fusion-title title fusion-title-7 fusion-title-text fusion-title-size-two\" style=\"--awb-margin-top:40px;\"><h2 class=\"fusion-title-heading title-heading-left\" style=\"margin:0;\">Metodo de tratamiento<\/h2><span class=\"awb-title-spacer\"><\/span><div class=\"title-sep-container\"><div class=\"title-sep sep-double sep-solid\" style=\"border-color:#9cb6c3;\"><\/div><\/div><\/div><div class=\"fusion-text fusion-text-7\"><p>Los datos personales son procesados por las herramientas automatizadas durante el tiempo estrictamente necesario para lograr los fines para los que fueron recogidos.<\/p>\n<p>Se toman medidas de seguridad espec\u00edficas para prevenir la p\u00e9rdida de datos, uso indebido o no correctos y acceso no autorizado.<\/p>\n<\/div><div class=\"fusion-title title fusion-title-8 fusion-title-text fusion-title-size-two\" style=\"--awb-margin-top:40px;\"><h2 class=\"fusion-title-heading title-heading-left\" style=\"margin:0;\">Derechos de los usuarios<\/h2><span class=\"awb-title-spacer\"><\/span><div class=\"title-sep-container\"><div class=\"title-sep sep-double sep-solid\" style=\"border-color:#9cb6c3;\"><\/div><\/div><\/div><div class=\"fusion-text fusion-text-8\"><p>Los sujetos a cuales\u00a0se refieren los datos personales tienen el derecho en cualquier momento para obtener la confirmaci\u00f3n de la existencia de tales datos y de conocer el contenido y origen, verificar su exactitud o solicitar su integraci\u00f3n o actualizaci\u00f3n, o correcci\u00f3n (art. 7 del decreto legislativo. n. 196\/2003).<\/p>\n<p>De acuerdo con el mismo art\u00edculo se tiene el derecho a solicitar la cancelaci\u00f3n, la transformaci\u00f3n en forma an\u00f3nima o el bloqueo de los datos en violaci\u00f3n de la ley, y de oponerse a cualquier caso, por motivos leg\u00edtimos, a su tratamiento.<\/p>\n<p>Las solicitudes deben ser enviadas a nuestro Gerente de Procesamiento de Datos a la direcci\u00f3n de la empresa.<\/p>\n<\/div><div class=\"fusion-clearfix\"><\/div><\/div><\/div><\/div><\/div>\n","protected":false},"excerpt":{"rendered":"","protected":false},"author":4,"featured_media":0,"parent":0,"menu_order":0,"comment_status":"closed","ping_status":"closed","template":"","meta":{"_exactmetrics_skip_tracking":false,"_exactmetrics_sitenote_active":false,"_exactmetrics_sitenote_note":"","_exactmetrics_sitenote_category":0,"footnotes":""},"class_list":["post-1302","page","type-page","status-publish","hentry"],"yoast_head":"<!-- This site is optimized with the Yoast SEO plugin v26.8 - https:\/\/yoast.com\/product\/yoast-seo-wordpress\/ -->\n<title>Privacy &amp; Cookies Policy - Ratti Luino S.R.L.<\/title>\n<meta name=\"description\" content=\"Esta p\u00e1gina describe c\u00f3mo administrar el sitio en relaci\u00f3n con el tratamiento de los datos personales de los usuarios que lo utilizan.\" \/>\n<meta name=\"robots\" content=\"index, follow, max-snippet:-1, max-image-preview:large, max-video-preview:-1\" \/>\n<link rel=\"canonical\" href=\"https:\/\/www.rattiluino.com\/es\/privacy-cookies-policy\/\" \/>\n<meta property=\"og:locale\" content=\"es_ES\" \/>\n<meta property=\"og:type\" content=\"article\" \/>\n<meta property=\"og:title\" content=\"Privacy &amp; Cookies Policy - Ratti Luino S.R.L.\" \/>\n<meta property=\"og:description\" content=\"Esta p\u00e1gina describe c\u00f3mo administrar el sitio en relaci\u00f3n con el tratamiento de los datos personales de los usuarios que lo utilizan.\" \/>\n<meta property=\"og:url\" content=\"https:\/\/www.rattiluino.com\/es\/privacy-cookies-policy\/\" \/>\n<meta property=\"og:site_name\" content=\"Ratti Luino S.R.L.\" \/>\n<meta property=\"article:modified_time\" content=\"2022-01-27T09:11:19+00:00\" \/>\n<meta name=\"twitter:card\" content=\"summary_large_image\" \/>\n<meta name=\"twitter:label1\" content=\"Tiempo de lectura\" \/>\n\t<meta name=\"twitter:data1\" content=\"8 minutos\" \/>\n<script type=\"application\/ld+json\" class=\"yoast-schema-graph\">{\"@context\":\"https:\/\/schema.org\",\"@graph\":[{\"@type\":\"WebPage\",\"@id\":\"https:\/\/www.rattiluino.com\/es\/privacy-cookies-policy\/\",\"url\":\"https:\/\/www.rattiluino.com\/es\/privacy-cookies-policy\/\",\"name\":\"Privacy &amp; Cookies Policy - Ratti Luino S.R.L.\",\"isPartOf\":{\"@id\":\"https:\/\/www.rattiluino.com\/#website\"},\"datePublished\":\"2018-04-27T09:26:17+00:00\",\"dateModified\":\"2022-01-27T09:11:19+00:00\",\"description\":\"Esta p\u00e1gina describe c\u00f3mo administrar el sitio en relaci\u00f3n con el tratamiento de los datos personales de los usuarios que lo utilizan.\",\"breadcrumb\":{\"@id\":\"https:\/\/www.rattiluino.com\/es\/privacy-cookies-policy\/#breadcrumb\"},\"inLanguage\":\"es\",\"potentialAction\":[{\"@type\":\"ReadAction\",\"target\":[\"https:\/\/www.rattiluino.com\/es\/privacy-cookies-policy\/\"]}]},{\"@type\":\"BreadcrumbList\",\"@id\":\"https:\/\/www.rattiluino.com\/es\/privacy-cookies-policy\/#breadcrumb\",\"itemListElement\":[{\"@type\":\"ListItem\",\"position\":1,\"name\":\"Home\",\"item\":\"https:\/\/www.rattiluino.com\/es\/\"},{\"@type\":\"ListItem\",\"position\":2,\"name\":\"Privacy &amp; Cookies Policy\"}]},{\"@type\":\"WebSite\",\"@id\":\"https:\/\/www.rattiluino.com\/#website\",\"url\":\"https:\/\/www.rattiluino.com\/\",\"name\":\"Ratti Luino S.R.L.\",\"description\":\"Leaders in twisting technology since 1869\",\"publisher\":{\"@id\":\"https:\/\/www.rattiluino.com\/#organization\"},\"potentialAction\":[{\"@type\":\"SearchAction\",\"target\":{\"@type\":\"EntryPoint\",\"urlTemplate\":\"https:\/\/www.rattiluino.com\/?s={search_term_string}\"},\"query-input\":{\"@type\":\"PropertyValueSpecification\",\"valueRequired\":true,\"valueName\":\"search_term_string\"}}],\"inLanguage\":\"es\"},{\"@type\":\"Organization\",\"@id\":\"https:\/\/www.rattiluino.com\/#organization\",\"name\":\"Ratti Luino S.R.L.\",\"url\":\"https:\/\/www.rattiluino.com\/\",\"logo\":{\"@type\":\"ImageObject\",\"inLanguage\":\"es\",\"@id\":\"https:\/\/www.rattiluino.com\/#\/schema\/logo\/image\/\",\"url\":\"https:\/\/www.rattiluino.com\/wp-content\/uploads\/2017\/07\/logo-ratti-rete-di-vendita.png\",\"contentUrl\":\"https:\/\/www.rattiluino.com\/wp-content\/uploads\/2017\/07\/logo-ratti-rete-di-vendita.png\",\"width\":365,\"height\":365,\"caption\":\"Ratti Luino S.R.L.\"},\"image\":{\"@id\":\"https:\/\/www.rattiluino.com\/#\/schema\/logo\/image\/\"},\"sameAs\":[\"https:\/\/www.linkedin.com\/company\/ratti-luino-s-r-l\/\"]}]}<\/script>\n<!-- \/ Yoast SEO plugin. -->","yoast_head_json":{"title":"Privacy &amp; Cookies Policy - Ratti Luino S.R.L.","description":"Esta p\u00e1gina describe c\u00f3mo administrar el sitio en relaci\u00f3n con el tratamiento de los datos personales de los usuarios que lo utilizan.","robots":{"index":"index","follow":"follow","max-snippet":"max-snippet:-1","max-image-preview":"max-image-preview:large","max-video-preview":"max-video-preview:-1"},"canonical":"https:\/\/www.rattiluino.com\/es\/privacy-cookies-policy\/","og_locale":"es_ES","og_type":"article","og_title":"Privacy &amp; Cookies Policy - Ratti Luino S.R.L.","og_description":"Esta p\u00e1gina describe c\u00f3mo administrar el sitio en relaci\u00f3n con el tratamiento de los datos personales de los usuarios que lo utilizan.","og_url":"https:\/\/www.rattiluino.com\/es\/privacy-cookies-policy\/","og_site_name":"Ratti Luino S.R.L.","article_modified_time":"2022-01-27T09:11:19+00:00","twitter_card":"summary_large_image","twitter_misc":{"Tiempo de lectura":"8 minutos"},"schema":{"@context":"https:\/\/schema.org","@graph":[{"@type":"WebPage","@id":"https:\/\/www.rattiluino.com\/es\/privacy-cookies-policy\/","url":"https:\/\/www.rattiluino.com\/es\/privacy-cookies-policy\/","name":"Privacy &amp; Cookies Policy - Ratti Luino S.R.L.","isPartOf":{"@id":"https:\/\/www.rattiluino.com\/#website"},"datePublished":"2018-04-27T09:26:17+00:00","dateModified":"2022-01-27T09:11:19+00:00","description":"Esta p\u00e1gina describe c\u00f3mo administrar el sitio en relaci\u00f3n con el tratamiento de los datos personales de los usuarios que lo utilizan.","breadcrumb":{"@id":"https:\/\/www.rattiluino.com\/es\/privacy-cookies-policy\/#breadcrumb"},"inLanguage":"es","potentialAction":[{"@type":"ReadAction","target":["https:\/\/www.rattiluino.com\/es\/privacy-cookies-policy\/"]}]},{"@type":"BreadcrumbList","@id":"https:\/\/www.rattiluino.com\/es\/privacy-cookies-policy\/#breadcrumb","itemListElement":[{"@type":"ListItem","position":1,"name":"Home","item":"https:\/\/www.rattiluino.com\/es\/"},{"@type":"ListItem","position":2,"name":"Privacy &amp; Cookies Policy"}]},{"@type":"WebSite","@id":"https:\/\/www.rattiluino.com\/#website","url":"https:\/\/www.rattiluino.com\/","name":"Ratti Luino S.R.L.","description":"Leaders in twisting technology since 1869","publisher":{"@id":"https:\/\/www.rattiluino.com\/#organization"},"potentialAction":[{"@type":"SearchAction","target":{"@type":"EntryPoint","urlTemplate":"https:\/\/www.rattiluino.com\/?s={search_term_string}"},"query-input":{"@type":"PropertyValueSpecification","valueRequired":true,"valueName":"search_term_string"}}],"inLanguage":"es"},{"@type":"Organization","@id":"https:\/\/www.rattiluino.com\/#organization","name":"Ratti Luino S.R.L.","url":"https:\/\/www.rattiluino.com\/","logo":{"@type":"ImageObject","inLanguage":"es","@id":"https:\/\/www.rattiluino.com\/#\/schema\/logo\/image\/","url":"https:\/\/www.rattiluino.com\/wp-content\/uploads\/2017\/07\/logo-ratti-rete-di-vendita.png","contentUrl":"https:\/\/www.rattiluino.com\/wp-content\/uploads\/2017\/07\/logo-ratti-rete-di-vendita.png","width":365,"height":365,"caption":"Ratti Luino S.R.L."},"image":{"@id":"https:\/\/www.rattiluino.com\/#\/schema\/logo\/image\/"},"sameAs":["https:\/\/www.linkedin.com\/company\/ratti-luino-s-r-l\/"]}]}},"_links":{"self":[{"href":"https:\/\/www.rattiluino.com\/es\/wp-json\/wp\/v2\/pages\/1302","targetHints":{"allow":["GET"]}}],"collection":[{"href":"https:\/\/www.rattiluino.com\/es\/wp-json\/wp\/v2\/pages"}],"about":[{"href":"https:\/\/www.rattiluino.com\/es\/wp-json\/wp\/v2\/types\/page"}],"author":[{"embeddable":true,"href":"https:\/\/www.rattiluino.com\/es\/wp-json\/wp\/v2\/users\/4"}],"replies":[{"embeddable":true,"href":"https:\/\/www.rattiluino.com\/es\/wp-json\/wp\/v2\/comments?post=1302"}],"version-history":[{"count":0,"href":"https:\/\/www.rattiluino.com\/es\/wp-json\/wp\/v2\/pages\/1302\/revisions"}],"wp:attachment":[{"href":"https:\/\/www.rattiluino.com\/es\/wp-json\/wp\/v2\/media?parent=1302"}],"curies":[{"name":"wp","href":"https:\/\/api.w.org\/{rel}","templated":true}]}}