{"id":1305,"date":"2018-04-27T11:41:07","date_gmt":"2018-04-27T09:41:07","guid":{"rendered":"http:\/\/www.rattiluino.com\/linea-ratti\/sintetico-y-artificial\/"},"modified":"2018-04-27T11:41:11","modified_gmt":"2018-04-27T09:41:11","slug":"sintetico-y-artificial","status":"publish","type":"page","link":"https:\/\/www.rattiluino.com\/es\/linea-ratti\/sintetico-y-artificial\/","title":{"rendered":"Sint\u00e9tico y Artificial"},"content":{"rendered":"<div class=\"fusion-fullwidth fullwidth-box fusion-builder-row-1 nonhundred-percent-fullwidth non-hundred-percent-height-scrolling\" style=\"--awb-border-radius-top-left:0px;--awb-border-radius-top-right:0px;--awb-border-radius-bottom-right:0px;--awb-border-radius-bottom-left:0px;--awb-flex-wrap:wrap;\" ><div class=\"fusion-builder-row fusion-row\"><div class=\"fusion-layout-column fusion_builder_column fusion-builder-column-0 fusion_builder_column_1_2 1_2 fusion-one-half fusion-column-first\" style=\"--awb-bg-size:cover;width:50%;width:calc(50% - ( ( 4% ) * 0.5 ) );margin-right: 4%;\"><div class=\"fusion-column-wrapper fusion-flex-column-wrapper-legacy\"><div class=\"fusion-title title fusion-title-1 fusion-title-text fusion-title-size-two\"><h2 class=\"fusion-title-heading title-heading-left\" style=\"margin:0;\">descripci\u00f3n<\/h2><span class=\"awb-title-spacer\"><\/span><div class=\"title-sep-container\"><div class=\"title-sep sep-double sep-solid\" style=\"border-color:#9cb6c3;\"><\/div><\/div><\/div><div class=\"fusion-text fusion-text-1\"><p>Amplia gamma de retorcedoras de doble torsi\u00f3n aquipadas con husos enteramente dise\u00f1ados y producidos por nosotros. \u00a0Todos los modelos nacen de d\u00e9cadas de experiencia directa en los mercados de todo el mundo, como confirmaci\u00f3n de la gran capacidad de adaptaci\u00f3n de estas m\u00e1quinas para cualquier necesidad de elaboraci\u00f3n.\u00a0La l\u00ednea incluye modelos con las siguientes caracter\u00edsticas: &#8211; en uno o dos planos\u00a0superpuestos &#8211;\u00a0equipados con horno en l\u00ednea para la fijaci\u00f3n continua de el hilo retorcido &#8211; gama de husos para cops o \u00a0husos para bobinas (hilo liso o texturisado) &#8211; bastidores de enrollamiento gravitacionales o con contrapesos, especialmente adecuado para las necesidades de te\u00f1ido<\/p>\n<\/div><div class=\"fusion-clearfix\"><\/div><\/div><\/div><div class=\"fusion-layout-column fusion_builder_column fusion-builder-column-1 fusion_builder_column_1_2 1_2 fusion-one-half fusion-column-last\" style=\"--awb-bg-size:cover;width:50%;width:calc(50% - ( ( 4% ) * 0.5 ) );\"><div class=\"fusion-column-wrapper fusion-flex-column-wrapper-legacy\"><div class=\"fusion-title title fusion-title-2 fusion-title-text fusion-title-size-two\"><h2 class=\"fusion-title-heading title-heading-left\" style=\"margin:0;\">M\u00e1quinas disponibles<\/h2><span class=\"awb-title-spacer\"><\/span><div class=\"title-sep-container\"><div class=\"title-sep sep-double sep-solid\" style=\"border-color:#9cb6c3;\"><\/div><\/div><\/div><div class=\"woocommerce columns-3 \"><\/div><div class=\"fusion-clearfix\"><\/div><\/div><\/div><\/div><\/div>\n","protected":false},"excerpt":{"rendered":"","protected":false},"author":4,"featured_media":0,"parent":1304,"menu_order":1,"comment_status":"closed","ping_status":"closed","template":"","meta":{"_exactmetrics_skip_tracking":false,"_exactmetrics_sitenote_active":false,"_exactmetrics_sitenote_note":"","_exactmetrics_sitenote_category":0,"footnotes":""},"class_list":["post-1305","page","type-page","status-publish","hentry"],"yoast_head":"<!-- This site is optimized with the Yoast SEO plugin v26.8 - https:\/\/yoast.com\/product\/yoast-seo-wordpress\/ -->\n<title>Sint\u00e9tico y Artificial - Ratti Luino S.R.L.<\/title>\n<meta name=\"description\" content=\"Amplia gamma de retorcedoras de doble torsi\u00f3n aquipadas con husos enteramente dise\u00f1ados y producidos por nosotros. Todos los modelos nacen de d\u00e9cadas de experiencia directa en los mercados de todo el mundo.\" \/>\n<meta name=\"robots\" content=\"index, follow, max-snippet:-1, max-image-preview:large, max-video-preview:-1\" \/>\n<link rel=\"canonical\" href=\"https:\/\/www.rattiluino.com\/es\/linea-ratti\/sintetico-y-artificial\/\" \/>\n<meta property=\"og:locale\" content=\"es_ES\" \/>\n<meta property=\"og:type\" content=\"article\" \/>\n<meta property=\"og:title\" content=\"Sint\u00e9tico y Artificial - Ratti Luino S.R.L.\" \/>\n<meta property=\"og:description\" content=\"Amplia gamma de retorcedoras de doble torsi\u00f3n aquipadas con husos enteramente dise\u00f1ados y producidos por nosotros. Todos los modelos nacen de d\u00e9cadas de experiencia directa en los mercados de todo el mundo.\" \/>\n<meta property=\"og:url\" content=\"https:\/\/www.rattiluino.com\/es\/linea-ratti\/sintetico-y-artificial\/\" \/>\n<meta property=\"og:site_name\" content=\"Ratti Luino S.R.L.\" \/>\n<meta property=\"article:modified_time\" content=\"2018-04-27T09:41:11+00:00\" \/>\n<meta name=\"twitter:card\" content=\"summary_large_image\" \/>\n<meta name=\"twitter:label1\" content=\"Tiempo de lectura\" \/>\n\t<meta name=\"twitter:data1\" content=\"2 minutos\" \/>\n<script type=\"application\/ld+json\" class=\"yoast-schema-graph\">{\"@context\":\"https:\/\/schema.org\",\"@graph\":[{\"@type\":\"WebPage\",\"@id\":\"https:\/\/www.rattiluino.com\/es\/linea-ratti\/sintetico-y-artificial\/\",\"url\":\"https:\/\/www.rattiluino.com\/es\/linea-ratti\/sintetico-y-artificial\/\",\"name\":\"Sint\u00e9tico y Artificial - Ratti Luino S.R.L.\",\"isPartOf\":{\"@id\":\"https:\/\/www.rattiluino.com\/#website\"},\"datePublished\":\"2018-04-27T09:41:07+00:00\",\"dateModified\":\"2018-04-27T09:41:11+00:00\",\"description\":\"Amplia gamma de retorcedoras de doble torsi\u00f3n aquipadas con husos enteramente dise\u00f1ados y producidos por nosotros. Todos los modelos nacen de d\u00e9cadas de experiencia directa en los mercados de todo el mundo.\",\"breadcrumb\":{\"@id\":\"https:\/\/www.rattiluino.com\/es\/linea-ratti\/sintetico-y-artificial\/#breadcrumb\"},\"inLanguage\":\"es\",\"potentialAction\":[{\"@type\":\"ReadAction\",\"target\":[\"https:\/\/www.rattiluino.com\/es\/linea-ratti\/sintetico-y-artificial\/\"]}]},{\"@type\":\"BreadcrumbList\",\"@id\":\"https:\/\/www.rattiluino.com\/es\/linea-ratti\/sintetico-y-artificial\/#breadcrumb\",\"itemListElement\":[{\"@type\":\"ListItem\",\"position\":1,\"name\":\"Home\",\"item\":\"https:\/\/www.rattiluino.com\/es\/\"},{\"@type\":\"ListItem\",\"position\":2,\"name\":\"Linea Ratti\",\"item\":\"https:\/\/www.rattiluino.com\/es\/linea-ratti\/\"},{\"@type\":\"ListItem\",\"position\":3,\"name\":\"Sint\u00e9tico y Artificial\"}]},{\"@type\":\"WebSite\",\"@id\":\"https:\/\/www.rattiluino.com\/#website\",\"url\":\"https:\/\/www.rattiluino.com\/\",\"name\":\"Ratti Luino S.R.L.\",\"description\":\"Leaders in twisting technology since 1869\",\"publisher\":{\"@id\":\"https:\/\/www.rattiluino.com\/#organization\"},\"potentialAction\":[{\"@type\":\"SearchAction\",\"target\":{\"@type\":\"EntryPoint\",\"urlTemplate\":\"https:\/\/www.rattiluino.com\/?s={search_term_string}\"},\"query-input\":{\"@type\":\"PropertyValueSpecification\",\"valueRequired\":true,\"valueName\":\"search_term_string\"}}],\"inLanguage\":\"es\"},{\"@type\":\"Organization\",\"@id\":\"https:\/\/www.rattiluino.com\/#organization\",\"name\":\"Ratti Luino S.R.L.\",\"url\":\"https:\/\/www.rattiluino.com\/\",\"logo\":{\"@type\":\"ImageObject\",\"inLanguage\":\"es\",\"@id\":\"https:\/\/www.rattiluino.com\/#\/schema\/logo\/image\/\",\"url\":\"https:\/\/www.rattiluino.com\/wp-content\/uploads\/2017\/07\/logo-ratti-rete-di-vendita.png\",\"contentUrl\":\"https:\/\/www.rattiluino.com\/wp-content\/uploads\/2017\/07\/logo-ratti-rete-di-vendita.png\",\"width\":365,\"height\":365,\"caption\":\"Ratti Luino S.R.L.\"},\"image\":{\"@id\":\"https:\/\/www.rattiluino.com\/#\/schema\/logo\/image\/\"},\"sameAs\":[\"https:\/\/www.linkedin.com\/company\/ratti-luino-s-r-l\/\"]}]}<\/script>\n<!-- \/ Yoast SEO plugin. -->","yoast_head_json":{"title":"Sint\u00e9tico y Artificial - Ratti Luino S.R.L.","description":"Amplia gamma de retorcedoras de doble torsi\u00f3n aquipadas con husos enteramente dise\u00f1ados y producidos por nosotros. Todos los modelos nacen de d\u00e9cadas de experiencia directa en los mercados de todo el mundo.","robots":{"index":"index","follow":"follow","max-snippet":"max-snippet:-1","max-image-preview":"max-image-preview:large","max-video-preview":"max-video-preview:-1"},"canonical":"https:\/\/www.rattiluino.com\/es\/linea-ratti\/sintetico-y-artificial\/","og_locale":"es_ES","og_type":"article","og_title":"Sint\u00e9tico y Artificial - Ratti Luino S.R.L.","og_description":"Amplia gamma de retorcedoras de doble torsi\u00f3n aquipadas con husos enteramente dise\u00f1ados y producidos por nosotros. Todos los modelos nacen de d\u00e9cadas de experiencia directa en los mercados de todo el mundo.","og_url":"https:\/\/www.rattiluino.com\/es\/linea-ratti\/sintetico-y-artificial\/","og_site_name":"Ratti Luino S.R.L.","article_modified_time":"2018-04-27T09:41:11+00:00","twitter_card":"summary_large_image","twitter_misc":{"Tiempo de lectura":"2 minutos"},"schema":{"@context":"https:\/\/schema.org","@graph":[{"@type":"WebPage","@id":"https:\/\/www.rattiluino.com\/es\/linea-ratti\/sintetico-y-artificial\/","url":"https:\/\/www.rattiluino.com\/es\/linea-ratti\/sintetico-y-artificial\/","name":"Sint\u00e9tico y Artificial - Ratti Luino S.R.L.","isPartOf":{"@id":"https:\/\/www.rattiluino.com\/#website"},"datePublished":"2018-04-27T09:41:07+00:00","dateModified":"2018-04-27T09:41:11+00:00","description":"Amplia gamma de retorcedoras de doble torsi\u00f3n aquipadas con husos enteramente dise\u00f1ados y producidos por nosotros. Todos los modelos nacen de d\u00e9cadas de experiencia directa en los mercados de todo el mundo.","breadcrumb":{"@id":"https:\/\/www.rattiluino.com\/es\/linea-ratti\/sintetico-y-artificial\/#breadcrumb"},"inLanguage":"es","potentialAction":[{"@type":"ReadAction","target":["https:\/\/www.rattiluino.com\/es\/linea-ratti\/sintetico-y-artificial\/"]}]},{"@type":"BreadcrumbList","@id":"https:\/\/www.rattiluino.com\/es\/linea-ratti\/sintetico-y-artificial\/#breadcrumb","itemListElement":[{"@type":"ListItem","position":1,"name":"Home","item":"https:\/\/www.rattiluino.com\/es\/"},{"@type":"ListItem","position":2,"name":"Linea Ratti","item":"https:\/\/www.rattiluino.com\/es\/linea-ratti\/"},{"@type":"ListItem","position":3,"name":"Sint\u00e9tico y Artificial"}]},{"@type":"WebSite","@id":"https:\/\/www.rattiluino.com\/#website","url":"https:\/\/www.rattiluino.com\/","name":"Ratti Luino S.R.L.","description":"Leaders in twisting technology since 1869","publisher":{"@id":"https:\/\/www.rattiluino.com\/#organization"},"potentialAction":[{"@type":"SearchAction","target":{"@type":"EntryPoint","urlTemplate":"https:\/\/www.rattiluino.com\/?s={search_term_string}"},"query-input":{"@type":"PropertyValueSpecification","valueRequired":true,"valueName":"search_term_string"}}],"inLanguage":"es"},{"@type":"Organization","@id":"https:\/\/www.rattiluino.com\/#organization","name":"Ratti Luino S.R.L.","url":"https:\/\/www.rattiluino.com\/","logo":{"@type":"ImageObject","inLanguage":"es","@id":"https:\/\/www.rattiluino.com\/#\/schema\/logo\/image\/","url":"https:\/\/www.rattiluino.com\/wp-content\/uploads\/2017\/07\/logo-ratti-rete-di-vendita.png","contentUrl":"https:\/\/www.rattiluino.com\/wp-content\/uploads\/2017\/07\/logo-ratti-rete-di-vendita.png","width":365,"height":365,"caption":"Ratti Luino S.R.L."},"image":{"@id":"https:\/\/www.rattiluino.com\/#\/schema\/logo\/image\/"},"sameAs":["https:\/\/www.linkedin.com\/company\/ratti-luino-s-r-l\/"]}]}},"_links":{"self":[{"href":"https:\/\/www.rattiluino.com\/es\/wp-json\/wp\/v2\/pages\/1305","targetHints":{"allow":["GET"]}}],"collection":[{"href":"https:\/\/www.rattiluino.com\/es\/wp-json\/wp\/v2\/pages"}],"about":[{"href":"https:\/\/www.rattiluino.com\/es\/wp-json\/wp\/v2\/types\/page"}],"author":[{"embeddable":true,"href":"https:\/\/www.rattiluino.com\/es\/wp-json\/wp\/v2\/users\/4"}],"replies":[{"embeddable":true,"href":"https:\/\/www.rattiluino.com\/es\/wp-json\/wp\/v2\/comments?post=1305"}],"version-history":[{"count":0,"href":"https:\/\/www.rattiluino.com\/es\/wp-json\/wp\/v2\/pages\/1305\/revisions"}],"up":[{"embeddable":true,"href":"https:\/\/www.rattiluino.com\/es\/wp-json\/wp\/v2\/pages\/1304"}],"wp:attachment":[{"href":"https:\/\/www.rattiluino.com\/es\/wp-json\/wp\/v2\/media?parent=1305"}],"curies":[{"name":"wp","href":"https:\/\/api.w.org\/{rel}","templated":true}]}}