{"id":1307,"date":"2018-04-27T11:47:56","date_gmt":"2018-04-27T09:47:56","guid":{"rendered":"http:\/\/www.rattiluino.com\/linea-ratti\/crepe-texturizado\/"},"modified":"2018-04-27T11:47:58","modified_gmt":"2018-04-27T09:47:58","slug":"crepe-texturizado","status":"publish","type":"page","link":"https:\/\/www.rattiluino.com\/es\/linea-ratti\/crepe-texturizado\/","title":{"rendered":"Crep\u00e9 Texturizado"},"content":{"rendered":"<div class=\"fusion-fullwidth fullwidth-box fusion-builder-row-1 nonhundred-percent-fullwidth non-hundred-percent-height-scrolling\" style=\"--awb-border-radius-top-left:0px;--awb-border-radius-top-right:0px;--awb-border-radius-bottom-right:0px;--awb-border-radius-bottom-left:0px;--awb-flex-wrap:wrap;\" ><div class=\"fusion-builder-row fusion-row\"><div class=\"fusion-layout-column fusion_builder_column fusion-builder-column-0 fusion_builder_column_1_2 1_2 fusion-one-half fusion-column-first\" style=\"--awb-bg-size:cover;width:50%;width:calc(50% - ( ( 4% ) * 0.5 ) );margin-right: 4%;\"><div class=\"fusion-column-wrapper fusion-flex-column-wrapper-legacy\"><div class=\"fusion-title title fusion-title-1 fusion-title-text fusion-title-size-two\"><h2 class=\"fusion-title-heading title-heading-left\" style=\"margin:0;\">Description<\/h2><span class=\"awb-title-spacer\"><\/span><div class=\"title-sep-container\"><div class=\"title-sep sep-double sep-solid\" style=\"border-color:#9cb6c3;\"><\/div><\/div><\/div><div class=\"fusion-text fusion-text-1\"><p>Con este particular proceso, com\u00fanmente definido \u00abDFT\u00bb, que combina la doble torsi\u00f3n y falsa torsi\u00f3n (con huso \u00abdi\u00e1bolo\u00bb) en un solo paso,\u00a0se pueden producir hilos para tejidos as\u00ed-llamados \u00absilk-like\u00bb, con un efecto crespo marcados y con un menor n\u00famero de torisi\u00f3n por metro en comparaci\u00f3n con los\u00a0hiloscrespos \u00a0tradicional. As\u00ed es posible obtener, con un\u00a0hilados de poli\u00e9ster normales,\u00a0aquellos efectos que normalmente requieren el uso de cables con bajo indentaci\u00f3n residual. En esta gama se inserta la m\u00e1quina en versi\u00f3n \u00abDFT Fantasia\u00bb.\u00a0A trav\u00e9s de un controlo computerizado, trabajando en variaciones de voltaje programable y falsos torisi\u00f3nes, este modelo \u00a0permite combinar con el normal crep\u00e9 texturizado \u00a0tambi\u00e9n efectos de falsa torsi\u00f3n (de fuego y hoyuelos) ajustables, dando al hilo\u00a0diferentes aspectosen su longitud .\u00a0El ordenador asegura una perfecta reproducci\u00f3n del efecto, tambi\u00e9n \u00a0introduciendo de las variables (programables) con el fin de evitar la repetici\u00f3n constante del efecto durante la tejedura (lo que producir\u00eda un dise\u00f1o no deseado sobre la tela).<\/p>\n<\/div><div class=\"fusion-clearfix\"><\/div><\/div><\/div><div class=\"fusion-layout-column fusion_builder_column fusion-builder-column-1 fusion_builder_column_1_2 1_2 fusion-one-half fusion-column-last\" style=\"--awb-bg-size:cover;width:50%;width:calc(50% - ( ( 4% ) * 0.5 ) );\"><div class=\"fusion-column-wrapper fusion-flex-column-wrapper-legacy\"><div class=\"fusion-title title fusion-title-2 fusion-title-text fusion-title-size-two\"><h2 class=\"fusion-title-heading title-heading-left\" style=\"margin:0;\">m\u00e1quinas disponibles<\/h2><span class=\"awb-title-spacer\"><\/span><div class=\"title-sep-container\"><div class=\"title-sep sep-double sep-solid\" style=\"border-color:#9cb6c3;\"><\/div><\/div><\/div><div class=\"woocommerce columns-3 \"><\/div><div class=\"fusion-clearfix\"><\/div><\/div><\/div><\/div><\/div>\n","protected":false},"excerpt":{"rendered":"","protected":false},"author":4,"featured_media":0,"parent":1304,"menu_order":3,"comment_status":"closed","ping_status":"closed","template":"","meta":{"_exactmetrics_skip_tracking":false,"_exactmetrics_sitenote_active":false,"_exactmetrics_sitenote_note":"","_exactmetrics_sitenote_category":0,"footnotes":""},"class_list":["post-1307","page","type-page","status-publish","hentry"],"yoast_head":"<!-- This site is optimized with the Yoast SEO plugin v26.8 - https:\/\/yoast.com\/product\/yoast-seo-wordpress\/ -->\n<title>Crep\u00e9 Texturizado - Ratti Luino S.R.L.<\/title>\n<meta name=\"description\" content=\"Con este particular proceso se pueden producir hilos para tejidos as\u00ed-llamados &quot;silk-like&quot;, con un efecto crespo marcados y con un menor n\u00famero de torisi\u00f3n por metro.\" \/>\n<meta name=\"robots\" content=\"index, follow, max-snippet:-1, max-image-preview:large, max-video-preview:-1\" \/>\n<link rel=\"canonical\" href=\"https:\/\/www.rattiluino.com\/es\/linea-ratti\/crepe-texturizado\/\" \/>\n<meta property=\"og:locale\" content=\"es_ES\" \/>\n<meta property=\"og:type\" content=\"article\" \/>\n<meta property=\"og:title\" content=\"Crep\u00e9 Texturizado - Ratti Luino S.R.L.\" \/>\n<meta property=\"og:description\" content=\"Con este particular proceso se pueden producir hilos para tejidos as\u00ed-llamados &quot;silk-like&quot;, con un efecto crespo marcados y con un menor n\u00famero de torisi\u00f3n por metro.\" \/>\n<meta property=\"og:url\" content=\"https:\/\/www.rattiluino.com\/es\/linea-ratti\/crepe-texturizado\/\" \/>\n<meta property=\"og:site_name\" content=\"Ratti Luino S.R.L.\" \/>\n<meta property=\"article:modified_time\" content=\"2018-04-27T09:47:58+00:00\" \/>\n<meta name=\"twitter:card\" content=\"summary_large_image\" \/>\n<meta name=\"twitter:label1\" content=\"Tiempo de lectura\" \/>\n\t<meta name=\"twitter:data1\" content=\"2 minutos\" \/>\n<script type=\"application\/ld+json\" class=\"yoast-schema-graph\">{\"@context\":\"https:\/\/schema.org\",\"@graph\":[{\"@type\":\"WebPage\",\"@id\":\"https:\/\/www.rattiluino.com\/es\/linea-ratti\/crepe-texturizado\/\",\"url\":\"https:\/\/www.rattiluino.com\/es\/linea-ratti\/crepe-texturizado\/\",\"name\":\"Crep\u00e9 Texturizado - Ratti Luino S.R.L.\",\"isPartOf\":{\"@id\":\"https:\/\/www.rattiluino.com\/#website\"},\"datePublished\":\"2018-04-27T09:47:56+00:00\",\"dateModified\":\"2018-04-27T09:47:58+00:00\",\"description\":\"Con este particular proceso se pueden producir hilos para tejidos as\u00ed-llamados \\\"silk-like\\\", con un efecto crespo marcados y con un menor n\u00famero de torisi\u00f3n por metro.\",\"breadcrumb\":{\"@id\":\"https:\/\/www.rattiluino.com\/es\/linea-ratti\/crepe-texturizado\/#breadcrumb\"},\"inLanguage\":\"es\",\"potentialAction\":[{\"@type\":\"ReadAction\",\"target\":[\"https:\/\/www.rattiluino.com\/es\/linea-ratti\/crepe-texturizado\/\"]}]},{\"@type\":\"BreadcrumbList\",\"@id\":\"https:\/\/www.rattiluino.com\/es\/linea-ratti\/crepe-texturizado\/#breadcrumb\",\"itemListElement\":[{\"@type\":\"ListItem\",\"position\":1,\"name\":\"Home\",\"item\":\"https:\/\/www.rattiluino.com\/es\/\"},{\"@type\":\"ListItem\",\"position\":2,\"name\":\"Linea Ratti\",\"item\":\"https:\/\/www.rattiluino.com\/es\/linea-ratti\/\"},{\"@type\":\"ListItem\",\"position\":3,\"name\":\"Crep\u00e9 Texturizado\"}]},{\"@type\":\"WebSite\",\"@id\":\"https:\/\/www.rattiluino.com\/#website\",\"url\":\"https:\/\/www.rattiluino.com\/\",\"name\":\"Ratti Luino S.R.L.\",\"description\":\"Leaders in twisting technology since 1869\",\"publisher\":{\"@id\":\"https:\/\/www.rattiluino.com\/#organization\"},\"potentialAction\":[{\"@type\":\"SearchAction\",\"target\":{\"@type\":\"EntryPoint\",\"urlTemplate\":\"https:\/\/www.rattiluino.com\/?s={search_term_string}\"},\"query-input\":{\"@type\":\"PropertyValueSpecification\",\"valueRequired\":true,\"valueName\":\"search_term_string\"}}],\"inLanguage\":\"es\"},{\"@type\":\"Organization\",\"@id\":\"https:\/\/www.rattiluino.com\/#organization\",\"name\":\"Ratti Luino S.R.L.\",\"url\":\"https:\/\/www.rattiluino.com\/\",\"logo\":{\"@type\":\"ImageObject\",\"inLanguage\":\"es\",\"@id\":\"https:\/\/www.rattiluino.com\/#\/schema\/logo\/image\/\",\"url\":\"https:\/\/www.rattiluino.com\/wp-content\/uploads\/2017\/07\/logo-ratti-rete-di-vendita.png\",\"contentUrl\":\"https:\/\/www.rattiluino.com\/wp-content\/uploads\/2017\/07\/logo-ratti-rete-di-vendita.png\",\"width\":365,\"height\":365,\"caption\":\"Ratti Luino S.R.L.\"},\"image\":{\"@id\":\"https:\/\/www.rattiluino.com\/#\/schema\/logo\/image\/\"},\"sameAs\":[\"https:\/\/www.linkedin.com\/company\/ratti-luino-s-r-l\/\"]}]}<\/script>\n<!-- \/ Yoast SEO plugin. -->","yoast_head_json":{"title":"Crep\u00e9 Texturizado - Ratti Luino S.R.L.","description":"Con este particular proceso se pueden producir hilos para tejidos as\u00ed-llamados \"silk-like\", con un efecto crespo marcados y con un menor n\u00famero de torisi\u00f3n por metro.","robots":{"index":"index","follow":"follow","max-snippet":"max-snippet:-1","max-image-preview":"max-image-preview:large","max-video-preview":"max-video-preview:-1"},"canonical":"https:\/\/www.rattiluino.com\/es\/linea-ratti\/crepe-texturizado\/","og_locale":"es_ES","og_type":"article","og_title":"Crep\u00e9 Texturizado - Ratti Luino S.R.L.","og_description":"Con este particular proceso se pueden producir hilos para tejidos as\u00ed-llamados \"silk-like\", con un efecto crespo marcados y con un menor n\u00famero de torisi\u00f3n por metro.","og_url":"https:\/\/www.rattiluino.com\/es\/linea-ratti\/crepe-texturizado\/","og_site_name":"Ratti Luino S.R.L.","article_modified_time":"2018-04-27T09:47:58+00:00","twitter_card":"summary_large_image","twitter_misc":{"Tiempo de lectura":"2 minutos"},"schema":{"@context":"https:\/\/schema.org","@graph":[{"@type":"WebPage","@id":"https:\/\/www.rattiluino.com\/es\/linea-ratti\/crepe-texturizado\/","url":"https:\/\/www.rattiluino.com\/es\/linea-ratti\/crepe-texturizado\/","name":"Crep\u00e9 Texturizado - Ratti Luino S.R.L.","isPartOf":{"@id":"https:\/\/www.rattiluino.com\/#website"},"datePublished":"2018-04-27T09:47:56+00:00","dateModified":"2018-04-27T09:47:58+00:00","description":"Con este particular proceso se pueden producir hilos para tejidos as\u00ed-llamados \"silk-like\", con un efecto crespo marcados y con un menor n\u00famero de torisi\u00f3n por metro.","breadcrumb":{"@id":"https:\/\/www.rattiluino.com\/es\/linea-ratti\/crepe-texturizado\/#breadcrumb"},"inLanguage":"es","potentialAction":[{"@type":"ReadAction","target":["https:\/\/www.rattiluino.com\/es\/linea-ratti\/crepe-texturizado\/"]}]},{"@type":"BreadcrumbList","@id":"https:\/\/www.rattiluino.com\/es\/linea-ratti\/crepe-texturizado\/#breadcrumb","itemListElement":[{"@type":"ListItem","position":1,"name":"Home","item":"https:\/\/www.rattiluino.com\/es\/"},{"@type":"ListItem","position":2,"name":"Linea Ratti","item":"https:\/\/www.rattiluino.com\/es\/linea-ratti\/"},{"@type":"ListItem","position":3,"name":"Crep\u00e9 Texturizado"}]},{"@type":"WebSite","@id":"https:\/\/www.rattiluino.com\/#website","url":"https:\/\/www.rattiluino.com\/","name":"Ratti Luino S.R.L.","description":"Leaders in twisting technology since 1869","publisher":{"@id":"https:\/\/www.rattiluino.com\/#organization"},"potentialAction":[{"@type":"SearchAction","target":{"@type":"EntryPoint","urlTemplate":"https:\/\/www.rattiluino.com\/?s={search_term_string}"},"query-input":{"@type":"PropertyValueSpecification","valueRequired":true,"valueName":"search_term_string"}}],"inLanguage":"es"},{"@type":"Organization","@id":"https:\/\/www.rattiluino.com\/#organization","name":"Ratti Luino S.R.L.","url":"https:\/\/www.rattiluino.com\/","logo":{"@type":"ImageObject","inLanguage":"es","@id":"https:\/\/www.rattiluino.com\/#\/schema\/logo\/image\/","url":"https:\/\/www.rattiluino.com\/wp-content\/uploads\/2017\/07\/logo-ratti-rete-di-vendita.png","contentUrl":"https:\/\/www.rattiluino.com\/wp-content\/uploads\/2017\/07\/logo-ratti-rete-di-vendita.png","width":365,"height":365,"caption":"Ratti Luino S.R.L."},"image":{"@id":"https:\/\/www.rattiluino.com\/#\/schema\/logo\/image\/"},"sameAs":["https:\/\/www.linkedin.com\/company\/ratti-luino-s-r-l\/"]}]}},"_links":{"self":[{"href":"https:\/\/www.rattiluino.com\/es\/wp-json\/wp\/v2\/pages\/1307","targetHints":{"allow":["GET"]}}],"collection":[{"href":"https:\/\/www.rattiluino.com\/es\/wp-json\/wp\/v2\/pages"}],"about":[{"href":"https:\/\/www.rattiluino.com\/es\/wp-json\/wp\/v2\/types\/page"}],"author":[{"embeddable":true,"href":"https:\/\/www.rattiluino.com\/es\/wp-json\/wp\/v2\/users\/4"}],"replies":[{"embeddable":true,"href":"https:\/\/www.rattiluino.com\/es\/wp-json\/wp\/v2\/comments?post=1307"}],"version-history":[{"count":0,"href":"https:\/\/www.rattiluino.com\/es\/wp-json\/wp\/v2\/pages\/1307\/revisions"}],"up":[{"embeddable":true,"href":"https:\/\/www.rattiluino.com\/es\/wp-json\/wp\/v2\/pages\/1304"}],"wp:attachment":[{"href":"https:\/\/www.rattiluino.com\/es\/wp-json\/wp\/v2\/media?parent=1307"}],"curies":[{"name":"wp","href":"https:\/\/api.w.org\/{rel}","templated":true}]}}