{"id":1318,"date":"2018-04-27T14:50:43","date_gmt":"2018-04-27T12:50:43","guid":{"rendered":"http:\/\/www.rattiluino.com\/linea-omm\/"},"modified":"2021-09-16T16:19:35","modified_gmt":"2021-09-16T14:19:35","slug":"linea-omm","status":"publish","type":"page","link":"https:\/\/www.rattiluino.com\/es\/linea-omm\/","title":{"rendered":"L\u00ednea OMM &#038; Menegatto"},"content":{"rendered":"<p><div class=\"fusion-fullwidth fullwidth-box fusion-builder-row-1 nonhundred-percent-fullwidth non-hundred-percent-height-scrolling\" style=\"--awb-border-radius-top-left:0px;--awb-border-radius-top-right:0px;--awb-border-radius-bottom-right:0px;--awb-border-radius-bottom-left:0px;--awb-flex-wrap:wrap;\" ><div class=\"fusion-builder-row fusion-row\"><div class=\"fusion-layout-column fusion_builder_column fusion-builder-column-0 fusion_builder_column_1_2 1_2 fusion-one-half fusion-column-first\" style=\"--awb-bg-size:cover;width:50%;width:calc(50% - ( ( 4% ) * 0.5 ) );margin-right: 4%;\"><div class=\"fusion-column-wrapper fusion-flex-column-wrapper-legacy\"><div class=\"fusion-image-element fusion-image-align-center in-legacy-container\" style=\"text-align:center;--awb-liftup-border-radius:0px;--awb-caption-title-font-family:var(--h2_typography-font-family);--awb-caption-title-font-weight:var(--h2_typography-font-weight);--awb-caption-title-font-style:var(--h2_typography-font-style);--awb-caption-title-size:var(--h2_typography-font-size);--awb-caption-title-transform:var(--h2_typography-text-transform);--awb-caption-title-line-height:var(--h2_typography-line-height);--awb-caption-title-letter-spacing:var(--h2_typography-letter-spacing);\"><div class=\"imageframe-align-center\"><div class=\"awb-image-frame awb-image-frame-1 imageframe-liftup\"><span class=\" fusion-imageframe imageframe-none imageframe-1\"><img decoding=\"async\" width=\"900\" height=\"500\" src=\"https:\/\/www.rattiluino.com\/wp-content\/uploads\/2017\/10\/omm.jpg\" alt class=\"img-responsive wp-image-539\" srcset=\"https:\/\/www.rattiluino.com\/wp-content\/uploads\/2017\/10\/omm-200x111.jpg 200w, https:\/\/www.rattiluino.com\/wp-content\/uploads\/2017\/10\/omm-400x222.jpg 400w, https:\/\/www.rattiluino.com\/wp-content\/uploads\/2017\/10\/omm-600x333.jpg 600w, https:\/\/www.rattiluino.com\/wp-content\/uploads\/2017\/10\/omm-800x444.jpg 800w, https:\/\/www.rattiluino.com\/wp-content\/uploads\/2017\/10\/omm.jpg 900w\" sizes=\"(max-width: 800px) 100vw, 600px\" \/><\/span><\/div><\/div><\/div><div class=\"fusion-clearfix\"><\/div><\/div><\/div><div class=\"fusion-layout-column fusion_builder_column fusion-builder-column-1 fusion_builder_column_1_2 1_2 fusion-one-half fusion-column-last\" style=\"--awb-bg-size:cover;width:50%;width:calc(50% - ( ( 4% ) * 0.5 ) );\"><div class=\"fusion-column-wrapper fusion-flex-column-wrapper-legacy\"><div class=\"fusion-title title fusion-title-1 fusion-title-text fusion-title-size-two\"><h2 class=\"fusion-title-heading title-heading-left\" style=\"margin:0;\">una generaci\u00f3n de m\u00e1quinas totalmente nuevas<\/h2><span class=\"awb-title-spacer\"><\/span><div class=\"title-sep-container\"><div class=\"title-sep sep-double sep-solid\" style=\"border-color:#9cb6c3;\"><\/div><\/div><\/div><div class=\"fusion-text fusion-text-1\"><p>La gama de m\u00e1quinas para el recubrimiento de hilos elasticos (spandex o caucho) es ahora a\u00fan m\u00e1s completa,\u00a0la adquisici\u00f3n de la marca de la OMM ha creado una generaci\u00f3n de m\u00e1quinas\u00a0SP-R\u00a0totalmente nuevas, \u00a0a\u00fan m\u00e1s vers\u00e1til y adaptable a todas las necesidades de los clientes, los puntos fuertes de estos modelos son la simplicidad de uso y la calidad del producto. Todas las m\u00e1quinas tan Ratti como OMM pueden ser configuradas tan para la simple como la doble entorchado, permiten \u00a0realizar bobinas para el uso directo, gracias a la particular y sofisticada vaiven que puede ser mec\u00e1nica o electr\u00f3nica; las secciones son\u00a0de f\u00e1cil acceso para un mantenimiento r\u00e1pido que garantiza minimizar el tiempo de inactividad. La gama Ratti puede ser equipada con husos FAG US o USL que permiten, gracias a la particular armonizaci\u00f3n entre m\u00e1quina y huso, de utilizar\u00a0particularmente altas velocidades con fuerte amortiguaci\u00f3n de las vibraciones. Las m\u00e1quinas OMM son equipadas con huso OMM de nuestra producci\u00f3n, el tipo SX o SX-HD es elegido en funci\u00f3n del tipo de\u00a0art\u00edculo requerido por el cliente, todos los husos son fabricados y probados en nuestro interior, la posibilidad de sustituir los rodamientos los hace fiables en el tiempo.<\/p>\n<\/div><div class=\"fusion-clearfix\"><\/div><\/div><\/div><\/div><\/div><div class=\"fusion-fullwidth fullwidth-box fusion-builder-row-2 nonhundred-percent-fullwidth non-hundred-percent-height-scrolling\" style=\"--awb-border-radius-top-left:0px;--awb-border-radius-top-right:0px;--awb-border-radius-bottom-right:0px;--awb-border-radius-bottom-left:0px;--awb-margin-top:40px;--awb-flex-wrap:wrap;\" ><div class=\"fusion-builder-row fusion-row\"><div class=\"fusion-layout-column fusion_builder_column fusion-builder-column-2 fusion_builder_column_1_2 1_2 fusion-one-half fusion-column-first\" style=\"--awb-bg-size:cover;width:50%;width:calc(50% - ( ( 4% ) * 0.5 ) );margin-right: 4%;\"><div class=\"fusion-column-wrapper fusion-flex-column-wrapper-legacy\"><div class=\"fusion-title title fusion-title-2 fusion-title-text fusion-title-size-two\"><h2 class=\"fusion-title-heading title-heading-left\" style=\"margin:0;\">Recubrimiento Hilos Elasticos<\/h2><span class=\"awb-title-spacer\"><\/span><div class=\"title-sep-container\"><div class=\"title-sep sep-double sep-solid\" style=\"border-color:#9cb6c3;\"><\/div><\/div><\/div><div class=\"woocommerce columns-3 \"><ul class=\"products clearfix products-3\">\n<li class=\"product type-product post-3599 status-publish first instock product_cat-ricopertura-fili-elastici-linea-omm product_cat-spiralatura product_tag-covering-machine product_tag-covering-machines product_tag-made-in-italy product_tag-menegatto product_tag-ratti-luino has-post-thumbnail shipping-taxable product-type-simple product-grid-view\">\n\t<div class=\"fusion-product-wrapper\">\n\n<div class=\"fusion-clean-product-image-wrapper \">\n\t<div  class=\"fusion-image-wrapper fusion-image-size-fixed\" aria-haspopup=\"true\">\n\t\t\t\t<img decoding=\"async\" width=\"500\" height=\"795\" src=\"https:\/\/www.rattiluino.com\/wp-content\/uploads\/2021\/04\/MACCHINA_modificata-500x795.png\" class=\"attachment-woocommerce_thumbnail size-woocommerce_thumbnail wp-post-image\" alt=\"\" srcset=\"https:\/\/www.rattiluino.com\/wp-content\/uploads\/2021\/04\/MACCHINA_modificata-75x120.png 75w, https:\/\/www.rattiluino.com\/wp-content\/uploads\/2021\/04\/MACCHINA_modificata-94x150.png 94w, https:\/\/www.rattiluino.com\/wp-content\/uploads\/2021\/04\/MACCHINA_modificata-189x300.png 189w, https:\/\/www.rattiluino.com\/wp-content\/uploads\/2021\/04\/MACCHINA_modificata-200x318.png 200w, https:\/\/www.rattiluino.com\/wp-content\/uploads\/2021\/04\/MACCHINA_modificata-400x636.png 400w, https:\/\/www.rattiluino.com\/wp-content\/uploads\/2021\/04\/MACCHINA_modificata-500x795.png 500w, https:\/\/www.rattiluino.com\/wp-content\/uploads\/2021\/04\/MACCHINA_modificata-600x954.png 600w, https:\/\/www.rattiluino.com\/wp-content\/uploads\/2021\/04\/MACCHINA_modificata-644x1024.png 644w, https:\/\/www.rattiluino.com\/wp-content\/uploads\/2021\/04\/MACCHINA_modificata-700x1113.png 700w, https:\/\/www.rattiluino.com\/wp-content\/uploads\/2021\/04\/MACCHINA_modificata-768x1222.png 768w, https:\/\/www.rattiluino.com\/wp-content\/uploads\/2021\/04\/MACCHINA_modificata-800x1272.png 800w, https:\/\/www.rattiluino.com\/wp-content\/uploads\/2021\/04\/MACCHINA_modificata.png 906w\" sizes=\"(max-width: 500px) 100vw, 500px\" \/><div class=\"fusion-rollover\">\n\t<div class=\"fusion-rollover-content\">\n\n\t\t\t\t\n\t\t\n\t\t\t\t\t\t\t\t\n\t\t\t\t\t\t\t\t\n\t\t\n\t\t\t\t\t\t\t\t\t\t\t\t\t\t\t\n\t\t\t\t\t\t\n\t\t\t\t\t\t\t\t\t\t<div class=\"fusion-product-buttons\">\n\t\t\t\t\t\n<a href=\"https:\/\/www.rattiluino.com\/es\/prodotto\/omm-21\/\" class=\"show_details_button\" style=\"float:none;max-width:none;text-align:center;\">\n\tDetails<\/a>\n\n\t\t\t\t<\/div>\n\t\t\t\t\t\t\t\t\t<a class=\"fusion-link-wrapper\" href=\"https:\/\/www.rattiluino.com\/es\/prodotto\/omm-21\/\" aria-label=\"Menegatto 21\"><\/a>\n\t<\/div>\n<\/div>\n<\/div>\n<\/div>\n<div class=\"fusion-product-content\">\n\t<div class=\"product-details\">\n\t\t<div class=\"product-details-container\">\n<h3 class=\"product-title\">\n\t<a href=\"https:\/\/www.rattiluino.com\/es\/prodotto\/omm-21\/\">\n\t\tMenegatto 21\t<\/a>\n<\/h3>\n<div class=\"fusion-price-rating\">\n\n\t\t<\/div>\n\t<\/div>\n<\/div>\n\n\t<\/div> \n\n\n<\/div>\n<\/li>\n<\/ul>\n<\/div><div class=\"fusion-clearfix\"><\/div><\/div><\/div><div class=\"fusion-layout-column fusion_builder_column fusion-builder-column-3 fusion_builder_column_1_2 1_2 fusion-one-half fusion-column-last\" style=\"--awb-bg-size:cover;width:50%;width:calc(50% - ( ( 4% ) * 0.5 ) );\"><div class=\"fusion-column-wrapper fusion-flex-column-wrapper-legacy\"><div class=\"fusion-clearfix\"><\/div><\/div><\/div><\/div><\/div><\/p>\n","protected":false},"excerpt":{"rendered":"","protected":false},"author":4,"featured_media":0,"parent":0,"menu_order":3,"comment_status":"closed","ping_status":"closed","template":"","meta":{"_exactmetrics_skip_tracking":false,"_exactmetrics_sitenote_active":false,"_exactmetrics_sitenote_note":"","_exactmetrics_sitenote_category":0,"footnotes":""},"class_list":["post-1318","page","type-page","status-publish","hentry"],"yoast_head":"<!-- This site is optimized with the Yoast SEO plugin v26.8 - https:\/\/yoast.com\/product\/yoast-seo-wordpress\/ -->\n<title>L\u00ednea OMM &amp; Menegatto - Ratti Luino S.R.L.<\/title>\n<meta name=\"description\" content=\"La adquisici\u00f3n de la marca de la OMM ha creado una generaci\u00f3n de m\u00e1quinas SP-R totalmente nuevas, a\u00fan m\u00e1s vers\u00e1til y adaptable a todas las necesidades de los clientes.\" \/>\n<meta name=\"robots\" content=\"index, follow, max-snippet:-1, max-image-preview:large, max-video-preview:-1\" \/>\n<link rel=\"canonical\" href=\"https:\/\/www.rattiluino.com\/es\/linea-omm\/\" \/>\n<meta property=\"og:locale\" content=\"es_ES\" \/>\n<meta property=\"og:type\" content=\"article\" \/>\n<meta property=\"og:title\" content=\"L\u00ednea OMM &amp; Menegatto - Ratti Luino S.R.L.\" \/>\n<meta property=\"og:description\" content=\"La adquisici\u00f3n de la marca de la OMM ha creado una generaci\u00f3n de m\u00e1quinas SP-R totalmente nuevas, a\u00fan m\u00e1s vers\u00e1til y adaptable a todas las necesidades de los clientes.\" \/>\n<meta property=\"og:url\" content=\"https:\/\/www.rattiluino.com\/es\/linea-omm\/\" \/>\n<meta property=\"og:site_name\" content=\"Ratti Luino S.R.L.\" \/>\n<meta property=\"article:modified_time\" content=\"2021-09-16T14:19:35+00:00\" \/>\n<meta name=\"twitter:card\" content=\"summary_large_image\" \/>\n<meta name=\"twitter:label1\" content=\"Tiempo de lectura\" \/>\n\t<meta name=\"twitter:data1\" content=\"4 minutos\" \/>\n<script type=\"application\/ld+json\" class=\"yoast-schema-graph\">{\"@context\":\"https:\/\/schema.org\",\"@graph\":[{\"@type\":\"WebPage\",\"@id\":\"https:\/\/www.rattiluino.com\/es\/linea-omm\/\",\"url\":\"https:\/\/www.rattiluino.com\/es\/linea-omm\/\",\"name\":\"L\u00ednea OMM & Menegatto - Ratti Luino S.R.L.\",\"isPartOf\":{\"@id\":\"https:\/\/www.rattiluino.com\/#website\"},\"datePublished\":\"2018-04-27T12:50:43+00:00\",\"dateModified\":\"2021-09-16T14:19:35+00:00\",\"description\":\"La adquisici\u00f3n de la marca de la OMM ha creado una generaci\u00f3n de m\u00e1quinas SP-R totalmente nuevas, a\u00fan m\u00e1s vers\u00e1til y adaptable a todas las necesidades de los clientes.\",\"breadcrumb\":{\"@id\":\"https:\/\/www.rattiluino.com\/es\/linea-omm\/#breadcrumb\"},\"inLanguage\":\"es\",\"potentialAction\":[{\"@type\":\"ReadAction\",\"target\":[\"https:\/\/www.rattiluino.com\/es\/linea-omm\/\"]}]},{\"@type\":\"BreadcrumbList\",\"@id\":\"https:\/\/www.rattiluino.com\/es\/linea-omm\/#breadcrumb\",\"itemListElement\":[{\"@type\":\"ListItem\",\"position\":1,\"name\":\"Home\",\"item\":\"https:\/\/www.rattiluino.com\/es\/\"},{\"@type\":\"ListItem\",\"position\":2,\"name\":\"L\u00ednea OMM &#038; Menegatto\"}]},{\"@type\":\"WebSite\",\"@id\":\"https:\/\/www.rattiluino.com\/#website\",\"url\":\"https:\/\/www.rattiluino.com\/\",\"name\":\"Ratti Luino S.R.L.\",\"description\":\"Leaders in twisting technology since 1869\",\"publisher\":{\"@id\":\"https:\/\/www.rattiluino.com\/#organization\"},\"potentialAction\":[{\"@type\":\"SearchAction\",\"target\":{\"@type\":\"EntryPoint\",\"urlTemplate\":\"https:\/\/www.rattiluino.com\/?s={search_term_string}\"},\"query-input\":{\"@type\":\"PropertyValueSpecification\",\"valueRequired\":true,\"valueName\":\"search_term_string\"}}],\"inLanguage\":\"es\"},{\"@type\":\"Organization\",\"@id\":\"https:\/\/www.rattiluino.com\/#organization\",\"name\":\"Ratti Luino S.R.L.\",\"url\":\"https:\/\/www.rattiluino.com\/\",\"logo\":{\"@type\":\"ImageObject\",\"inLanguage\":\"es\",\"@id\":\"https:\/\/www.rattiluino.com\/#\/schema\/logo\/image\/\",\"url\":\"https:\/\/www.rattiluino.com\/wp-content\/uploads\/2017\/07\/logo-ratti-rete-di-vendita.png\",\"contentUrl\":\"https:\/\/www.rattiluino.com\/wp-content\/uploads\/2017\/07\/logo-ratti-rete-di-vendita.png\",\"width\":365,\"height\":365,\"caption\":\"Ratti Luino S.R.L.\"},\"image\":{\"@id\":\"https:\/\/www.rattiluino.com\/#\/schema\/logo\/image\/\"},\"sameAs\":[\"https:\/\/www.linkedin.com\/company\/ratti-luino-s-r-l\/\"]}]}<\/script>\n<!-- \/ Yoast SEO plugin. -->","yoast_head_json":{"title":"L\u00ednea OMM & Menegatto - Ratti Luino S.R.L.","description":"La adquisici\u00f3n de la marca de la OMM ha creado una generaci\u00f3n de m\u00e1quinas SP-R totalmente nuevas, a\u00fan m\u00e1s vers\u00e1til y adaptable a todas las necesidades de los clientes.","robots":{"index":"index","follow":"follow","max-snippet":"max-snippet:-1","max-image-preview":"max-image-preview:large","max-video-preview":"max-video-preview:-1"},"canonical":"https:\/\/www.rattiluino.com\/es\/linea-omm\/","og_locale":"es_ES","og_type":"article","og_title":"L\u00ednea OMM & Menegatto - Ratti Luino S.R.L.","og_description":"La adquisici\u00f3n de la marca de la OMM ha creado una generaci\u00f3n de m\u00e1quinas SP-R totalmente nuevas, a\u00fan m\u00e1s vers\u00e1til y adaptable a todas las necesidades de los clientes.","og_url":"https:\/\/www.rattiluino.com\/es\/linea-omm\/","og_site_name":"Ratti Luino S.R.L.","article_modified_time":"2021-09-16T14:19:35+00:00","twitter_card":"summary_large_image","twitter_misc":{"Tiempo de lectura":"4 minutos"},"schema":{"@context":"https:\/\/schema.org","@graph":[{"@type":"WebPage","@id":"https:\/\/www.rattiluino.com\/es\/linea-omm\/","url":"https:\/\/www.rattiluino.com\/es\/linea-omm\/","name":"L\u00ednea OMM & Menegatto - Ratti Luino S.R.L.","isPartOf":{"@id":"https:\/\/www.rattiluino.com\/#website"},"datePublished":"2018-04-27T12:50:43+00:00","dateModified":"2021-09-16T14:19:35+00:00","description":"La adquisici\u00f3n de la marca de la OMM ha creado una generaci\u00f3n de m\u00e1quinas SP-R totalmente nuevas, a\u00fan m\u00e1s vers\u00e1til y adaptable a todas las necesidades de los clientes.","breadcrumb":{"@id":"https:\/\/www.rattiluino.com\/es\/linea-omm\/#breadcrumb"},"inLanguage":"es","potentialAction":[{"@type":"ReadAction","target":["https:\/\/www.rattiluino.com\/es\/linea-omm\/"]}]},{"@type":"BreadcrumbList","@id":"https:\/\/www.rattiluino.com\/es\/linea-omm\/#breadcrumb","itemListElement":[{"@type":"ListItem","position":1,"name":"Home","item":"https:\/\/www.rattiluino.com\/es\/"},{"@type":"ListItem","position":2,"name":"L\u00ednea OMM &#038; Menegatto"}]},{"@type":"WebSite","@id":"https:\/\/www.rattiluino.com\/#website","url":"https:\/\/www.rattiluino.com\/","name":"Ratti Luino S.R.L.","description":"Leaders in twisting technology since 1869","publisher":{"@id":"https:\/\/www.rattiluino.com\/#organization"},"potentialAction":[{"@type":"SearchAction","target":{"@type":"EntryPoint","urlTemplate":"https:\/\/www.rattiluino.com\/?s={search_term_string}"},"query-input":{"@type":"PropertyValueSpecification","valueRequired":true,"valueName":"search_term_string"}}],"inLanguage":"es"},{"@type":"Organization","@id":"https:\/\/www.rattiluino.com\/#organization","name":"Ratti Luino S.R.L.","url":"https:\/\/www.rattiluino.com\/","logo":{"@type":"ImageObject","inLanguage":"es","@id":"https:\/\/www.rattiluino.com\/#\/schema\/logo\/image\/","url":"https:\/\/www.rattiluino.com\/wp-content\/uploads\/2017\/07\/logo-ratti-rete-di-vendita.png","contentUrl":"https:\/\/www.rattiluino.com\/wp-content\/uploads\/2017\/07\/logo-ratti-rete-di-vendita.png","width":365,"height":365,"caption":"Ratti Luino S.R.L."},"image":{"@id":"https:\/\/www.rattiluino.com\/#\/schema\/logo\/image\/"},"sameAs":["https:\/\/www.linkedin.com\/company\/ratti-luino-s-r-l\/"]}]}},"_links":{"self":[{"href":"https:\/\/www.rattiluino.com\/es\/wp-json\/wp\/v2\/pages\/1318","targetHints":{"allow":["GET"]}}],"collection":[{"href":"https:\/\/www.rattiluino.com\/es\/wp-json\/wp\/v2\/pages"}],"about":[{"href":"https:\/\/www.rattiluino.com\/es\/wp-json\/wp\/v2\/types\/page"}],"author":[{"embeddable":true,"href":"https:\/\/www.rattiluino.com\/es\/wp-json\/wp\/v2\/users\/4"}],"replies":[{"embeddable":true,"href":"https:\/\/www.rattiluino.com\/es\/wp-json\/wp\/v2\/comments?post=1318"}],"version-history":[{"count":0,"href":"https:\/\/www.rattiluino.com\/es\/wp-json\/wp\/v2\/pages\/1318\/revisions"}],"wp:attachment":[{"href":"https:\/\/www.rattiluino.com\/es\/wp-json\/wp\/v2\/media?parent=1318"}],"curies":[{"name":"wp","href":"https:\/\/api.w.org\/{rel}","templated":true}]}}