{"id":3874,"date":"2021-04-30T09:23:04","date_gmt":"2021-04-30T07:23:04","guid":{"rendered":"https:\/\/www.rattiluino.com\/?page_id=3874"},"modified":"2021-07-28T09:44:21","modified_gmt":"2021-07-28T07:44:21","slug":"industria-4-0","status":"publish","type":"page","link":"https:\/\/www.rattiluino.com\/es\/industria-4-0\/","title":{"rendered":"Industria 4.0"},"content":{"rendered":"<div class=\"fusion-fullwidth fullwidth-box fusion-builder-row-1 fusion-flex-container nonhundred-percent-fullwidth non-hundred-percent-height-scrolling\" style=\"--awb-border-radius-top-left:0px;--awb-border-radius-top-right:0px;--awb-border-radius-bottom-right:0px;--awb-border-radius-bottom-left:0px;--awb-flex-wrap:wrap;\" ><div class=\"fusion-builder-row fusion-row fusion-flex-align-items-flex-start fusion-flex-content-wrap\" style=\"max-width:1144px;margin-left: calc(-4% \/ 2 );margin-right: calc(-4% \/ 2 );\"><div class=\"fusion-layout-column fusion_builder_column fusion-builder-column-0 fusion_builder_column_1_2 1_2 fusion-flex-column\" style=\"--awb-bg-size:cover;--awb-width-large:50%;--awb-margin-top-large:0px;--awb-spacing-right-large:3.84%;--awb-margin-bottom-large:20px;--awb-spacing-left-large:3.84%;--awb-width-medium:100%;--awb-order-medium:0;--awb-spacing-right-medium:1.92%;--awb-spacing-left-medium:1.92%;--awb-width-small:100%;--awb-order-small:0;--awb-spacing-right-small:1.92%;--awb-spacing-left-small:1.92%;\"><div class=\"fusion-column-wrapper fusion-column-has-shadow fusion-flex-justify-content-flex-start fusion-content-layout-column\"><div class=\"fusion-text fusion-text-1\"><p id=\"tw-target-text\" class=\"tw-data-text tw-text-large XcVN5d tw-ta\" dir=\"ltr\" data-placeholder=\"Traduzione\"><span class=\"Y2IQFc\" lang=\"es\">Todas las m\u00e1quinas Ratti Luino cumplen con los requisitos generales relacionados con la industria 4.0, estando equipadas con las \u00faltimas tecnolog\u00edas de control. <\/span><\/p>\n<p class=\"tw-data-text tw-text-large XcVN5d tw-ta\" dir=\"ltr\" data-placeholder=\"Traduzione\"><span class=\"Y2IQFc\" lang=\"es\">Las tecnolog\u00edas instaladas en nuestras m\u00e1quinas mejoran su eficiencia y seguimiento: por ejemplo, los datos presentes en el panel de control y las configuraciones relacionadas: configuraci\u00f3n de par\u00e1metros de trabajo, almacenamiento de recetas, historial de alarmas, configuraciones de velocidad se pueden configurar a trav\u00e9s del panel de control integrado en la m\u00e1quina, que luego se puede conectar de forma remota a: <\/span><\/p>\n<ul>\n<li class=\"tw-data-text tw-text-large XcVN5d tw-ta\" dir=\"ltr\" data-placeholder=\"Traduzione\"><span class=\"Y2IQFc\" lang=\"es\">Monitorizaci\u00f3n remota de la m\u00e1quina del cliente. <\/span><\/li>\n<li class=\"tw-data-text tw-text-large XcVN5d tw-ta\" dir=\"ltr\" data-placeholder=\"Traduzione\"><span class=\"Y2IQFc\" lang=\"es\">Asistencia remota con un t\u00e9cnico de Ratti para mantenimiento, actualizaciones y resoluci\u00f3n de problemas en la m\u00e1quina. <\/span><\/li>\n<li class=\"tw-data-text tw-text-large XcVN5d tw-ta\" dir=\"ltr\" data-placeholder=\"Traduzione\"><span class=\"Y2IQFc\" lang=\"es\">Transferencia de datos desde el panel de control de la m\u00e1quina a la red de la empresa Ratti, a trav\u00e9s de VPN de t\u00fanel (Virtual Private Network) y est\u00e1ndar OPCUA.<\/span><\/li>\n<\/ul>\n<\/div><\/div><\/div><div class=\"fusion-layout-column fusion_builder_column fusion-builder-column-1 fusion_builder_column_1_2 1_2 fusion-flex-column\" style=\"--awb-bg-size:cover;--awb-width-large:50%;--awb-margin-top-large:0px;--awb-spacing-right-large:3.84%;--awb-margin-bottom-large:20px;--awb-spacing-left-large:3.84%;--awb-width-medium:100%;--awb-order-medium:0;--awb-spacing-right-medium:1.92%;--awb-spacing-left-medium:1.92%;--awb-width-small:100%;--awb-order-small:0;--awb-spacing-right-small:1.92%;--awb-spacing-left-small:1.92%;\"><div class=\"fusion-column-wrapper fusion-column-has-shadow fusion-flex-justify-content-flex-start fusion-content-layout-column\"><div class=\"fusion-slider-sc\"><div class=\"fusion-flexslider-loading flexslider flexslider-hover-type-none\" data-slideshow_autoplay=\"1\" data-slideshow_smooth_height=\"0\" data-slideshow_speed=\"5000\" style=\"max-width:100%;height:100%;\"><ul class=\"slides\"><li class=\"image\"><span class=\"fusion-image-hover-element hover-type-none\"><img decoding=\"async\" src=\"https:\/\/www.rattiluino.com\/wp-content\/uploads\/2017\/10\/FOTO-IND.-4.0_modificata-e1619706768537.jpg\" width=\"1956\" height=\"1452\" class=\"wp-image-3805\" \/><\/span><\/li><li class=\"image\"><span class=\"fusion-image-hover-element hover-type-none\"><img decoding=\"async\" src=\"https:\/\/www.rattiluino.com\/wp-content\/uploads\/2021\/06\/PANNELLO-MACCHINA-per-upgrade-elettrici.png\" width=\"987\" height=\"571\" class=\"wp-image-4989\" srcset=\"https:\/\/www.rattiluino.com\/wp-content\/uploads\/2021\/06\/PANNELLO-MACCHINA-per-upgrade-elettrici-200x116.png 200w, https:\/\/www.rattiluino.com\/wp-content\/uploads\/2021\/06\/PANNELLO-MACCHINA-per-upgrade-elettrici-400x231.png 400w, https:\/\/www.rattiluino.com\/wp-content\/uploads\/2021\/06\/PANNELLO-MACCHINA-per-upgrade-elettrici-600x347.png 600w, https:\/\/www.rattiluino.com\/wp-content\/uploads\/2021\/06\/PANNELLO-MACCHINA-per-upgrade-elettrici-800x463.png 800w, https:\/\/www.rattiluino.com\/wp-content\/uploads\/2021\/06\/PANNELLO-MACCHINA-per-upgrade-elettrici.png 987w\" sizes=\"(max-width: 1024px) 100vw, (max-width: 640px) 100vw, 600px\" \/><\/span><\/li><li class=\"image\"><span class=\"fusion-image-hover-element hover-type-none\"><img decoding=\"async\" src=\"https:\/\/www.rattiluino.com\/wp-content\/uploads\/2021\/06\/INDUSTRIA-4.0-CARATTERISTICHE.jpg\" width=\"1890\" height=\"1213\" class=\"wp-image-4977\" srcset=\"https:\/\/www.rattiluino.com\/wp-content\/uploads\/2021\/06\/INDUSTRIA-4.0-CARATTERISTICHE-200x128.jpg 200w, https:\/\/www.rattiluino.com\/wp-content\/uploads\/2021\/06\/INDUSTRIA-4.0-CARATTERISTICHE-400x257.jpg 400w, https:\/\/www.rattiluino.com\/wp-content\/uploads\/2021\/06\/INDUSTRIA-4.0-CARATTERISTICHE-600x385.jpg 600w, https:\/\/www.rattiluino.com\/wp-content\/uploads\/2021\/06\/INDUSTRIA-4.0-CARATTERISTICHE-800x513.jpg 800w, https:\/\/www.rattiluino.com\/wp-content\/uploads\/2021\/06\/INDUSTRIA-4.0-CARATTERISTICHE-1200x770.jpg 1200w, https:\/\/www.rattiluino.com\/wp-content\/uploads\/2021\/06\/INDUSTRIA-4.0-CARATTERISTICHE.jpg 1890w\" sizes=\"(max-width: 1024px) 100vw, (max-width: 640px) 100vw, 600px\" \/><\/span><\/li><\/ul><\/div><\/div><\/div><\/div><\/div><\/div>\n","protected":false},"excerpt":{"rendered":"","protected":false},"author":2,"featured_media":0,"parent":0,"menu_order":0,"comment_status":"closed","ping_status":"closed","template":"","meta":{"_exactmetrics_skip_tracking":false,"_exactmetrics_sitenote_active":false,"_exactmetrics_sitenote_note":"","_exactmetrics_sitenote_category":0,"footnotes":""},"class_list":["post-3874","page","type-page","status-publish","hentry"],"yoast_head":"<!-- This site is optimized with the Yoast SEO plugin v26.8 - https:\/\/yoast.com\/product\/yoast-seo-wordpress\/ -->\n<title>Industria 4.0 - Ratti Luino S.R.L.<\/title>\n<meta name=\"robots\" content=\"index, follow, max-snippet:-1, max-image-preview:large, max-video-preview:-1\" \/>\n<link rel=\"canonical\" href=\"https:\/\/www.rattiluino.com\/es\/industria-4-0\/\" \/>\n<meta property=\"og:locale\" content=\"es_ES\" \/>\n<meta property=\"og:type\" content=\"article\" \/>\n<meta property=\"og:title\" content=\"Industria 4.0 - Ratti Luino S.R.L.\" \/>\n<meta property=\"og:url\" content=\"https:\/\/www.rattiluino.com\/es\/industria-4-0\/\" \/>\n<meta property=\"og:site_name\" content=\"Ratti Luino S.R.L.\" \/>\n<meta property=\"article:modified_time\" content=\"2021-07-28T07:44:21+00:00\" \/>\n<meta name=\"twitter:card\" content=\"summary_large_image\" \/>\n<meta name=\"twitter:label1\" content=\"Tiempo de lectura\" \/>\n\t<meta name=\"twitter:data1\" content=\"1 minuto\" \/>\n<script type=\"application\/ld+json\" class=\"yoast-schema-graph\">{\"@context\":\"https:\/\/schema.org\",\"@graph\":[{\"@type\":\"WebPage\",\"@id\":\"https:\/\/www.rattiluino.com\/es\/industria-4-0\/\",\"url\":\"https:\/\/www.rattiluino.com\/es\/industria-4-0\/\",\"name\":\"Industria 4.0 - Ratti Luino S.R.L.\",\"isPartOf\":{\"@id\":\"https:\/\/www.rattiluino.com\/#website\"},\"datePublished\":\"2021-04-30T07:23:04+00:00\",\"dateModified\":\"2021-07-28T07:44:21+00:00\",\"breadcrumb\":{\"@id\":\"https:\/\/www.rattiluino.com\/es\/industria-4-0\/#breadcrumb\"},\"inLanguage\":\"es\",\"potentialAction\":[{\"@type\":\"ReadAction\",\"target\":[\"https:\/\/www.rattiluino.com\/es\/industria-4-0\/\"]}]},{\"@type\":\"BreadcrumbList\",\"@id\":\"https:\/\/www.rattiluino.com\/es\/industria-4-0\/#breadcrumb\",\"itemListElement\":[{\"@type\":\"ListItem\",\"position\":1,\"name\":\"Home\",\"item\":\"https:\/\/www.rattiluino.com\/es\/\"},{\"@type\":\"ListItem\",\"position\":2,\"name\":\"Industria 4.0\"}]},{\"@type\":\"WebSite\",\"@id\":\"https:\/\/www.rattiluino.com\/#website\",\"url\":\"https:\/\/www.rattiluino.com\/\",\"name\":\"Ratti Luino S.R.L.\",\"description\":\"Leaders in twisting technology since 1869\",\"publisher\":{\"@id\":\"https:\/\/www.rattiluino.com\/#organization\"},\"potentialAction\":[{\"@type\":\"SearchAction\",\"target\":{\"@type\":\"EntryPoint\",\"urlTemplate\":\"https:\/\/www.rattiluino.com\/?s={search_term_string}\"},\"query-input\":{\"@type\":\"PropertyValueSpecification\",\"valueRequired\":true,\"valueName\":\"search_term_string\"}}],\"inLanguage\":\"es\"},{\"@type\":\"Organization\",\"@id\":\"https:\/\/www.rattiluino.com\/#organization\",\"name\":\"Ratti Luino S.R.L.\",\"url\":\"https:\/\/www.rattiluino.com\/\",\"logo\":{\"@type\":\"ImageObject\",\"inLanguage\":\"es\",\"@id\":\"https:\/\/www.rattiluino.com\/#\/schema\/logo\/image\/\",\"url\":\"https:\/\/www.rattiluino.com\/wp-content\/uploads\/2017\/07\/logo-ratti-rete-di-vendita.png\",\"contentUrl\":\"https:\/\/www.rattiluino.com\/wp-content\/uploads\/2017\/07\/logo-ratti-rete-di-vendita.png\",\"width\":365,\"height\":365,\"caption\":\"Ratti Luino S.R.L.\"},\"image\":{\"@id\":\"https:\/\/www.rattiluino.com\/#\/schema\/logo\/image\/\"},\"sameAs\":[\"https:\/\/www.linkedin.com\/company\/ratti-luino-s-r-l\/\"]}]}<\/script>\n<!-- \/ Yoast SEO plugin. -->","yoast_head_json":{"title":"Industria 4.0 - Ratti Luino S.R.L.","robots":{"index":"index","follow":"follow","max-snippet":"max-snippet:-1","max-image-preview":"max-image-preview:large","max-video-preview":"max-video-preview:-1"},"canonical":"https:\/\/www.rattiluino.com\/es\/industria-4-0\/","og_locale":"es_ES","og_type":"article","og_title":"Industria 4.0 - Ratti Luino S.R.L.","og_url":"https:\/\/www.rattiluino.com\/es\/industria-4-0\/","og_site_name":"Ratti Luino S.R.L.","article_modified_time":"2021-07-28T07:44:21+00:00","twitter_card":"summary_large_image","twitter_misc":{"Tiempo de lectura":"1 minuto"},"schema":{"@context":"https:\/\/schema.org","@graph":[{"@type":"WebPage","@id":"https:\/\/www.rattiluino.com\/es\/industria-4-0\/","url":"https:\/\/www.rattiluino.com\/es\/industria-4-0\/","name":"Industria 4.0 - Ratti Luino S.R.L.","isPartOf":{"@id":"https:\/\/www.rattiluino.com\/#website"},"datePublished":"2021-04-30T07:23:04+00:00","dateModified":"2021-07-28T07:44:21+00:00","breadcrumb":{"@id":"https:\/\/www.rattiluino.com\/es\/industria-4-0\/#breadcrumb"},"inLanguage":"es","potentialAction":[{"@type":"ReadAction","target":["https:\/\/www.rattiluino.com\/es\/industria-4-0\/"]}]},{"@type":"BreadcrumbList","@id":"https:\/\/www.rattiluino.com\/es\/industria-4-0\/#breadcrumb","itemListElement":[{"@type":"ListItem","position":1,"name":"Home","item":"https:\/\/www.rattiluino.com\/es\/"},{"@type":"ListItem","position":2,"name":"Industria 4.0"}]},{"@type":"WebSite","@id":"https:\/\/www.rattiluino.com\/#website","url":"https:\/\/www.rattiluino.com\/","name":"Ratti Luino S.R.L.","description":"Leaders in twisting technology since 1869","publisher":{"@id":"https:\/\/www.rattiluino.com\/#organization"},"potentialAction":[{"@type":"SearchAction","target":{"@type":"EntryPoint","urlTemplate":"https:\/\/www.rattiluino.com\/?s={search_term_string}"},"query-input":{"@type":"PropertyValueSpecification","valueRequired":true,"valueName":"search_term_string"}}],"inLanguage":"es"},{"@type":"Organization","@id":"https:\/\/www.rattiluino.com\/#organization","name":"Ratti Luino S.R.L.","url":"https:\/\/www.rattiluino.com\/","logo":{"@type":"ImageObject","inLanguage":"es","@id":"https:\/\/www.rattiluino.com\/#\/schema\/logo\/image\/","url":"https:\/\/www.rattiluino.com\/wp-content\/uploads\/2017\/07\/logo-ratti-rete-di-vendita.png","contentUrl":"https:\/\/www.rattiluino.com\/wp-content\/uploads\/2017\/07\/logo-ratti-rete-di-vendita.png","width":365,"height":365,"caption":"Ratti Luino S.R.L."},"image":{"@id":"https:\/\/www.rattiluino.com\/#\/schema\/logo\/image\/"},"sameAs":["https:\/\/www.linkedin.com\/company\/ratti-luino-s-r-l\/"]}]}},"_links":{"self":[{"href":"https:\/\/www.rattiluino.com\/es\/wp-json\/wp\/v2\/pages\/3874","targetHints":{"allow":["GET"]}}],"collection":[{"href":"https:\/\/www.rattiluino.com\/es\/wp-json\/wp\/v2\/pages"}],"about":[{"href":"https:\/\/www.rattiluino.com\/es\/wp-json\/wp\/v2\/types\/page"}],"author":[{"embeddable":true,"href":"https:\/\/www.rattiluino.com\/es\/wp-json\/wp\/v2\/users\/2"}],"replies":[{"embeddable":true,"href":"https:\/\/www.rattiluino.com\/es\/wp-json\/wp\/v2\/comments?post=3874"}],"version-history":[{"count":0,"href":"https:\/\/www.rattiluino.com\/es\/wp-json\/wp\/v2\/pages\/3874\/revisions"}],"wp:attachment":[{"href":"https:\/\/www.rattiluino.com\/es\/wp-json\/wp\/v2\/media?parent=3874"}],"curies":[{"name":"wp","href":"https:\/\/api.w.org\/{rel}","templated":true}]}}