{"id":3888,"date":"2021-04-30T16:02:57","date_gmt":"2021-04-30T14:02:57","guid":{"rendered":"https:\/\/www.rattiluino.com\/?page_id=3888"},"modified":"2021-05-19T09:02:41","modified_gmt":"2021-05-19T07:02:41","slug":"medical-division","status":"publish","type":"page","link":"https:\/\/www.rattiluino.com\/es\/medical-division\/","title":{"rendered":"Ratti Luino Medical Division"},"content":{"rendered":"<p><div class=\"fusion-fullwidth fullwidth-box fusion-builder-row-1 nonhundred-percent-fullwidth non-hundred-percent-height-scrolling\" style=\"--awb-border-radius-top-left:0px;--awb-border-radius-top-right:0px;--awb-border-radius-bottom-right:0px;--awb-border-radius-bottom-left:0px;--awb-flex-wrap:wrap;\" ><div class=\"fusion-builder-row fusion-row\"><div class=\"fusion-layout-column fusion_builder_column fusion-builder-column-0 fusion_builder_column_1_2 1_2 fusion-one-half fusion-column-first\" style=\"--awb-bg-size:cover;width:50%;width:calc(50% - ( ( 4% ) * 0.5 ) );margin-right: 4%;\"><div class=\"fusion-column-wrapper fusion-flex-column-wrapper-legacy\"><div class=\"fusion-image-element fusion-image-align-center in-legacy-container\" style=\"text-align:center;--awb-liftup-border-radius:0px;--awb-caption-title-font-family:var(--h2_typography-font-family);--awb-caption-title-font-weight:var(--h2_typography-font-weight);--awb-caption-title-font-style:var(--h2_typography-font-style);--awb-caption-title-size:var(--h2_typography-font-size);--awb-caption-title-transform:var(--h2_typography-text-transform);--awb-caption-title-line-height:var(--h2_typography-line-height);--awb-caption-title-letter-spacing:var(--h2_typography-letter-spacing);\"><div class=\"imageframe-align-center\"><div class=\"awb-image-frame awb-image-frame-1 imageframe-liftup\"><span class=\" fusion-imageframe imageframe-none imageframe-1\"><img decoding=\"async\" width=\"1508\" height=\"1747\" title=\"Visiera CLYPEUS made in Italy\" src=\"https:\/\/www.rattiluino.com\/wp-content\/uploads\/2021\/04\/Visiera-CLYPEUS-made-in-Italy.jpg\" alt class=\"img-responsive wp-image-3858\" srcset=\"https:\/\/www.rattiluino.com\/wp-content\/uploads\/2021\/04\/Visiera-CLYPEUS-made-in-Italy-200x232.jpg 200w, https:\/\/www.rattiluino.com\/wp-content\/uploads\/2021\/04\/Visiera-CLYPEUS-made-in-Italy-400x463.jpg 400w, https:\/\/www.rattiluino.com\/wp-content\/uploads\/2021\/04\/Visiera-CLYPEUS-made-in-Italy-600x695.jpg 600w, https:\/\/www.rattiluino.com\/wp-content\/uploads\/2021\/04\/Visiera-CLYPEUS-made-in-Italy-800x927.jpg 800w, https:\/\/www.rattiluino.com\/wp-content\/uploads\/2021\/04\/Visiera-CLYPEUS-made-in-Italy-1200x1390.jpg 1200w, https:\/\/www.rattiluino.com\/wp-content\/uploads\/2021\/04\/Visiera-CLYPEUS-made-in-Italy.jpg 1508w\" sizes=\"(max-width: 800px) 100vw, 600px\" \/><\/span><\/div><\/div><\/div><div class=\"fusion-button-wrapper\"><a class=\"fusion-button button-flat fusion-button-default-size button-default fusion-button-default button-1 fusion-button-default-span fusion-button-default-type\" target=\"_self\" href=\"https:\/\/youtu.be\/eF714uhFnMk\"><span class=\"fusion-button-text\">Video de el dispositivo<\/span><\/a><\/div><div class=\"fusion-alignright\"><a class=\"fusion-button button-flat fusion-button-default-size button-default fusion-button-default button-2 fusion-button-default-span fusion-button-default-type\" target=\"_self\" href=\"https:\/\/youtu.be\/GVlhazPbvlw\"><span class=\"fusion-button-text\">Video de el montaje de el dispositivo<\/span><\/a><\/div><div class=\"fusion-clearfix\"><\/div><\/div><\/div><div class=\"fusion-layout-column fusion_builder_column fusion-builder-column-1 fusion_builder_column_1_2 1_2 fusion-one-half fusion-column-last\" style=\"--awb-bg-size:cover;width:50%;width:calc(50% - ( ( 4% ) * 0.5 ) );\"><div class=\"fusion-column-wrapper fusion-flex-column-wrapper-legacy\"><div class=\"fusion-title title fusion-title-1 fusion-title-text fusion-title-size-two\"><h2 class=\"fusion-title-heading title-heading-left\" style=\"margin:0;\"><em><strong>Visera CLYPEUS<\/strong><\/em><\/h2><span class=\"awb-title-spacer\"><\/span><div class=\"title-sep-container\"><div class=\"title-sep sep-double sep-solid\" style=\"border-color:#9cb6c3;\"><\/div><\/div><\/div><div class=\"fusion-text fusion-text-1\"><p id=\"tw-target-text\" class=\"tw-data-text tw-text-large XcVN5d tw-ta\" dir=\"ltr\" data-placeholder=\"Traduzione\"><span class=\"Y2IQFc\" lang=\"es\">La visera CLYPEUS es un dispositivo m\u00e9dico dise\u00f1ado para todos los operadores que necesitan usar dispositivos de aumento de ocular. El innovador sistema de adaptaci\u00f3n le permite ensamblar el dispositivo m\u00e9dico en dispositivos oculares Zeiss, Zumax y Univet, mientras mantiene la capacidad de ajustar la distancia interpupilar de los oculares para cada operador y permite una visi\u00f3n directa, sin ninguna interferencia. <\/span><\/p>\n<p class=\"tw-data-text tw-text-large XcVN5d tw-ta\" dir=\"ltr\" data-placeholder=\"Traduzione\"><span class=\"Y2IQFc\" lang=\"es\">Estas condiciones, junto con la extrema ligereza del dispositivo, permiten al operador mantener una postura correcta y reducir la fatiga durante el uso, evitando al usuario el estr\u00e9s y reduciendo el riesgo de contagio por salpicaduras de saliva, sangre u otras sustancias biol\u00f3gicas que pudieran afectar la cara<\/span><\/p>\n<\/div><div class=\"fusion-button-wrapper\"><a class=\"fusion-button button-flat fusion-button-default-size button-blue fusion-button-blue button-3 fusion-button-default-span fusion-button-default-type\" target=\"_self\"><span class=\"fusion-button-icon-divider button-icon-divider-left\"><i class=\"fa-phone fas\" aria-hidden=\"true\"><\/i><\/span><span class=\"fusion-button-text fusion-button-text-left\">Movil: +39 3483332553<\/span><\/a><\/div><div class=\"fusion-alignright\"><a class=\"fusion-button button-flat fusion-button-default-size button-orange fusion-button-orange button-4 fusion-button-default-span fusion-button-default-type\" target=\"_self\" href=\"mailto:medicale@rattiluino.com\"><i class=\"fa-at fas button-icon-left\" aria-hidden=\"true\"><\/i><span class=\"fusion-button-text\">medicale@rattiluino.com <\/span><\/a><\/div><div class=\"fusion-clearfix\"><\/div><\/div><\/div><\/div><\/div><div class=\"fusion-fullwidth fullwidth-box fusion-builder-row-2 nonhundred-percent-fullwidth non-hundred-percent-height-scrolling\" style=\"--awb-border-radius-top-left:0px;--awb-border-radius-top-right:0px;--awb-border-radius-bottom-right:0px;--awb-border-radius-bottom-left:0px;--awb-margin-top:40px;--awb-flex-wrap:wrap;\" ><div class=\"fusion-builder-row fusion-row\"><div class=\"fusion-layout-column fusion_builder_column fusion-builder-column-2 fusion_builder_column_1_2 1_2 fusion-one-half fusion-column-first\" style=\"--awb-bg-size:cover;width:50%;width:calc(50% - ( ( 4% ) * 0.5 ) );margin-right: 4%;\"><div class=\"fusion-column-wrapper fusion-flex-column-wrapper-legacy\"><div class=\"fusion-image-element in-legacy-container\" style=\"--awb-caption-title-font-family:var(--h2_typography-font-family);--awb-caption-title-font-weight:var(--h2_typography-font-weight);--awb-caption-title-font-style:var(--h2_typography-font-style);--awb-caption-title-size:var(--h2_typography-font-size);--awb-caption-title-transform:var(--h2_typography-text-transform);--awb-caption-title-line-height:var(--h2_typography-line-height);--awb-caption-title-letter-spacing:var(--h2_typography-letter-spacing);\"><span class=\" fusion-imageframe imageframe-none imageframe-2 hover-type-none\"><img decoding=\"async\" width=\"372\" height=\"209\" title=\"thumbnail_Medical Division\" src=\"https:\/\/www.rattiluino.com\/wp-content\/uploads\/2017\/10\/thumbnail_Medical-Division-e1619765409126.jpg\" alt class=\"img-responsive wp-image-3865\"\/><\/span><\/div><div class=\"fusion-clearfix\"><\/div><\/div><\/div><div class=\"fusion-layout-column fusion_builder_column fusion-builder-column-3 fusion_builder_column_1_2 1_2 fusion-one-half fusion-column-last\" style=\"--awb-bg-size:cover;width:50%;width:calc(50% - ( ( 4% ) * 0.5 ) );\"><div class=\"fusion-column-wrapper fusion-flex-column-wrapper-legacy\"><div class=\"fusion-text fusion-text-2\"><p><img decoding=\"async\" class=\"alignnone wp-image-3866 aligncenter\" src=\"https:\/\/www.rattiluino.com\/wp-content\/uploads\/2021\/04\/factory-logo.jpg\" alt=\"\" width=\"59\" height=\"46\" \/><\/p>\n<p style=\"text-align: center;\"><strong>Ratti Luino S.r.l.\u00a0<\/strong><\/p>\n<p style=\"text-align: center;\">Via Provinciale, 309 \u2013 21030, Cassano Valcuvia (Va) \u2013 Italy<\/p>\n<p style=\"text-align: center;\"><a href=\"http:\/\/www.rattiluino.com\/\">www.rattiluino.com<\/a><\/p>\n<\/div><div class=\"fusion-clearfix\"><\/div><\/div><\/div><\/div><\/div><\/p>\n","protected":false},"excerpt":{"rendered":"","protected":false},"author":2,"featured_media":0,"parent":0,"menu_order":5,"comment_status":"closed","ping_status":"closed","template":"","meta":{"_exactmetrics_skip_tracking":false,"_exactmetrics_sitenote_active":false,"_exactmetrics_sitenote_note":"","_exactmetrics_sitenote_category":0,"footnotes":""},"class_list":["post-3888","page","type-page","status-publish","hentry"],"yoast_head":"<!-- This site is optimized with the Yoast SEO plugin v26.8 - https:\/\/yoast.com\/product\/yoast-seo-wordpress\/ -->\n<title>Ratti Luino Medical Division - Ratti Luino S.R.L.<\/title>\n<meta name=\"description\" content=\"Nuestra oficina de repuestos est\u00e1 disponible para proporcionar presupuestos y repuestos para m\u00e1quinas Ratti y OMM. Complete el formulario para solicitar asistencia.\" \/>\n<meta name=\"robots\" content=\"index, follow, max-snippet:-1, max-image-preview:large, max-video-preview:-1\" \/>\n<link rel=\"canonical\" href=\"https:\/\/www.rattiluino.com\/es\/medical-division\/\" \/>\n<meta property=\"og:locale\" content=\"es_ES\" \/>\n<meta property=\"og:type\" content=\"article\" \/>\n<meta property=\"og:title\" content=\"Ratti Luino Medical Division - Ratti Luino S.R.L.\" \/>\n<meta property=\"og:description\" content=\"Nuestra oficina de repuestos est\u00e1 disponible para proporcionar presupuestos y repuestos para m\u00e1quinas Ratti y OMM. Complete el formulario para solicitar asistencia.\" \/>\n<meta property=\"og:url\" content=\"https:\/\/www.rattiluino.com\/es\/medical-division\/\" \/>\n<meta property=\"og:site_name\" content=\"Ratti Luino S.R.L.\" \/>\n<meta property=\"article:modified_time\" content=\"2021-05-19T07:02:41+00:00\" \/>\n<meta property=\"og:image\" content=\"https:\/\/www.rattiluino.com\/wp-content\/uploads\/2021\/04\/factory-logo.jpg\" \/>\n<meta name=\"twitter:card\" content=\"summary_large_image\" \/>\n<meta name=\"twitter:label1\" content=\"Tiempo de lectura\" \/>\n\t<meta name=\"twitter:data1\" content=\"4 minutos\" \/>\n<script type=\"application\/ld+json\" class=\"yoast-schema-graph\">{\"@context\":\"https:\/\/schema.org\",\"@graph\":[{\"@type\":\"WebPage\",\"@id\":\"https:\/\/www.rattiluino.com\/es\/medical-division\/\",\"url\":\"https:\/\/www.rattiluino.com\/es\/medical-division\/\",\"name\":\"Ratti Luino Medical Division - Ratti Luino S.R.L.\",\"isPartOf\":{\"@id\":\"https:\/\/www.rattiluino.com\/#website\"},\"primaryImageOfPage\":{\"@id\":\"https:\/\/www.rattiluino.com\/es\/medical-division\/#primaryimage\"},\"image\":{\"@id\":\"https:\/\/www.rattiluino.com\/es\/medical-division\/#primaryimage\"},\"thumbnailUrl\":\"https:\/\/www.rattiluino.com\/wp-content\/uploads\/2021\/04\/factory-logo.jpg\",\"datePublished\":\"2021-04-30T14:02:57+00:00\",\"dateModified\":\"2021-05-19T07:02:41+00:00\",\"description\":\"Nuestra oficina de repuestos est\u00e1 disponible para proporcionar presupuestos y repuestos para m\u00e1quinas Ratti y OMM. Complete el formulario para solicitar asistencia.\",\"breadcrumb\":{\"@id\":\"https:\/\/www.rattiluino.com\/es\/medical-division\/#breadcrumb\"},\"inLanguage\":\"es\",\"potentialAction\":[{\"@type\":\"ReadAction\",\"target\":[\"https:\/\/www.rattiluino.com\/es\/medical-division\/\"]}]},{\"@type\":\"ImageObject\",\"inLanguage\":\"es\",\"@id\":\"https:\/\/www.rattiluino.com\/es\/medical-division\/#primaryimage\",\"url\":\"https:\/\/www.rattiluino.com\/wp-content\/uploads\/2021\/04\/factory-logo.jpg\",\"contentUrl\":\"https:\/\/www.rattiluino.com\/wp-content\/uploads\/2021\/04\/factory-logo.jpg\"},{\"@type\":\"BreadcrumbList\",\"@id\":\"https:\/\/www.rattiluino.com\/es\/medical-division\/#breadcrumb\",\"itemListElement\":[{\"@type\":\"ListItem\",\"position\":1,\"name\":\"Home\",\"item\":\"https:\/\/www.rattiluino.com\/es\/\"},{\"@type\":\"ListItem\",\"position\":2,\"name\":\"Ratti Luino Medical Division\"}]},{\"@type\":\"WebSite\",\"@id\":\"https:\/\/www.rattiluino.com\/#website\",\"url\":\"https:\/\/www.rattiluino.com\/\",\"name\":\"Ratti Luino S.R.L.\",\"description\":\"Leaders in twisting technology since 1869\",\"publisher\":{\"@id\":\"https:\/\/www.rattiluino.com\/#organization\"},\"potentialAction\":[{\"@type\":\"SearchAction\",\"target\":{\"@type\":\"EntryPoint\",\"urlTemplate\":\"https:\/\/www.rattiluino.com\/?s={search_term_string}\"},\"query-input\":{\"@type\":\"PropertyValueSpecification\",\"valueRequired\":true,\"valueName\":\"search_term_string\"}}],\"inLanguage\":\"es\"},{\"@type\":\"Organization\",\"@id\":\"https:\/\/www.rattiluino.com\/#organization\",\"name\":\"Ratti Luino S.R.L.\",\"url\":\"https:\/\/www.rattiluino.com\/\",\"logo\":{\"@type\":\"ImageObject\",\"inLanguage\":\"es\",\"@id\":\"https:\/\/www.rattiluino.com\/#\/schema\/logo\/image\/\",\"url\":\"https:\/\/www.rattiluino.com\/wp-content\/uploads\/2017\/07\/logo-ratti-rete-di-vendita.png\",\"contentUrl\":\"https:\/\/www.rattiluino.com\/wp-content\/uploads\/2017\/07\/logo-ratti-rete-di-vendita.png\",\"width\":365,\"height\":365,\"caption\":\"Ratti Luino S.R.L.\"},\"image\":{\"@id\":\"https:\/\/www.rattiluino.com\/#\/schema\/logo\/image\/\"},\"sameAs\":[\"https:\/\/www.linkedin.com\/company\/ratti-luino-s-r-l\/\"]}]}<\/script>\n<!-- \/ Yoast SEO plugin. -->","yoast_head_json":{"title":"Ratti Luino Medical Division - Ratti Luino S.R.L.","description":"Nuestra oficina de repuestos est\u00e1 disponible para proporcionar presupuestos y repuestos para m\u00e1quinas Ratti y OMM. Complete el formulario para solicitar asistencia.","robots":{"index":"index","follow":"follow","max-snippet":"max-snippet:-1","max-image-preview":"max-image-preview:large","max-video-preview":"max-video-preview:-1"},"canonical":"https:\/\/www.rattiluino.com\/es\/medical-division\/","og_locale":"es_ES","og_type":"article","og_title":"Ratti Luino Medical Division - Ratti Luino S.R.L.","og_description":"Nuestra oficina de repuestos est\u00e1 disponible para proporcionar presupuestos y repuestos para m\u00e1quinas Ratti y OMM. Complete el formulario para solicitar asistencia.","og_url":"https:\/\/www.rattiluino.com\/es\/medical-division\/","og_site_name":"Ratti Luino S.R.L.","article_modified_time":"2021-05-19T07:02:41+00:00","og_image":[{"url":"https:\/\/www.rattiluino.com\/wp-content\/uploads\/2021\/04\/factory-logo.jpg","type":"","width":"","height":""}],"twitter_card":"summary_large_image","twitter_misc":{"Tiempo de lectura":"4 minutos"},"schema":{"@context":"https:\/\/schema.org","@graph":[{"@type":"WebPage","@id":"https:\/\/www.rattiluino.com\/es\/medical-division\/","url":"https:\/\/www.rattiluino.com\/es\/medical-division\/","name":"Ratti Luino Medical Division - Ratti Luino S.R.L.","isPartOf":{"@id":"https:\/\/www.rattiluino.com\/#website"},"primaryImageOfPage":{"@id":"https:\/\/www.rattiluino.com\/es\/medical-division\/#primaryimage"},"image":{"@id":"https:\/\/www.rattiluino.com\/es\/medical-division\/#primaryimage"},"thumbnailUrl":"https:\/\/www.rattiluino.com\/wp-content\/uploads\/2021\/04\/factory-logo.jpg","datePublished":"2021-04-30T14:02:57+00:00","dateModified":"2021-05-19T07:02:41+00:00","description":"Nuestra oficina de repuestos est\u00e1 disponible para proporcionar presupuestos y repuestos para m\u00e1quinas Ratti y OMM. Complete el formulario para solicitar asistencia.","breadcrumb":{"@id":"https:\/\/www.rattiluino.com\/es\/medical-division\/#breadcrumb"},"inLanguage":"es","potentialAction":[{"@type":"ReadAction","target":["https:\/\/www.rattiluino.com\/es\/medical-division\/"]}]},{"@type":"ImageObject","inLanguage":"es","@id":"https:\/\/www.rattiluino.com\/es\/medical-division\/#primaryimage","url":"https:\/\/www.rattiluino.com\/wp-content\/uploads\/2021\/04\/factory-logo.jpg","contentUrl":"https:\/\/www.rattiluino.com\/wp-content\/uploads\/2021\/04\/factory-logo.jpg"},{"@type":"BreadcrumbList","@id":"https:\/\/www.rattiluino.com\/es\/medical-division\/#breadcrumb","itemListElement":[{"@type":"ListItem","position":1,"name":"Home","item":"https:\/\/www.rattiluino.com\/es\/"},{"@type":"ListItem","position":2,"name":"Ratti Luino Medical Division"}]},{"@type":"WebSite","@id":"https:\/\/www.rattiluino.com\/#website","url":"https:\/\/www.rattiluino.com\/","name":"Ratti Luino S.R.L.","description":"Leaders in twisting technology since 1869","publisher":{"@id":"https:\/\/www.rattiluino.com\/#organization"},"potentialAction":[{"@type":"SearchAction","target":{"@type":"EntryPoint","urlTemplate":"https:\/\/www.rattiluino.com\/?s={search_term_string}"},"query-input":{"@type":"PropertyValueSpecification","valueRequired":true,"valueName":"search_term_string"}}],"inLanguage":"es"},{"@type":"Organization","@id":"https:\/\/www.rattiluino.com\/#organization","name":"Ratti Luino S.R.L.","url":"https:\/\/www.rattiluino.com\/","logo":{"@type":"ImageObject","inLanguage":"es","@id":"https:\/\/www.rattiluino.com\/#\/schema\/logo\/image\/","url":"https:\/\/www.rattiluino.com\/wp-content\/uploads\/2017\/07\/logo-ratti-rete-di-vendita.png","contentUrl":"https:\/\/www.rattiluino.com\/wp-content\/uploads\/2017\/07\/logo-ratti-rete-di-vendita.png","width":365,"height":365,"caption":"Ratti Luino S.R.L."},"image":{"@id":"https:\/\/www.rattiluino.com\/#\/schema\/logo\/image\/"},"sameAs":["https:\/\/www.linkedin.com\/company\/ratti-luino-s-r-l\/"]}]}},"_links":{"self":[{"href":"https:\/\/www.rattiluino.com\/es\/wp-json\/wp\/v2\/pages\/3888","targetHints":{"allow":["GET"]}}],"collection":[{"href":"https:\/\/www.rattiluino.com\/es\/wp-json\/wp\/v2\/pages"}],"about":[{"href":"https:\/\/www.rattiluino.com\/es\/wp-json\/wp\/v2\/types\/page"}],"author":[{"embeddable":true,"href":"https:\/\/www.rattiluino.com\/es\/wp-json\/wp\/v2\/users\/2"}],"replies":[{"embeddable":true,"href":"https:\/\/www.rattiluino.com\/es\/wp-json\/wp\/v2\/comments?post=3888"}],"version-history":[{"count":0,"href":"https:\/\/www.rattiluino.com\/es\/wp-json\/wp\/v2\/pages\/3888\/revisions"}],"wp:attachment":[{"href":"https:\/\/www.rattiluino.com\/es\/wp-json\/wp\/v2\/media?parent=3888"}],"curies":[{"name":"wp","href":"https:\/\/api.w.org\/{rel}","templated":true}]}}