{"id":5645,"date":"2021-07-28T10:13:12","date_gmt":"2021-07-28T08:13:12","guid":{"rendered":"https:\/\/www.rattiluino.com\/?page_id=5645"},"modified":"2021-09-10T15:08:24","modified_gmt":"2021-09-10T13:08:24","slug":"repuestos-y-upgrade","status":"publish","type":"page","link":"https:\/\/www.rattiluino.com\/es\/repuestos-y-upgrade\/","title":{"rendered":"Repuestos y Upgrade"},"content":{"rendered":"<p><div class=\"fusion-fullwidth fullwidth-box fusion-builder-row-1 fusion-flex-container nonhundred-percent-fullwidth non-hundred-percent-height-scrolling\" style=\"--awb-border-radius-top-left:0px;--awb-border-radius-top-right:0px;--awb-border-radius-bottom-right:0px;--awb-border-radius-bottom-left:0px;--awb-flex-wrap:wrap;\" ><div class=\"fusion-builder-row fusion-row fusion-flex-align-items-flex-start fusion-flex-content-wrap\" style=\"max-width:1144px;margin-left: calc(-4% \/ 2 );margin-right: calc(-4% \/ 2 );\"><div class=\"fusion-layout-column fusion_builder_column fusion-builder-column-0 fusion_builder_column_1_2 1_2 fusion-flex-column\" style=\"--awb-bg-size:cover;--awb-width-large:50%;--awb-margin-top-large:0px;--awb-spacing-right-large:3.84%;--awb-margin-bottom-large:20px;--awb-spacing-left-large:3.84%;--awb-width-medium:100%;--awb-order-medium:0;--awb-spacing-right-medium:1.92%;--awb-spacing-left-medium:1.92%;--awb-width-small:100%;--awb-order-small:0;--awb-spacing-right-small:1.92%;--awb-spacing-left-small:1.92%;\"><div class=\"fusion-column-wrapper fusion-column-has-shadow fusion-flex-justify-content-flex-start fusion-content-layout-column\"><div class=\"fusion-image-carousel fusion-image-carousel-auto fusion-image-carousel-1 fusion-carousel-border\"><div class=\"awb-carousel awb-swiper awb-swiper-carousel\" data-autoplay=\"no\" data-columns=\"5\" data-itemmargin=\"13\" data-itemwidth=\"180\" data-touchscroll=\"no\" data-imagesize=\"auto\"><div class=\"swiper-wrapper awb-image-carousel-wrapper fusion-flex-align-items-center\"><div class=\"swiper-slide\"><div class=\"fusion-carousel-item-wrapper\"><div class=\"fusion-image-wrapper hover-type-none\"><img decoding=\"async\" width=\"1080\" height=\"1080\" src=\"https:\/\/www.rattiluino.com\/wp-content\/uploads\/2021\/08\/pagina-ricambi-in-inglese.png\" class=\"attachment-full size-full\" alt=\"\" srcset=\"https:\/\/www.rattiluino.com\/wp-content\/uploads\/2021\/08\/pagina-ricambi-in-inglese-200x200.png 200w, https:\/\/www.rattiluino.com\/wp-content\/uploads\/2021\/08\/pagina-ricambi-in-inglese-400x400.png 400w, https:\/\/www.rattiluino.com\/wp-content\/uploads\/2021\/08\/pagina-ricambi-in-inglese-600x600.png 600w, https:\/\/www.rattiluino.com\/wp-content\/uploads\/2021\/08\/pagina-ricambi-in-inglese-800x800.png 800w, https:\/\/www.rattiluino.com\/wp-content\/uploads\/2021\/08\/pagina-ricambi-in-inglese.png 1080w\" sizes=\"(min-width: 2200px) 100vw, (min-width: 712px) 544px, (min-width: 640px) 712px, \" \/><\/div><\/div><\/div><div class=\"swiper-slide\"><div class=\"fusion-carousel-item-wrapper\"><div class=\"fusion-image-wrapper hover-type-none\"><img decoding=\"async\" width=\"500\" height=\"500\" src=\"https:\/\/www.rattiluino.com\/wp-content\/uploads\/2017\/10\/logo-ratti-omm-menegatto-.png\" class=\"attachment-full size-full\" alt=\"\" srcset=\"https:\/\/www.rattiluino.com\/wp-content\/uploads\/2017\/10\/logo-ratti-omm-menegatto--200x200.png 200w, https:\/\/www.rattiluino.com\/wp-content\/uploads\/2017\/10\/logo-ratti-omm-menegatto--400x400.png 400w, https:\/\/www.rattiluino.com\/wp-content\/uploads\/2017\/10\/logo-ratti-omm-menegatto-.png 500w\" sizes=\"(min-width: 2200px) 100vw, (min-width: 712px) 544px, (min-width: 640px) 712px, \" \/><\/div><\/div><\/div><\/div><div class=\"awb-swiper-button awb-swiper-button-prev\"><i class=\"awb-icon-angle-left\" aria-hidden=\"true\"><\/i><\/div><div class=\"awb-swiper-button awb-swiper-button-next\"><i class=\"awb-icon-angle-right\" aria-hidden=\"true\"><\/i><\/div><\/div><\/div><\/div><\/div><div class=\"fusion-layout-column fusion_builder_column fusion-builder-column-1 fusion_builder_column_1_2 1_2 fusion-flex-column\" style=\"--awb-bg-size:cover;--awb-width-large:50%;--awb-margin-top-large:0px;--awb-spacing-right-large:3.84%;--awb-margin-bottom-large:20px;--awb-spacing-left-large:3.84%;--awb-width-medium:100%;--awb-order-medium:0;--awb-spacing-right-medium:1.92%;--awb-spacing-left-medium:1.92%;--awb-width-small:100%;--awb-order-small:0;--awb-spacing-right-small:1.92%;--awb-spacing-left-small:1.92%;\"><div class=\"fusion-column-wrapper fusion-column-has-shadow fusion-flex-justify-content-flex-start fusion-content-layout-column\"><div class=\"fusion-title title fusion-title-1 fusion-title-text fusion-title-size-one\"><div class=\"title-sep-container title-sep-container-left fusion-no-large-visibility fusion-no-medium-visibility fusion-no-small-visibility\"><div class=\"title-sep sep-double sep-solid\" style=\"border-color:#9cb6c3;\"><\/div><\/div><span class=\"awb-title-spacer fusion-no-large-visibility fusion-no-medium-visibility fusion-no-small-visibility\"><\/span><h1 class=\"fusion-title-heading title-heading-left\" style=\"margin:0;\">Repuestos<\/h1><span class=\"awb-title-spacer\"><\/span><div class=\"title-sep-container title-sep-container-right\"><div class=\"title-sep sep-double sep-solid\" style=\"border-color:#9cb6c3;\"><\/div><\/div><\/div><div class=\"fusion-text fusion-text-1\"><p>Ratti Luino S.r.l. ofrece repuestos por maquinas Ratti, OMM e Menegatto.<\/p>\n<p>Non exite en contactarnos para pedidos respecto a repuestos.<\/p>\n<\/div><div ><a class=\"fusion-button button-flat fusion-button-default-size button-default fusion-button-default button-1 fusion-button-default-span fusion-button-default-type\" target=\"_self\" href=\"mailto:spare.parts@rattiluino.com\"><span class=\"fusion-button-icon-divider button-icon-divider-left\"><i class=\"fa-at fas\" aria-hidden=\"true\"><\/i><\/span><span class=\"fusion-button-text fusion-button-text-left\">spare.parts@rattiluino.com<\/span><\/a><\/div><\/div><\/div><\/div><\/div><div class=\"fusion-fullwidth fullwidth-box fusion-builder-row-2 fusion-flex-container nonhundred-percent-fullwidth non-hundred-percent-height-scrolling\" style=\"--awb-border-radius-top-left:0px;--awb-border-radius-top-right:0px;--awb-border-radius-bottom-right:0px;--awb-border-radius-bottom-left:0px;--awb-flex-wrap:wrap;\" ><div class=\"fusion-builder-row fusion-row fusion-flex-align-items-flex-start fusion-flex-content-wrap\" style=\"max-width:1144px;margin-left: calc(-4% \/ 2 );margin-right: calc(-4% \/ 2 );\"><div class=\"fusion-layout-column fusion_builder_column fusion-builder-column-2 fusion_builder_column_1_2 1_2 fusion-flex-column\" style=\"--awb-bg-size:cover;--awb-width-large:50%;--awb-margin-top-large:0px;--awb-spacing-right-large:3.84%;--awb-margin-bottom-large:20px;--awb-spacing-left-large:3.84%;--awb-width-medium:100%;--awb-order-medium:0;--awb-spacing-right-medium:1.92%;--awb-spacing-left-medium:1.92%;--awb-width-small:100%;--awb-order-small:0;--awb-spacing-right-small:1.92%;--awb-spacing-left-small:1.92%;\"><div class=\"fusion-column-wrapper fusion-column-has-shadow fusion-flex-justify-content-flex-start fusion-content-layout-column\"><div class=\"fusion-image-carousel fusion-image-carousel-auto fusion-image-carousel-2 fusion-carousel-border\"><div class=\"awb-carousel awb-swiper awb-swiper-carousel\" data-autoplay=\"no\" data-columns=\"5\" data-itemmargin=\"13\" data-itemwidth=\"180\" data-touchscroll=\"no\" data-imagesize=\"auto\"><div class=\"swiper-wrapper awb-image-carousel-wrapper fusion-flex-align-items-center\"><div class=\"swiper-slide\"><div class=\"fusion-carousel-item-wrapper\"><div class=\"fusion-image-wrapper hover-type-none\"><img decoding=\"async\" width=\"1080\" height=\"1080\" src=\"https:\/\/www.rattiluino.com\/wp-content\/uploads\/2021\/08\/upgrades-in-inglese.png\" class=\"attachment-full size-full\" alt=\"\" srcset=\"https:\/\/www.rattiluino.com\/wp-content\/uploads\/2021\/08\/upgrades-in-inglese-24x24.png 24w, https:\/\/www.rattiluino.com\/wp-content\/uploads\/2021\/08\/upgrades-in-inglese-36x36.png 36w, https:\/\/www.rattiluino.com\/wp-content\/uploads\/2021\/08\/upgrades-in-inglese-48x48.png 48w, https:\/\/www.rattiluino.com\/wp-content\/uploads\/2021\/08\/upgrades-in-inglese-66x66.png 66w, https:\/\/www.rattiluino.com\/wp-content\/uploads\/2021\/08\/upgrades-in-inglese-100x100.png 100w, https:\/\/www.rattiluino.com\/wp-content\/uploads\/2021\/08\/upgrades-in-inglese-120x120.png 120w, https:\/\/www.rattiluino.com\/wp-content\/uploads\/2021\/08\/upgrades-in-inglese-150x150.png 150w, https:\/\/www.rattiluino.com\/wp-content\/uploads\/2021\/08\/upgrades-in-inglese-200x200.png 200w, https:\/\/www.rattiluino.com\/wp-content\/uploads\/2021\/08\/upgrades-in-inglese-300x300.png 300w, https:\/\/www.rattiluino.com\/wp-content\/uploads\/2021\/08\/upgrades-in-inglese-400x400.png 400w, https:\/\/www.rattiluino.com\/wp-content\/uploads\/2021\/08\/upgrades-in-inglese-500x500.png 500w, https:\/\/www.rattiluino.com\/wp-content\/uploads\/2021\/08\/upgrades-in-inglese-600x600.png 600w, https:\/\/www.rattiluino.com\/wp-content\/uploads\/2021\/08\/upgrades-in-inglese-700x700.png 700w, https:\/\/www.rattiluino.com\/wp-content\/uploads\/2021\/08\/upgrades-in-inglese-768x768.png 768w, https:\/\/www.rattiluino.com\/wp-content\/uploads\/2021\/08\/upgrades-in-inglese-800x800.png 800w, https:\/\/www.rattiluino.com\/wp-content\/uploads\/2021\/08\/upgrades-in-inglese-1024x1024.png 1024w, https:\/\/www.rattiluino.com\/wp-content\/uploads\/2021\/08\/upgrades-in-inglese.png 1080w\" sizes=\"(max-width: 1080px) 100vw, 1080px\" \/><\/div><\/div><\/div><\/div><div class=\"awb-swiper-button awb-swiper-button-prev\"><i class=\"awb-icon-angle-left\" aria-hidden=\"true\"><\/i><\/div><div class=\"awb-swiper-button awb-swiper-button-next\"><i class=\"awb-icon-angle-right\" aria-hidden=\"true\"><\/i><\/div><\/div><\/div><\/div><\/div><div class=\"fusion-layout-column fusion_builder_column fusion-builder-column-3 fusion_builder_column_1_2 1_2 fusion-flex-column\" style=\"--awb-bg-size:cover;--awb-width-large:50%;--awb-margin-top-large:0px;--awb-spacing-right-large:3.84%;--awb-margin-bottom-large:20px;--awb-spacing-left-large:3.84%;--awb-width-medium:100%;--awb-order-medium:0;--awb-spacing-right-medium:1.92%;--awb-spacing-left-medium:1.92%;--awb-width-small:100%;--awb-order-small:0;--awb-spacing-right-small:1.92%;--awb-spacing-left-small:1.92%;\"><div class=\"fusion-column-wrapper fusion-column-has-shadow fusion-flex-justify-content-flex-start fusion-content-layout-column\"><div class=\"fusion-title title fusion-title-2 fusion-title-text fusion-title-size-one\"><div class=\"title-sep-container title-sep-container-left fusion-no-large-visibility fusion-no-medium-visibility fusion-no-small-visibility\"><div class=\"title-sep sep-double sep-solid\" style=\"border-color:#9cb6c3;\"><\/div><\/div><span class=\"awb-title-spacer fusion-no-large-visibility fusion-no-medium-visibility fusion-no-small-visibility\"><\/span><h1 class=\"fusion-title-heading title-heading-left\" style=\"margin:0;\">Upgrade<\/h1><span class=\"awb-title-spacer\"><\/span><div class=\"title-sep-container title-sep-container-right\"><div class=\"title-sep sep-double sep-solid\" style=\"border-color:#9cb6c3;\"><\/div><\/div><\/div><div class=\"fusion-text fusion-text-2\"><p id=\"tw-target-text\" class=\"tw-data-text tw-text-large XcVN5d tw-ta\" dir=\"ltr\" data-placeholder=\"Traduzione\"><span class=\"Y2IQFc\" lang=\"es\">Adem\u00e1s, Ratti Luino S.r.l. ofrece los siguientes servicios: <\/span><\/p>\n<ul>\n<li class=\"tw-data-text tw-text-large XcVN5d tw-ta\" dir=\"ltr\" data-placeholder=\"Traduzione\"><span class=\"Y2IQFc\" lang=\"es\">Aplicaci\u00f3n de sistemas electr\u00f3nicos de va y vien<\/span><\/li>\n<li class=\"tw-data-text tw-text-large XcVN5d tw-ta\" dir=\"ltr\" data-placeholder=\"Traduzione\"><span class=\"Y2IQFc\" lang=\"es\">Actualizaciones y mejoras de equipos el\u00e9ctricos <\/span><\/li>\n<li class=\"tw-data-text tw-text-large XcVN5d tw-ta\" dir=\"ltr\" data-placeholder=\"Traduzione\"><span class=\"Y2IQFc\" lang=\"es\">Servicios de mantenimiento de maquinaria <\/span><\/li>\n<li class=\"tw-data-text tw-text-large XcVN5d tw-ta\" dir=\"ltr\" data-placeholder=\"Traduzione\"><span class=\"Y2IQFc\" lang=\"es\">Revisi\u00f3n de la m\u00e1quina <\/span><\/li>\n<li class=\"tw-data-text tw-text-large XcVN5d tw-ta\" dir=\"ltr\" data-placeholder=\"Traduzione\"><span class=\"Y2IQFc\" lang=\"es\">Revisi\u00f3n de los husos<\/span><\/li>\n<li class=\"tw-data-text tw-text-large XcVN5d tw-ta\" dir=\"ltr\" data-placeholder=\"Traduzione\"><span class=\"Y2IQFc\" lang=\"es\">Aplicaciones especiales a petici\u00f3n del cliente;\u00a0 Cont\u00e1ctenos para m\u00e1s informaci\u00f3n.<\/span><\/li>\n<\/ul>\n<\/div><div ><a class=\"fusion-button button-flat fusion-button-default-size button-default fusion-button-default button-2 fusion-button-default-span fusion-button-default-type\" target=\"_self\" href=\"mailto:info@rattiluino.com\"><span class=\"fusion-button-icon-divider button-icon-divider-left\"><i class=\"fa-at fas\" aria-hidden=\"true\"><\/i><\/span><span class=\"fusion-button-text fusion-button-text-left\">info@rattiluino.com<\/span><\/a><\/div><\/div><\/div><\/div><\/div><\/p>\n","protected":false},"excerpt":{"rendered":"","protected":false},"author":2,"featured_media":0,"parent":0,"menu_order":0,"comment_status":"closed","ping_status":"closed","template":"","meta":{"_exactmetrics_skip_tracking":false,"_exactmetrics_sitenote_active":false,"_exactmetrics_sitenote_note":"","_exactmetrics_sitenote_category":0,"footnotes":""},"class_list":["post-5645","page","type-page","status-publish","hentry"],"yoast_head":"<!-- This site is optimized with the Yoast SEO plugin v26.8 - https:\/\/yoast.com\/product\/yoast-seo-wordpress\/ -->\n<title>Repuestos y Upgrade - Ratti Luino S.R.L.<\/title>\n<meta name=\"robots\" content=\"index, follow, max-snippet:-1, max-image-preview:large, max-video-preview:-1\" \/>\n<link rel=\"canonical\" href=\"https:\/\/www.rattiluino.com\/es\/repuestos-y-upgrade\/\" \/>\n<meta property=\"og:locale\" content=\"es_ES\" \/>\n<meta property=\"og:type\" content=\"article\" \/>\n<meta property=\"og:title\" content=\"Repuestos y Upgrade - Ratti Luino S.R.L.\" \/>\n<meta property=\"og:url\" content=\"https:\/\/www.rattiluino.com\/es\/repuestos-y-upgrade\/\" \/>\n<meta property=\"og:site_name\" content=\"Ratti Luino S.R.L.\" \/>\n<meta property=\"article:modified_time\" content=\"2021-09-10T13:08:24+00:00\" \/>\n<meta name=\"twitter:card\" content=\"summary_large_image\" \/>\n<meta name=\"twitter:label1\" content=\"Tiempo de lectura\" \/>\n\t<meta name=\"twitter:data1\" content=\"5 minutos\" \/>\n<script type=\"application\/ld+json\" class=\"yoast-schema-graph\">{\"@context\":\"https:\/\/schema.org\",\"@graph\":[{\"@type\":\"WebPage\",\"@id\":\"https:\/\/www.rattiluino.com\/es\/repuestos-y-upgrade\/\",\"url\":\"https:\/\/www.rattiluino.com\/es\/repuestos-y-upgrade\/\",\"name\":\"Repuestos y Upgrade - Ratti Luino S.R.L.\",\"isPartOf\":{\"@id\":\"https:\/\/www.rattiluino.com\/#website\"},\"datePublished\":\"2021-07-28T08:13:12+00:00\",\"dateModified\":\"2021-09-10T13:08:24+00:00\",\"breadcrumb\":{\"@id\":\"https:\/\/www.rattiluino.com\/es\/repuestos-y-upgrade\/#breadcrumb\"},\"inLanguage\":\"es\",\"potentialAction\":[{\"@type\":\"ReadAction\",\"target\":[\"https:\/\/www.rattiluino.com\/es\/repuestos-y-upgrade\/\"]}]},{\"@type\":\"BreadcrumbList\",\"@id\":\"https:\/\/www.rattiluino.com\/es\/repuestos-y-upgrade\/#breadcrumb\",\"itemListElement\":[{\"@type\":\"ListItem\",\"position\":1,\"name\":\"Home\",\"item\":\"https:\/\/www.rattiluino.com\/es\/\"},{\"@type\":\"ListItem\",\"position\":2,\"name\":\"Repuestos y Upgrade\"}]},{\"@type\":\"WebSite\",\"@id\":\"https:\/\/www.rattiluino.com\/#website\",\"url\":\"https:\/\/www.rattiluino.com\/\",\"name\":\"Ratti Luino S.R.L.\",\"description\":\"Leaders in twisting technology since 1869\",\"publisher\":{\"@id\":\"https:\/\/www.rattiluino.com\/#organization\"},\"potentialAction\":[{\"@type\":\"SearchAction\",\"target\":{\"@type\":\"EntryPoint\",\"urlTemplate\":\"https:\/\/www.rattiluino.com\/?s={search_term_string}\"},\"query-input\":{\"@type\":\"PropertyValueSpecification\",\"valueRequired\":true,\"valueName\":\"search_term_string\"}}],\"inLanguage\":\"es\"},{\"@type\":\"Organization\",\"@id\":\"https:\/\/www.rattiluino.com\/#organization\",\"name\":\"Ratti Luino S.R.L.\",\"url\":\"https:\/\/www.rattiluino.com\/\",\"logo\":{\"@type\":\"ImageObject\",\"inLanguage\":\"es\",\"@id\":\"https:\/\/www.rattiluino.com\/#\/schema\/logo\/image\/\",\"url\":\"https:\/\/www.rattiluino.com\/wp-content\/uploads\/2017\/07\/logo-ratti-rete-di-vendita.png\",\"contentUrl\":\"https:\/\/www.rattiluino.com\/wp-content\/uploads\/2017\/07\/logo-ratti-rete-di-vendita.png\",\"width\":365,\"height\":365,\"caption\":\"Ratti Luino S.R.L.\"},\"image\":{\"@id\":\"https:\/\/www.rattiluino.com\/#\/schema\/logo\/image\/\"},\"sameAs\":[\"https:\/\/www.linkedin.com\/company\/ratti-luino-s-r-l\/\"]}]}<\/script>\n<!-- \/ Yoast SEO plugin. -->","yoast_head_json":{"title":"Repuestos y Upgrade - Ratti Luino S.R.L.","robots":{"index":"index","follow":"follow","max-snippet":"max-snippet:-1","max-image-preview":"max-image-preview:large","max-video-preview":"max-video-preview:-1"},"canonical":"https:\/\/www.rattiluino.com\/es\/repuestos-y-upgrade\/","og_locale":"es_ES","og_type":"article","og_title":"Repuestos y Upgrade - Ratti Luino S.R.L.","og_url":"https:\/\/www.rattiluino.com\/es\/repuestos-y-upgrade\/","og_site_name":"Ratti Luino S.R.L.","article_modified_time":"2021-09-10T13:08:24+00:00","twitter_card":"summary_large_image","twitter_misc":{"Tiempo de lectura":"5 minutos"},"schema":{"@context":"https:\/\/schema.org","@graph":[{"@type":"WebPage","@id":"https:\/\/www.rattiluino.com\/es\/repuestos-y-upgrade\/","url":"https:\/\/www.rattiluino.com\/es\/repuestos-y-upgrade\/","name":"Repuestos y Upgrade - Ratti Luino S.R.L.","isPartOf":{"@id":"https:\/\/www.rattiluino.com\/#website"},"datePublished":"2021-07-28T08:13:12+00:00","dateModified":"2021-09-10T13:08:24+00:00","breadcrumb":{"@id":"https:\/\/www.rattiluino.com\/es\/repuestos-y-upgrade\/#breadcrumb"},"inLanguage":"es","potentialAction":[{"@type":"ReadAction","target":["https:\/\/www.rattiluino.com\/es\/repuestos-y-upgrade\/"]}]},{"@type":"BreadcrumbList","@id":"https:\/\/www.rattiluino.com\/es\/repuestos-y-upgrade\/#breadcrumb","itemListElement":[{"@type":"ListItem","position":1,"name":"Home","item":"https:\/\/www.rattiluino.com\/es\/"},{"@type":"ListItem","position":2,"name":"Repuestos y Upgrade"}]},{"@type":"WebSite","@id":"https:\/\/www.rattiluino.com\/#website","url":"https:\/\/www.rattiluino.com\/","name":"Ratti Luino S.R.L.","description":"Leaders in twisting technology since 1869","publisher":{"@id":"https:\/\/www.rattiluino.com\/#organization"},"potentialAction":[{"@type":"SearchAction","target":{"@type":"EntryPoint","urlTemplate":"https:\/\/www.rattiluino.com\/?s={search_term_string}"},"query-input":{"@type":"PropertyValueSpecification","valueRequired":true,"valueName":"search_term_string"}}],"inLanguage":"es"},{"@type":"Organization","@id":"https:\/\/www.rattiluino.com\/#organization","name":"Ratti Luino S.R.L.","url":"https:\/\/www.rattiluino.com\/","logo":{"@type":"ImageObject","inLanguage":"es","@id":"https:\/\/www.rattiluino.com\/#\/schema\/logo\/image\/","url":"https:\/\/www.rattiluino.com\/wp-content\/uploads\/2017\/07\/logo-ratti-rete-di-vendita.png","contentUrl":"https:\/\/www.rattiluino.com\/wp-content\/uploads\/2017\/07\/logo-ratti-rete-di-vendita.png","width":365,"height":365,"caption":"Ratti Luino S.R.L."},"image":{"@id":"https:\/\/www.rattiluino.com\/#\/schema\/logo\/image\/"},"sameAs":["https:\/\/www.linkedin.com\/company\/ratti-luino-s-r-l\/"]}]}},"_links":{"self":[{"href":"https:\/\/www.rattiluino.com\/es\/wp-json\/wp\/v2\/pages\/5645","targetHints":{"allow":["GET"]}}],"collection":[{"href":"https:\/\/www.rattiluino.com\/es\/wp-json\/wp\/v2\/pages"}],"about":[{"href":"https:\/\/www.rattiluino.com\/es\/wp-json\/wp\/v2\/types\/page"}],"author":[{"embeddable":true,"href":"https:\/\/www.rattiluino.com\/es\/wp-json\/wp\/v2\/users\/2"}],"replies":[{"embeddable":true,"href":"https:\/\/www.rattiluino.com\/es\/wp-json\/wp\/v2\/comments?post=5645"}],"version-history":[{"count":0,"href":"https:\/\/www.rattiluino.com\/es\/wp-json\/wp\/v2\/pages\/5645\/revisions"}],"wp:attachment":[{"href":"https:\/\/www.rattiluino.com\/es\/wp-json\/wp\/v2\/media?parent=5645"}],"curies":[{"name":"wp","href":"https:\/\/api.w.org\/{rel}","templated":true}]}}