{"id":6083,"date":"2021-11-04T16:49:13","date_gmt":"2021-11-04T15:49:15","guid":{"rendered":"https:\/\/www.rattiluino.com\/?post_type=product&#038;p=6083"},"modified":"2021-12-03T15:04:28","modified_gmt":"2021-12-03T14:04:28","slug":"r641-r641-cu1-cu2","status":"publish","type":"product","link":"https:\/\/www.rattiluino.com\/es\/prodotto\/r641-r641-cu1-cu2\/","title":{"rendered":"R641 &#8211; R641 CU1-CU2"},"content":{"rendered":"<div class=\"fusion-fullwidth fullwidth-box fusion-builder-row-1 nonhundred-percent-fullwidth non-hundred-percent-height-scrolling\" style=\"--awb-border-radius-top-left:0px;--awb-border-radius-top-right:0px;--awb-border-radius-bottom-right:0px;--awb-border-radius-bottom-left:0px;--awb-flex-wrap:wrap;\" ><div class=\"fusion-builder-row fusion-row\"><div class=\"fusion-layout-column fusion_builder_column fusion-builder-column-0 fusion_builder_column_1_1 1_1 fusion-one-full fusion-column-first fusion-column-last\" style=\"--awb-bg-size:cover;\"><div class=\"fusion-column-wrapper fusion-flex-column-wrapper-legacy\"><div class=\"fusion-flip-boxes flip-boxes row fusion-columns-1 flip-effect-classic\"><div class=\"fusion-flip-box-wrapper fusion-column col-lg-12 col-md-12 col-sm-12\"><div class=\"fusion-flip-box flip-right\" tabindex=\"0\"><div class=\"flip-box-inner-wrapper\"><div class=\"flip-box-front\" style=\"--awb-background-color-front:#f0f3f2;--awb-title-front-color:212331;--awb-text-front-color:#212331;\"><div class=\"flip-box-front-inner\"><h2 class=\"flip-box-heading\">Descargue el folleto<\/h2>Ingrese su direcci\u00f3n de correo electr\u00f3nico para descargar y consulte el folleto del producto<\/div><\/div><div class=\"flip-box-back\" style=\"--awb-background-color-back:#f0f3f2;--awb-title-back-color:#212331;--awb-text-back-color:#212331;\"><div class=\"flip-box-back-inner\">\n\n<div class=\"wpcf7 no-js\" id=\"wpcf7-f6074-o1\" lang=\"it-IT\" dir=\"ltr\" data-wpcf7-id=\"6074\">\n<div class=\"screen-reader-response\"><p role=\"status\" aria-live=\"polite\" aria-atomic=\"true\"><\/p> <ul><\/ul><\/div>\n<form action=\"\/es\/wp-json\/wp\/v2\/product\/6083#wpcf7-f6074-o1\" method=\"post\" class=\"wpcf7-form init wpcf7-acceptance-as-validation\" aria-label=\"Modulo di contatto\" novalidate=\"novalidate\" data-status=\"init\">\n<div style=\"display: none;\">\n<input type=\"hidden\" name=\"_wpcf7\" value=\"6074\" \/>\n<input type=\"hidden\" name=\"_wpcf7_version\" value=\"6.0.3\" \/>\n<input type=\"hidden\" name=\"_wpcf7_locale\" value=\"it_IT\" \/>\n<input type=\"hidden\" name=\"_wpcf7_unit_tag\" value=\"wpcf7-f6074-o1\" \/>\n<input type=\"hidden\" name=\"_wpcf7_container_post\" value=\"0\" \/>\n<input type=\"hidden\" name=\"_wpcf7_posted_data_hash\" value=\"\" \/>\n<input type=\"hidden\" name=\"_wpcf7_recaptcha_response\" value=\"\" \/>\n<\/div>\n\n<p><label> Indirizzo mail *<br \/>\n<span class=\"wpcf7-form-control-wrap\" data-name=\"your-email\"><input size=\"40\" maxlength=\"400\" class=\"wpcf7-form-control wpcf7-email wpcf7-validates-as-required wpcf7-text wpcf7-validates-as-email\" aria-required=\"true\" aria-invalid=\"false\" value=\"\" type=\"email\" name=\"your-email\" \/><\/span> <\/label>\n<\/p>\n<p><span class=\"wpcf7-form-control-wrap\" data-name=\"informativa\"><span class=\"wpcf7-form-control wpcf7-acceptance\"><span class=\"wpcf7-list-item\"><input type=\"checkbox\" name=\"informativa\" value=\"1\" aria-invalid=\"false\" \/><\/span><\/span><\/span> Acconsento che i miei dati personali siano salvati conformemente alla\u00a0Politica relativa alla privacy.<br \/>\n[anr_nocaptcha g-recaptcha-response]<br \/>\n<input class=\"wpcf7-form-control wpcf7-submit has-spinner\" type=\"submit\" value=\"Scarica brochure\" \/>\n<\/p>\n\n<input type='hidden' class='wpcf7-pum' value='{\"closepopup\":false,\"closedelay\":0,\"openpopup\":false,\"openpopup_id\":0}' \/><div class=\"fusion-alert alert custom alert-custom fusion-alert-center wpcf7-response-output awb-alert-native-link-color alert-dismissable awb-alert-close-boxed\" style=\"--awb-border-top-left-radius:0px;--awb-border-top-right-radius:0px;--awb-border-bottom-left-radius:0px;--awb-border-bottom-right-radius:0px;\" role=\"alert\"><div class=\"fusion-alert-content-wrapper\"><span class=\"fusion-alert-content\"><\/span><\/div><button type=\"button\" class=\"close toggle-alert\" data-dismiss=\"alert\" aria-label=\"Close\">&times;<\/button><\/div>\n<\/form>\n<\/div>\n\n<\/div><\/div><\/div><\/div><\/div><\/div><div class=\"clearfix\"><\/div><div class=\"fusion-clearfix\"><\/div><\/div><\/div><div class=\"fusion-layout-column fusion_builder_column fusion-builder-column-1 fusion_builder_column_1_2 1_2 fusion-one-half fusion-column-first item-hidden\" style=\"--awb-bg-size:cover;width:50%;width:calc(50% - ( ( 4% ) * 0.5 ) );margin-right: 4%;\"><div class=\"fusion-column-wrapper fusion-flex-column-wrapper-legacy\"><div class=\"fusion-progressbar fusion-progressbar-text-above-bar\"><span class=\"progress-title\"><span class=\"fusion-progressbar-text\" id=\"awb-progressbar-label-1\">Datos t\u00e9cnicos:<\/span> <span class=\"fusion-progressbar-value\">12%<\/span><\/span> <div class=\"fusion-progressbar-bar progress-bar\"><div class=\"progress progress-bar-content\" style=\"width:0%;\" role=\"progressbar\" aria-labelledby=\"awb-progressbar-label-1\" aria-valuemin=\"0\" aria-valuemax=\"100\" aria-valuenow=\"12\"><\/div><\/div><\/div><div class=\"fusion-progressbar fusion-progressbar-text-above-bar\"><span class=\"progress-title\"><span class=\"fusion-progressbar-text\" id=\"awb-progressbar-label-2\">Datos t\u00e9cnicos:<\/span> <span class=\"fusion-progressbar-value\">75%<\/span><\/span> <div class=\"fusion-progressbar-bar progress-bar\"><div class=\"progress progress-bar-content\" style=\"width:0%;\" role=\"progressbar\" aria-labelledby=\"awb-progressbar-label-2\" aria-valuemin=\"0\" aria-valuemax=\"100\" aria-valuenow=\"75\"><\/div><\/div><\/div><div class=\"fusion-progressbar fusion-progressbar-text-above-bar\"><span class=\"progress-title\"><span class=\"fusion-progressbar-text\" id=\"awb-progressbar-label-3\">Datos t\u00e9cnicos:<\/span> <span class=\"fusion-progressbar-value\">58%<\/span><\/span> <div class=\"fusion-progressbar-bar progress-bar\"><div class=\"progress progress-bar-content\" style=\"width:0%;\" role=\"progressbar\" aria-labelledby=\"awb-progressbar-label-3\" aria-valuemin=\"0\" aria-valuemax=\"100\" aria-valuenow=\"58\"><\/div><\/div><\/div><div class=\"fusion-sep-clear\"><\/div><div class=\"fusion-separator fusion-full-width-sep\" style=\"margin-left: auto;margin-right: auto;margin-top:40px;width:100%;\"><\/div><div class=\"fusion-sep-clear\"><\/div><div class=\"fusion-counters-box counters-box row fusion-clearfix fusion-columns-3\"><div class=\"fusion-counter-box fusion-column col-counter-box counter-box-wrapper col-lg-4 col-md-4 col-sm-4\" data-animationOffset=\"top-into-view\"><div class=\"counter-box-container\"><div class=\"content-box-percentage content-box-counter\"><span class=\"display-counter\" data-value=\"250\" data-direction=\"up\" data-decimals=\"0\">0<\/span><span class=\"unit\">mm<\/span><\/div><div class=\"counter-box-content\">Di\u00e1metro m\u00e1ximo<\/div><\/div><\/div><div class=\"fusion-counter-box fusion-column col-counter-box counter-box-wrapper col-lg-4 col-md-4 col-sm-4\" data-animationOffset=\"top-into-view\"><div class=\"counter-box-container\"><div class=\"content-box-percentage content-box-counter\"><span class=\"display-counter\" data-value=\"200\" data-direction=\"up\" data-decimals=\"0\">0<\/span><span class=\"unit\">m\/min<\/span><\/div><div class=\"counter-box-content\">Velocidad de trabajo<\/div><\/div><\/div><div class=\"fusion-counter-box fusion-column col-counter-box counter-box-wrapper col-lg-4 col-md-4 col-sm-4\" data-animationOffset=\"top-into-view\"><div class=\"counter-box-container\"><div class=\"content-box-percentage content-box-counter\"><span class=\"display-counter\" data-value=\"1830\" data-direction=\"up\" data-decimals=\"0\">0<\/span><span class=\"unit\">mm<\/span><\/div><div class=\"counter-box-content\">Longitud de la secci\u00f3n<\/div><\/div><\/div><\/div><div class=\"clearfix\"><\/div><div class=\"fusion-sep-clear\"><\/div><div class=\"fusion-separator fusion-full-width-sep\" style=\"margin-left: auto;margin-right: auto;margin-top:32px;width:100%;\"><\/div><div class=\"fusion-sep-clear\"><\/div><div class=\"fusion-clearfix\"><\/div><\/div><\/div><\/div><\/div>\n","protected":false},"excerpt":{"rendered":"<p>Retorcedora para hilos industriales y grandes titulos de polipropileno, poli\u00e9ster y poliamida envueltos en grandes paquetes de alimentaci\u00f3n y recolecci\u00f3n. Las bobinas de suministro grandes\u00a0 requieren una m\u00e1quina con una estructura robusta, husos de doble torsi\u00f3n de f\u00e1cil acceso para el operador, un bastidor de recogida con palancas de frenado y compensaci\u00f3n de peso, adecuado para alta velocidades de recogida; resultantes de el procesos con bajas torsi\u00f3nes. La maquina R 641 puede ser equipada con husos de bobina de modelos desde el NT 260 hasta el model NT 330 estos husos son adecuados para t\u00edtulos de hasta 12.000 Dtex. La Maquina puede ser fornida tambi\u00e8n con enhebramiento de el hilo neumatico con pedal (Optional). La maquina disponible con cinta transportadora central.<\/p>\n","protected":false},"featured_media":6091,"template":"","meta":{"_exactmetrics_skip_tracking":false,"_exactmetrics_sitenote_active":false,"_exactmetrics_sitenote_note":"","_exactmetrics_sitenote_category":0},"product_cat":[167],"product_tag":[],"class_list":{"0":"post-6083","1":"product","2":"type-product","3":"status-publish","4":"has-post-thumbnail","6":"product_cat-non-categorizzato","8":"first","9":"instock","10":"shipping-taxable","11":"product-type-simple"},"yoast_head":"<!-- This site is optimized with the Yoast SEO plugin v26.8 - https:\/\/yoast.com\/product\/yoast-seo-wordpress\/ -->\n<title>R641 - R641 CU1-CU2 - Ratti Luino S.R.L.<\/title>\n<meta name=\"robots\" content=\"index, follow, max-snippet:-1, max-image-preview:large, max-video-preview:-1\" \/>\n<link rel=\"canonical\" href=\"https:\/\/www.rattiluino.com\/es\/prodotto\/r641-r641-cu1-cu2\/\" \/>\n<meta property=\"og:locale\" content=\"es_ES\" \/>\n<meta property=\"og:type\" content=\"article\" \/>\n<meta property=\"og:title\" content=\"R641 - R641 CU1-CU2 - Ratti Luino S.R.L.\" \/>\n<meta property=\"og:description\" content=\"Retorcedora para hilos industriales y grandes titulos de polipropileno, poli\u00e9ster y poliamida envueltos en grandes paquetes de alimentaci\u00f3n y recolecci\u00f3n. Las bobinas de suministro grandes\u00a0 requieren una m\u00e1quina con una estructura robusta, husos de doble torsi\u00f3n de f\u00e1cil acceso para el operador, un bastidor de recogida con palancas de frenado y compensaci\u00f3n de peso, adecuado para alta velocidades de recogida; resultantes de el procesos con bajas torsi\u00f3nes. La maquina R 641 puede ser equipada con husos de bobina de modelos desde el NT 260 hasta el model NT 330 estos husos son adecuados para t\u00edtulos de hasta 12.000 Dtex. La Maquina puede ser fornida tambi\u00e8n con enhebramiento de el hilo neumatico con pedal (Optional). La maquina disponible con cinta transportadora central.\" \/>\n<meta property=\"og:url\" content=\"https:\/\/www.rattiluino.com\/es\/prodotto\/r641-r641-cu1-cu2\/\" \/>\n<meta property=\"og:site_name\" content=\"Ratti Luino S.R.L.\" \/>\n<meta property=\"article:modified_time\" content=\"2021-12-03T14:04:28+00:00\" \/>\n<meta property=\"og:image\" content=\"https:\/\/www.rattiluino.com\/wp-content\/uploads\/2021\/11\/foto-1-scaled.jpg\" \/>\n\t<meta property=\"og:image:width\" content=\"2560\" \/>\n\t<meta property=\"og:image:height\" content=\"1922\" \/>\n\t<meta property=\"og:image:type\" content=\"image\/jpeg\" \/>\n<meta name=\"twitter:card\" content=\"summary_large_image\" \/>\n<meta name=\"twitter:label1\" content=\"Tiempo de lectura\" \/>\n\t<meta name=\"twitter:data1\" content=\"3 minutos\" \/>\n<script type=\"application\/ld+json\" class=\"yoast-schema-graph\">{\"@context\":\"https:\/\/schema.org\",\"@graph\":[{\"@type\":\"WebPage\",\"@id\":\"https:\/\/www.rattiluino.com\/es\/prodotto\/r641-r641-cu1-cu2\/\",\"url\":\"https:\/\/www.rattiluino.com\/es\/prodotto\/r641-r641-cu1-cu2\/\",\"name\":\"R641 - R641 CU1-CU2 - Ratti Luino S.R.L.\",\"isPartOf\":{\"@id\":\"https:\/\/www.rattiluino.com\/#website\"},\"primaryImageOfPage\":{\"@id\":\"https:\/\/www.rattiluino.com\/es\/prodotto\/r641-r641-cu1-cu2\/#primaryimage\"},\"image\":{\"@id\":\"https:\/\/www.rattiluino.com\/es\/prodotto\/r641-r641-cu1-cu2\/#primaryimage\"},\"thumbnailUrl\":\"https:\/\/www.rattiluino.com\/wp-content\/uploads\/2021\/11\/foto-1-scaled.jpg\",\"datePublished\":\"2021-11-04T15:49:15+00:00\",\"dateModified\":\"2021-12-03T14:04:28+00:00\",\"breadcrumb\":{\"@id\":\"https:\/\/www.rattiluino.com\/es\/prodotto\/r641-r641-cu1-cu2\/#breadcrumb\"},\"inLanguage\":\"es\",\"potentialAction\":[{\"@type\":\"ReadAction\",\"target\":[\"https:\/\/www.rattiluino.com\/es\/prodotto\/r641-r641-cu1-cu2\/\"]}]},{\"@type\":\"ImageObject\",\"inLanguage\":\"es\",\"@id\":\"https:\/\/www.rattiluino.com\/es\/prodotto\/r641-r641-cu1-cu2\/#primaryimage\",\"url\":\"https:\/\/www.rattiluino.com\/wp-content\/uploads\/2021\/11\/foto-1-scaled.jpg\",\"contentUrl\":\"https:\/\/www.rattiluino.com\/wp-content\/uploads\/2021\/11\/foto-1-scaled.jpg\",\"width\":2560,\"height\":1922},{\"@type\":\"BreadcrumbList\",\"@id\":\"https:\/\/www.rattiluino.com\/es\/prodotto\/r641-r641-cu1-cu2\/#breadcrumb\",\"itemListElement\":[{\"@type\":\"ListItem\",\"position\":1,\"name\":\"Home\",\"item\":\"https:\/\/www.rattiluino.com\/es\/\"},{\"@type\":\"ListItem\",\"position\":2,\"name\":\"Prodotti\",\"item\":\"https:\/\/www.rattiluino.com\/shop\/\"},{\"@type\":\"ListItem\",\"position\":3,\"name\":\"R641 &#8211; R641 CU1-CU2\"}]},{\"@type\":\"WebSite\",\"@id\":\"https:\/\/www.rattiluino.com\/#website\",\"url\":\"https:\/\/www.rattiluino.com\/\",\"name\":\"Ratti Luino S.R.L.\",\"description\":\"Leaders in twisting technology since 1869\",\"publisher\":{\"@id\":\"https:\/\/www.rattiluino.com\/#organization\"},\"potentialAction\":[{\"@type\":\"SearchAction\",\"target\":{\"@type\":\"EntryPoint\",\"urlTemplate\":\"https:\/\/www.rattiluino.com\/?s={search_term_string}\"},\"query-input\":{\"@type\":\"PropertyValueSpecification\",\"valueRequired\":true,\"valueName\":\"search_term_string\"}}],\"inLanguage\":\"es\"},{\"@type\":\"Organization\",\"@id\":\"https:\/\/www.rattiluino.com\/#organization\",\"name\":\"Ratti Luino S.R.L.\",\"url\":\"https:\/\/www.rattiluino.com\/\",\"logo\":{\"@type\":\"ImageObject\",\"inLanguage\":\"es\",\"@id\":\"https:\/\/www.rattiluino.com\/#\/schema\/logo\/image\/\",\"url\":\"https:\/\/www.rattiluino.com\/wp-content\/uploads\/2017\/07\/logo-ratti-rete-di-vendita.png\",\"contentUrl\":\"https:\/\/www.rattiluino.com\/wp-content\/uploads\/2017\/07\/logo-ratti-rete-di-vendita.png\",\"width\":365,\"height\":365,\"caption\":\"Ratti Luino S.R.L.\"},\"image\":{\"@id\":\"https:\/\/www.rattiluino.com\/#\/schema\/logo\/image\/\"},\"sameAs\":[\"https:\/\/www.linkedin.com\/company\/ratti-luino-s-r-l\/\"]}]}<\/script>\n<!-- \/ Yoast SEO plugin. -->","yoast_head_json":{"title":"R641 - R641 CU1-CU2 - Ratti Luino S.R.L.","robots":{"index":"index","follow":"follow","max-snippet":"max-snippet:-1","max-image-preview":"max-image-preview:large","max-video-preview":"max-video-preview:-1"},"canonical":"https:\/\/www.rattiluino.com\/es\/prodotto\/r641-r641-cu1-cu2\/","og_locale":"es_ES","og_type":"article","og_title":"R641 - R641 CU1-CU2 - Ratti Luino S.R.L.","og_description":"Retorcedora para hilos industriales y grandes titulos de polipropileno, poli\u00e9ster y poliamida envueltos en grandes paquetes de alimentaci\u00f3n y recolecci\u00f3n. Las bobinas de suministro grandes\u00a0 requieren una m\u00e1quina con una estructura robusta, husos de doble torsi\u00f3n de f\u00e1cil acceso para el operador, un bastidor de recogida con palancas de frenado y compensaci\u00f3n de peso, adecuado para alta velocidades de recogida; resultantes de el procesos con bajas torsi\u00f3nes. La maquina R 641 puede ser equipada con husos de bobina de modelos desde el NT 260 hasta el model NT 330 estos husos son adecuados para t\u00edtulos de hasta 12.000 Dtex. La Maquina puede ser fornida tambi\u00e8n con enhebramiento de el hilo neumatico con pedal (Optional). La maquina disponible con cinta transportadora central.","og_url":"https:\/\/www.rattiluino.com\/es\/prodotto\/r641-r641-cu1-cu2\/","og_site_name":"Ratti Luino S.R.L.","article_modified_time":"2021-12-03T14:04:28+00:00","og_image":[{"width":2560,"height":1922,"url":"https:\/\/www.rattiluino.com\/wp-content\/uploads\/2021\/11\/foto-1-scaled.jpg","type":"image\/jpeg"}],"twitter_card":"summary_large_image","twitter_misc":{"Tiempo de lectura":"3 minutos"},"schema":{"@context":"https:\/\/schema.org","@graph":[{"@type":"WebPage","@id":"https:\/\/www.rattiluino.com\/es\/prodotto\/r641-r641-cu1-cu2\/","url":"https:\/\/www.rattiluino.com\/es\/prodotto\/r641-r641-cu1-cu2\/","name":"R641 - R641 CU1-CU2 - Ratti Luino S.R.L.","isPartOf":{"@id":"https:\/\/www.rattiluino.com\/#website"},"primaryImageOfPage":{"@id":"https:\/\/www.rattiluino.com\/es\/prodotto\/r641-r641-cu1-cu2\/#primaryimage"},"image":{"@id":"https:\/\/www.rattiluino.com\/es\/prodotto\/r641-r641-cu1-cu2\/#primaryimage"},"thumbnailUrl":"https:\/\/www.rattiluino.com\/wp-content\/uploads\/2021\/11\/foto-1-scaled.jpg","datePublished":"2021-11-04T15:49:15+00:00","dateModified":"2021-12-03T14:04:28+00:00","breadcrumb":{"@id":"https:\/\/www.rattiluino.com\/es\/prodotto\/r641-r641-cu1-cu2\/#breadcrumb"},"inLanguage":"es","potentialAction":[{"@type":"ReadAction","target":["https:\/\/www.rattiluino.com\/es\/prodotto\/r641-r641-cu1-cu2\/"]}]},{"@type":"ImageObject","inLanguage":"es","@id":"https:\/\/www.rattiluino.com\/es\/prodotto\/r641-r641-cu1-cu2\/#primaryimage","url":"https:\/\/www.rattiluino.com\/wp-content\/uploads\/2021\/11\/foto-1-scaled.jpg","contentUrl":"https:\/\/www.rattiluino.com\/wp-content\/uploads\/2021\/11\/foto-1-scaled.jpg","width":2560,"height":1922},{"@type":"BreadcrumbList","@id":"https:\/\/www.rattiluino.com\/es\/prodotto\/r641-r641-cu1-cu2\/#breadcrumb","itemListElement":[{"@type":"ListItem","position":1,"name":"Home","item":"https:\/\/www.rattiluino.com\/es\/"},{"@type":"ListItem","position":2,"name":"Prodotti","item":"https:\/\/www.rattiluino.com\/shop\/"},{"@type":"ListItem","position":3,"name":"R641 &#8211; R641 CU1-CU2"}]},{"@type":"WebSite","@id":"https:\/\/www.rattiluino.com\/#website","url":"https:\/\/www.rattiluino.com\/","name":"Ratti Luino S.R.L.","description":"Leaders in twisting technology since 1869","publisher":{"@id":"https:\/\/www.rattiluino.com\/#organization"},"potentialAction":[{"@type":"SearchAction","target":{"@type":"EntryPoint","urlTemplate":"https:\/\/www.rattiluino.com\/?s={search_term_string}"},"query-input":{"@type":"PropertyValueSpecification","valueRequired":true,"valueName":"search_term_string"}}],"inLanguage":"es"},{"@type":"Organization","@id":"https:\/\/www.rattiluino.com\/#organization","name":"Ratti Luino S.R.L.","url":"https:\/\/www.rattiluino.com\/","logo":{"@type":"ImageObject","inLanguage":"es","@id":"https:\/\/www.rattiluino.com\/#\/schema\/logo\/image\/","url":"https:\/\/www.rattiluino.com\/wp-content\/uploads\/2017\/07\/logo-ratti-rete-di-vendita.png","contentUrl":"https:\/\/www.rattiluino.com\/wp-content\/uploads\/2017\/07\/logo-ratti-rete-di-vendita.png","width":365,"height":365,"caption":"Ratti Luino S.R.L."},"image":{"@id":"https:\/\/www.rattiluino.com\/#\/schema\/logo\/image\/"},"sameAs":["https:\/\/www.linkedin.com\/company\/ratti-luino-s-r-l\/"]}]}},"_links":{"self":[{"href":"https:\/\/www.rattiluino.com\/es\/wp-json\/wp\/v2\/product\/6083","targetHints":{"allow":["GET"]}}],"collection":[{"href":"https:\/\/www.rattiluino.com\/es\/wp-json\/wp\/v2\/product"}],"about":[{"href":"https:\/\/www.rattiluino.com\/es\/wp-json\/wp\/v2\/types\/product"}],"wp:featuredmedia":[{"embeddable":true,"href":"https:\/\/www.rattiluino.com\/es\/wp-json\/wp\/v2\/media\/6091"}],"wp:attachment":[{"href":"https:\/\/www.rattiluino.com\/es\/wp-json\/wp\/v2\/media?parent=6083"}],"wp:term":[{"taxonomy":"product_cat","embeddable":true,"href":"https:\/\/www.rattiluino.com\/es\/wp-json\/wp\/v2\/product_cat?post=6083"},{"taxonomy":"product_tag","embeddable":true,"href":"https:\/\/www.rattiluino.com\/es\/wp-json\/wp\/v2\/product_tag?post=6083"}],"curies":[{"name":"wp","href":"https:\/\/api.w.org\/{rel}","templated":true}]}}