{"id":2076,"date":"2018-07-19T15:29:59","date_gmt":"2018-07-19T13:29:59","guid":{"rendered":"http:\/\/www.rattiluino.com\/broches-a-double-torsion\/"},"modified":"2018-07-19T15:30:01","modified_gmt":"2018-07-19T13:30:01","slug":"broches-a-double-torsion","status":"publish","type":"page","link":"https:\/\/www.rattiluino.com\/fr\/ligne-ratti\/broches-a-double-torsion\/","title":{"rendered":"Broches \u00e0 Double Torsion"},"content":{"rendered":"<div class=\"fusion-fullwidth fullwidth-box fusion-builder-row-1 nonhundred-percent-fullwidth non-hundred-percent-height-scrolling\" style=\"--awb-border-radius-top-left:0px;--awb-border-radius-top-right:0px;--awb-border-radius-bottom-right:0px;--awb-border-radius-bottom-left:0px;--awb-flex-wrap:wrap;\" ><div class=\"fusion-builder-row fusion-row\"><div class=\"fusion-layout-column fusion_builder_column fusion-builder-column-0 fusion_builder_column_1_2 1_2 fusion-one-half fusion-column-first\" style=\"--awb-bg-size:cover;width:50%;width:calc(50% - ( ( 4% ) * 0.5 ) );margin-right: 4%;\"><div class=\"fusion-column-wrapper fusion-flex-column-wrapper-legacy\"><div class=\"fusion-title title fusion-title-1 fusion-title-text fusion-title-size-two\"><h2 class=\"fusion-title-heading title-heading-left\" style=\"margin:0;\">Description<\/h2><span class=\"awb-title-spacer\"><\/span><div class=\"title-sep-container\"><div class=\"title-sep sep-double sep-solid\" style=\"border-color:#9cb6c3;\"><\/div><\/div><\/div><div class=\"fusion-text fusion-text-1\"><p>Nous produisons une large gamme de broches \u00e0 double torsion pour le traitement de cops, bobines et bobines \u00e0 joues. Les broches pour la torsion de bobines de fil sont construits \u00a0dans les variations DT (ballon contr\u00f4l\u00e9) et NT (ballon libre), et ils sont \u00e9quip\u00e9es de pot pour maximiser le contenu de la broche.<\/p>\n<\/div><div class=\"fusion-clearfix\"><\/div><\/div><\/div><div class=\"fusion-layout-column fusion_builder_column fusion-builder-column-1 fusion_builder_column_1_2 1_2 fusion-one-half fusion-column-last\" style=\"--awb-bg-size:cover;width:50%;width:calc(50% - ( ( 4% ) * 0.5 ) );\"><div class=\"fusion-column-wrapper fusion-flex-column-wrapper-legacy\"><div class=\"fusion-title title fusion-title-2 fusion-title-text fusion-title-size-two\"><h2 class=\"fusion-title-heading title-heading-left\" style=\"margin:0;\">Machines disponibles<\/h2><span class=\"awb-title-spacer\"><\/span><div class=\"title-sep-container\"><div class=\"title-sep sep-double sep-solid\" style=\"border-color:#9cb6c3;\"><\/div><\/div><\/div><div class=\"woocommerce columns-3 \"><\/div><div class=\"fusion-clearfix\"><\/div><\/div><\/div><\/div><\/div>\n","protected":false},"excerpt":{"rendered":"","protected":false},"author":4,"featured_media":0,"parent":2085,"menu_order":10,"comment_status":"closed","ping_status":"closed","template":"","meta":{"_exactmetrics_skip_tracking":false,"_exactmetrics_sitenote_active":false,"_exactmetrics_sitenote_note":"","_exactmetrics_sitenote_category":0,"footnotes":""},"class_list":["post-2076","page","type-page","status-publish","hentry"],"yoast_head":"<!-- This site is optimized with the Yoast SEO plugin v26.8 - https:\/\/yoast.com\/product\/yoast-seo-wordpress\/ -->\n<title>Broches \u00e0 Double Torsion - Ratti Luino S.R.L.<\/title>\n<meta name=\"description\" content=\"Nous produisons une large gamme de broches \u00e0 double torsion pour le traitement de cops, bobines et bobines \u00e0 joues. Les broches pour la torsion de bobines de fil sont construits dans les variations DT (ballon contr\u00f4l\u00e9) et NT (ballon libre), et ils sont \u00e9quip\u00e9es de pot pour maximiser le contenu de la broche.\" \/>\n<meta name=\"robots\" content=\"index, follow, max-snippet:-1, max-image-preview:large, max-video-preview:-1\" \/>\n<link rel=\"canonical\" href=\"https:\/\/www.rattiluino.com\/fr\/ligne-ratti\/broches-a-double-torsion\/\" \/>\n<meta property=\"og:locale\" content=\"fr_FR\" \/>\n<meta property=\"og:type\" content=\"article\" \/>\n<meta property=\"og:title\" content=\"Broches \u00e0 Double Torsion - Ratti Luino S.R.L.\" \/>\n<meta property=\"og:description\" content=\"Nous produisons une large gamme de broches \u00e0 double torsion pour le traitement de cops, bobines et bobines \u00e0 joues. Les broches pour la torsion de bobines de fil sont construits dans les variations DT (ballon contr\u00f4l\u00e9) et NT (ballon libre), et ils sont \u00e9quip\u00e9es de pot pour maximiser le contenu de la broche.\" \/>\n<meta property=\"og:url\" content=\"https:\/\/www.rattiluino.com\/fr\/ligne-ratti\/broches-a-double-torsion\/\" \/>\n<meta property=\"og:site_name\" content=\"Ratti Luino S.R.L.\" \/>\n<meta property=\"article:modified_time\" content=\"2018-07-19T13:30:01+00:00\" \/>\n<meta name=\"twitter:card\" content=\"summary_large_image\" \/>\n<meta name=\"twitter:label1\" content=\"Dur\u00e9e de lecture estim\u00e9e\" \/>\n\t<meta name=\"twitter:data1\" content=\"2 minutes\" \/>\n<script type=\"application\/ld+json\" class=\"yoast-schema-graph\">{\"@context\":\"https:\/\/schema.org\",\"@graph\":[{\"@type\":\"WebPage\",\"@id\":\"https:\/\/www.rattiluino.com\/fr\/ligne-ratti\/broches-a-double-torsion\/\",\"url\":\"https:\/\/www.rattiluino.com\/fr\/ligne-ratti\/broches-a-double-torsion\/\",\"name\":\"Broches \u00e0 Double Torsion - Ratti Luino S.R.L.\",\"isPartOf\":{\"@id\":\"https:\/\/www.rattiluino.com\/#website\"},\"datePublished\":\"2018-07-19T13:29:59+00:00\",\"dateModified\":\"2018-07-19T13:30:01+00:00\",\"description\":\"Nous produisons une large gamme de broches \u00e0 double torsion pour le traitement de cops, bobines et bobines \u00e0 joues. Les broches pour la torsion de bobines de fil sont construits dans les variations DT (ballon contr\u00f4l\u00e9) et NT (ballon libre), et ils sont \u00e9quip\u00e9es de pot pour maximiser le contenu de la broche.\",\"breadcrumb\":{\"@id\":\"https:\/\/www.rattiluino.com\/fr\/ligne-ratti\/broches-a-double-torsion\/#breadcrumb\"},\"inLanguage\":\"fr-FR\",\"potentialAction\":[{\"@type\":\"ReadAction\",\"target\":[\"https:\/\/www.rattiluino.com\/fr\/ligne-ratti\/broches-a-double-torsion\/\"]}]},{\"@type\":\"BreadcrumbList\",\"@id\":\"https:\/\/www.rattiluino.com\/fr\/ligne-ratti\/broches-a-double-torsion\/#breadcrumb\",\"itemListElement\":[{\"@type\":\"ListItem\",\"position\":1,\"name\":\"Home\",\"item\":\"https:\/\/www.rattiluino.com\/fr\/\"},{\"@type\":\"ListItem\",\"position\":2,\"name\":\"Ligne Ratti\",\"item\":\"https:\/\/www.rattiluino.com\/fr\/ligne-ratti\/\"},{\"@type\":\"ListItem\",\"position\":3,\"name\":\"Broches \u00e0 Double Torsion\"}]},{\"@type\":\"WebSite\",\"@id\":\"https:\/\/www.rattiluino.com\/#website\",\"url\":\"https:\/\/www.rattiluino.com\/\",\"name\":\"Ratti Luino S.R.L.\",\"description\":\"Leaders in twisting technology since 1869\",\"publisher\":{\"@id\":\"https:\/\/www.rattiluino.com\/#organization\"},\"potentialAction\":[{\"@type\":\"SearchAction\",\"target\":{\"@type\":\"EntryPoint\",\"urlTemplate\":\"https:\/\/www.rattiluino.com\/?s={search_term_string}\"},\"query-input\":{\"@type\":\"PropertyValueSpecification\",\"valueRequired\":true,\"valueName\":\"search_term_string\"}}],\"inLanguage\":\"fr-FR\"},{\"@type\":\"Organization\",\"@id\":\"https:\/\/www.rattiluino.com\/#organization\",\"name\":\"Ratti Luino S.R.L.\",\"url\":\"https:\/\/www.rattiluino.com\/\",\"logo\":{\"@type\":\"ImageObject\",\"inLanguage\":\"fr-FR\",\"@id\":\"https:\/\/www.rattiluino.com\/#\/schema\/logo\/image\/\",\"url\":\"https:\/\/www.rattiluino.com\/wp-content\/uploads\/2017\/07\/logo-ratti-rete-di-vendita.png\",\"contentUrl\":\"https:\/\/www.rattiluino.com\/wp-content\/uploads\/2017\/07\/logo-ratti-rete-di-vendita.png\",\"width\":365,\"height\":365,\"caption\":\"Ratti Luino S.R.L.\"},\"image\":{\"@id\":\"https:\/\/www.rattiluino.com\/#\/schema\/logo\/image\/\"},\"sameAs\":[\"https:\/\/www.linkedin.com\/company\/ratti-luino-s-r-l\/\"]}]}<\/script>\n<!-- \/ Yoast SEO plugin. -->","yoast_head_json":{"title":"Broches \u00e0 Double Torsion - Ratti Luino S.R.L.","description":"Nous produisons une large gamme de broches \u00e0 double torsion pour le traitement de cops, bobines et bobines \u00e0 joues. Les broches pour la torsion de bobines de fil sont construits dans les variations DT (ballon contr\u00f4l\u00e9) et NT (ballon libre), et ils sont \u00e9quip\u00e9es de pot pour maximiser le contenu de la broche.","robots":{"index":"index","follow":"follow","max-snippet":"max-snippet:-1","max-image-preview":"max-image-preview:large","max-video-preview":"max-video-preview:-1"},"canonical":"https:\/\/www.rattiluino.com\/fr\/ligne-ratti\/broches-a-double-torsion\/","og_locale":"fr_FR","og_type":"article","og_title":"Broches \u00e0 Double Torsion - Ratti Luino S.R.L.","og_description":"Nous produisons une large gamme de broches \u00e0 double torsion pour le traitement de cops, bobines et bobines \u00e0 joues. Les broches pour la torsion de bobines de fil sont construits dans les variations DT (ballon contr\u00f4l\u00e9) et NT (ballon libre), et ils sont \u00e9quip\u00e9es de pot pour maximiser le contenu de la broche.","og_url":"https:\/\/www.rattiluino.com\/fr\/ligne-ratti\/broches-a-double-torsion\/","og_site_name":"Ratti Luino S.R.L.","article_modified_time":"2018-07-19T13:30:01+00:00","twitter_card":"summary_large_image","twitter_misc":{"Dur\u00e9e de lecture estim\u00e9e":"2 minutes"},"schema":{"@context":"https:\/\/schema.org","@graph":[{"@type":"WebPage","@id":"https:\/\/www.rattiluino.com\/fr\/ligne-ratti\/broches-a-double-torsion\/","url":"https:\/\/www.rattiluino.com\/fr\/ligne-ratti\/broches-a-double-torsion\/","name":"Broches \u00e0 Double Torsion - Ratti Luino S.R.L.","isPartOf":{"@id":"https:\/\/www.rattiluino.com\/#website"},"datePublished":"2018-07-19T13:29:59+00:00","dateModified":"2018-07-19T13:30:01+00:00","description":"Nous produisons une large gamme de broches \u00e0 double torsion pour le traitement de cops, bobines et bobines \u00e0 joues. Les broches pour la torsion de bobines de fil sont construits dans les variations DT (ballon contr\u00f4l\u00e9) et NT (ballon libre), et ils sont \u00e9quip\u00e9es de pot pour maximiser le contenu de la broche.","breadcrumb":{"@id":"https:\/\/www.rattiluino.com\/fr\/ligne-ratti\/broches-a-double-torsion\/#breadcrumb"},"inLanguage":"fr-FR","potentialAction":[{"@type":"ReadAction","target":["https:\/\/www.rattiluino.com\/fr\/ligne-ratti\/broches-a-double-torsion\/"]}]},{"@type":"BreadcrumbList","@id":"https:\/\/www.rattiluino.com\/fr\/ligne-ratti\/broches-a-double-torsion\/#breadcrumb","itemListElement":[{"@type":"ListItem","position":1,"name":"Home","item":"https:\/\/www.rattiluino.com\/fr\/"},{"@type":"ListItem","position":2,"name":"Ligne Ratti","item":"https:\/\/www.rattiluino.com\/fr\/ligne-ratti\/"},{"@type":"ListItem","position":3,"name":"Broches \u00e0 Double Torsion"}]},{"@type":"WebSite","@id":"https:\/\/www.rattiluino.com\/#website","url":"https:\/\/www.rattiluino.com\/","name":"Ratti Luino S.R.L.","description":"Leaders in twisting technology since 1869","publisher":{"@id":"https:\/\/www.rattiluino.com\/#organization"},"potentialAction":[{"@type":"SearchAction","target":{"@type":"EntryPoint","urlTemplate":"https:\/\/www.rattiluino.com\/?s={search_term_string}"},"query-input":{"@type":"PropertyValueSpecification","valueRequired":true,"valueName":"search_term_string"}}],"inLanguage":"fr-FR"},{"@type":"Organization","@id":"https:\/\/www.rattiluino.com\/#organization","name":"Ratti Luino S.R.L.","url":"https:\/\/www.rattiluino.com\/","logo":{"@type":"ImageObject","inLanguage":"fr-FR","@id":"https:\/\/www.rattiluino.com\/#\/schema\/logo\/image\/","url":"https:\/\/www.rattiluino.com\/wp-content\/uploads\/2017\/07\/logo-ratti-rete-di-vendita.png","contentUrl":"https:\/\/www.rattiluino.com\/wp-content\/uploads\/2017\/07\/logo-ratti-rete-di-vendita.png","width":365,"height":365,"caption":"Ratti Luino S.R.L."},"image":{"@id":"https:\/\/www.rattiluino.com\/#\/schema\/logo\/image\/"},"sameAs":["https:\/\/www.linkedin.com\/company\/ratti-luino-s-r-l\/"]}]}},"_links":{"self":[{"href":"https:\/\/www.rattiluino.com\/fr\/wp-json\/wp\/v2\/pages\/2076","targetHints":{"allow":["GET"]}}],"collection":[{"href":"https:\/\/www.rattiluino.com\/fr\/wp-json\/wp\/v2\/pages"}],"about":[{"href":"https:\/\/www.rattiluino.com\/fr\/wp-json\/wp\/v2\/types\/page"}],"author":[{"embeddable":true,"href":"https:\/\/www.rattiluino.com\/fr\/wp-json\/wp\/v2\/users\/4"}],"replies":[{"embeddable":true,"href":"https:\/\/www.rattiluino.com\/fr\/wp-json\/wp\/v2\/comments?post=2076"}],"version-history":[{"count":0,"href":"https:\/\/www.rattiluino.com\/fr\/wp-json\/wp\/v2\/pages\/2076\/revisions"}],"up":[{"embeddable":true,"href":"https:\/\/www.rattiluino.com\/fr\/wp-json\/wp\/v2\/pages\/2085"}],"wp:attachment":[{"href":"https:\/\/www.rattiluino.com\/fr\/wp-json\/wp\/v2\/media?parent=2076"}],"curies":[{"name":"wp","href":"https:\/\/api.w.org\/{rel}","templated":true}]}}