{"id":2087,"date":"2018-07-19T16:11:15","date_gmt":"2018-07-19T14:11:15","guid":{"rendered":"http:\/\/www.rattiluino.com\/privacy-cookies-policy\/"},"modified":"2022-01-27T10:13:24","modified_gmt":"2022-01-27T09:13:24","slug":"privacy-cookies-policy","status":"publish","type":"page","link":"https:\/\/www.rattiluino.com\/fr\/privacy-cookies-policy\/","title":{"rendered":"Privacy &amp; Cookies Policy"},"content":{"rendered":"<div class=\"fusion-fullwidth fullwidth-box fusion-builder-row-1 nonhundred-percent-fullwidth non-hundred-percent-height-scrolling\" style=\"--awb-border-radius-top-left:0px;--awb-border-radius-top-right:0px;--awb-border-radius-bottom-right:0px;--awb-border-radius-bottom-left:0px;--awb-flex-wrap:wrap;\" ><div class=\"fusion-builder-row fusion-row\"><div class=\"fusion-layout-column fusion_builder_column fusion-builder-column-0 fusion_builder_column_1_1 1_1 fusion-one-full fusion-column-first fusion-column-last\" style=\"--awb-bg-size:cover;\"><div class=\"fusion-column-wrapper fusion-flex-column-wrapper-legacy\"><div class=\"fusion-title title fusion-title-1 fusion-title-text fusion-title-size-two\"><h2 class=\"fusion-title-heading title-heading-left\" style=\"margin:0;\">RAISONS DE CETTE NOTE D&rsquo;INFORMATION<\/h2><span class=\"awb-title-spacer\"><\/span><div class=\"title-sep-container\"><div class=\"title-sep sep-double sep-solid\" style=\"border-color:#9cb6c3;\"><\/div><\/div><\/div><div class=\"fusion-text fusion-text-1\"><p>Cette page d\u00e9crit les modalit\u00e9s de gestion du site dans le cadre du traitement des donn\u00e9es personnelles des utilisateurs qui le consultent et en ce qui concerne les mesures de confinement de Covid-19<\/p>\n<p>s\u2019agit d\u2019une note d\u2019information s\u2019inscrivant aussi dans le cadre de l\u2019art. 13 du D\u00e9cret L\u00e9gislatif italien 196\/2003 \u2013 Code en mati\u00e8re de protection de la vie priv\u00e9e pour ceux qui interagissent avec les services web accessibles par voie t\u00e9l\u00e9matique \u00e0 partir de l\u2019adresse :<\/p>\n<div class=\"video-shortcode\">\n<blockquote class=\"wp-embedded-content\" data-secret=\"yYe4hDx74d\">\n<p><a href=\"http:\/\/www.rattiluino.com\/\">Ratti Luino S.r.l.<\/a><\/p>\n<\/blockquote>\n<p><iframe class=\"wp-embedded-content\" sandbox=\"allow-scripts\" security=\"restricted\" style=\"position: absolute; clip: rect(1px, 1px, 1px, 1px);\" src=\"http:\/\/www.rattiluino.com\/embed\/#?secret=yYe4hDx74d\" data-secret=\"yYe4hDx74d\" width=\"600\" height=\"338\" title=\"&#8220;Ratti Luino S.r.l.&#8221; &#8212; Ratti Luino S.R.L.\" frameborder=\"0\" marginwidth=\"0\" marginheight=\"0\" scrolling=\"no\"><\/iframe><\/div>\n<p>correspondant \u00e0 la page d\u2019accueil du site.<\/p>\n<p>La note d\u2019information n\u2019est valable que pour le notree site et non pas pour les autres sites web \u00e9ventuellement consult\u00e9s par l\u2019utilisateur par le biais de liens.<\/p>\n<p>La note d\u2019information s\u2019inspire \u00e9galement de la Recommandation n\u00b0 2\/2001 que les autorit\u00e9s europ\u00e9ennes pour la protection des donn\u00e9es personnelles, r\u00e9unies au sein du Groupe institu\u00e9 par l\u2019 art. 29 de la directive n. 95\/46\/CE, ont adopt\u00e9e le 17 mai 2001 pour d\u00e9finir les prescriptions minimales relativement \u00e0 la collecte de donn\u00e9es personnelles en ligne et, notamment, les modalit\u00e9s, les d\u00e9lais et la nature des informations que les propri\u00e9taires du traitement doivent fournir aux utilisateurs lorsque ceux-ci acc\u00e8dent \u00e0 des pages web, ind\u00e9pendamment des finalit\u00e9s de la connexion.<\/p>\n<\/div><div class=\"fusion-title title fusion-title-2 fusion-title-text fusion-title-size-two\" style=\"--awb-margin-top:40px;\"><h2 class=\"fusion-title-heading title-heading-left\" style=\"margin:0;\">LE \u201cPROPRIETAIRE\u201d DU TRAITEMENT DES DONNEES<\/h2><span class=\"awb-title-spacer\"><\/span><div class=\"title-sep-container\"><div class=\"title-sep sep-double sep-solid\" style=\"border-color:#9cb6c3;\"><\/div><\/div><\/div><div class=\"fusion-text fusion-text-2\" style=\"--awb-text-transform:none;\"><p>Suite \u00e0 la consultation de ce site, les donn\u00e9es relatives \u00e0 des personnes identifi\u00e9es ou identifiables peuvent \u00eatre trait\u00e9es.<\/p>\n<p>Le \u201ctitulaire\u201d de leur traitement est la soci\u00e9t\u00e9 Ratti Luino S.r.l.,ayant son si\u00e8ge en Via Provinciale 309 &#8211; 21030, Cassano Valcuvia (Va) &#8211; Italy<\/p>\n<\/div><div class=\"fusion-title title fusion-title-3 fusion-title-text fusion-title-size-two\" style=\"--awb-margin-top:40px;\"><h2 class=\"fusion-title-heading title-heading-left\" style=\"margin:0;\">LIEU DU TRAITEMENT DES DONNEES<\/h2><span class=\"awb-title-spacer\"><\/span><div class=\"title-sep-container\"><div class=\"title-sep sep-double sep-solid\" style=\"border-color:#9cb6c3;\"><\/div><\/div><\/div><div class=\"fusion-text fusion-text-3\"><p>Les traitements li\u00e9s aux services web de ce site ont lieu aupr\u00e8s du si\u00e8ge susmentionn\u00e9 et ne sont g\u00e9r\u00e9s que par le personnel technique du Bureau charg\u00e9 du traitement, ou par d\u2019\u00e9ventuelles personnes charg\u00e9es d\u2019op\u00e9rations d\u2019entretien occasionnelles.<\/p>\n<p>Les donn\u00e9es d\u00e9rivant du service web ne seront en aucun cas communiqu\u00e9es ou divulgu\u00e9es.<\/p>\n<p>Les donn\u00e9es personnelles fournies par les utilisateurs lors de leurs demandes d\u2019envoi de mat\u00e9riel d\u2019information (bulletins d\u2019information, brochures publicitaires, r\u00e9ponses \u00e0 des questions, etc.) ne sont utilis\u00e9es que pour l\u2019ex\u00e9cution du service ou de la prestation demand\u00e9e et sont communiqu\u00e9es \u00e0 des tiers uniquement lorsque cela est n\u00e9cessaire.<\/p>\n<\/div><div class=\"fusion-title title fusion-title-4 fusion-title-text fusion-title-size-two\" style=\"--awb-margin-top:40px;\"><h2 class=\"fusion-title-heading title-heading-left\" style=\"margin:0;\">TYPES DES DONNEES TRAITEES<\/h2><span class=\"awb-title-spacer\"><\/span><div class=\"title-sep-container\"><div class=\"title-sep sep-double sep-solid\" style=\"border-color:#9cb6c3;\"><\/div><\/div><\/div><div class=\"fusion-text fusion-text-4\"><p>Donn\u00e9es de navigation<\/p>\n<p>Les syst\u00e8mes informatiques et les proc\u00e9dures logicielles d\u00e9di\u00e9s au fonctionnement de ce site web saisissent, lors de leur application courante, quelques donn\u00e9es personnelles dont la transmission est implicite dans l\u2019usage des protocoles de communication d\u2019Internet.<\/p>\n<p>Il s\u2019agit d\u2019informations qui ne sont pas recueillies pour \u00eatre associ\u00e9es \u00e0 des int\u00e9ress\u00e9s identifi\u00e9s, mais qui, pour leur nature m\u00eame, pourraient permettre d\u2019identifier les utilisateurs par le biais d\u2019\u00e9laborations et d\u2019associations avec des donn\u00e9es de tiers stock\u00e9es.<\/p>\n<p>Cette cat\u00e9gorie de donn\u00e9es comprend les adresses IP ou les noms de domaine des ordinateurs utilis\u00e9s par les utilisateurs qui se connectent au site, les adresses en notation URI (Uniform Resource Identifier) des ressources requises, l\u2019horaire de la demande, la m\u00e9thode utilis\u00e9e lors de la soumission de la demande au serveur, la dimension du fichier obtenu en r\u00e9ponse, le code num\u00e9rique indiquant l\u2019\u00e9tat de la r\u00e9ponse fournie par le serveur (succ\u00e8s, erreur, etc.) ainsi que d\u2019autres param\u00e8tres li\u00e9s au syst\u00e8me d\u2019exploitation et \u00e0 l\u2019environnement informatique de l\u2019utilisateur.<\/p>\n<p>Ces donn\u00e9es ne sont utilis\u00e9es que pour obtenir des informations statistiques sous forme uniquement anonyme sur l\u2019utilisation du site et pour en contr\u00f4ler le fonctionnement correct et sont imm\u00e9diatement supprim\u00e9es apr\u00e8s l\u2019\u00e9laboration. Les donn\u00e9es pourraient \u00eatre utilis\u00e9es pour la constatation de responsabilit\u00e9s en cas d\u2019hypoth\u00e9tiques d\u00e9lits informatiques au d\u00e9triment du site.<\/p>\n<p>Donn\u00e9es fournies volontairement par l\u2019utilisateur<\/p>\n<p>L\u2019envoi facultatif, explicite et volontaire de poste \u00e9lectronique aux adresses indiqu\u00e9es dans ce site comporte l\u2019acquisition de l\u2019adresse de l\u2019exp\u00e9diteur, n\u00e9cessaire pour r\u00e9pondre aux demandes, ainsi que les \u00e9ventuelles autres donn\u00e9es personnelles comprises dans la missive.<\/p>\n<p>Des notes d\u2019information sp\u00e9cifiques de synth\u00e8se seront progressivement donn\u00e9es ou affich\u00e9es dans les pages du site pr\u00e9vues pour des services particuliers \u00e0 la demande.<\/p>\n<\/div><div class=\"fusion-title title fusion-title-5 fusion-title-text fusion-title-size-two\" style=\"--awb-margin-top:40px;\"><h2 class=\"fusion-title-heading title-heading-left\" style=\"margin:0;\"><p class=\"p1\"><span class=\"s1\">Cookies<\/span><\/p><\/h2><span class=\"awb-title-spacer\"><\/span><div class=\"title-sep-container\"><div class=\"title-sep sep-double sep-solid\" style=\"border-color:#9cb6c3;\"><\/div><\/div><\/div><div class=\"fusion-text fusion-text-5\"><p>Aucune donn\u00e9e personnelle des utilisateurs n\u2019est acquise \u00e0 ce sujet depuis le site.<\/p>\n<p>Aucun fichier t\u00e9moin n\u2019est utilis\u00e9 pour la transmission d\u2019informations \u00e0 caract\u00e8re personnel tout comme n\u2019est utilis\u00e9 aucun t\u00e9moin persistant, \u00e0 savoir un syst\u00e8me pour l\u2019identification des utilisateurs.<\/p>\n<p>L\u2019utilisation de ces fichiers t\u00e9moin de session (qui ne sont pas m\u00e9moris\u00e9s de fa\u00e7on permanente sur l\u2019ordinateur de l\u2019utilisateur et s\u2019effacent \u00e0 la fermeture du navigation) est strictement limit\u00e9e \u00e0 la transmission de codes d\u2019identification de session (form\u00e9s de chiffres al\u00e9atoires g\u00e9n\u00e9r\u00e9s par le serveur) n\u00e9cessaires pour permettre l\u2019exploration s\u00fbre et efficace du site.<\/p>\n<p>Les fichiers de session utilis\u00e9s dans ce site \u00e9vitent le recours \u00e0 d\u2019autres techniques informatiques potentiellement pr\u00e9judiciables \u00e0 la confidentialit\u00e9 de la navigation des utilisateurs et ne permettent pas l\u2019acquisition de donn\u00e9es personnelles d\u2019identification de l\u2019utilisateur.<\/p>\n<\/div><div class=\"fusion-title title fusion-title-6 fusion-title-text fusion-title-size-two\" style=\"--awb-margin-top:40px;\"><h2 class=\"fusion-title-heading title-heading-left\" style=\"margin:0;\">CARACTERE FACULTATIF DE LA COMMUNICATION DES DONNEES<\/h2><span class=\"awb-title-spacer\"><\/span><div class=\"title-sep-container\"><div class=\"title-sep sep-double sep-solid\" style=\"border-color:#9cb6c3;\"><\/div><\/div><\/div><div class=\"fusion-text fusion-text-6\"><p>Outre ce qui est sp\u00e9cifi\u00e9 pour les donn\u00e9es de navigation sur Internet, l\u2019utilisateur est libre de fournir ses donn\u00e9es personnelles report\u00e9es dans les formulaires de requ\u00eate ou mentionn\u00e9es dans les contacts pour solliciter l\u2019envoi de mat\u00e9riel d\u2019information ou de tout autre communication.<\/p>\n<p>Leur non-communication peut entra\u00eener l\u2019impossibilit\u00e9 d\u2019obtenir le service requis.<\/p>\n<\/div><div class=\"fusion-title title fusion-title-7 fusion-title-text fusion-title-size-two\" style=\"--awb-margin-top:40px;\"><h2 class=\"fusion-title-heading title-heading-left\" style=\"margin:0;\">MODALITES DU TRAITEMENT<\/h2><span class=\"awb-title-spacer\"><\/span><div class=\"title-sep-container\"><div class=\"title-sep sep-double sep-solid\" style=\"border-color:#9cb6c3;\"><\/div><\/div><\/div><div class=\"fusion-text fusion-text-7\"><p>Les donn\u00e9es personnelles sont trait\u00e9es au moyen d\u2019instruments automatis\u00e9s selon un d\u00e9lai strictement n\u00e9cessaire \u00e0 la r\u00e9alisation des buts pour lesquels elles ont \u00e9t\u00e9 collect\u00e9es.<\/p>\n<p>Des mesures de s\u00e9curit\u00e9 sp\u00e9cifiques sont adopt\u00e9es pour pr\u00e9venir la perte des donn\u00e9es, toute utilisation illicite ou incorrecte ainsi que tout acc\u00e8s non autoris\u00e9.<\/p>\n<\/div><div class=\"fusion-title title fusion-title-8 fusion-title-text fusion-title-size-two\" style=\"--awb-margin-top:40px;\"><h2 class=\"fusion-title-heading title-heading-left\" style=\"margin:0;\"><p class=\"Body\"><span lang=\"EN-US\">DROITS DES INTERESSES<\/span><\/p><\/h2><span class=\"awb-title-spacer\"><\/span><div class=\"title-sep-container\"><div class=\"title-sep sep-double sep-solid\" style=\"border-color:#9cb6c3;\"><\/div><\/div><\/div><div class=\"fusion-text fusion-text-8\"><p>Les sujets auxquels se r\u00e9f\u00e8rent les donn\u00e9es personnelles ont le droit \u00e0 tout moment d\u2019obtenir la confirmation de l\u2019existence ou non de ces m\u00eames donn\u00e9es et d\u2019en conna\u00eetre le contenu et l\u2019origine, d\u2019en v\u00e9rifier l\u2019exactitude ou d\u2019en demander l\u2019int\u00e9gration ou la mise \u00e0 jour, ou bien encore la modification (voir l\u2019art. 7 du D\u00e9cret L\u00e9gislatif italien n\u00b0 196\/2003).<\/p>\n<p>Aux termes dudit article, l\u2019utilisateur a le droit de demander la suppression, la transformation sous forme anonyme ou le blocage des donn\u00e9es trait\u00e9es en violation de la loi, et de s\u2019opposer quoiqu\u2019il en soit, pour des raisons l\u00e9gitimes, \u00e0 leur traitement.<\/p>\n<p>Les demandes doivent \u00eatre adress\u00e9es \u00e0 notre Responsable du Traitement des donn\u00e9es \u00a0\u00e0 l\u2019adresse de la notre si\u00e8ge.<\/p>\n<\/div><div class=\"fusion-clearfix\"><\/div><\/div><\/div><\/div><\/div>\n","protected":false},"excerpt":{"rendered":"","protected":false},"author":4,"featured_media":0,"parent":0,"menu_order":0,"comment_status":"closed","ping_status":"closed","template":"","meta":{"_exactmetrics_skip_tracking":false,"_exactmetrics_sitenote_active":false,"_exactmetrics_sitenote_note":"","_exactmetrics_sitenote_category":0,"footnotes":""},"class_list":["post-2087","page","type-page","status-publish","hentry"],"yoast_head":"<!-- This site is optimized with the Yoast SEO plugin v26.8 - https:\/\/yoast.com\/product\/yoast-seo-wordpress\/ -->\n<title>Privacy &amp; Cookies Policy - Ratti Luino S.R.L.<\/title>\n<meta name=\"description\" content=\"Cette page d\u00e9crit les modalit\u00e9s de gestion du site dans le cadre du traitement des donn\u00e9es personnelles des utilisateurs qui le consultent.\" \/>\n<meta name=\"robots\" content=\"index, follow, max-snippet:-1, max-image-preview:large, max-video-preview:-1\" \/>\n<link rel=\"canonical\" href=\"https:\/\/www.rattiluino.com\/fr\/privacy-cookies-policy\/\" \/>\n<meta property=\"og:locale\" content=\"fr_FR\" \/>\n<meta property=\"og:type\" content=\"article\" \/>\n<meta property=\"og:title\" content=\"Privacy &amp; Cookies Policy - Ratti Luino S.R.L.\" \/>\n<meta property=\"og:description\" content=\"Cette page d\u00e9crit les modalit\u00e9s de gestion du site dans le cadre du traitement des donn\u00e9es personnelles des utilisateurs qui le consultent.\" \/>\n<meta property=\"og:url\" content=\"https:\/\/www.rattiluino.com\/fr\/privacy-cookies-policy\/\" \/>\n<meta property=\"og:site_name\" content=\"Ratti Luino S.R.L.\" \/>\n<meta property=\"article:modified_time\" content=\"2022-01-27T09:13:24+00:00\" \/>\n<meta name=\"twitter:card\" content=\"summary_large_image\" \/>\n<meta name=\"twitter:label1\" content=\"Dur\u00e9e de lecture estim\u00e9e\" \/>\n\t<meta name=\"twitter:data1\" content=\"6 minutes\" \/>\n<script type=\"application\/ld+json\" class=\"yoast-schema-graph\">{\"@context\":\"https:\/\/schema.org\",\"@graph\":[{\"@type\":\"WebPage\",\"@id\":\"https:\/\/www.rattiluino.com\/fr\/privacy-cookies-policy\/\",\"url\":\"https:\/\/www.rattiluino.com\/fr\/privacy-cookies-policy\/\",\"name\":\"Privacy &amp; Cookies Policy - Ratti Luino S.R.L.\",\"isPartOf\":{\"@id\":\"https:\/\/www.rattiluino.com\/#website\"},\"datePublished\":\"2018-07-19T14:11:15+00:00\",\"dateModified\":\"2022-01-27T09:13:24+00:00\",\"description\":\"Cette page d\u00e9crit les modalit\u00e9s de gestion du site dans le cadre du traitement des donn\u00e9es personnelles des utilisateurs qui le consultent.\",\"breadcrumb\":{\"@id\":\"https:\/\/www.rattiluino.com\/fr\/privacy-cookies-policy\/#breadcrumb\"},\"inLanguage\":\"fr-FR\",\"potentialAction\":[{\"@type\":\"ReadAction\",\"target\":[\"https:\/\/www.rattiluino.com\/fr\/privacy-cookies-policy\/\"]}]},{\"@type\":\"BreadcrumbList\",\"@id\":\"https:\/\/www.rattiluino.com\/fr\/privacy-cookies-policy\/#breadcrumb\",\"itemListElement\":[{\"@type\":\"ListItem\",\"position\":1,\"name\":\"Home\",\"item\":\"https:\/\/www.rattiluino.com\/fr\/\"},{\"@type\":\"ListItem\",\"position\":2,\"name\":\"Privacy &amp; Cookies Policy\"}]},{\"@type\":\"WebSite\",\"@id\":\"https:\/\/www.rattiluino.com\/#website\",\"url\":\"https:\/\/www.rattiluino.com\/\",\"name\":\"Ratti Luino S.R.L.\",\"description\":\"Leaders in twisting technology since 1869\",\"publisher\":{\"@id\":\"https:\/\/www.rattiluino.com\/#organization\"},\"potentialAction\":[{\"@type\":\"SearchAction\",\"target\":{\"@type\":\"EntryPoint\",\"urlTemplate\":\"https:\/\/www.rattiluino.com\/?s={search_term_string}\"},\"query-input\":{\"@type\":\"PropertyValueSpecification\",\"valueRequired\":true,\"valueName\":\"search_term_string\"}}],\"inLanguage\":\"fr-FR\"},{\"@type\":\"Organization\",\"@id\":\"https:\/\/www.rattiluino.com\/#organization\",\"name\":\"Ratti Luino S.R.L.\",\"url\":\"https:\/\/www.rattiluino.com\/\",\"logo\":{\"@type\":\"ImageObject\",\"inLanguage\":\"fr-FR\",\"@id\":\"https:\/\/www.rattiluino.com\/#\/schema\/logo\/image\/\",\"url\":\"https:\/\/www.rattiluino.com\/wp-content\/uploads\/2017\/07\/logo-ratti-rete-di-vendita.png\",\"contentUrl\":\"https:\/\/www.rattiluino.com\/wp-content\/uploads\/2017\/07\/logo-ratti-rete-di-vendita.png\",\"width\":365,\"height\":365,\"caption\":\"Ratti Luino S.R.L.\"},\"image\":{\"@id\":\"https:\/\/www.rattiluino.com\/#\/schema\/logo\/image\/\"},\"sameAs\":[\"https:\/\/www.linkedin.com\/company\/ratti-luino-s-r-l\/\"]}]}<\/script>\n<!-- \/ Yoast SEO plugin. -->","yoast_head_json":{"title":"Privacy &amp; Cookies Policy - Ratti Luino S.R.L.","description":"Cette page d\u00e9crit les modalit\u00e9s de gestion du site dans le cadre du traitement des donn\u00e9es personnelles des utilisateurs qui le consultent.","robots":{"index":"index","follow":"follow","max-snippet":"max-snippet:-1","max-image-preview":"max-image-preview:large","max-video-preview":"max-video-preview:-1"},"canonical":"https:\/\/www.rattiluino.com\/fr\/privacy-cookies-policy\/","og_locale":"fr_FR","og_type":"article","og_title":"Privacy &amp; Cookies Policy - Ratti Luino S.R.L.","og_description":"Cette page d\u00e9crit les modalit\u00e9s de gestion du site dans le cadre du traitement des donn\u00e9es personnelles des utilisateurs qui le consultent.","og_url":"https:\/\/www.rattiluino.com\/fr\/privacy-cookies-policy\/","og_site_name":"Ratti Luino S.R.L.","article_modified_time":"2022-01-27T09:13:24+00:00","twitter_card":"summary_large_image","twitter_misc":{"Dur\u00e9e de lecture estim\u00e9e":"6 minutes"},"schema":{"@context":"https:\/\/schema.org","@graph":[{"@type":"WebPage","@id":"https:\/\/www.rattiluino.com\/fr\/privacy-cookies-policy\/","url":"https:\/\/www.rattiluino.com\/fr\/privacy-cookies-policy\/","name":"Privacy &amp; Cookies Policy - Ratti Luino S.R.L.","isPartOf":{"@id":"https:\/\/www.rattiluino.com\/#website"},"datePublished":"2018-07-19T14:11:15+00:00","dateModified":"2022-01-27T09:13:24+00:00","description":"Cette page d\u00e9crit les modalit\u00e9s de gestion du site dans le cadre du traitement des donn\u00e9es personnelles des utilisateurs qui le consultent.","breadcrumb":{"@id":"https:\/\/www.rattiluino.com\/fr\/privacy-cookies-policy\/#breadcrumb"},"inLanguage":"fr-FR","potentialAction":[{"@type":"ReadAction","target":["https:\/\/www.rattiluino.com\/fr\/privacy-cookies-policy\/"]}]},{"@type":"BreadcrumbList","@id":"https:\/\/www.rattiluino.com\/fr\/privacy-cookies-policy\/#breadcrumb","itemListElement":[{"@type":"ListItem","position":1,"name":"Home","item":"https:\/\/www.rattiluino.com\/fr\/"},{"@type":"ListItem","position":2,"name":"Privacy &amp; Cookies Policy"}]},{"@type":"WebSite","@id":"https:\/\/www.rattiluino.com\/#website","url":"https:\/\/www.rattiluino.com\/","name":"Ratti Luino S.R.L.","description":"Leaders in twisting technology since 1869","publisher":{"@id":"https:\/\/www.rattiluino.com\/#organization"},"potentialAction":[{"@type":"SearchAction","target":{"@type":"EntryPoint","urlTemplate":"https:\/\/www.rattiluino.com\/?s={search_term_string}"},"query-input":{"@type":"PropertyValueSpecification","valueRequired":true,"valueName":"search_term_string"}}],"inLanguage":"fr-FR"},{"@type":"Organization","@id":"https:\/\/www.rattiluino.com\/#organization","name":"Ratti Luino S.R.L.","url":"https:\/\/www.rattiluino.com\/","logo":{"@type":"ImageObject","inLanguage":"fr-FR","@id":"https:\/\/www.rattiluino.com\/#\/schema\/logo\/image\/","url":"https:\/\/www.rattiluino.com\/wp-content\/uploads\/2017\/07\/logo-ratti-rete-di-vendita.png","contentUrl":"https:\/\/www.rattiluino.com\/wp-content\/uploads\/2017\/07\/logo-ratti-rete-di-vendita.png","width":365,"height":365,"caption":"Ratti Luino S.R.L."},"image":{"@id":"https:\/\/www.rattiluino.com\/#\/schema\/logo\/image\/"},"sameAs":["https:\/\/www.linkedin.com\/company\/ratti-luino-s-r-l\/"]}]}},"_links":{"self":[{"href":"https:\/\/www.rattiluino.com\/fr\/wp-json\/wp\/v2\/pages\/2087","targetHints":{"allow":["GET"]}}],"collection":[{"href":"https:\/\/www.rattiluino.com\/fr\/wp-json\/wp\/v2\/pages"}],"about":[{"href":"https:\/\/www.rattiluino.com\/fr\/wp-json\/wp\/v2\/types\/page"}],"author":[{"embeddable":true,"href":"https:\/\/www.rattiluino.com\/fr\/wp-json\/wp\/v2\/users\/4"}],"replies":[{"embeddable":true,"href":"https:\/\/www.rattiluino.com\/fr\/wp-json\/wp\/v2\/comments?post=2087"}],"version-history":[{"count":1,"href":"https:\/\/www.rattiluino.com\/fr\/wp-json\/wp\/v2\/pages\/2087\/revisions"}],"predecessor-version":[{"id":5179,"href":"https:\/\/www.rattiluino.com\/fr\/wp-json\/wp\/v2\/pages\/2087\/revisions\/5179"}],"wp:attachment":[{"href":"https:\/\/www.rattiluino.com\/fr\/wp-json\/wp\/v2\/media?parent=2087"}],"curies":[{"name":"wp","href":"https:\/\/api.w.org\/{rel}","templated":true}]}}