{"id":2091,"date":"2018-07-19T16:34:11","date_gmt":"2018-07-19T14:34:11","guid":{"rendered":"http:\/\/www.rattiluino.com\/enterprise\/cycle-de-vie-made-in-italy\/"},"modified":"2018-07-19T16:34:14","modified_gmt":"2018-07-19T14:34:14","slug":"cycle-de-vie-made-in-italy","status":"publish","type":"page","link":"https:\/\/www.rattiluino.com\/fr\/enterprise\/cycle-de-vie-made-in-italy\/","title":{"rendered":"Cycle de vie \u00ab\u00a0Made in Italy\u00a0\u00bb"},"content":{"rendered":"<p><div class=\"fusion-fullwidth fullwidth-box fusion-builder-row-1 nonhundred-percent-fullwidth non-hundred-percent-height-scrolling\" style=\"--awb-border-radius-top-left:0px;--awb-border-radius-top-right:0px;--awb-border-radius-bottom-right:0px;--awb-border-radius-bottom-left:0px;--awb-flex-wrap:wrap;\" ><div class=\"fusion-builder-row fusion-row\"><div class=\"fusion-layout-column fusion_builder_column fusion-builder-column-0 fusion_builder_column_1_2 1_2 fusion-one-half fusion-column-first\" style=\"--awb-bg-size:cover;width:50%;width:calc(50% - ( ( 4% ) * 0.5 ) );margin-right: 4%;\"><div class=\"fusion-column-wrapper fusion-flex-column-wrapper-legacy\"><div class=\"fusion-image-element fusion-image-align-center in-legacy-container\" style=\"text-align:center;--awb-liftup-border-radius:0px;--awb-caption-title-font-family:var(--h2_typography-font-family);--awb-caption-title-font-weight:var(--h2_typography-font-weight);--awb-caption-title-font-style:var(--h2_typography-font-style);--awb-caption-title-size:var(--h2_typography-font-size);--awb-caption-title-transform:var(--h2_typography-text-transform);--awb-caption-title-line-height:var(--h2_typography-line-height);--awb-caption-title-letter-spacing:var(--h2_typography-letter-spacing);\"><div class=\"imageframe-align-center\"><div class=\"awb-image-frame awb-image-frame-1 imageframe-liftup\"><span class=\" fusion-imageframe imageframe-none imageframe-1\"><img decoding=\"async\" width=\"900\" height=\"500\" title=\"Made in Italy\" src=\"http:\/\/www.rattiluino.com\/wp-content\/uploads\/2017\/10\/made-in-italy.png\" alt class=\"img-responsive wp-image-585\" srcset=\"https:\/\/www.rattiluino.com\/wp-content\/uploads\/2017\/10\/made-in-italy-200x111.png 200w, https:\/\/www.rattiluino.com\/wp-content\/uploads\/2017\/10\/made-in-italy-400x222.png 400w, https:\/\/www.rattiluino.com\/wp-content\/uploads\/2017\/10\/made-in-italy-600x333.png 600w, https:\/\/www.rattiluino.com\/wp-content\/uploads\/2017\/10\/made-in-italy-800x444.png 800w, https:\/\/www.rattiluino.com\/wp-content\/uploads\/2017\/10\/made-in-italy.png 900w\" sizes=\"(max-width: 800px) 100vw, 600px\" \/><\/span><\/div><\/div><\/div><div class=\"fusion-clearfix\"><\/div><\/div><\/div><div class=\"fusion-layout-column fusion_builder_column fusion-builder-column-1 fusion_builder_column_1_2 1_2 fusion-one-half fusion-column-last\" style=\"--awb-bg-size:cover;width:50%;width:calc(50% - ( ( 4% ) * 0.5 ) );\"><div class=\"fusion-column-wrapper fusion-flex-column-wrapper-legacy\"><div class=\"fusion-title title fusion-title-1 fusion-title-text fusion-title-size-two\"><h2 class=\"fusion-title-heading title-heading-left\" style=\"margin:0;\">Machines personnalis\u00e9es<\/h2><span class=\"awb-title-spacer\"><\/span><div class=\"title-sep-container\"><div class=\"title-sep sep-double sep-solid\" style=\"border-color:#9cb6c3;\"><\/div><\/div><\/div><div class=\"fusion-text fusion-text-1\"><p>La strat\u00e9gie qui permet \u00e0 RATTI LUINO de fournir des machines de plus en plus exigeantes et flexibles au march\u00e9 de plus en plus exigeant est la satisfaction du client.<\/p>\n<\/div><div class=\"fusion-clearfix\"><\/div><\/div><\/div><\/div><\/div><div class=\"fusion-fullwidth fullwidth-box fusion-builder-row-2 nonhundred-percent-fullwidth non-hundred-percent-height-scrolling\" style=\"--awb-border-radius-top-left:0px;--awb-border-radius-top-right:0px;--awb-border-radius-bottom-right:0px;--awb-border-radius-bottom-left:0px;--awb-margin-top:40px;--awb-flex-wrap:wrap;\" ><div class=\"fusion-builder-row fusion-row\"><div class=\"fusion-layout-column fusion_builder_column fusion-builder-column-2 fusion_builder_column_1_2 1_2 fusion-one-half fusion-column-first\" style=\"--awb-bg-size:cover;width:50%;width:calc(50% - ( ( 4% ) * 0.5 ) );margin-right: 4%;\"><div class=\"fusion-column-wrapper fusion-flex-column-wrapper-legacy\"><div class=\"fusion-clearfix\"><\/div><\/div><\/div><div class=\"fusion-layout-column fusion_builder_column fusion-builder-column-3 fusion_builder_column_1_2 1_2 fusion-one-half fusion-column-last\" style=\"--awb-bg-size:cover;width:50%;width:calc(50% - ( ( 4% ) * 0.5 ) );\"><div class=\"fusion-column-wrapper fusion-flex-column-wrapper-legacy\"><div class=\"fusion-title title fusion-title-2 fusion-title-text fusion-title-size-two\"><h2 class=\"fusion-title-heading title-heading-left\" style=\"margin:0;\">Laboratoire textile<\/h2><span class=\"awb-title-spacer\"><\/span><div class=\"title-sep-container\"><div class=\"title-sep sep-double sep-solid\" style=\"border-color:#9cb6c3;\"><\/div><\/div><\/div><div class=\"fusion-text fusion-text-2\"><p>Gr\u00e2ce \u00e0 notre Laboratoire Textile, en relation permanente avec le D\u00e9partement Recherche &amp; D\u00e9veloppement, nous fournissons de v\u00e9ritables solutions personnalis\u00e9es capables de satisfaire les besoins particuliers du client.<\/p>\n<p>Avec nos clients Nous \u00e9tablissons un dialogue continu, qui commence avant la d\u00e9cision d&rsquo;achat, allant bien au-del\u00e0 du simple assemblage de la machine.<\/p>\n<\/div><div class=\"fusion-clearfix\"><\/div><\/div><\/div><\/div><\/div><\/p>\n","protected":false},"excerpt":{"rendered":"","protected":false},"author":4,"featured_media":0,"parent":2070,"menu_order":2,"comment_status":"closed","ping_status":"closed","template":"","meta":{"_exactmetrics_skip_tracking":false,"_exactmetrics_sitenote_active":false,"_exactmetrics_sitenote_note":"","_exactmetrics_sitenote_category":0,"footnotes":""},"class_list":["post-2091","page","type-page","status-publish","hentry"],"yoast_head":"<!-- This site is optimized with the Yoast SEO plugin v26.8 - https:\/\/yoast.com\/product\/yoast-seo-wordpress\/ -->\n<title>Cycle de vie &quot;Made in Italy&quot; - Ratti Luino S.R.L.<\/title>\n<meta name=\"description\" content=\"La strat\u00e9gie qui permet \u00e0 Ratti Luino de fournir des machines de plus en plus avanc\u00e9es et flexibles sur le march\u00e9 est la satisfaction du client avec Made in Italy.\" \/>\n<meta name=\"robots\" content=\"index, follow, max-snippet:-1, max-image-preview:large, max-video-preview:-1\" \/>\n<link rel=\"canonical\" href=\"https:\/\/www.rattiluino.com\/fr\/enterprise\/cycle-de-vie-made-in-italy\/\" \/>\n<meta property=\"og:locale\" content=\"fr_FR\" \/>\n<meta property=\"og:type\" content=\"article\" \/>\n<meta property=\"og:title\" content=\"Cycle de vie &quot;Made in Italy&quot; - Ratti Luino S.R.L.\" \/>\n<meta property=\"og:description\" content=\"La strat\u00e9gie qui permet \u00e0 Ratti Luino de fournir des machines de plus en plus avanc\u00e9es et flexibles sur le march\u00e9 est la satisfaction du client avec Made in Italy.\" \/>\n<meta property=\"og:url\" content=\"https:\/\/www.rattiluino.com\/fr\/enterprise\/cycle-de-vie-made-in-italy\/\" \/>\n<meta property=\"og:site_name\" content=\"Ratti Luino S.R.L.\" \/>\n<meta property=\"article:modified_time\" content=\"2018-07-19T14:34:14+00:00\" \/>\n<meta name=\"twitter:card\" content=\"summary_large_image\" \/>\n<meta name=\"twitter:label1\" content=\"Dur\u00e9e de lecture estim\u00e9e\" \/>\n\t<meta name=\"twitter:data1\" content=\"3 minutes\" \/>\n<script type=\"application\/ld+json\" class=\"yoast-schema-graph\">{\"@context\":\"https:\/\/schema.org\",\"@graph\":[{\"@type\":\"WebPage\",\"@id\":\"https:\/\/www.rattiluino.com\/fr\/enterprise\/cycle-de-vie-made-in-italy\/\",\"url\":\"https:\/\/www.rattiluino.com\/fr\/enterprise\/cycle-de-vie-made-in-italy\/\",\"name\":\"Cycle de vie \\\"Made in Italy\\\" - Ratti Luino S.R.L.\",\"isPartOf\":{\"@id\":\"https:\/\/www.rattiluino.com\/#website\"},\"datePublished\":\"2018-07-19T14:34:11+00:00\",\"dateModified\":\"2018-07-19T14:34:14+00:00\",\"description\":\"La strat\u00e9gie qui permet \u00e0 Ratti Luino de fournir des machines de plus en plus avanc\u00e9es et flexibles sur le march\u00e9 est la satisfaction du client avec Made in Italy.\",\"breadcrumb\":{\"@id\":\"https:\/\/www.rattiluino.com\/fr\/enterprise\/cycle-de-vie-made-in-italy\/#breadcrumb\"},\"inLanguage\":\"fr-FR\",\"potentialAction\":[{\"@type\":\"ReadAction\",\"target\":[\"https:\/\/www.rattiluino.com\/fr\/enterprise\/cycle-de-vie-made-in-italy\/\"]}]},{\"@type\":\"BreadcrumbList\",\"@id\":\"https:\/\/www.rattiluino.com\/fr\/enterprise\/cycle-de-vie-made-in-italy\/#breadcrumb\",\"itemListElement\":[{\"@type\":\"ListItem\",\"position\":1,\"name\":\"Home\",\"item\":\"https:\/\/www.rattiluino.com\/fr\/\"},{\"@type\":\"ListItem\",\"position\":2,\"name\":\"Enterprise\",\"item\":\"https:\/\/www.rattiluino.com\/fr\/enterprise\/\"},{\"@type\":\"ListItem\",\"position\":3,\"name\":\"Cycle de vie \u00ab\u00a0Made in Italy\u00a0\u00bb\"}]},{\"@type\":\"WebSite\",\"@id\":\"https:\/\/www.rattiluino.com\/#website\",\"url\":\"https:\/\/www.rattiluino.com\/\",\"name\":\"Ratti Luino S.R.L.\",\"description\":\"Leaders in twisting technology since 1869\",\"publisher\":{\"@id\":\"https:\/\/www.rattiluino.com\/#organization\"},\"potentialAction\":[{\"@type\":\"SearchAction\",\"target\":{\"@type\":\"EntryPoint\",\"urlTemplate\":\"https:\/\/www.rattiluino.com\/?s={search_term_string}\"},\"query-input\":{\"@type\":\"PropertyValueSpecification\",\"valueRequired\":true,\"valueName\":\"search_term_string\"}}],\"inLanguage\":\"fr-FR\"},{\"@type\":\"Organization\",\"@id\":\"https:\/\/www.rattiluino.com\/#organization\",\"name\":\"Ratti Luino S.R.L.\",\"url\":\"https:\/\/www.rattiluino.com\/\",\"logo\":{\"@type\":\"ImageObject\",\"inLanguage\":\"fr-FR\",\"@id\":\"https:\/\/www.rattiluino.com\/#\/schema\/logo\/image\/\",\"url\":\"https:\/\/www.rattiluino.com\/wp-content\/uploads\/2017\/07\/logo-ratti-rete-di-vendita.png\",\"contentUrl\":\"https:\/\/www.rattiluino.com\/wp-content\/uploads\/2017\/07\/logo-ratti-rete-di-vendita.png\",\"width\":365,\"height\":365,\"caption\":\"Ratti Luino S.R.L.\"},\"image\":{\"@id\":\"https:\/\/www.rattiluino.com\/#\/schema\/logo\/image\/\"},\"sameAs\":[\"https:\/\/www.linkedin.com\/company\/ratti-luino-s-r-l\/\"]}]}<\/script>\n<!-- \/ Yoast SEO plugin. -->","yoast_head_json":{"title":"Cycle de vie \"Made in Italy\" - Ratti Luino S.R.L.","description":"La strat\u00e9gie qui permet \u00e0 Ratti Luino de fournir des machines de plus en plus avanc\u00e9es et flexibles sur le march\u00e9 est la satisfaction du client avec Made in Italy.","robots":{"index":"index","follow":"follow","max-snippet":"max-snippet:-1","max-image-preview":"max-image-preview:large","max-video-preview":"max-video-preview:-1"},"canonical":"https:\/\/www.rattiluino.com\/fr\/enterprise\/cycle-de-vie-made-in-italy\/","og_locale":"fr_FR","og_type":"article","og_title":"Cycle de vie \"Made in Italy\" - Ratti Luino S.R.L.","og_description":"La strat\u00e9gie qui permet \u00e0 Ratti Luino de fournir des machines de plus en plus avanc\u00e9es et flexibles sur le march\u00e9 est la satisfaction du client avec Made in Italy.","og_url":"https:\/\/www.rattiluino.com\/fr\/enterprise\/cycle-de-vie-made-in-italy\/","og_site_name":"Ratti Luino S.R.L.","article_modified_time":"2018-07-19T14:34:14+00:00","twitter_card":"summary_large_image","twitter_misc":{"Dur\u00e9e de lecture estim\u00e9e":"3 minutes"},"schema":{"@context":"https:\/\/schema.org","@graph":[{"@type":"WebPage","@id":"https:\/\/www.rattiluino.com\/fr\/enterprise\/cycle-de-vie-made-in-italy\/","url":"https:\/\/www.rattiluino.com\/fr\/enterprise\/cycle-de-vie-made-in-italy\/","name":"Cycle de vie \"Made in Italy\" - Ratti Luino S.R.L.","isPartOf":{"@id":"https:\/\/www.rattiluino.com\/#website"},"datePublished":"2018-07-19T14:34:11+00:00","dateModified":"2018-07-19T14:34:14+00:00","description":"La strat\u00e9gie qui permet \u00e0 Ratti Luino de fournir des machines de plus en plus avanc\u00e9es et flexibles sur le march\u00e9 est la satisfaction du client avec Made in Italy.","breadcrumb":{"@id":"https:\/\/www.rattiluino.com\/fr\/enterprise\/cycle-de-vie-made-in-italy\/#breadcrumb"},"inLanguage":"fr-FR","potentialAction":[{"@type":"ReadAction","target":["https:\/\/www.rattiluino.com\/fr\/enterprise\/cycle-de-vie-made-in-italy\/"]}]},{"@type":"BreadcrumbList","@id":"https:\/\/www.rattiluino.com\/fr\/enterprise\/cycle-de-vie-made-in-italy\/#breadcrumb","itemListElement":[{"@type":"ListItem","position":1,"name":"Home","item":"https:\/\/www.rattiluino.com\/fr\/"},{"@type":"ListItem","position":2,"name":"Enterprise","item":"https:\/\/www.rattiluino.com\/fr\/enterprise\/"},{"@type":"ListItem","position":3,"name":"Cycle de vie \u00ab\u00a0Made in Italy\u00a0\u00bb"}]},{"@type":"WebSite","@id":"https:\/\/www.rattiluino.com\/#website","url":"https:\/\/www.rattiluino.com\/","name":"Ratti Luino S.R.L.","description":"Leaders in twisting technology since 1869","publisher":{"@id":"https:\/\/www.rattiluino.com\/#organization"},"potentialAction":[{"@type":"SearchAction","target":{"@type":"EntryPoint","urlTemplate":"https:\/\/www.rattiluino.com\/?s={search_term_string}"},"query-input":{"@type":"PropertyValueSpecification","valueRequired":true,"valueName":"search_term_string"}}],"inLanguage":"fr-FR"},{"@type":"Organization","@id":"https:\/\/www.rattiluino.com\/#organization","name":"Ratti Luino S.R.L.","url":"https:\/\/www.rattiluino.com\/","logo":{"@type":"ImageObject","inLanguage":"fr-FR","@id":"https:\/\/www.rattiluino.com\/#\/schema\/logo\/image\/","url":"https:\/\/www.rattiluino.com\/wp-content\/uploads\/2017\/07\/logo-ratti-rete-di-vendita.png","contentUrl":"https:\/\/www.rattiluino.com\/wp-content\/uploads\/2017\/07\/logo-ratti-rete-di-vendita.png","width":365,"height":365,"caption":"Ratti Luino S.R.L."},"image":{"@id":"https:\/\/www.rattiluino.com\/#\/schema\/logo\/image\/"},"sameAs":["https:\/\/www.linkedin.com\/company\/ratti-luino-s-r-l\/"]}]}},"_links":{"self":[{"href":"https:\/\/www.rattiluino.com\/fr\/wp-json\/wp\/v2\/pages\/2091","targetHints":{"allow":["GET"]}}],"collection":[{"href":"https:\/\/www.rattiluino.com\/fr\/wp-json\/wp\/v2\/pages"}],"about":[{"href":"https:\/\/www.rattiluino.com\/fr\/wp-json\/wp\/v2\/types\/page"}],"author":[{"embeddable":true,"href":"https:\/\/www.rattiluino.com\/fr\/wp-json\/wp\/v2\/users\/4"}],"replies":[{"embeddable":true,"href":"https:\/\/www.rattiluino.com\/fr\/wp-json\/wp\/v2\/comments?post=2091"}],"version-history":[{"count":0,"href":"https:\/\/www.rattiluino.com\/fr\/wp-json\/wp\/v2\/pages\/2091\/revisions"}],"up":[{"embeddable":true,"href":"https:\/\/www.rattiluino.com\/fr\/wp-json\/wp\/v2\/pages\/2070"}],"wp:attachment":[{"href":"https:\/\/www.rattiluino.com\/fr\/wp-json\/wp\/v2\/media?parent=2091"}],"curies":[{"name":"wp","href":"https:\/\/api.w.org\/{rel}","templated":true}]}}