{"id":5532,"date":"2021-07-26T16:49:01","date_gmt":"2021-07-26T14:49:01","guid":{"rendered":"https:\/\/www.rattiluino.com\/?page_id=5532"},"modified":"2021-07-26T16:49:02","modified_gmt":"2021-07-26T14:49:02","slug":"ratti-luino-made-in-italy","status":"publish","type":"page","link":"https:\/\/www.rattiluino.com\/fr\/ratti-luino-made-in-italy\/","title":{"rendered":"Ratti Luino, Made in Italy"},"content":{"rendered":"<div class=\"fusion-fullwidth fullwidth-box fusion-builder-row-1 fusion-flex-container nonhundred-percent-fullwidth non-hundred-percent-height-scrolling\" style=\"--awb-border-radius-top-left:0px;--awb-border-radius-top-right:0px;--awb-border-radius-bottom-right:0px;--awb-border-radius-bottom-left:0px;--awb-flex-wrap:wrap;\" ><div class=\"fusion-builder-row fusion-row fusion-flex-align-items-flex-start fusion-flex-content-wrap\" style=\"max-width:1144px;margin-left: calc(-4% \/ 2 );margin-right: calc(-4% \/ 2 );\"><div class=\"fusion-layout-column fusion_builder_column fusion-builder-column-0 fusion_builder_column_1_2 1_2 fusion-flex-column\" style=\"--awb-bg-size:cover;--awb-width-large:50%;--awb-margin-top-large:0px;--awb-spacing-right-large:3.84%;--awb-margin-bottom-large:20px;--awb-spacing-left-large:3.84%;--awb-width-medium:100%;--awb-order-medium:0;--awb-spacing-right-medium:1.92%;--awb-spacing-left-medium:1.92%;--awb-width-small:100%;--awb-order-small:0;--awb-spacing-right-small:1.92%;--awb-spacing-left-small:1.92%;\"><div class=\"fusion-column-wrapper fusion-column-has-shadow fusion-flex-justify-content-flex-start fusion-content-layout-column\"><div class=\"fusion-title title fusion-title-1 fusion-title-text fusion-title-size-one\"><div class=\"title-sep-container title-sep-container-left fusion-no-large-visibility fusion-no-medium-visibility fusion-no-small-visibility\"><div class=\"title-sep sep-double sep-solid\" style=\"border-color:#9cb6c3;\"><\/div><\/div><span class=\"awb-title-spacer fusion-no-large-visibility fusion-no-medium-visibility fusion-no-small-visibility\"><\/span><h1 class=\"fusion-title-heading title-heading-left\" style=\"margin:0;\">Ratti Luino, Made in Italy<\/h1><span class=\"awb-title-spacer\"><\/span><div class=\"title-sep-container title-sep-container-right\"><div class=\"title-sep sep-double sep-solid\" style=\"border-color:#9cb6c3;\"><\/div><\/div><\/div><div class=\"fusion-text fusion-text-1\"><p id=\"tw-target-text\" class=\"tw-data-text tw-text-large XcVN5d tw-ta\" dir=\"ltr\" data-placeholder=\"Traduzione\"><span class=\"Y2IQFc\" lang=\"fr\">Ratti Luino est le seul fabricant de retordoir a double torsion et machines de guipage qui con\u00e7oit, teste et produit ses propres broches en interne. Les broches sont un \u00e9l\u00e9ment fondamental de la machine et doivent \u00eatre con\u00e7ues et produites avec la plus grande exactitude et pr\u00e9cision. En effet, une broche bien produite garantit une productivit\u00e9 plus \u00e9lev\u00e9e, une consommation d&rsquo;\u00e9nergie moindre et moins de contraintes sur le fil. Par cons\u00e9quent, la fonte peut d\u00e9terminer le succ\u00e8s \u00e9conomique et technique du produit final. Notre structure organisationnelle interne nous permet de produire plus de 70% d&rsquo;une machine \u00e0 notre si\u00e8ge social \u00e0 Cassano Valcuvia (Va); cela nous permet de personnaliser la machine en suivant les besoins sp\u00e9cifiques du client \u00e9tape par \u00e9tape. En plus de suivre de pr\u00e8s toute la cha\u00eene de production, qui se d\u00e9roule enti\u00e8rement en Italie. Nous pouvons ainsi r\u00e9aliser des tests sp\u00e9cifiques en fonction des besoins de production des clients : gr\u00e2ce \u00e0 notre Laboratoire Textile, \u00e9quip\u00e9 d&rsquo;un service sp\u00e9cial retordage et d&rsquo;un service guipage et gr\u00e2ce \u00e0 notre service R&amp;D ; qui agit avec une flexibilit\u00e9 maximale pour d\u00e9velopper les solutions requises. D\u00e8s avant l&rsquo;offre, jusqu&rsquo;apr\u00e8s l&rsquo;installation des machines, Ratti Luino fournit un support et une assistance continus au client dans le temps. L&rsquo;exp\u00e9rience et le savoir-faire acquis au cours de plus de 150 ans d&rsquo;activit\u00e9 nous ont permis d&rsquo;installer nos machines dans plus de 70 pays \u00e0 travers le monde, en fournissant non seulement des produits sp\u00e9cifiques, mais aussi des normes de qualit\u00e9 \u00e9lev\u00e9es, qui uniquement Made in Italy peut garantir.<\/span><\/p>\n<\/div><\/div><\/div><div class=\"fusion-layout-column fusion_builder_column fusion-builder-column-1 fusion_builder_column_1_2 1_2 fusion-flex-column\" style=\"--awb-bg-size:cover;--awb-width-large:50%;--awb-margin-top-large:0px;--awb-spacing-right-large:3.84%;--awb-margin-bottom-large:20px;--awb-spacing-left-large:3.84%;--awb-width-medium:100%;--awb-order-medium:0;--awb-spacing-right-medium:1.92%;--awb-spacing-left-medium:1.92%;--awb-width-small:100%;--awb-order-small:0;--awb-spacing-right-small:1.92%;--awb-spacing-left-small:1.92%;\"><div class=\"fusion-column-wrapper fusion-column-has-shadow fusion-flex-justify-content-flex-start fusion-content-layout-column\"><div class=\"fusion-slider-sc\"><div class=\"fusion-flexslider-loading flexslider flexslider-hover-type-none\" data-slideshow_autoplay=\"1\" data-slideshow_smooth_height=\"0\" data-slideshow_speed=\"5000\" style=\"max-width:100%;height:100%;\"><ul class=\"slides\"><li class=\"image\"><span class=\"fusion-image-hover-element hover-type-none\"><img decoding=\"async\" src=\"https:\/\/www.rattiluino.com\/wp-content\/uploads\/2021\/06\/Logo_made-in-italy-scaled.jpg\" width=\"2560\" height=\"1145\" class=\"wp-image-4877\" srcset=\"https:\/\/www.rattiluino.com\/wp-content\/uploads\/2021\/06\/Logo_made-in-italy-200x89.jpg 200w, https:\/\/www.rattiluino.com\/wp-content\/uploads\/2021\/06\/Logo_made-in-italy-400x179.jpg 400w, https:\/\/www.rattiluino.com\/wp-content\/uploads\/2021\/06\/Logo_made-in-italy-600x268.jpg 600w, https:\/\/www.rattiluino.com\/wp-content\/uploads\/2021\/06\/Logo_made-in-italy-800x358.jpg 800w, https:\/\/www.rattiluino.com\/wp-content\/uploads\/2021\/06\/Logo_made-in-italy-1200x537.jpg 1200w, https:\/\/www.rattiluino.com\/wp-content\/uploads\/2021\/06\/Logo_made-in-italy-scaled.jpg 2560w\" sizes=\"(max-width: 1024px) 100vw, (max-width: 640px) 100vw, 600px\" \/><\/span><\/li><li class=\"image\"><span class=\"fusion-image-hover-element hover-type-none\"><img decoding=\"async\" src=\"https:\/\/www.rattiluino.com\/wp-content\/uploads\/2021\/06\/linea-fusi-per-nuova-pagina-made-in-italy.png\" width=\"994\" height=\"564\" class=\"wp-image-4896\" srcset=\"https:\/\/www.rattiluino.com\/wp-content\/uploads\/2021\/06\/linea-fusi-per-nuova-pagina-made-in-italy-200x113.png 200w, https:\/\/www.rattiluino.com\/wp-content\/uploads\/2021\/06\/linea-fusi-per-nuova-pagina-made-in-italy-400x227.png 400w, https:\/\/www.rattiluino.com\/wp-content\/uploads\/2021\/06\/linea-fusi-per-nuova-pagina-made-in-italy-600x340.png 600w, https:\/\/www.rattiluino.com\/wp-content\/uploads\/2021\/06\/linea-fusi-per-nuova-pagina-made-in-italy-800x454.png 800w, https:\/\/www.rattiluino.com\/wp-content\/uploads\/2021\/06\/linea-fusi-per-nuova-pagina-made-in-italy.png 994w\" sizes=\"(max-width: 1024px) 100vw, (max-width: 640px) 100vw, 600px\" \/><\/span><\/li><\/ul><\/div><\/div><div class=\"fusion-section-separator section-separator slant fusion-section-separator-1\" style=\"--awb-spacer-height:99px;--awb-svg-margin-left:3.84%;--awb-svg-margin-right:3.84%;--awb-svg-margin-left-medium:1.92%;--awb-svg-margin-right-medium:1.92%;--awb-svg-margin-left-small:1.92%;--awb-svg-margin-right-small:1.92%;--awb-divider-height:99px;--awb-spacer-padding-top:inherit;--awb-sep-padding:0;--awb-svg-padding:0;\"><div class=\"fusion-section-separator-svg\"><svg class=\"fusion-slant-candy\" xmlns=\"http:\/\/www.w3.org\/2000\/svg\" version=\"1.1\" width=\"100%\" height=\"100\" viewBox=\"0 0 100 100\" preserveAspectRatio=\"none\" fill=\"rgba(246,246,246,1)\"><path d=\"M100 0 L100 100 L0 0 Z\"><\/path><\/svg><\/div><div class=\"fusion-section-separator-spacer\"><div class=\"fusion-section-separator-spacer-height\"><\/div><\/div><\/div><\/div><\/div><\/div><\/div>\n","protected":false},"excerpt":{"rendered":"","protected":false},"author":2,"featured_media":0,"parent":0,"menu_order":0,"comment_status":"closed","ping_status":"closed","template":"","meta":{"_exactmetrics_skip_tracking":false,"_exactmetrics_sitenote_active":false,"_exactmetrics_sitenote_note":"","_exactmetrics_sitenote_category":0,"footnotes":""},"class_list":["post-5532","page","type-page","status-publish","hentry"],"yoast_head":"<!-- This site is optimized with the Yoast SEO plugin v26.8 - https:\/\/yoast.com\/product\/yoast-seo-wordpress\/ -->\n<title>Ratti Luino, Made in Italy - Ratti Luino S.R.L.<\/title>\n<meta name=\"robots\" content=\"index, follow, max-snippet:-1, max-image-preview:large, max-video-preview:-1\" \/>\n<link rel=\"canonical\" href=\"https:\/\/www.rattiluino.com\/fr\/ratti-luino-made-in-italy\/\" \/>\n<meta property=\"og:locale\" content=\"fr_FR\" \/>\n<meta property=\"og:type\" content=\"article\" \/>\n<meta property=\"og:title\" content=\"Ratti Luino, Made in Italy - Ratti Luino S.R.L.\" \/>\n<meta property=\"og:url\" content=\"https:\/\/www.rattiluino.com\/fr\/ratti-luino-made-in-italy\/\" \/>\n<meta property=\"og:site_name\" content=\"Ratti Luino S.R.L.\" \/>\n<meta property=\"article:modified_time\" content=\"2021-07-26T14:49:02+00:00\" \/>\n<meta name=\"twitter:card\" content=\"summary_large_image\" \/>\n<meta name=\"twitter:label1\" content=\"Dur\u00e9e de lecture estim\u00e9e\" \/>\n\t<meta name=\"twitter:data1\" content=\"3 minutes\" \/>\n<script type=\"application\/ld+json\" class=\"yoast-schema-graph\">{\"@context\":\"https:\/\/schema.org\",\"@graph\":[{\"@type\":\"WebPage\",\"@id\":\"https:\/\/www.rattiluino.com\/fr\/ratti-luino-made-in-italy\/\",\"url\":\"https:\/\/www.rattiluino.com\/fr\/ratti-luino-made-in-italy\/\",\"name\":\"Ratti Luino, Made in Italy - Ratti Luino S.R.L.\",\"isPartOf\":{\"@id\":\"https:\/\/www.rattiluino.com\/#website\"},\"datePublished\":\"2021-07-26T14:49:01+00:00\",\"dateModified\":\"2021-07-26T14:49:02+00:00\",\"breadcrumb\":{\"@id\":\"https:\/\/www.rattiluino.com\/fr\/ratti-luino-made-in-italy\/#breadcrumb\"},\"inLanguage\":\"fr-FR\",\"potentialAction\":[{\"@type\":\"ReadAction\",\"target\":[\"https:\/\/www.rattiluino.com\/fr\/ratti-luino-made-in-italy\/\"]}]},{\"@type\":\"BreadcrumbList\",\"@id\":\"https:\/\/www.rattiluino.com\/fr\/ratti-luino-made-in-italy\/#breadcrumb\",\"itemListElement\":[{\"@type\":\"ListItem\",\"position\":1,\"name\":\"Home\",\"item\":\"https:\/\/www.rattiluino.com\/fr\/\"},{\"@type\":\"ListItem\",\"position\":2,\"name\":\"Ratti Luino, Made in Italy\"}]},{\"@type\":\"WebSite\",\"@id\":\"https:\/\/www.rattiluino.com\/#website\",\"url\":\"https:\/\/www.rattiluino.com\/\",\"name\":\"Ratti Luino S.R.L.\",\"description\":\"Leaders in twisting technology since 1869\",\"publisher\":{\"@id\":\"https:\/\/www.rattiluino.com\/#organization\"},\"potentialAction\":[{\"@type\":\"SearchAction\",\"target\":{\"@type\":\"EntryPoint\",\"urlTemplate\":\"https:\/\/www.rattiluino.com\/?s={search_term_string}\"},\"query-input\":{\"@type\":\"PropertyValueSpecification\",\"valueRequired\":true,\"valueName\":\"search_term_string\"}}],\"inLanguage\":\"fr-FR\"},{\"@type\":\"Organization\",\"@id\":\"https:\/\/www.rattiluino.com\/#organization\",\"name\":\"Ratti Luino S.R.L.\",\"url\":\"https:\/\/www.rattiluino.com\/\",\"logo\":{\"@type\":\"ImageObject\",\"inLanguage\":\"fr-FR\",\"@id\":\"https:\/\/www.rattiluino.com\/#\/schema\/logo\/image\/\",\"url\":\"https:\/\/www.rattiluino.com\/wp-content\/uploads\/2017\/07\/logo-ratti-rete-di-vendita.png\",\"contentUrl\":\"https:\/\/www.rattiluino.com\/wp-content\/uploads\/2017\/07\/logo-ratti-rete-di-vendita.png\",\"width\":365,\"height\":365,\"caption\":\"Ratti Luino S.R.L.\"},\"image\":{\"@id\":\"https:\/\/www.rattiluino.com\/#\/schema\/logo\/image\/\"},\"sameAs\":[\"https:\/\/www.linkedin.com\/company\/ratti-luino-s-r-l\/\"]}]}<\/script>\n<!-- \/ Yoast SEO plugin. -->","yoast_head_json":{"title":"Ratti Luino, Made in Italy - Ratti Luino S.R.L.","robots":{"index":"index","follow":"follow","max-snippet":"max-snippet:-1","max-image-preview":"max-image-preview:large","max-video-preview":"max-video-preview:-1"},"canonical":"https:\/\/www.rattiluino.com\/fr\/ratti-luino-made-in-italy\/","og_locale":"fr_FR","og_type":"article","og_title":"Ratti Luino, Made in Italy - Ratti Luino S.R.L.","og_url":"https:\/\/www.rattiluino.com\/fr\/ratti-luino-made-in-italy\/","og_site_name":"Ratti Luino S.R.L.","article_modified_time":"2021-07-26T14:49:02+00:00","twitter_card":"summary_large_image","twitter_misc":{"Dur\u00e9e de lecture estim\u00e9e":"3 minutes"},"schema":{"@context":"https:\/\/schema.org","@graph":[{"@type":"WebPage","@id":"https:\/\/www.rattiluino.com\/fr\/ratti-luino-made-in-italy\/","url":"https:\/\/www.rattiluino.com\/fr\/ratti-luino-made-in-italy\/","name":"Ratti Luino, Made in Italy - Ratti Luino S.R.L.","isPartOf":{"@id":"https:\/\/www.rattiluino.com\/#website"},"datePublished":"2021-07-26T14:49:01+00:00","dateModified":"2021-07-26T14:49:02+00:00","breadcrumb":{"@id":"https:\/\/www.rattiluino.com\/fr\/ratti-luino-made-in-italy\/#breadcrumb"},"inLanguage":"fr-FR","potentialAction":[{"@type":"ReadAction","target":["https:\/\/www.rattiluino.com\/fr\/ratti-luino-made-in-italy\/"]}]},{"@type":"BreadcrumbList","@id":"https:\/\/www.rattiluino.com\/fr\/ratti-luino-made-in-italy\/#breadcrumb","itemListElement":[{"@type":"ListItem","position":1,"name":"Home","item":"https:\/\/www.rattiluino.com\/fr\/"},{"@type":"ListItem","position":2,"name":"Ratti Luino, Made in Italy"}]},{"@type":"WebSite","@id":"https:\/\/www.rattiluino.com\/#website","url":"https:\/\/www.rattiluino.com\/","name":"Ratti Luino S.R.L.","description":"Leaders in twisting technology since 1869","publisher":{"@id":"https:\/\/www.rattiluino.com\/#organization"},"potentialAction":[{"@type":"SearchAction","target":{"@type":"EntryPoint","urlTemplate":"https:\/\/www.rattiluino.com\/?s={search_term_string}"},"query-input":{"@type":"PropertyValueSpecification","valueRequired":true,"valueName":"search_term_string"}}],"inLanguage":"fr-FR"},{"@type":"Organization","@id":"https:\/\/www.rattiluino.com\/#organization","name":"Ratti Luino S.R.L.","url":"https:\/\/www.rattiluino.com\/","logo":{"@type":"ImageObject","inLanguage":"fr-FR","@id":"https:\/\/www.rattiluino.com\/#\/schema\/logo\/image\/","url":"https:\/\/www.rattiluino.com\/wp-content\/uploads\/2017\/07\/logo-ratti-rete-di-vendita.png","contentUrl":"https:\/\/www.rattiluino.com\/wp-content\/uploads\/2017\/07\/logo-ratti-rete-di-vendita.png","width":365,"height":365,"caption":"Ratti Luino S.R.L."},"image":{"@id":"https:\/\/www.rattiluino.com\/#\/schema\/logo\/image\/"},"sameAs":["https:\/\/www.linkedin.com\/company\/ratti-luino-s-r-l\/"]}]}},"_links":{"self":[{"href":"https:\/\/www.rattiluino.com\/fr\/wp-json\/wp\/v2\/pages\/5532","targetHints":{"allow":["GET"]}}],"collection":[{"href":"https:\/\/www.rattiluino.com\/fr\/wp-json\/wp\/v2\/pages"}],"about":[{"href":"https:\/\/www.rattiluino.com\/fr\/wp-json\/wp\/v2\/types\/page"}],"author":[{"embeddable":true,"href":"https:\/\/www.rattiluino.com\/fr\/wp-json\/wp\/v2\/users\/2"}],"replies":[{"embeddable":true,"href":"https:\/\/www.rattiluino.com\/fr\/wp-json\/wp\/v2\/comments?post=5532"}],"version-history":[{"count":0,"href":"https:\/\/www.rattiluino.com\/fr\/wp-json\/wp\/v2\/pages\/5532\/revisions"}],"wp:attachment":[{"href":"https:\/\/www.rattiluino.com\/fr\/wp-json\/wp\/v2\/media?parent=5532"}],"curies":[{"name":"wp","href":"https:\/\/api.w.org\/{rel}","templated":true}]}}