{"id":2048,"date":"2017-10-20T11:28:23","date_gmt":"2017-10-20T09:28:23","guid":{"rendered":"http:\/\/www.rattiluino.com\/prodotto\/broches-perforees-pour-le-guipage\/"},"modified":"2021-10-26T10:08:25","modified_gmt":"2021-10-26T08:08:25","slug":"broches-perforees-pour-le-guipage","status":"publish","type":"product","link":"https:\/\/www.rattiluino.com\/fr\/prodotto\/broches-perforees-pour-le-guipage\/","title":{"rendered":"Broches SX, HD, HD-R, A-HS; R4, R5, R14"},"content":{"rendered":"<p><div class=\"fusion-fullwidth fullwidth-box fusion-builder-row-1 nonhundred-percent-fullwidth non-hundred-percent-height-scrolling fusion-equal-height-columns\" style=\"--awb-border-radius-top-left:0px;--awb-border-radius-top-right:0px;--awb-border-radius-bottom-right:0px;--awb-border-radius-bottom-left:0px;--awb-padding-top:15px;--awb-padding-right:15px;--awb-padding-bottom:0px;--awb-padding-left:15px;--awb-margin-bottom:50px;--awb-background-color:#e9eaee;--awb-flex-wrap:wrap;\" ><div class=\"fusion-builder-row fusion-row\"><div class=\"fusion-layout-column fusion_builder_column fusion-builder-column-0 fusion_builder_column_1_2 1_2 fusion-one-half fusion-column-first\" style=\"--awb-padding-top:10px;--awb-padding-right:10px;--awb-padding-bottom:10px;--awb-padding-left:10px;--awb-bg-size:cover;--awb-border-color:#ffffff;--awb-border-top:3px;--awb-border-right:3px;--awb-border-bottom:3px;--awb-border-left:3px;--awb-border-style:solid;width:50%;width:calc(50% - ( ( 2% ) * 0.5 ) );margin-right: 2%;\"><div class=\"fusion-column-wrapper fusion-flex-column-wrapper-legacy\"><div class=\"fusion-text fusion-text-1\"><p style=\"text-align: center; color: #212331; font-size: 18px;\"><strong>BROCHES SX \/ HD \/ HD-R <\/strong><\/p>\n<\/div><div class=\"fusion-image-element fusion-image-align-center in-legacy-container\" style=\"text-align:center;--awb-caption-title-font-family:var(--h2_typography-font-family);--awb-caption-title-font-weight:var(--h2_typography-font-weight);--awb-caption-title-font-style:var(--h2_typography-font-style);--awb-caption-title-size:var(--h2_typography-font-size);--awb-caption-title-transform:var(--h2_typography-text-transform);--awb-caption-title-line-height:var(--h2_typography-line-height);--awb-caption-title-letter-spacing:var(--h2_typography-letter-spacing);\"><div class=\"imageframe-align-center\"><span class=\" fusion-imageframe imageframe-none imageframe-1 hover-type-none\"><img decoding=\"async\" width=\"682\" height=\"577\" alt=\"fusi omm\" title=\"fusi omm\" src=\"https:\/\/www.rattiluino.com\/wp-content\/uploads\/2017\/10\/fusi-omm.jpg\" class=\"img-responsive wp-image-3094\" srcset=\"https:\/\/www.rattiluino.com\/wp-content\/uploads\/2017\/10\/fusi-omm-200x169.jpg 200w, https:\/\/www.rattiluino.com\/wp-content\/uploads\/2017\/10\/fusi-omm-400x338.jpg 400w, https:\/\/www.rattiluino.com\/wp-content\/uploads\/2017\/10\/fusi-omm-600x508.jpg 600w, https:\/\/www.rattiluino.com\/wp-content\/uploads\/2017\/10\/fusi-omm.jpg 682w\" sizes=\"(max-width: 800px) 100vw, 600px\" \/><\/span><\/div><\/div><div class=\"fusion-sep-clear\"><\/div><div class=\"fusion-separator fusion-full-width-sep\" style=\"margin-left: auto;margin-right: auto;margin-top:10px;width:100%;\"><\/div><div class=\"fusion-sep-clear\"><\/div><div class=\"fusion-text fusion-text-2\"><p style=\"font-size: 12px; text-align: center;\"><i>BROCHES PERFOR\u00c9ES<br \/>\nPOUR LE GUIPAGE <\/i><\/p>\n<\/div><div class=\"fusion-clearfix\"><\/div><\/div><\/div><div class=\"fusion-layout-column fusion_builder_column fusion-builder-column-1 fusion_builder_column_1_4 1_4 fusion-one-fourth fusion-column-last\" style=\"--awb-padding-top:10px;--awb-padding-right:10px;--awb-padding-bottom:10px;--awb-padding-left:10px;--awb-bg-size:cover;--awb-border-color:#ffffff;--awb-border-top:0;--awb-border-right:0;--awb-border-bottom:0;--awb-border-left:0;--awb-border-style:solid;width:25%;width:calc(25% - ( ( 2% ) * 0.25 ) );\"><div class=\"fusion-column-wrapper fusion-flex-column-wrapper-legacy\"><div class=\"fusion-column-content-centered\"><div class=\"fusion-column-content\"><div class=\"fusion-text fusion-text-3\"><p style=\"text-align: center; color: #212331; font-size: 18px;\">OMM HOLLOW SPINDLES FOR COVERING PROCESS: NOUS ENVOYER UNE DEMANDE!<\/p>\n<\/div><div class=\"fusion-sep-clear\"><\/div><div class=\"fusion-separator fusion-full-width-sep\" style=\"margin-left: auto;margin-right: auto;margin-top:10px;width:100%;\"><\/div><div class=\"fusion-sep-clear\"><\/div><div class=\"fusion-text fusion-text-4\"><p style=\"text-align: center;\">\n<div class=\"wpcf7 no-js\" id=\"wpcf7-f3083-o1\" lang=\"it-IT\" dir=\"ltr\" data-wpcf7-id=\"3083\">\n<div class=\"screen-reader-response\"><p role=\"status\" aria-live=\"polite\" aria-atomic=\"true\"><\/p> <ul><\/ul><\/div>\n<form action=\"\/fr\/wp-json\/wp\/v2\/product\/2048#wpcf7-f3083-o1\" method=\"post\" class=\"wpcf7-form init wpcf7-acceptance-as-validation\" aria-label=\"Modulo di contatto\" novalidate=\"novalidate\" data-status=\"init\">\n<div style=\"display: none;\">\n<input type=\"hidden\" name=\"_wpcf7\" value=\"3083\" \/>\n<input type=\"hidden\" name=\"_wpcf7_version\" value=\"6.0.3\" \/>\n<input type=\"hidden\" name=\"_wpcf7_locale\" value=\"it_IT\" \/>\n<input type=\"hidden\" name=\"_wpcf7_unit_tag\" value=\"wpcf7-f3083-o1\" \/>\n<input type=\"hidden\" name=\"_wpcf7_container_post\" value=\"0\" \/>\n<input type=\"hidden\" name=\"_wpcf7_posted_data_hash\" value=\"\" \/>\n<input type=\"hidden\" name=\"_wpcf7_recaptcha_response\" value=\"\" \/>\n<\/div>\n\n<p><label> Adresse e-mail *<br \/>\n<span class=\"wpcf7-form-control-wrap\" data-name=\"your-email\"><input size=\"40\" maxlength=\"400\" class=\"wpcf7-form-control wpcf7-email wpcf7-validates-as-required wpcf7-text wpcf7-validates-as-email\" aria-required=\"true\" aria-invalid=\"false\" value=\"\" type=\"email\" name=\"your-email\" \/><\/span> <\/label>\n<\/p>\n<p><label> Demande<br \/>\n<span class=\"wpcf7-form-control-wrap\" data-name=\"textarea-826\"><textarea cols=\"40\" rows=\"10\" maxlength=\"2000\" class=\"wpcf7-form-control wpcf7-textarea\" aria-invalid=\"false\" name=\"textarea-826\"><\/textarea><\/span> <\/label>\n<\/p>\n<p><span class=\"wpcf7-form-control-wrap\" data-name=\"informativa\"><span class=\"wpcf7-form-control wpcf7-acceptance\"><span class=\"wpcf7-list-item\"><input type=\"checkbox\" name=\"informativa\" value=\"1\" aria-invalid=\"false\" \/><\/span><\/span><\/span> Je consens \u00e0 ce que mes donn\u00e9es personnelles soient enregistr\u00e9es conform\u00e9ment \u00e0 la politique de confidentialit\u00e9.<br \/>\n[anr_nocaptcha g-recaptcha-response]<br \/>\n<input class=\"wpcf7-form-control wpcf7-submit has-spinner\" type=\"submit\" value=\"ENVOYER UNE DEMANDE\" \/>\n<\/p>\n\n<input type='hidden' class='wpcf7-pum' value='{\"closepopup\":false,\"closedelay\":0,\"openpopup\":false,\"openpopup_id\":0}' \/><div class=\"fusion-alert alert custom alert-custom fusion-alert-center wpcf7-response-output awb-alert-native-link-color alert-dismissable awb-alert-close-boxed\" style=\"--awb-border-top-left-radius:0px;--awb-border-top-right-radius:0px;--awb-border-bottom-left-radius:0px;--awb-border-bottom-right-radius:0px;\" role=\"alert\"><div class=\"fusion-alert-content-wrapper\"><span class=\"fusion-alert-content\"><\/span><\/div><button type=\"button\" class=\"close toggle-alert\" data-dismiss=\"alert\" aria-label=\"Close\">&times;<\/button><\/div>\n<\/form>\n<\/div>\n<\/p>\n<\/div><\/div><\/div><div class=\"fusion-clearfix\"><\/div><\/div><\/div><\/div><\/div><div class=\"fusion-fullwidth fullwidth-box fusion-builder-row-2 nonhundred-percent-fullwidth non-hundred-percent-height-scrolling\" style=\"--awb-border-radius-top-left:0px;--awb-border-radius-top-right:0px;--awb-border-radius-bottom-right:0px;--awb-border-radius-bottom-left:0px;--awb-flex-wrap:wrap;\" ><div class=\"fusion-builder-row fusion-row\"><div class=\"fusion-layout-column fusion_builder_column fusion-builder-column-2 fusion_builder_column_1_1 1_1 fusion-one-full fusion-column-first fusion-column-last\" style=\"--awb-bg-size:cover;\"><div class=\"fusion-column-wrapper fusion-flex-column-wrapper-legacy\"><div class=\"fusion-flip-boxes flip-boxes row fusion-columns-1 flip-effect-classic\"><div class=\"fusion-flip-box-wrapper fusion-column col-lg-12 col-md-12 col-sm-12\"><div class=\"fusion-flip-box flip-right\" tabindex=\"0\"><div class=\"flip-box-inner-wrapper\"><div class=\"flip-box-front\" style=\"--awb-background-color-front:#f0f3f2;--awb-title-front-color:212331;--awb-text-front-color:#212331;\"><div class=\"flip-box-front-inner\"><h2 class=\"flip-box-heading\">T\u00e9l\u00e9charger la brochure<\/h2>Entrez votre adresse email pour t\u00e9l\u00e9charger et consulter la brochure produit<\/div><\/div><div class=\"flip-box-back\" style=\"--awb-background-color-back:#f0f3f2;--awb-title-back-color:#212331;--awb-text-back-color:#212331;\"><div class=\"flip-box-back-inner\">\n\n<div class=\"wpcf7 no-js\" id=\"wpcf7-f2799-o2\" lang=\"it-IT\" dir=\"ltr\" data-wpcf7-id=\"2799\">\n<div class=\"screen-reader-response\"><p role=\"status\" aria-live=\"polite\" aria-atomic=\"true\"><\/p> <ul><\/ul><\/div>\n<form action=\"\/fr\/wp-json\/wp\/v2\/product\/2048#wpcf7-f2799-o2\" method=\"post\" class=\"wpcf7-form init wpcf7-acceptance-as-validation\" aria-label=\"Modulo di contatto\" novalidate=\"novalidate\" data-status=\"init\">\n<div style=\"display: none;\">\n<input type=\"hidden\" name=\"_wpcf7\" value=\"2799\" \/>\n<input type=\"hidden\" name=\"_wpcf7_version\" value=\"6.0.3\" \/>\n<input type=\"hidden\" name=\"_wpcf7_locale\" value=\"it_IT\" \/>\n<input type=\"hidden\" name=\"_wpcf7_unit_tag\" value=\"wpcf7-f2799-o2\" \/>\n<input type=\"hidden\" name=\"_wpcf7_container_post\" value=\"0\" \/>\n<input type=\"hidden\" name=\"_wpcf7_posted_data_hash\" value=\"\" \/>\n<input type=\"hidden\" name=\"_wpcf7_recaptcha_response\" value=\"\" \/>\n<\/div>\n\n<p><label> Adresse e-mail *<br \/>\n<span class=\"wpcf7-form-control-wrap\" data-name=\"your-email\"><input size=\"40\" maxlength=\"400\" class=\"wpcf7-form-control wpcf7-email wpcf7-validates-as-required wpcf7-text wpcf7-validates-as-email\" aria-required=\"true\" aria-invalid=\"false\" value=\"\" type=\"email\" name=\"your-email\" \/><\/span> <\/label>\n<\/p>\n<p><span class=\"wpcf7-form-control-wrap\" data-name=\"informativa\"><span class=\"wpcf7-form-control wpcf7-acceptance\"><span class=\"wpcf7-list-item\"><input type=\"checkbox\" name=\"informativa\" value=\"1\" aria-invalid=\"false\" \/><\/span><\/span><\/span> Je consens \u00e0 ce que mes donn\u00e9es personnelles soient enregistr\u00e9es conform\u00e9ment \u00e0 la politique de confidentialit\u00e9.<br \/>\n[anr_nocaptcha g-recaptcha-response]<br \/>\n<input class=\"wpcf7-form-control wpcf7-submit has-spinner\" type=\"submit\" value=\"T\u00e9l\u00e9charger la brochure\" \/>\n<\/p>\n\n<input type='hidden' class='wpcf7-pum' value='{\"closepopup\":false,\"closedelay\":0,\"openpopup\":false,\"openpopup_id\":0}' \/><div class=\"fusion-alert alert custom alert-custom fusion-alert-center wpcf7-response-output awb-alert-native-link-color alert-dismissable awb-alert-close-boxed\" style=\"--awb-border-top-left-radius:0px;--awb-border-top-right-radius:0px;--awb-border-bottom-left-radius:0px;--awb-border-bottom-right-radius:0px;\" role=\"alert\"><div class=\"fusion-alert-content-wrapper\"><span class=\"fusion-alert-content\"><\/span><\/div><button type=\"button\" class=\"close toggle-alert\" data-dismiss=\"alert\" aria-label=\"Close\">&times;<\/button><\/div>\n<\/form>\n<\/div>\n\n<\/div><\/div><\/div><\/div><\/div><\/div><div class=\"clearfix\"><\/div><div class=\"fusion-clearfix\"><\/div><\/div><\/div><div class=\"fusion-layout-column fusion_builder_column fusion-builder-column-3 fusion_builder_column_1_2 1_2 fusion-one-half fusion-column-first item-hidden\" style=\"--awb-bg-size:cover;width:50%;width:calc(50% - ( ( 4% ) * 0.5 ) );margin-right: 4%;\"><div class=\"fusion-column-wrapper fusion-flex-column-wrapper-legacy\"><div class=\"fusion-sep-clear\"><\/div><div class=\"fusion-separator fusion-full-width-sep\" style=\"margin-left: auto;margin-right: auto;margin-top:40px;width:100%;\"><\/div><div class=\"fusion-sep-clear\"><\/div><div class=\"fusion-sep-clear\"><\/div><div class=\"fusion-separator fusion-full-width-sep\" style=\"margin-left: auto;margin-right: auto;margin-top:32px;width:100%;\"><\/div><div class=\"fusion-sep-clear\"><\/div><div class=\"fusion-clearfix\"><\/div><\/div><\/div><\/div><\/div><\/p>\n","protected":false},"excerpt":{"rendered":"<p id=\"tw-target-text\" class=\"tw-data-text tw-text-large XcVN5d tw-ta\" dir=\"ltr\" data-placeholder=\"Traduzione\"><span class=\"Y2IQFc\" lang=\"fr\">Les broches SX et HD sont coul\u00e9es par spiralage, ont les caract\u00e9ristiques d&rsquo;avoir des roulements rempla\u00e7ables et d&rsquo;\u00eatre r\u00e9alisables \u00e0 la fois pour le traitement du caoutchouc et du spandex. Les broches SX sont les broches adapt\u00e9es au traitement des coups les plus fins, elles permettent d&rsquo;atteindre des vitesses allant jusqu&rsquo;\u00e0 27 000 tr\/min, elles montent des bobines plus petites. Les broches HD sont des broches structurellement plus lourdes adapt\u00e9es aux plus grandes bobines, atteignant des vitesses allant jusqu&rsquo;\u00e0 18 000 tr\/min. La broche \u00e0 tige fixe A-HS est id\u00e9ale pour couvrir les op\u00e9rations de thiols de fil plus gros. Il peut recevoir des centrages compris entre 5 1\/2 et 7 \u2033 1\/2. Cette broche a l&rsquo;avantage de ne pas avoir le passage du fil d&rsquo;\u00e2me en rotation, cela permet \u00e0 l&rsquo;\u00e9lasthanne en cas de contact de ne prendre aucun effet de torsion. Les broches mod\u00e8les R4 et R5 sont d\u00e9sormais \u00e9galement disponibles, qui peuvent \u00eatre \u00e9quip\u00e9es de centrages 5 1\/2 et 6 1\/2. Ils peuvent \u00e9galement \u00eatre utilis\u00e9s pour le traitement du spandex et du caoutchouc et sont fabriqu\u00e9s avec des roulements rempla\u00e7ables. La broche R14 est structurellement plus \u00e9paisse ; il peut atteindre 12 000 tr\/min et convient aux bobines plus grandes. La gamme de titres pouvant \u00eatre utilis\u00e9s sur chaque mod\u00e8le de broche unique varie en fonction de la configuration personnalisable en fonction des besoins de production sp\u00e9cifiques. <\/span><\/p>\n<p class=\"tw-data-text tw-text-large XcVN5d tw-ta\" dir=\"ltr\" data-placeholder=\"Traduzione\"><span class=\"Y2IQFc\" lang=\"fr\">REMARQUE : pour l&rsquo;application des broches \u00e9num\u00e9r\u00e9es ci-dessus sur des machines \u00e0 spiraler d&rsquo;autres fabricants, contactez-nous \u00e0 l&rsquo;adresse e-mail suivante : info@rattiluino.com ou remplissez le formulaire ci-dessous.<\/span><\/p>\n","protected":false},"featured_media":6005,"template":"","meta":{"_exactmetrics_skip_tracking":false,"_exactmetrics_sitenote_active":false,"_exactmetrics_sitenote_note":"","_exactmetrics_sitenote_category":0},"product_cat":[169],"product_tag":[],"class_list":{"0":"post-2048","1":"product","2":"type-product","3":"status-publish","4":"has-post-thumbnail","6":"product_cat-sin-categorizar","8":"first","9":"instock","10":"shipping-taxable","11":"product-type-simple"},"yoast_head":"<!-- This site is optimized with the Yoast SEO plugin v26.8 - https:\/\/yoast.com\/product\/yoast-seo-wordpress\/ -->\n<title>Broches SX, HD, HD-R, A-HS; R4, R5, R14 - Ratti Luino S.R.L.<\/title>\n<meta name=\"description\" content=\"SX e SX HD sono fusi per spiralatura con cuscinetti sostituibili e realizzati per le lavorazioni con gomma e con spandex.\" \/>\n<meta name=\"robots\" content=\"index, follow, max-snippet:-1, max-image-preview:large, max-video-preview:-1\" \/>\n<link rel=\"canonical\" href=\"https:\/\/www.rattiluino.com\/fr\/prodotto\/broches-perforees-pour-le-guipage\/\" \/>\n<meta property=\"og:locale\" content=\"fr_FR\" \/>\n<meta property=\"og:type\" content=\"article\" \/>\n<meta property=\"og:title\" content=\"Broches SX, HD, HD-R, A-HS; R4, R5, R14 - Ratti Luino S.R.L.\" \/>\n<meta property=\"og:description\" content=\"SX e SX HD sono fusi per spiralatura con cuscinetti sostituibili e realizzati per le lavorazioni con gomma e con spandex.\" \/>\n<meta property=\"og:url\" content=\"https:\/\/www.rattiluino.com\/fr\/prodotto\/broches-perforees-pour-le-guipage\/\" \/>\n<meta property=\"og:site_name\" content=\"Ratti Luino S.R.L.\" \/>\n<meta property=\"article:modified_time\" content=\"2021-10-26T08:08:25+00:00\" \/>\n<meta property=\"og:image\" content=\"https:\/\/www.rattiluino.com\/wp-content\/uploads\/2021\/05\/Progetto-senza-titolo-63.png\" \/>\n\t<meta property=\"og:image:width\" content=\"900\" \/>\n\t<meta property=\"og:image:height\" content=\"600\" \/>\n\t<meta property=\"og:image:type\" content=\"image\/png\" \/>\n<meta name=\"twitter:card\" content=\"summary_large_image\" \/>\n<meta name=\"twitter:label1\" content=\"Dur\u00e9e de lecture estim\u00e9e\" \/>\n\t<meta name=\"twitter:data1\" content=\"2 minutes\" \/>\n<script type=\"application\/ld+json\" class=\"yoast-schema-graph\">{\"@context\":\"https:\/\/schema.org\",\"@graph\":[{\"@type\":\"WebPage\",\"@id\":\"https:\/\/www.rattiluino.com\/fr\/prodotto\/broches-perforees-pour-le-guipage\/\",\"url\":\"https:\/\/www.rattiluino.com\/fr\/prodotto\/broches-perforees-pour-le-guipage\/\",\"name\":\"Broches SX, HD, HD-R, A-HS; R4, R5, R14 - Ratti Luino S.R.L.\",\"isPartOf\":{\"@id\":\"https:\/\/www.rattiluino.com\/#website\"},\"primaryImageOfPage\":{\"@id\":\"https:\/\/www.rattiluino.com\/fr\/prodotto\/broches-perforees-pour-le-guipage\/#primaryimage\"},\"image\":{\"@id\":\"https:\/\/www.rattiluino.com\/fr\/prodotto\/broches-perforees-pour-le-guipage\/#primaryimage\"},\"thumbnailUrl\":\"https:\/\/www.rattiluino.com\/wp-content\/uploads\/2021\/05\/Progetto-senza-titolo-63.png\",\"datePublished\":\"2017-10-20T09:28:23+00:00\",\"dateModified\":\"2021-10-26T08:08:25+00:00\",\"description\":\"SX e SX HD sono fusi per spiralatura con cuscinetti sostituibili e realizzati per le lavorazioni con gomma e con spandex.\",\"breadcrumb\":{\"@id\":\"https:\/\/www.rattiluino.com\/fr\/prodotto\/broches-perforees-pour-le-guipage\/#breadcrumb\"},\"inLanguage\":\"fr-FR\",\"potentialAction\":[{\"@type\":\"ReadAction\",\"target\":[\"https:\/\/www.rattiluino.com\/fr\/prodotto\/broches-perforees-pour-le-guipage\/\"]}]},{\"@type\":\"ImageObject\",\"inLanguage\":\"fr-FR\",\"@id\":\"https:\/\/www.rattiluino.com\/fr\/prodotto\/broches-perforees-pour-le-guipage\/#primaryimage\",\"url\":\"https:\/\/www.rattiluino.com\/wp-content\/uploads\/2021\/05\/Progetto-senza-titolo-63.png\",\"contentUrl\":\"https:\/\/www.rattiluino.com\/wp-content\/uploads\/2021\/05\/Progetto-senza-titolo-63.png\",\"width\":900,\"height\":600},{\"@type\":\"BreadcrumbList\",\"@id\":\"https:\/\/www.rattiluino.com\/fr\/prodotto\/broches-perforees-pour-le-guipage\/#breadcrumb\",\"itemListElement\":[{\"@type\":\"ListItem\",\"position\":1,\"name\":\"Home\",\"item\":\"https:\/\/www.rattiluino.com\/fr\/\"},{\"@type\":\"ListItem\",\"position\":2,\"name\":\"Prodotti\",\"item\":\"https:\/\/www.rattiluino.com\/shop\/\"},{\"@type\":\"ListItem\",\"position\":3,\"name\":\"Broches SX, HD, HD-R, A-HS; R4, R5, R14\"}]},{\"@type\":\"WebSite\",\"@id\":\"https:\/\/www.rattiluino.com\/#website\",\"url\":\"https:\/\/www.rattiluino.com\/\",\"name\":\"Ratti Luino S.R.L.\",\"description\":\"Leaders in twisting technology since 1869\",\"publisher\":{\"@id\":\"https:\/\/www.rattiluino.com\/#organization\"},\"potentialAction\":[{\"@type\":\"SearchAction\",\"target\":{\"@type\":\"EntryPoint\",\"urlTemplate\":\"https:\/\/www.rattiluino.com\/?s={search_term_string}\"},\"query-input\":{\"@type\":\"PropertyValueSpecification\",\"valueRequired\":true,\"valueName\":\"search_term_string\"}}],\"inLanguage\":\"fr-FR\"},{\"@type\":\"Organization\",\"@id\":\"https:\/\/www.rattiluino.com\/#organization\",\"name\":\"Ratti Luino S.R.L.\",\"url\":\"https:\/\/www.rattiluino.com\/\",\"logo\":{\"@type\":\"ImageObject\",\"inLanguage\":\"fr-FR\",\"@id\":\"https:\/\/www.rattiluino.com\/#\/schema\/logo\/image\/\",\"url\":\"https:\/\/www.rattiluino.com\/wp-content\/uploads\/2017\/07\/logo-ratti-rete-di-vendita.png\",\"contentUrl\":\"https:\/\/www.rattiluino.com\/wp-content\/uploads\/2017\/07\/logo-ratti-rete-di-vendita.png\",\"width\":365,\"height\":365,\"caption\":\"Ratti Luino S.R.L.\"},\"image\":{\"@id\":\"https:\/\/www.rattiluino.com\/#\/schema\/logo\/image\/\"},\"sameAs\":[\"https:\/\/www.linkedin.com\/company\/ratti-luino-s-r-l\/\"]}]}<\/script>\n<!-- \/ Yoast SEO plugin. -->","yoast_head_json":{"title":"Broches SX, HD, HD-R, A-HS; R4, R5, R14 - Ratti Luino S.R.L.","description":"SX e SX HD sono fusi per spiralatura con cuscinetti sostituibili e realizzati per le lavorazioni con gomma e con spandex.","robots":{"index":"index","follow":"follow","max-snippet":"max-snippet:-1","max-image-preview":"max-image-preview:large","max-video-preview":"max-video-preview:-1"},"canonical":"https:\/\/www.rattiluino.com\/fr\/prodotto\/broches-perforees-pour-le-guipage\/","og_locale":"fr_FR","og_type":"article","og_title":"Broches SX, HD, HD-R, A-HS; R4, R5, R14 - Ratti Luino S.R.L.","og_description":"SX e SX HD sono fusi per spiralatura con cuscinetti sostituibili e realizzati per le lavorazioni con gomma e con spandex.","og_url":"https:\/\/www.rattiluino.com\/fr\/prodotto\/broches-perforees-pour-le-guipage\/","og_site_name":"Ratti Luino S.R.L.","article_modified_time":"2021-10-26T08:08:25+00:00","og_image":[{"width":900,"height":600,"url":"https:\/\/www.rattiluino.com\/wp-content\/uploads\/2021\/05\/Progetto-senza-titolo-63.png","type":"image\/png"}],"twitter_card":"summary_large_image","twitter_misc":{"Dur\u00e9e de lecture estim\u00e9e":"2 minutes"},"schema":{"@context":"https:\/\/schema.org","@graph":[{"@type":"WebPage","@id":"https:\/\/www.rattiluino.com\/fr\/prodotto\/broches-perforees-pour-le-guipage\/","url":"https:\/\/www.rattiluino.com\/fr\/prodotto\/broches-perforees-pour-le-guipage\/","name":"Broches SX, HD, HD-R, A-HS; R4, R5, R14 - Ratti Luino S.R.L.","isPartOf":{"@id":"https:\/\/www.rattiluino.com\/#website"},"primaryImageOfPage":{"@id":"https:\/\/www.rattiluino.com\/fr\/prodotto\/broches-perforees-pour-le-guipage\/#primaryimage"},"image":{"@id":"https:\/\/www.rattiluino.com\/fr\/prodotto\/broches-perforees-pour-le-guipage\/#primaryimage"},"thumbnailUrl":"https:\/\/www.rattiluino.com\/wp-content\/uploads\/2021\/05\/Progetto-senza-titolo-63.png","datePublished":"2017-10-20T09:28:23+00:00","dateModified":"2021-10-26T08:08:25+00:00","description":"SX e SX HD sono fusi per spiralatura con cuscinetti sostituibili e realizzati per le lavorazioni con gomma e con spandex.","breadcrumb":{"@id":"https:\/\/www.rattiluino.com\/fr\/prodotto\/broches-perforees-pour-le-guipage\/#breadcrumb"},"inLanguage":"fr-FR","potentialAction":[{"@type":"ReadAction","target":["https:\/\/www.rattiluino.com\/fr\/prodotto\/broches-perforees-pour-le-guipage\/"]}]},{"@type":"ImageObject","inLanguage":"fr-FR","@id":"https:\/\/www.rattiluino.com\/fr\/prodotto\/broches-perforees-pour-le-guipage\/#primaryimage","url":"https:\/\/www.rattiluino.com\/wp-content\/uploads\/2021\/05\/Progetto-senza-titolo-63.png","contentUrl":"https:\/\/www.rattiluino.com\/wp-content\/uploads\/2021\/05\/Progetto-senza-titolo-63.png","width":900,"height":600},{"@type":"BreadcrumbList","@id":"https:\/\/www.rattiluino.com\/fr\/prodotto\/broches-perforees-pour-le-guipage\/#breadcrumb","itemListElement":[{"@type":"ListItem","position":1,"name":"Home","item":"https:\/\/www.rattiluino.com\/fr\/"},{"@type":"ListItem","position":2,"name":"Prodotti","item":"https:\/\/www.rattiluino.com\/shop\/"},{"@type":"ListItem","position":3,"name":"Broches SX, HD, HD-R, A-HS; R4, R5, R14"}]},{"@type":"WebSite","@id":"https:\/\/www.rattiluino.com\/#website","url":"https:\/\/www.rattiluino.com\/","name":"Ratti Luino S.R.L.","description":"Leaders in twisting technology since 1869","publisher":{"@id":"https:\/\/www.rattiluino.com\/#organization"},"potentialAction":[{"@type":"SearchAction","target":{"@type":"EntryPoint","urlTemplate":"https:\/\/www.rattiluino.com\/?s={search_term_string}"},"query-input":{"@type":"PropertyValueSpecification","valueRequired":true,"valueName":"search_term_string"}}],"inLanguage":"fr-FR"},{"@type":"Organization","@id":"https:\/\/www.rattiluino.com\/#organization","name":"Ratti Luino S.R.L.","url":"https:\/\/www.rattiluino.com\/","logo":{"@type":"ImageObject","inLanguage":"fr-FR","@id":"https:\/\/www.rattiluino.com\/#\/schema\/logo\/image\/","url":"https:\/\/www.rattiluino.com\/wp-content\/uploads\/2017\/07\/logo-ratti-rete-di-vendita.png","contentUrl":"https:\/\/www.rattiluino.com\/wp-content\/uploads\/2017\/07\/logo-ratti-rete-di-vendita.png","width":365,"height":365,"caption":"Ratti Luino S.R.L."},"image":{"@id":"https:\/\/www.rattiluino.com\/#\/schema\/logo\/image\/"},"sameAs":["https:\/\/www.linkedin.com\/company\/ratti-luino-s-r-l\/"]}]}},"_links":{"self":[{"href":"https:\/\/www.rattiluino.com\/fr\/wp-json\/wp\/v2\/product\/2048","targetHints":{"allow":["GET"]}}],"collection":[{"href":"https:\/\/www.rattiluino.com\/fr\/wp-json\/wp\/v2\/product"}],"about":[{"href":"https:\/\/www.rattiluino.com\/fr\/wp-json\/wp\/v2\/types\/product"}],"wp:featuredmedia":[{"embeddable":true,"href":"https:\/\/www.rattiluino.com\/fr\/wp-json\/wp\/v2\/media\/6005"}],"wp:attachment":[{"href":"https:\/\/www.rattiluino.com\/fr\/wp-json\/wp\/v2\/media?parent=2048"}],"wp:term":[{"taxonomy":"product_cat","embeddable":true,"href":"https:\/\/www.rattiluino.com\/fr\/wp-json\/wp\/v2\/product_cat?post=2048"},{"taxonomy":"product_tag","embeddable":true,"href":"https:\/\/www.rattiluino.com\/fr\/wp-json\/wp\/v2\/product_tag?post=2048"}],"curies":[{"name":"wp","href":"https:\/\/api.w.org\/{rel}","templated":true}]}}