{"id":2054,"date":"2017-10-20T11:24:07","date_gmt":"2017-10-20T09:24:07","guid":{"rendered":"http:\/\/www.rattiluino.com\/prodotto\/r-441-str-2\/"},"modified":"2021-04-20T16:42:13","modified_gmt":"2021-04-20T14:42:13","slug":"r-441-str-2","status":"publish","type":"product","link":"https:\/\/www.rattiluino.com\/fr\/prodotto\/r-441-str-2\/","title":{"rendered":"R 441 STR"},"content":{"rendered":"<div class=\"fusion-fullwidth fullwidth-box fusion-builder-row-1 nonhundred-percent-fullwidth non-hundred-percent-height-scrolling\" style=\"--awb-border-radius-top-left:0px;--awb-border-radius-top-right:0px;--awb-border-radius-bottom-right:0px;--awb-border-radius-bottom-left:0px;--awb-flex-wrap:wrap;\" ><div class=\"fusion-builder-row fusion-row\"><div class=\"fusion-layout-column fusion_builder_column fusion-builder-column-0 fusion_builder_column_1_1 1_1 fusion-one-full fusion-column-first fusion-column-last\" style=\"--awb-bg-size:cover;\"><div class=\"fusion-column-wrapper fusion-flex-column-wrapper-legacy\"><div class=\"fusion-flip-boxes flip-boxes row fusion-columns-1 flip-effect-classic\"><div class=\"fusion-flip-box-wrapper fusion-column col-lg-12 col-md-12 col-sm-12\"><div class=\"fusion-flip-box flip-right\" tabindex=\"0\"><div class=\"flip-box-inner-wrapper\"><div class=\"flip-box-front\" style=\"--awb-background-color-front:#f0f3f2;--awb-title-front-color:212331;--awb-text-front-color:#212331;\"><div class=\"flip-box-front-inner\"><h2 class=\"flip-box-heading\">T\u00e9l\u00e9charger la brochure<\/h2>Entrez votre adresse email pour t\u00e9l\u00e9charger et consulter la brochure produit<\/div><\/div><div class=\"flip-box-back\" style=\"--awb-background-color-back:#f0f3f2;--awb-title-back-color:#212331;--awb-text-back-color:#212331;\"><div class=\"flip-box-back-inner\">\n<div class=\"wpcf7 no-js\" id=\"wpcf7-f2185-o1\" lang=\"it-IT\" dir=\"ltr\" data-wpcf7-id=\"2185\">\n<div class=\"screen-reader-response\"><p role=\"status\" aria-live=\"polite\" aria-atomic=\"true\"><\/p> <ul><\/ul><\/div>\n<form action=\"\/fr\/wp-json\/wp\/v2\/product\/2054#wpcf7-f2185-o1\" method=\"post\" class=\"wpcf7-form init wpcf7-acceptance-as-validation\" aria-label=\"Modulo di contatto\" novalidate=\"novalidate\" data-status=\"init\">\n<div style=\"display: none;\">\n<input type=\"hidden\" name=\"_wpcf7\" value=\"2185\" \/>\n<input type=\"hidden\" name=\"_wpcf7_version\" value=\"6.0.3\" \/>\n<input type=\"hidden\" name=\"_wpcf7_locale\" value=\"it_IT\" \/>\n<input type=\"hidden\" name=\"_wpcf7_unit_tag\" value=\"wpcf7-f2185-o1\" \/>\n<input type=\"hidden\" name=\"_wpcf7_container_post\" value=\"0\" \/>\n<input type=\"hidden\" name=\"_wpcf7_posted_data_hash\" value=\"\" \/>\n<input type=\"hidden\" name=\"_wpcf7_recaptcha_response\" value=\"\" \/>\n<\/div>\n\n<p><label> Adresse e-mail *<br \/>\n<span class=\"wpcf7-form-control-wrap\" data-name=\"your-email\"><input size=\"40\" maxlength=\"400\" class=\"wpcf7-form-control wpcf7-email wpcf7-validates-as-required wpcf7-text wpcf7-validates-as-email\" aria-required=\"true\" aria-invalid=\"false\" value=\"\" type=\"email\" name=\"your-email\" \/><\/span> <\/label>\n<\/p>\n<p><span class=\"wpcf7-form-control-wrap\" data-name=\"informativa\"><span class=\"wpcf7-form-control wpcf7-acceptance\"><span class=\"wpcf7-list-item\"><input type=\"checkbox\" name=\"informativa\" value=\"1\" aria-invalid=\"false\" \/><\/span><\/span><\/span> Je consens \u00e0 ce que mes donn\u00e9es personnelles soient enregistr\u00e9es conform\u00e9ment \u00e0 la politique de confidentialit\u00e9.<br \/>\n[anr_nocaptcha g-recaptcha-response]<br \/>\n<input class=\"wpcf7-form-control wpcf7-submit has-spinner\" type=\"submit\" value=\"T\u00e9l\u00e9charger la brochure\" \/>\n<\/p>\n\n<input type='hidden' class='wpcf7-pum' value='{\"closepopup\":false,\"closedelay\":0,\"openpopup\":false,\"openpopup_id\":0}' \/><div class=\"fusion-alert alert custom alert-custom fusion-alert-center wpcf7-response-output awb-alert-native-link-color alert-dismissable awb-alert-close-boxed\" style=\"--awb-border-top-left-radius:0px;--awb-border-top-right-radius:0px;--awb-border-bottom-left-radius:0px;--awb-border-bottom-right-radius:0px;\" role=\"alert\"><div class=\"fusion-alert-content-wrapper\"><span class=\"fusion-alert-content\"><\/span><\/div><button type=\"button\" class=\"close toggle-alert\" data-dismiss=\"alert\" aria-label=\"Close\">&times;<\/button><\/div>\n<\/form>\n<\/div>\n<\/div><\/div><\/div><\/div><\/div><\/div><div class=\"clearfix\"><\/div><div class=\"fusion-clearfix\"><\/div><\/div><\/div><div class=\"fusion-layout-column fusion_builder_column fusion-builder-column-1 fusion_builder_column_1_2 1_2 fusion-one-half fusion-column-first item-hidden\" style=\"--awb-bg-size:cover;width:50%;width:calc(50% - ( ( 4% ) * 0.5 ) );margin-right: 4%;\"><div class=\"fusion-column-wrapper fusion-flex-column-wrapper-legacy\"><div class=\"fusion-sep-clear\"><\/div><div class=\"fusion-separator fusion-full-width-sep\" style=\"margin-left: auto;margin-right: auto;margin-top:40px;width:100%;\"><\/div><div class=\"fusion-sep-clear\"><\/div><div class=\"fusion-sep-clear\"><\/div><div class=\"fusion-separator fusion-full-width-sep\" style=\"margin-left: auto;margin-right: auto;margin-top:32px;width:100%;\"><\/div><div class=\"fusion-sep-clear\"><\/div><div class=\"fusion-clearfix\"><\/div><\/div><\/div><\/div><\/div>\n","protected":false},"excerpt":{"rendered":"<p>La machine TS 441 STR a \u00e9t\u00e9 fabriqu\u00e9 pour la torsion et la stabilisation de fils continues de Polyamide et Polyester stretch enroul\u00e9s sur bobines tr\u00e8s douces pour la teinture directe. La torsion et la stabilisation de fils stretch continues pour la teinture est int\u00e9ressant\u00a0pour le bas prix, la majeur uniformit\u00e9 et le petit nombre d&rsquo;operations, par rapport au processus qui exige la torsion et la suivant teinture des fils. Le parcour du fil dans le four, du haut jusqu&rsquo;en \u00a0bas, et le support bobine de r\u00e9ception permettent de produir bobines avec un diam\u00e8tre de 350 [mm], avec le maximum de douceur, densit\u00e9 et uniformit\u00e9 pour fils teints de grande qualit\u00e9. Cette machine peut\u00a0\u00eatre \u00e9quip\u00e9e de broches NT 220 ET N 260\u00a0(\u00f8) La gamme des pertes, In relation \u00e0 les caract\u00e9ristiques de texturisation du fil, qui peuvent\u00a0\u00eatre appliqu\u00e9es dans le four sont de 0% \u00e0 65 %, avec les suivantes effets:<\/p>\n<ul>\n<li>Volumisation du fil.<\/li>\n<li>Stabilisation d&rsquo;\u00e9lasticit\u00e9 du fil.<\/li>\n<li>Augmentation de titre final du fil.<\/li>\n<\/ul>\n","protected":false},"featured_media":2943,"template":"","meta":{"_exactmetrics_skip_tracking":false,"_exactmetrics_sitenote_active":false,"_exactmetrics_sitenote_note":"","_exactmetrics_sitenote_category":0},"product_cat":[169],"product_tag":[],"class_list":{"0":"post-2054","1":"product","2":"type-product","3":"status-publish","4":"has-post-thumbnail","6":"product_cat-sin-categorizar","8":"first","9":"instock","10":"shipping-taxable","11":"product-type-simple"},"yoast_head":"<!-- This site is optimized with the Yoast SEO plugin v26.8 - https:\/\/yoast.com\/product\/yoast-seo-wordpress\/ -->\n<title>R 441 STR - Ratti Luino S.R.L.<\/title>\n<meta name=\"description\" content=\"R 441 STR progettata per la torcitura e stabilizzazione in continuo di fili di poliammide e poliestere stretch avvolti su bobine per\u00a0tintura diretta.\" \/>\n<meta name=\"robots\" content=\"index, follow, max-snippet:-1, max-image-preview:large, max-video-preview:-1\" \/>\n<link rel=\"canonical\" href=\"https:\/\/www.rattiluino.com\/fr\/prodotto\/r-441-str-2\/\" \/>\n<meta property=\"og:locale\" content=\"fr_FR\" \/>\n<meta property=\"og:type\" content=\"article\" \/>\n<meta property=\"og:title\" content=\"R 441 STR - Ratti Luino S.R.L.\" \/>\n<meta property=\"og:description\" content=\"R 441 STR progettata per la torcitura e stabilizzazione in continuo di fili di poliammide e poliestere stretch avvolti su bobine per\u00a0tintura diretta.\" \/>\n<meta property=\"og:url\" content=\"https:\/\/www.rattiluino.com\/fr\/prodotto\/r-441-str-2\/\" \/>\n<meta property=\"og:site_name\" content=\"Ratti Luino S.R.L.\" \/>\n<meta property=\"article:modified_time\" content=\"2021-04-20T14:42:13+00:00\" \/>\n<meta property=\"og:image\" content=\"https:\/\/www.rattiluino.com\/wp-content\/uploads\/2017\/10\/R441STR-1.jpg\" \/>\n\t<meta property=\"og:image:width\" content=\"700\" \/>\n\t<meta property=\"og:image:height\" content=\"821\" \/>\n\t<meta property=\"og:image:type\" content=\"image\/jpeg\" \/>\n<meta name=\"twitter:card\" content=\"summary_large_image\" \/>\n<meta name=\"twitter:label1\" content=\"Dur\u00e9e de lecture estim\u00e9e\" \/>\n\t<meta name=\"twitter:data1\" content=\"2 minutes\" \/>\n<script type=\"application\/ld+json\" class=\"yoast-schema-graph\">{\"@context\":\"https:\/\/schema.org\",\"@graph\":[{\"@type\":\"WebPage\",\"@id\":\"https:\/\/www.rattiluino.com\/fr\/prodotto\/r-441-str-2\/\",\"url\":\"https:\/\/www.rattiluino.com\/fr\/prodotto\/r-441-str-2\/\",\"name\":\"R 441 STR - Ratti Luino S.R.L.\",\"isPartOf\":{\"@id\":\"https:\/\/www.rattiluino.com\/#website\"},\"primaryImageOfPage\":{\"@id\":\"https:\/\/www.rattiluino.com\/fr\/prodotto\/r-441-str-2\/#primaryimage\"},\"image\":{\"@id\":\"https:\/\/www.rattiluino.com\/fr\/prodotto\/r-441-str-2\/#primaryimage\"},\"thumbnailUrl\":\"https:\/\/www.rattiluino.com\/wp-content\/uploads\/2017\/10\/R441STR-1.jpg\",\"datePublished\":\"2017-10-20T09:24:07+00:00\",\"dateModified\":\"2021-04-20T14:42:13+00:00\",\"description\":\"R 441 STR progettata per la torcitura e stabilizzazione in continuo di fili di poliammide e poliestere stretch avvolti su bobine per\u00a0tintura diretta.\",\"breadcrumb\":{\"@id\":\"https:\/\/www.rattiluino.com\/fr\/prodotto\/r-441-str-2\/#breadcrumb\"},\"inLanguage\":\"fr-FR\",\"potentialAction\":[{\"@type\":\"ReadAction\",\"target\":[\"https:\/\/www.rattiluino.com\/fr\/prodotto\/r-441-str-2\/\"]}]},{\"@type\":\"ImageObject\",\"inLanguage\":\"fr-FR\",\"@id\":\"https:\/\/www.rattiluino.com\/fr\/prodotto\/r-441-str-2\/#primaryimage\",\"url\":\"https:\/\/www.rattiluino.com\/wp-content\/uploads\/2017\/10\/R441STR-1.jpg\",\"contentUrl\":\"https:\/\/www.rattiluino.com\/wp-content\/uploads\/2017\/10\/R441STR-1.jpg\",\"width\":700,\"height\":821,\"caption\":\"Linea Ratti - R441STR\"},{\"@type\":\"BreadcrumbList\",\"@id\":\"https:\/\/www.rattiluino.com\/fr\/prodotto\/r-441-str-2\/#breadcrumb\",\"itemListElement\":[{\"@type\":\"ListItem\",\"position\":1,\"name\":\"Home\",\"item\":\"https:\/\/www.rattiluino.com\/fr\/\"},{\"@type\":\"ListItem\",\"position\":2,\"name\":\"Prodotti\",\"item\":\"https:\/\/www.rattiluino.com\/shop\/\"},{\"@type\":\"ListItem\",\"position\":3,\"name\":\"R 441 STR\"}]},{\"@type\":\"WebSite\",\"@id\":\"https:\/\/www.rattiluino.com\/#website\",\"url\":\"https:\/\/www.rattiluino.com\/\",\"name\":\"Ratti Luino S.R.L.\",\"description\":\"Leaders in twisting technology since 1869\",\"publisher\":{\"@id\":\"https:\/\/www.rattiluino.com\/#organization\"},\"potentialAction\":[{\"@type\":\"SearchAction\",\"target\":{\"@type\":\"EntryPoint\",\"urlTemplate\":\"https:\/\/www.rattiluino.com\/?s={search_term_string}\"},\"query-input\":{\"@type\":\"PropertyValueSpecification\",\"valueRequired\":true,\"valueName\":\"search_term_string\"}}],\"inLanguage\":\"fr-FR\"},{\"@type\":\"Organization\",\"@id\":\"https:\/\/www.rattiluino.com\/#organization\",\"name\":\"Ratti Luino S.R.L.\",\"url\":\"https:\/\/www.rattiluino.com\/\",\"logo\":{\"@type\":\"ImageObject\",\"inLanguage\":\"fr-FR\",\"@id\":\"https:\/\/www.rattiluino.com\/#\/schema\/logo\/image\/\",\"url\":\"https:\/\/www.rattiluino.com\/wp-content\/uploads\/2017\/07\/logo-ratti-rete-di-vendita.png\",\"contentUrl\":\"https:\/\/www.rattiluino.com\/wp-content\/uploads\/2017\/07\/logo-ratti-rete-di-vendita.png\",\"width\":365,\"height\":365,\"caption\":\"Ratti Luino S.R.L.\"},\"image\":{\"@id\":\"https:\/\/www.rattiluino.com\/#\/schema\/logo\/image\/\"},\"sameAs\":[\"https:\/\/www.linkedin.com\/company\/ratti-luino-s-r-l\/\"]}]}<\/script>\n<!-- \/ Yoast SEO plugin. -->","yoast_head_json":{"title":"R 441 STR - Ratti Luino S.R.L.","description":"R 441 STR progettata per la torcitura e stabilizzazione in continuo di fili di poliammide e poliestere stretch avvolti su bobine per\u00a0tintura diretta.","robots":{"index":"index","follow":"follow","max-snippet":"max-snippet:-1","max-image-preview":"max-image-preview:large","max-video-preview":"max-video-preview:-1"},"canonical":"https:\/\/www.rattiluino.com\/fr\/prodotto\/r-441-str-2\/","og_locale":"fr_FR","og_type":"article","og_title":"R 441 STR - Ratti Luino S.R.L.","og_description":"R 441 STR progettata per la torcitura e stabilizzazione in continuo di fili di poliammide e poliestere stretch avvolti su bobine per\u00a0tintura diretta.","og_url":"https:\/\/www.rattiluino.com\/fr\/prodotto\/r-441-str-2\/","og_site_name":"Ratti Luino S.R.L.","article_modified_time":"2021-04-20T14:42:13+00:00","og_image":[{"width":700,"height":821,"url":"https:\/\/www.rattiluino.com\/wp-content\/uploads\/2017\/10\/R441STR-1.jpg","type":"image\/jpeg"}],"twitter_card":"summary_large_image","twitter_misc":{"Dur\u00e9e de lecture estim\u00e9e":"2 minutes"},"schema":{"@context":"https:\/\/schema.org","@graph":[{"@type":"WebPage","@id":"https:\/\/www.rattiluino.com\/fr\/prodotto\/r-441-str-2\/","url":"https:\/\/www.rattiluino.com\/fr\/prodotto\/r-441-str-2\/","name":"R 441 STR - Ratti Luino S.R.L.","isPartOf":{"@id":"https:\/\/www.rattiluino.com\/#website"},"primaryImageOfPage":{"@id":"https:\/\/www.rattiluino.com\/fr\/prodotto\/r-441-str-2\/#primaryimage"},"image":{"@id":"https:\/\/www.rattiluino.com\/fr\/prodotto\/r-441-str-2\/#primaryimage"},"thumbnailUrl":"https:\/\/www.rattiluino.com\/wp-content\/uploads\/2017\/10\/R441STR-1.jpg","datePublished":"2017-10-20T09:24:07+00:00","dateModified":"2021-04-20T14:42:13+00:00","description":"R 441 STR progettata per la torcitura e stabilizzazione in continuo di fili di poliammide e poliestere stretch avvolti su bobine per\u00a0tintura diretta.","breadcrumb":{"@id":"https:\/\/www.rattiluino.com\/fr\/prodotto\/r-441-str-2\/#breadcrumb"},"inLanguage":"fr-FR","potentialAction":[{"@type":"ReadAction","target":["https:\/\/www.rattiluino.com\/fr\/prodotto\/r-441-str-2\/"]}]},{"@type":"ImageObject","inLanguage":"fr-FR","@id":"https:\/\/www.rattiluino.com\/fr\/prodotto\/r-441-str-2\/#primaryimage","url":"https:\/\/www.rattiluino.com\/wp-content\/uploads\/2017\/10\/R441STR-1.jpg","contentUrl":"https:\/\/www.rattiluino.com\/wp-content\/uploads\/2017\/10\/R441STR-1.jpg","width":700,"height":821,"caption":"Linea Ratti - R441STR"},{"@type":"BreadcrumbList","@id":"https:\/\/www.rattiluino.com\/fr\/prodotto\/r-441-str-2\/#breadcrumb","itemListElement":[{"@type":"ListItem","position":1,"name":"Home","item":"https:\/\/www.rattiluino.com\/fr\/"},{"@type":"ListItem","position":2,"name":"Prodotti","item":"https:\/\/www.rattiluino.com\/shop\/"},{"@type":"ListItem","position":3,"name":"R 441 STR"}]},{"@type":"WebSite","@id":"https:\/\/www.rattiluino.com\/#website","url":"https:\/\/www.rattiluino.com\/","name":"Ratti Luino S.R.L.","description":"Leaders in twisting technology since 1869","publisher":{"@id":"https:\/\/www.rattiluino.com\/#organization"},"potentialAction":[{"@type":"SearchAction","target":{"@type":"EntryPoint","urlTemplate":"https:\/\/www.rattiluino.com\/?s={search_term_string}"},"query-input":{"@type":"PropertyValueSpecification","valueRequired":true,"valueName":"search_term_string"}}],"inLanguage":"fr-FR"},{"@type":"Organization","@id":"https:\/\/www.rattiluino.com\/#organization","name":"Ratti Luino S.R.L.","url":"https:\/\/www.rattiluino.com\/","logo":{"@type":"ImageObject","inLanguage":"fr-FR","@id":"https:\/\/www.rattiluino.com\/#\/schema\/logo\/image\/","url":"https:\/\/www.rattiluino.com\/wp-content\/uploads\/2017\/07\/logo-ratti-rete-di-vendita.png","contentUrl":"https:\/\/www.rattiluino.com\/wp-content\/uploads\/2017\/07\/logo-ratti-rete-di-vendita.png","width":365,"height":365,"caption":"Ratti Luino S.R.L."},"image":{"@id":"https:\/\/www.rattiluino.com\/#\/schema\/logo\/image\/"},"sameAs":["https:\/\/www.linkedin.com\/company\/ratti-luino-s-r-l\/"]}]}},"_links":{"self":[{"href":"https:\/\/www.rattiluino.com\/fr\/wp-json\/wp\/v2\/product\/2054","targetHints":{"allow":["GET"]}}],"collection":[{"href":"https:\/\/www.rattiluino.com\/fr\/wp-json\/wp\/v2\/product"}],"about":[{"href":"https:\/\/www.rattiluino.com\/fr\/wp-json\/wp\/v2\/types\/product"}],"wp:featuredmedia":[{"embeddable":true,"href":"https:\/\/www.rattiluino.com\/fr\/wp-json\/wp\/v2\/media\/2943"}],"wp:attachment":[{"href":"https:\/\/www.rattiluino.com\/fr\/wp-json\/wp\/v2\/media?parent=2054"}],"wp:term":[{"taxonomy":"product_cat","embeddable":true,"href":"https:\/\/www.rattiluino.com\/fr\/wp-json\/wp\/v2\/product_cat?post=2054"},{"taxonomy":"product_tag","embeddable":true,"href":"https:\/\/www.rattiluino.com\/fr\/wp-json\/wp\/v2\/product_tag?post=2054"}],"curies":[{"name":"wp","href":"https:\/\/api.w.org\/{rel}","templated":true}]}}