{"id":2059,"date":"2017-10-20T11:21:50","date_gmt":"2017-10-20T09:21:50","guid":{"rendered":"http:\/\/www.rattiluino.com\/prodotto\/r341-cu-2-2\/"},"modified":"2021-04-20T16:48:27","modified_gmt":"2021-04-20T14:48:27","slug":"r341-cu-2-2","status":"publish","type":"product","link":"https:\/\/www.rattiluino.com\/fr\/prodotto\/r341-cu-2-2\/","title":{"rendered":"R341 CU 2"},"content":{"rendered":"<div class=\"fusion-fullwidth fullwidth-box fusion-builder-row-1 nonhundred-percent-fullwidth non-hundred-percent-height-scrolling\" style=\"--awb-border-radius-top-left:0px;--awb-border-radius-top-right:0px;--awb-border-radius-bottom-right:0px;--awb-border-radius-bottom-left:0px;--awb-flex-wrap:wrap;\" ><div class=\"fusion-builder-row fusion-row\"><div class=\"fusion-layout-column fusion_builder_column fusion-builder-column-0 fusion_builder_column_1_1 1_1 fusion-one-full fusion-column-first fusion-column-last\" style=\"--awb-bg-size:cover;\"><div class=\"fusion-column-wrapper fusion-flex-column-wrapper-legacy\"><div class=\"fusion-flip-boxes flip-boxes row fusion-columns-1 flip-effect-classic\"><div class=\"fusion-flip-box-wrapper fusion-column col-lg-12 col-md-12 col-sm-12\"><div class=\"fusion-flip-box flip-right\" tabindex=\"0\"><div class=\"flip-box-inner-wrapper\"><div class=\"flip-box-front\" style=\"--awb-background-color-front:#f0f3f2;--awb-title-front-color:212331;--awb-text-front-color:#212331;\"><div class=\"flip-box-front-inner\"><h2 class=\"flip-box-heading\">T\u00e9l\u00e9charger la brochure<\/h2>Entrez votre adresse email pour t\u00e9l\u00e9charger et consulter la brochure produit<\/div><\/div><div class=\"flip-box-back\" style=\"--awb-background-color-back:#f0f3f2;--awb-title-back-color:#212331;--awb-text-back-color:#212331;\"><div class=\"flip-box-back-inner\">\n<div class=\"wpcf7 no-js\" id=\"wpcf7-f2177-o1\" lang=\"it-IT\" dir=\"ltr\" data-wpcf7-id=\"2177\">\n<div class=\"screen-reader-response\"><p role=\"status\" aria-live=\"polite\" aria-atomic=\"true\"><\/p> <ul><\/ul><\/div>\n<form action=\"\/fr\/wp-json\/wp\/v2\/product\/2059#wpcf7-f2177-o1\" method=\"post\" class=\"wpcf7-form init wpcf7-acceptance-as-validation\" aria-label=\"Modulo di contatto\" novalidate=\"novalidate\" data-status=\"init\">\n<div style=\"display: none;\">\n<input type=\"hidden\" name=\"_wpcf7\" value=\"2177\" \/>\n<input type=\"hidden\" name=\"_wpcf7_version\" value=\"6.0.3\" \/>\n<input type=\"hidden\" name=\"_wpcf7_locale\" value=\"it_IT\" \/>\n<input type=\"hidden\" name=\"_wpcf7_unit_tag\" value=\"wpcf7-f2177-o1\" \/>\n<input type=\"hidden\" name=\"_wpcf7_container_post\" value=\"0\" \/>\n<input type=\"hidden\" name=\"_wpcf7_posted_data_hash\" value=\"\" \/>\n<input type=\"hidden\" name=\"_wpcf7_recaptcha_response\" value=\"\" \/>\n<\/div>\n\n<p><label> Adresse e-mail *<br \/>\n<span class=\"wpcf7-form-control-wrap\" data-name=\"your-email\"><input size=\"40\" maxlength=\"400\" class=\"wpcf7-form-control wpcf7-email wpcf7-validates-as-required wpcf7-text wpcf7-validates-as-email\" aria-required=\"true\" aria-invalid=\"false\" value=\"\" type=\"email\" name=\"your-email\" \/><\/span> <\/label>\n<\/p>\n<p><span class=\"wpcf7-form-control-wrap\" data-name=\"informativa\"><span class=\"wpcf7-form-control wpcf7-acceptance\"><span class=\"wpcf7-list-item\"><input type=\"checkbox\" name=\"informativa\" value=\"1\" aria-invalid=\"false\" \/><\/span><\/span><\/span> Je consens \u00e0 ce que mes donn\u00e9es personnelles soient enregistr\u00e9es conform\u00e9ment \u00e0 la politique de confidentialit\u00e9.<br \/>\n[anr_nocaptcha g-recaptcha-response]<br \/>\n<input class=\"wpcf7-form-control wpcf7-submit has-spinner\" type=\"submit\" value=\"T\u00e9l\u00e9charger la brochure\" \/>\n<\/p>\n\n<input type='hidden' class='wpcf7-pum' value='{\"closepopup\":false,\"closedelay\":0,\"openpopup\":false,\"openpopup_id\":0}' \/><div class=\"fusion-alert alert custom alert-custom fusion-alert-center wpcf7-response-output awb-alert-native-link-color alert-dismissable awb-alert-close-boxed\" style=\"--awb-border-top-left-radius:0px;--awb-border-top-right-radius:0px;--awb-border-bottom-left-radius:0px;--awb-border-bottom-right-radius:0px;\" role=\"alert\"><div class=\"fusion-alert-content-wrapper\"><span class=\"fusion-alert-content\"><\/span><\/div><button type=\"button\" class=\"close toggle-alert\" data-dismiss=\"alert\" aria-label=\"Close\">&times;<\/button><\/div>\n<\/form>\n<\/div>\n<\/div><\/div><\/div><\/div><\/div><\/div><div class=\"clearfix\"><\/div><div class=\"fusion-clearfix\"><\/div><\/div><\/div><div class=\"fusion-layout-column fusion_builder_column fusion-builder-column-1 fusion_builder_column_1_2 1_2 fusion-one-half fusion-column-first item-hidden\" style=\"--awb-bg-size:cover;width:50%;width:calc(50% - ( ( 4% ) * 0.5 ) );margin-right: 4%;\"><div class=\"fusion-column-wrapper fusion-flex-column-wrapper-legacy\"><div class=\"fusion-sep-clear\"><\/div><div class=\"fusion-separator fusion-full-width-sep\" style=\"margin-left: auto;margin-right: auto;margin-top:40px;width:100%;\"><\/div><div class=\"fusion-sep-clear\"><\/div><div class=\"fusion-sep-clear\"><\/div><div class=\"fusion-separator fusion-full-width-sep\" style=\"margin-left: auto;margin-right: auto;margin-top:32px;width:100%;\"><\/div><div class=\"fusion-sep-clear\"><\/div><div class=\"fusion-clearfix\"><\/div><\/div><\/div><\/div><\/div>\n","protected":false},"excerpt":{"rendered":"<p>Moulin double torsion pour fils industriels et titres \u00e9lev\u00e9es de Polypropyl\u00e8ne, Polyester, Polyamide et Viscose enroul\u00e9s sur bobines \u00e0 joues de grande dimension fabriqu\u00e9es sur R 341 CU 1. Les bobines \u00e0 joues de grand dimension et les titres \u00e9lev\u00e9s ont besoin d&rsquo;une machines robuste, de broches \u00e0 double torsion facilemet accesibles par l&rsquo;op\u00e9rator, d&rsquo;un appropri\u00e9 support bobin de r\u00e9caption avec double freinage et compensation de poids adapt\u00e9 \u00e0 les vitesses\u00a0\u00e9lev\u00e9es de r\u00e9ception. La machine est \u00e9quip\u00e9e de broches mod\u00e8le NT 220 convenablement \u00e9quip\u00e9es pour mont\u00e9r et d\u00e9rouler, avec un robust d\u00e9rouleur par ailette, le fil enroul\u00e9 sur la bobine \u00e0 joues.<\/p>\n","protected":false},"featured_media":757,"template":"","meta":{"_exactmetrics_skip_tracking":false,"_exactmetrics_sitenote_active":false,"_exactmetrics_sitenote_note":"","_exactmetrics_sitenote_category":0},"product_cat":[169],"product_tag":[],"class_list":{"0":"post-2059","1":"product","2":"type-product","3":"status-publish","4":"has-post-thumbnail","6":"product_cat-sin-categorizar","8":"first","9":"instock","10":"shipping-taxable","11":"product-type-simple"},"yoast_head":"<!-- This site is optimized with the Yoast SEO plugin v26.8 - https:\/\/yoast.com\/product\/yoast-seo-wordpress\/ -->\n<title>R341 CU 2 - Ratti Luino S.R.L.<\/title>\n<meta name=\"description\" content=\"Torcitoio a doppia torsione per fili industriali e titoli elevati di polipropilene, poliestere, poliammide e viscosa avvolti sul rochetti flangiati.\" \/>\n<meta name=\"robots\" content=\"index, follow, max-snippet:-1, max-image-preview:large, max-video-preview:-1\" \/>\n<link rel=\"canonical\" href=\"https:\/\/www.rattiluino.com\/fr\/prodotto\/r341-cu-2-2\/\" \/>\n<meta property=\"og:locale\" content=\"fr_FR\" \/>\n<meta property=\"og:type\" content=\"article\" \/>\n<meta property=\"og:title\" content=\"R341 CU 2 - Ratti Luino S.R.L.\" \/>\n<meta property=\"og:description\" content=\"Torcitoio a doppia torsione per fili industriali e titoli elevati di polipropilene, poliestere, poliammide e viscosa avvolti sul rochetti flangiati.\" \/>\n<meta property=\"og:url\" content=\"https:\/\/www.rattiluino.com\/fr\/prodotto\/r341-cu-2-2\/\" \/>\n<meta property=\"og:site_name\" content=\"Ratti Luino S.R.L.\" \/>\n<meta property=\"article:modified_time\" content=\"2021-04-20T14:48:27+00:00\" \/>\n<meta property=\"og:image\" content=\"https:\/\/www.rattiluino.com\/wp-content\/uploads\/2017\/10\/R341-CU2.jpg\" \/>\n\t<meta property=\"og:image:width\" content=\"595\" \/>\n\t<meta property=\"og:image:height\" content=\"842\" \/>\n\t<meta property=\"og:image:type\" content=\"image\/jpeg\" \/>\n<meta name=\"twitter:card\" content=\"summary_large_image\" \/>\n<meta name=\"twitter:label1\" content=\"Dur\u00e9e de lecture estim\u00e9e\" \/>\n\t<meta name=\"twitter:data1\" content=\"2 minutes\" \/>\n<script type=\"application\/ld+json\" class=\"yoast-schema-graph\">{\"@context\":\"https:\/\/schema.org\",\"@graph\":[{\"@type\":\"WebPage\",\"@id\":\"https:\/\/www.rattiluino.com\/fr\/prodotto\/r341-cu-2-2\/\",\"url\":\"https:\/\/www.rattiluino.com\/fr\/prodotto\/r341-cu-2-2\/\",\"name\":\"R341 CU 2 - Ratti Luino S.R.L.\",\"isPartOf\":{\"@id\":\"https:\/\/www.rattiluino.com\/#website\"},\"primaryImageOfPage\":{\"@id\":\"https:\/\/www.rattiluino.com\/fr\/prodotto\/r341-cu-2-2\/#primaryimage\"},\"image\":{\"@id\":\"https:\/\/www.rattiluino.com\/fr\/prodotto\/r341-cu-2-2\/#primaryimage\"},\"thumbnailUrl\":\"https:\/\/www.rattiluino.com\/wp-content\/uploads\/2017\/10\/R341-CU2.jpg\",\"datePublished\":\"2017-10-20T09:21:50+00:00\",\"dateModified\":\"2021-04-20T14:48:27+00:00\",\"description\":\"Torcitoio a doppia torsione per fili industriali e titoli elevati di polipropilene, poliestere, poliammide e viscosa avvolti sul rochetti flangiati.\",\"breadcrumb\":{\"@id\":\"https:\/\/www.rattiluino.com\/fr\/prodotto\/r341-cu-2-2\/#breadcrumb\"},\"inLanguage\":\"fr-FR\",\"potentialAction\":[{\"@type\":\"ReadAction\",\"target\":[\"https:\/\/www.rattiluino.com\/fr\/prodotto\/r341-cu-2-2\/\"]}]},{\"@type\":\"ImageObject\",\"inLanguage\":\"fr-FR\",\"@id\":\"https:\/\/www.rattiluino.com\/fr\/prodotto\/r341-cu-2-2\/#primaryimage\",\"url\":\"https:\/\/www.rattiluino.com\/wp-content\/uploads\/2017\/10\/R341-CU2.jpg\",\"contentUrl\":\"https:\/\/www.rattiluino.com\/wp-content\/uploads\/2017\/10\/R341-CU2.jpg\",\"width\":595,\"height\":842,\"caption\":\"Linea Ratti - R341 CU2\"},{\"@type\":\"BreadcrumbList\",\"@id\":\"https:\/\/www.rattiluino.com\/fr\/prodotto\/r341-cu-2-2\/#breadcrumb\",\"itemListElement\":[{\"@type\":\"ListItem\",\"position\":1,\"name\":\"Home\",\"item\":\"https:\/\/www.rattiluino.com\/fr\/\"},{\"@type\":\"ListItem\",\"position\":2,\"name\":\"Prodotti\",\"item\":\"https:\/\/www.rattiluino.com\/shop\/\"},{\"@type\":\"ListItem\",\"position\":3,\"name\":\"R341 CU 2\"}]},{\"@type\":\"WebSite\",\"@id\":\"https:\/\/www.rattiluino.com\/#website\",\"url\":\"https:\/\/www.rattiluino.com\/\",\"name\":\"Ratti Luino S.R.L.\",\"description\":\"Leaders in twisting technology since 1869\",\"publisher\":{\"@id\":\"https:\/\/www.rattiluino.com\/#organization\"},\"potentialAction\":[{\"@type\":\"SearchAction\",\"target\":{\"@type\":\"EntryPoint\",\"urlTemplate\":\"https:\/\/www.rattiluino.com\/?s={search_term_string}\"},\"query-input\":{\"@type\":\"PropertyValueSpecification\",\"valueRequired\":true,\"valueName\":\"search_term_string\"}}],\"inLanguage\":\"fr-FR\"},{\"@type\":\"Organization\",\"@id\":\"https:\/\/www.rattiluino.com\/#organization\",\"name\":\"Ratti Luino S.R.L.\",\"url\":\"https:\/\/www.rattiluino.com\/\",\"logo\":{\"@type\":\"ImageObject\",\"inLanguage\":\"fr-FR\",\"@id\":\"https:\/\/www.rattiluino.com\/#\/schema\/logo\/image\/\",\"url\":\"https:\/\/www.rattiluino.com\/wp-content\/uploads\/2017\/07\/logo-ratti-rete-di-vendita.png\",\"contentUrl\":\"https:\/\/www.rattiluino.com\/wp-content\/uploads\/2017\/07\/logo-ratti-rete-di-vendita.png\",\"width\":365,\"height\":365,\"caption\":\"Ratti Luino S.R.L.\"},\"image\":{\"@id\":\"https:\/\/www.rattiluino.com\/#\/schema\/logo\/image\/\"},\"sameAs\":[\"https:\/\/www.linkedin.com\/company\/ratti-luino-s-r-l\/\"]}]}<\/script>\n<!-- \/ Yoast SEO plugin. -->","yoast_head_json":{"title":"R341 CU 2 - Ratti Luino S.R.L.","description":"Torcitoio a doppia torsione per fili industriali e titoli elevati di polipropilene, poliestere, poliammide e viscosa avvolti sul rochetti flangiati.","robots":{"index":"index","follow":"follow","max-snippet":"max-snippet:-1","max-image-preview":"max-image-preview:large","max-video-preview":"max-video-preview:-1"},"canonical":"https:\/\/www.rattiluino.com\/fr\/prodotto\/r341-cu-2-2\/","og_locale":"fr_FR","og_type":"article","og_title":"R341 CU 2 - Ratti Luino S.R.L.","og_description":"Torcitoio a doppia torsione per fili industriali e titoli elevati di polipropilene, poliestere, poliammide e viscosa avvolti sul rochetti flangiati.","og_url":"https:\/\/www.rattiluino.com\/fr\/prodotto\/r341-cu-2-2\/","og_site_name":"Ratti Luino S.R.L.","article_modified_time":"2021-04-20T14:48:27+00:00","og_image":[{"width":595,"height":842,"url":"https:\/\/www.rattiluino.com\/wp-content\/uploads\/2017\/10\/R341-CU2.jpg","type":"image\/jpeg"}],"twitter_card":"summary_large_image","twitter_misc":{"Dur\u00e9e de lecture estim\u00e9e":"2 minutes"},"schema":{"@context":"https:\/\/schema.org","@graph":[{"@type":"WebPage","@id":"https:\/\/www.rattiluino.com\/fr\/prodotto\/r341-cu-2-2\/","url":"https:\/\/www.rattiluino.com\/fr\/prodotto\/r341-cu-2-2\/","name":"R341 CU 2 - Ratti Luino S.R.L.","isPartOf":{"@id":"https:\/\/www.rattiluino.com\/#website"},"primaryImageOfPage":{"@id":"https:\/\/www.rattiluino.com\/fr\/prodotto\/r341-cu-2-2\/#primaryimage"},"image":{"@id":"https:\/\/www.rattiluino.com\/fr\/prodotto\/r341-cu-2-2\/#primaryimage"},"thumbnailUrl":"https:\/\/www.rattiluino.com\/wp-content\/uploads\/2017\/10\/R341-CU2.jpg","datePublished":"2017-10-20T09:21:50+00:00","dateModified":"2021-04-20T14:48:27+00:00","description":"Torcitoio a doppia torsione per fili industriali e titoli elevati di polipropilene, poliestere, poliammide e viscosa avvolti sul rochetti flangiati.","breadcrumb":{"@id":"https:\/\/www.rattiluino.com\/fr\/prodotto\/r341-cu-2-2\/#breadcrumb"},"inLanguage":"fr-FR","potentialAction":[{"@type":"ReadAction","target":["https:\/\/www.rattiluino.com\/fr\/prodotto\/r341-cu-2-2\/"]}]},{"@type":"ImageObject","inLanguage":"fr-FR","@id":"https:\/\/www.rattiluino.com\/fr\/prodotto\/r341-cu-2-2\/#primaryimage","url":"https:\/\/www.rattiluino.com\/wp-content\/uploads\/2017\/10\/R341-CU2.jpg","contentUrl":"https:\/\/www.rattiluino.com\/wp-content\/uploads\/2017\/10\/R341-CU2.jpg","width":595,"height":842,"caption":"Linea Ratti - R341 CU2"},{"@type":"BreadcrumbList","@id":"https:\/\/www.rattiluino.com\/fr\/prodotto\/r341-cu-2-2\/#breadcrumb","itemListElement":[{"@type":"ListItem","position":1,"name":"Home","item":"https:\/\/www.rattiluino.com\/fr\/"},{"@type":"ListItem","position":2,"name":"Prodotti","item":"https:\/\/www.rattiluino.com\/shop\/"},{"@type":"ListItem","position":3,"name":"R341 CU 2"}]},{"@type":"WebSite","@id":"https:\/\/www.rattiluino.com\/#website","url":"https:\/\/www.rattiluino.com\/","name":"Ratti Luino S.R.L.","description":"Leaders in twisting technology since 1869","publisher":{"@id":"https:\/\/www.rattiluino.com\/#organization"},"potentialAction":[{"@type":"SearchAction","target":{"@type":"EntryPoint","urlTemplate":"https:\/\/www.rattiluino.com\/?s={search_term_string}"},"query-input":{"@type":"PropertyValueSpecification","valueRequired":true,"valueName":"search_term_string"}}],"inLanguage":"fr-FR"},{"@type":"Organization","@id":"https:\/\/www.rattiluino.com\/#organization","name":"Ratti Luino S.R.L.","url":"https:\/\/www.rattiluino.com\/","logo":{"@type":"ImageObject","inLanguage":"fr-FR","@id":"https:\/\/www.rattiluino.com\/#\/schema\/logo\/image\/","url":"https:\/\/www.rattiluino.com\/wp-content\/uploads\/2017\/07\/logo-ratti-rete-di-vendita.png","contentUrl":"https:\/\/www.rattiluino.com\/wp-content\/uploads\/2017\/07\/logo-ratti-rete-di-vendita.png","width":365,"height":365,"caption":"Ratti Luino S.R.L."},"image":{"@id":"https:\/\/www.rattiluino.com\/#\/schema\/logo\/image\/"},"sameAs":["https:\/\/www.linkedin.com\/company\/ratti-luino-s-r-l\/"]}]}},"_links":{"self":[{"href":"https:\/\/www.rattiluino.com\/fr\/wp-json\/wp\/v2\/product\/2059","targetHints":{"allow":["GET"]}}],"collection":[{"href":"https:\/\/www.rattiluino.com\/fr\/wp-json\/wp\/v2\/product"}],"about":[{"href":"https:\/\/www.rattiluino.com\/fr\/wp-json\/wp\/v2\/types\/product"}],"wp:featuredmedia":[{"embeddable":true,"href":"https:\/\/www.rattiluino.com\/fr\/wp-json\/wp\/v2\/media\/757"}],"wp:attachment":[{"href":"https:\/\/www.rattiluino.com\/fr\/wp-json\/wp\/v2\/media?parent=2059"}],"wp:term":[{"taxonomy":"product_cat","embeddable":true,"href":"https:\/\/www.rattiluino.com\/fr\/wp-json\/wp\/v2\/product_cat?post=2059"},{"taxonomy":"product_tag","embeddable":true,"href":"https:\/\/www.rattiluino.com\/fr\/wp-json\/wp\/v2\/product_tag?post=2059"}],"curies":[{"name":"wp","href":"https:\/\/api.w.org\/{rel}","templated":true}]}}